{"id":1095,"date":"2024-04-04T08:52:35","date_gmt":"2024-04-04T05:52:35","guid":{"rendered":"https:\/\/sisu.ut.ee\/karjaarivarav\/?page_id=1095"},"modified":"2025-04-24T16:06:55","modified_gmt":"2025-04-24T13:06:55","slug":"cooperation-skills","status":"publish","type":"page","link":"https:\/\/sisu.ut.ee\/karjaarivarav\/en\/cooperation-skills\/","title":{"rendered":"Cooperation skills"},"content":{"rendered":"<div style=\"height:19px\" aria-hidden=\"true\" class=\"wp-block-spacer\"><\/div>\n\n\n\n<div class=\"wp-block-buttons is-layout-flex wp-block-buttons-is-layout-flex\">\n<div class=\"wp-block-button\"><a class=\"wp-block-button__link has-text-align-center wp-element-button\" style=\"padding-top:var(--wp--preset--spacing--20);padding-bottom:var(--wp--preset--spacing--20)\">kaasamine<\/a><\/div>\n\n\n\n<div class=\"wp-block-button\"><a class=\"wp-block-button__link wp-element-button\" style=\"padding-top:var(--wp--preset--spacing--20);padding-bottom:var(--wp--preset--spacing--20)\">empaatilisus<\/a><\/div>\n\n\n\n<div class=\"wp-block-button\"><a class=\"wp-block-button__link wp-element-button\" style=\"padding-top:var(--wp--preset--spacing--20);padding-bottom:var(--wp--preset--spacing--20)\">juhtimis- ja l\u00e4bir\u00e4\u00e4kimisoskused<\/a><\/div>\n<\/div>\n\n\n\n<div style=\"height:19px\" aria-hidden=\"true\" class=\"wp-block-spacer\"><\/div>\n\n\n\n<div class=\"wp-block-columns is-layout-flex wp-container-core-columns-is-layout-9d6595d7 wp-block-columns-is-layout-flex\">\n<div class=\"wp-block-column is-vertically-aligned-stretch is-layout-flow wp-block-column-is-layout-flow\" style=\"flex-basis:70%\">\n<p><strong>Cooperation is the ability to work with people towards common goals, to negotiate them, to share tasks and responsibilities between team members and to put plans into action.<\/strong> One of the foundations of cooperation skills is empathy \u2013 paying attention to the feelings and needs of others in an understanding and supportive way. A cooperative person is able to build strategic partnerships, engage different parties and negotiate. Successful collaboration requires skilful management, including delegating and coordinating work, motivating those involved and giving them feedback.<\/p>\n\n\n\n<p>A cooperative person can spot unequal treatment, discrimination, harassment or similar situations. They know how to intervene and create a safe environment for different views to be expressed. They find common ground in disagreements, find compromises and resolve conflicts.<\/p>\n<\/div>\n\n\n\n<div class=\"wp-block-column is-layout-flow wp-block-column-is-layout-flow\" style=\"flex-basis:40%\">\n<figure class=\"wp-block-image alignright size-large is-resized\"><img loading=\"lazy\" decoding=\"async\" width=\"958\" height=\"1024\" src=\"https:\/\/sisu.ut.ee\/wp-content\/uploads\/sites\/644\/Koostoo-958x1024.jpg\" alt=\"\" class=\"wp-image-219\" style=\"width:347px;height:auto\" srcset=\"https:\/\/sisu.ut.ee\/wp-content\/uploads\/sites\/644\/Koostoo-958x1024.jpg 958w, https:\/\/sisu.ut.ee\/wp-content\/uploads\/sites\/644\/Koostoo-281x300.jpg 281w, https:\/\/sisu.ut.ee\/wp-content\/uploads\/sites\/644\/Koostoo-768x821.jpg 768w, https:\/\/sisu.ut.ee\/wp-content\/uploads\/sites\/644\/Koostoo-1437x1536.jpg 1437w, https:\/\/sisu.ut.ee\/wp-content\/uploads\/sites\/644\/Koostoo-1915x2048.jpg 1915w, https:\/\/sisu.ut.ee\/wp-content\/uploads\/sites\/644\/Koostoo-1920x2053.jpg 1920w\" sizes=\"auto, (max-width: 958px) 100vw, 958px\"><figcaption class=\"wp-element-caption\">Author: K\u00e4triin s\u00e4de<\/figcaption><\/figure>\n<\/div>\n<\/div>\n\n\n\n<figure class=\"wp-block-table\"><table class=\"table table-hover\"><tbody><tr><td><strong>A moment of reflection:\u00a0<\/strong>What difficulties have you encountered in previous cooperation situations and what would you do to make future experiences more fruitful? What are your strengths and weaknesses when working with others? Do you take the lead in group work or do you prefer to leave the leadership tasks to others? Are you able to analyse yourself and your work in a meaningful way to make it effective? Do you know how to involve others at different stages of work?<\/td><\/tr><\/tbody><\/table><\/figure>\n\n\n\n<p class=\"has-extra-large-font-size\"><strong>Inspiration to take action<\/strong><\/p>\n\n\n\n<div class=\"wp-block-columns is-layout-flex wp-container-core-columns-is-layout-9d6595d7 wp-block-columns-is-layout-flex\">\n<div class=\"wp-block-column is-layout-flow wp-block-column-is-layout-flow\"><div class=\"accordion-block mb-3\">\n\t\t<div class=\"accordion \" id=\"accordion-accordion-69da42433b935\">\n\t\t\t\t\t\t\t<div class=\"accordion-item accordion-item--blue\">\n\t\t\t\t\t<h2 class=\"accordion-header\" id=\"accordion-69da42433b935-heading-1\">\n\t\t\t\t\t\t<button class=\"accordion-button collapsed\" type=\"button\" data-bs-toggle=\"collapse\" data-bs-target=\"#accordion-69da42433b935-collapse-1\" aria-expanded=\"true\" aria-controls=\"accordion-69da42433b935-collapse-1\">\n\t\t\t\t\t\t\tSmall steps\n\t\t\t\t\t\t<\/button>\n\t\t\t\t\t<\/h2>\n\t\t\t\t\t<div id=\"accordion-69da42433b935-collapse-1\" class=\"accordion-collapse collapse \" aria-labelledby=\"accordion-69da42433b935-heading-1\">\n\t\t\t\t\t\t<div class=\"accordion-body\">\n\t\t\t\t\t\t\t<ul>\n<li>Make day-to-day work in teams meaningful. Among other things, give constructive feedback on each other\u2019s work and help each other achieve the end result.<\/li>\n<li>Volunteer at the start of the academic year to <a href=\"https:\/\/ut.ee\/en\/content\/advice-peer-tutor\">support<\/a> first-year students.<\/li>\n<li>Try team games with friends, such as visiting an escape room. Notice your team members\u2019 strengths and weaknesses and see how they affect the way you work together.<\/li>\n<li>Take part in brainstorming sessions (such as hackathons), where teams are formed and tasks are shared.<\/li>\n<li>Take a look at the <a href=\"https:\/\/ut.ee\/en\/good-practices\">good practices<\/a> at the university, as well as the <a href=\"https:\/\/ut.ee\/en\/equal-treatment\">equal treatment guide<\/a>, which explains how to create a safe environment in a team.<\/li>\n<\/ul>\n\n\t\t\t\t\t\t<\/div>\n\t\t\t\t\t<\/div>\n\t\t\t\t<\/div>\n\t\t\t\t\t<\/div>\n\t<\/div>\n<\/div>\n\n\n\n<div class=\"wp-block-column is-layout-flow wp-block-column-is-layout-flow\"><div class=\"accordion-block mb-3\">\n\t\t<div class=\"accordion \" id=\"accordion-accordion-69da42433c1eb\">\n\t\t\t\t\t\t\t<div class=\"accordion-item accordion-item--blue\">\n\t\t\t\t\t<h2 class=\"accordion-header\" id=\"accordion-69da42433c1eb-heading-1\">\n\t\t\t\t\t\t<button class=\"accordion-button collapsed\" type=\"button\" data-bs-toggle=\"collapse\" data-bs-target=\"#accordion-69da42433c1eb-collapse-1\" aria-expanded=\"true\" aria-controls=\"accordion-69da42433c1eb-collapse-1\">\n\t\t\t\t\t\t\tBig steps\n\t\t\t\t\t\t<\/button>\n\t\t\t\t\t<\/h2>\n\t\t\t\t\t<div id=\"accordion-69da42433c1eb-collapse-1\" class=\"accordion-collapse collapse \" aria-labelledby=\"accordion-69da42433c1eb-heading-1\">\n\t\t\t\t\t\t<div class=\"accordion-body\">\n\t\t\t\t\t\t\t<ul>\n<li>Volunteer in youth or community work, look for volunteering opportunities at the university.<\/li>\n<li>Get involved in different <a href=\"https:\/\/olerohkem.ee\/tudengile\/\">organisations<\/a> (in Estonian) or clubs, in a choir, orchestra, band or join a university sports team.<\/li>\n<li>Help organise charity events, e.g. the Spring Run, a fundraising campaign, the \u201cLet\u2019s do it\u201d collective action, Tartu Student Days.<\/li>\n<li>Participate in the <a href=\"https:\/\/liider.ut.ee\/en\/520-2\/\">LEADER programme<\/a>. It gives you a lot of skills, including the experience of working with representatives of other faculties of the university.<\/li>\n<li>Participate in the management of an NGO or an academic or research project. Be a UT <a href=\"https:\/\/tyye.ut.ee\/en\/node\/148192\">Student Union<\/a> student representative for at least one year.<\/li>\n<\/ul>\n\n\t\t\t\t\t\t<\/div>\n\t\t\t\t\t<\/div>\n\t\t\t\t<\/div>\n\t\t\t\t\t<\/div>\n\t<\/div>\n<\/div>\n<\/div>\n\n\n<div class=\"accordion-block mb-3\">\n\t\t<div class=\"accordion \" id=\"accordion-accordion-69da42433c5ea\">\n\t\t\t\t\t\t\t<div class=\"accordion-item accordion-item--white\">\n\t\t\t\t\t<h2 class=\"accordion-header\" id=\"accordion-69da42433c5ea-heading-1\">\n\t\t\t\t\t\t<button class=\"accordion-button collapsed\" type=\"button\" data-bs-toggle=\"collapse\" data-bs-target=\"#accordion-69da42433c5ea-collapse-1\" aria-expanded=\"true\" aria-controls=\"accordion-69da42433c5ea-collapse-1\">\n\t\t\t\t\t\t\tOpportunities for self-improvement\n\t\t\t\t\t\t<\/button>\n\t\t\t\t\t<\/h2>\n\t\t\t\t\t<div id=\"accordion-69da42433c5ea-collapse-1\" class=\"accordion-collapse collapse \" aria-labelledby=\"accordion-69da42433c5ea-heading-1\">\n\t\t\t\t\t\t<div class=\"accordion-body\">\n\t\t\t\t\t\t\t<ul>\n<li>Take a look at the <a href=\"https:\/\/ut.ee\/en\/content\/workshops-counselling-centre\">workshops of the Counselling Centre<\/a> and choose the ones that give you the chance to get involved in teamwork.<\/li>\n<\/ul>\n\n\t\t\t\t\t\t<\/div>\n\t\t\t\t\t<\/div>\n\t\t\t\t<\/div>\n\t\t\t\t\t\t\t<div class=\"accordion-item accordion-item--white\">\n\t\t\t\t\t<h2 class=\"accordion-header\" id=\"accordion-69da42433c5ea-heading-2\">\n\t\t\t\t\t\t<button class=\"accordion-button collapsed\" type=\"button\" data-bs-toggle=\"collapse\" data-bs-target=\"#accordion-69da42433c5ea-collapse-2\" aria-expanded=\"true\" aria-controls=\"accordion-69da42433c5ea-collapse-2\">\n\t\t\t\t\t\t\tRecommendations for reading\n\t\t\t\t\t\t<\/button>\n\t\t\t\t\t<\/h2>\n\t\t\t\t\t<div id=\"accordion-69da42433c5ea-collapse-2\" class=\"accordion-collapse collapse \" aria-labelledby=\"accordion-69da42433c5ea-heading-2\">\n\t\t\t\t\t\t<div class=\"accordion-body\">\n\t\t\t\t\t\t\t<ul>\n<li>Read the articles on the Counselling Centre\u2019s webpage on <a href=\"https:\/\/ut.ee\/et\/sisu\/enese-abistamise-voimalused\">ways of helping yourself<\/a> (in Estonian).<\/li>\n<\/ul>\n\n\t\t\t\t\t\t<\/div>\n\t\t\t\t\t<\/div>\n\t\t\t\t<\/div>\n\t\t\t\t\t<\/div>\n\t<\/div>\n","protected":false},"excerpt":{"rendered":"<p>Cooperation is the ability to work with people towards common goals, to negotiate them, to share tasks and responsibilities between team members and to put plans into action. One of the foundations of cooperation skills is empathy \u2013 paying attention &#8230;<\/p>\n","protected":false},"author":346,"featured_media":0,"parent":0,"menu_order":0,"comment_status":"closed","ping_status":"closed","template":"","meta":{"_acf_changed":false,"inline_featured_image":false,"footnotes":""},"class_list":["post-1095","page","type-page","status-publish","hentry"],"acf":[],"_links":{"self":[{"href":"https:\/\/sisu.ut.ee\/karjaarivarav\/en\/wp-json\/wp\/v2\/pages\/1095","targetHints":{"allow":["GET"]}}],"collection":[{"href":"https:\/\/sisu.ut.ee\/karjaarivarav\/en\/wp-json\/wp\/v2\/pages"}],"about":[{"href":"https:\/\/sisu.ut.ee\/karjaarivarav\/en\/wp-json\/wp\/v2\/types\/page"}],"author":[{"embeddable":true,"href":"https:\/\/sisu.ut.ee\/karjaarivarav\/en\/wp-json\/wp\/v2\/users\/346"}],"replies":[{"embeddable":true,"href":"https:\/\/sisu.ut.ee\/karjaarivarav\/en\/wp-json\/wp\/v2\/comments?post=1095"}],"version-history":[{"count":3,"href":"https:\/\/sisu.ut.ee\/karjaarivarav\/en\/wp-json\/wp\/v2\/pages\/1095\/revisions"}],"predecessor-version":[{"id":1567,"href":"https:\/\/sisu.ut.ee\/karjaarivarav\/en\/wp-json\/wp\/v2\/pages\/1095\/revisions\/1567"}],"wp:attachment":[{"href":"https:\/\/sisu.ut.ee\/karjaarivarav\/en\/wp-json\/wp\/v2\/media?parent=1095"}],"curies":[{"name":"wp","href":"https:\/\/api.w.org\/{rel}","templated":true}]}}