{"id":1062,"date":"2024-04-04T08:52:35","date_gmt":"2024-04-04T05:52:35","guid":{"rendered":"https:\/\/sisu.ut.ee\/karjaarivarav\/?page_id=1062"},"modified":"2024-09-04T11:02:21","modified_gmt":"2024-09-04T08:02:21","slug":"future-skills","status":"publish","type":"page","link":"https:\/\/sisu.ut.ee\/karjaarivarav\/en\/future-skills\/","title":{"rendered":"Future Skills"},"content":{"rendered":"<p>The term <em>generic skills\u00a0<\/em>is used in parallel with several others: <em>transferable skills<\/em>, <em>future skills<\/em>, <em>employability skills<\/em>, <em>21st-century skills,\u00a0<\/em>etc. In Estonia, mainly <em>transferable skills\u00a0<\/em>and<em> generic skills\u00a0<\/em>are used. Our career hub uses the term <strong>future skills<\/strong> to present a selection of generic skills that help you cope in the changing world. \u00a0<\/p>\n\n\n\n<p>In career development, the following concepts are used:<\/p>\n\n\n\n<ul class=\"wp-block-list\">\n<li><strong>competence<\/strong>, which is a set of knowledge, skills, attitudes and values required to work in a particular field;<\/li>\n\n\n\n<li><strong>specialised<\/strong> or <strong>field-specific skills<\/strong>, which are needed to work in a particular field and to apply specialist knowledge;<\/li>\n\n\n\n<li><strong>generic skills<\/strong>, which help cope with new situations and environments, complex tasks and different forms of communication. In career development, generic skills are of comparable importance to specialist skills but can be used and developed irrespective of the specialisation. \u00a0<\/li>\n<\/ul>\n\n\n\n<div class=\"wp-block-columns is-layout-flex wp-container-core-columns-is-layout-9d6595d7 wp-block-columns-is-layout-flex\">\n<div class=\"wp-block-column is-layout-flow wp-block-column-is-layout-flow\">\n<div class=\"wp-block-media-text\" style=\"grid-template-columns:35% auto\"><figure class=\"wp-block-media-text__media\"><a href=\"https:\/\/sisu.ut.ee\/karjaarivarav\/enesejuhtimine\/\"><img loading=\"lazy\" decoding=\"async\" width=\"300\" height=\"300\" src=\"https:\/\/sisu.ut.ee\/wp-content\/uploads\/sites\/644\/Enesejuhtimine-300x300.png\" alt=\"\" class=\"wp-image-282 size-medium\" srcset=\"https:\/\/sisu.ut.ee\/wp-content\/uploads\/sites\/644\/Enesejuhtimine-300x300.png 300w, https:\/\/sisu.ut.ee\/wp-content\/uploads\/sites\/644\/Enesejuhtimine-1024x1024.png 1024w, https:\/\/sisu.ut.ee\/wp-content\/uploads\/sites\/644\/Enesejuhtimine-150x150.png 150w, https:\/\/sisu.ut.ee\/wp-content\/uploads\/sites\/644\/Enesejuhtimine-768x768.png 768w, https:\/\/sisu.ut.ee\/wp-content\/uploads\/sites\/644\/Enesejuhtimine-1536x1536.png 1536w, https:\/\/sisu.ut.ee\/wp-content\/uploads\/sites\/644\/Enesejuhtimine.png 1600w\" sizes=\"auto, (max-width: 300px) 100vw, 300px\"><\/a><\/figure><div class=\"wp-block-media-text__content\">\n<p class=\"has-dark-color has-text-color has-link-color wp-elements-6d7ca531a048d5326ff7fb54216d8694\"><strong><a href=\"https:\/\/sisu.ut.ee\/karjaarivarav\/en\/self-management-skills\/\" data-type=\"page\" data-id=\"12\" target=\"_blank\" rel=\"noreferrer noopener\">Self-management skills<\/a><\/strong><\/p>\n\n\n\n<ul class=\"wp-block-list has-small-font-size\">\n<li style=\"font-style:normal;font-weight:200\">self-regulation<\/li>\n\n\n\n<li style=\"font-style:normal;font-weight:200\">adaptability<\/li>\n\n\n\n<li style=\"font-style:normal;font-weight:200\">learning skills<\/li>\n<\/ul>\n\n\n\n<p class=\"has-dark-color has-text-color has-link-color has-small-font-size wp-elements-4b3ad4483c102ade679493c23837c3ce\"><a href=\"https:\/\/sisu.ut.ee\/karjaarivarav\/en\/self-management-skills\/\" data-type=\"page\" data-id=\"12\" target=\"_blank\" rel=\"noreferrer noopener\">Read more<\/a><\/p>\n<\/div><\/div>\n<\/div>\n\n\n\n<div class=\"wp-block-column is-layout-flow wp-block-column-is-layout-flow\">\n<div class=\"wp-block-media-text\" style=\"grid-template-columns:35% auto\"><figure class=\"wp-block-media-text__media\"><a href=\"https:\/\/sisu.ut.ee\/karjaarivarav\/suhtlemisoskus\/\"><img loading=\"lazy\" decoding=\"async\" width=\"300\" height=\"300\" src=\"https:\/\/sisu.ut.ee\/wp-content\/uploads\/sites\/644\/Suhtlemine-300x300.png\" alt=\"\" class=\"wp-image-279 size-medium\" srcset=\"https:\/\/sisu.ut.ee\/wp-content\/uploads\/sites\/644\/Suhtlemine-300x300.png 300w, https:\/\/sisu.ut.ee\/wp-content\/uploads\/sites\/644\/Suhtlemine-1024x1024.png 1024w, https:\/\/sisu.ut.ee\/wp-content\/uploads\/sites\/644\/Suhtlemine-150x150.png 150w, https:\/\/sisu.ut.ee\/wp-content\/uploads\/sites\/644\/Suhtlemine-768x768.png 768w, https:\/\/sisu.ut.ee\/wp-content\/uploads\/sites\/644\/Suhtlemine-1536x1536.png 1536w, https:\/\/sisu.ut.ee\/wp-content\/uploads\/sites\/644\/Suhtlemine.png 1600w\" sizes=\"auto, (max-width: 300px) 100vw, 300px\"><\/a><\/figure><div class=\"wp-block-media-text__content\">\n<p class=\"has-dark-color has-text-color has-link-color wp-elements-4198711c1756091d0f13e4b7abb4ed91\"><strong><a href=\"https:\/\/sisu.ut.ee\/karjaarivarav\/en\/communication-skills\/\" data-type=\"page\" data-id=\"13\" target=\"_blank\" rel=\"noreferrer noopener\">Communication skills<\/a><\/strong><\/p>\n\n\n\n<ul class=\"wp-block-list has-small-font-size\">\n<li>self-expression<\/li>\n\n\n\n<li>active listening<\/li>\n\n\n\n<li>intercultural communication\u00a0\u00a0<\/li>\n<\/ul>\n\n\n\n<p class=\"has-text-align-left has-dark-color has-text-color has-link-color has-small-font-size wp-elements-5ed1adb885833f1c55ce49b62fd11a99\"><a href=\"https:\/\/sisu.ut.ee\/karjaarivarav\/en\/communication-skills\/\" data-type=\"page\" data-id=\"12\" target=\"_blank\" rel=\"noreferrer noopener\">Read more<\/a><\/p>\n<\/div><\/div>\n<\/div>\n\n\n\n<div class=\"wp-block-column is-layout-flow wp-block-column-is-layout-flow\">\n<div class=\"wp-block-media-text\" style=\"grid-template-columns:35% auto\"><figure class=\"wp-block-media-text__media\"><a href=\"https:\/\/sisu.ut.ee\/karjaarivarav\/koostoooskus\/\"><img loading=\"lazy\" decoding=\"async\" width=\"300\" height=\"300\" src=\"https:\/\/sisu.ut.ee\/wp-content\/uploads\/sites\/644\/Koostoo-300x300.png\" alt=\"\" class=\"wp-image-275 size-medium\" srcset=\"https:\/\/sisu.ut.ee\/wp-content\/uploads\/sites\/644\/Koostoo-300x300.png 300w, https:\/\/sisu.ut.ee\/wp-content\/uploads\/sites\/644\/Koostoo-1024x1024.png 1024w, https:\/\/sisu.ut.ee\/wp-content\/uploads\/sites\/644\/Koostoo-150x150.png 150w, https:\/\/sisu.ut.ee\/wp-content\/uploads\/sites\/644\/Koostoo-768x768.png 768w, https:\/\/sisu.ut.ee\/wp-content\/uploads\/sites\/644\/Koostoo-1536x1536.png 1536w, https:\/\/sisu.ut.ee\/wp-content\/uploads\/sites\/644\/Koostoo.png 1600w\" sizes=\"auto, (max-width: 300px) 100vw, 300px\"><\/a><\/figure><div class=\"wp-block-media-text__content\">\n<p class=\"has-dark-color has-text-color has-link-color wp-elements-04061724928a2e405f401d5902e6f864\"><strong><a href=\"https:\/\/sisu.ut.ee\/karjaarivarav\/en\/cooperation-skills\/\" data-type=\"link\" data-id=\"https:\/\/sisu.ut.ee\/karjaarivarav\/en\/cooperation-skills\/\" target=\"_blank\" rel=\"noreferrer noopener\">Cooperation skills<\/a><\/strong><\/p>\n\n\n\n<ul class=\"wp-block-list has-small-font-size\">\n<li>involvement<\/li>\n\n\n\n<li>empathy<\/li>\n\n\n\n<li>leadership and negotiation skills<\/li>\n<\/ul>\n\n\n\n<p class=\"has-dark-color has-text-color has-link-color has-small-font-size wp-elements-752b7461110dfaea61d97ad8a8e80c4a\"><a href=\"https:\/\/sisu.ut.ee\/karjaarivarav\/en\/cooperation-skills\/\" data-type=\"link\" data-id=\"https:\/\/sisu.ut.ee\/karjaarivarav\/koostoooskus\/\" target=\"_blank\" rel=\"noreferrer noopener\">Read more<\/a><\/p>\n<\/div><\/div>\n<\/div>\n<\/div>\n\n\n\n<div class=\"wp-block-columns is-layout-flex wp-container-core-columns-is-layout-9d6595d7 wp-block-columns-is-layout-flex\">\n<div class=\"wp-block-column is-layout-flow wp-block-column-is-layout-flow\">\n<div class=\"wp-block-media-text\" style=\"grid-template-columns:35% auto\"><figure class=\"wp-block-media-text__media\"><a href=\"https:\/\/sisu.ut.ee\/karjaarivarav\/probleemi-lahendamine\/\"><img loading=\"lazy\" decoding=\"async\" width=\"300\" height=\"300\" src=\"https:\/\/sisu.ut.ee\/wp-content\/uploads\/sites\/644\/Probleemi-lahendamine-300x300.png\" alt=\"\" class=\"wp-image-278 size-medium\" srcset=\"https:\/\/sisu.ut.ee\/wp-content\/uploads\/sites\/644\/Probleemi-lahendamine-300x300.png 300w, https:\/\/sisu.ut.ee\/wp-content\/uploads\/sites\/644\/Probleemi-lahendamine-1024x1024.png 1024w, https:\/\/sisu.ut.ee\/wp-content\/uploads\/sites\/644\/Probleemi-lahendamine-150x150.png 150w, https:\/\/sisu.ut.ee\/wp-content\/uploads\/sites\/644\/Probleemi-lahendamine-768x768.png 768w, https:\/\/sisu.ut.ee\/wp-content\/uploads\/sites\/644\/Probleemi-lahendamine-1536x1536.png 1536w, https:\/\/sisu.ut.ee\/wp-content\/uploads\/sites\/644\/Probleemi-lahendamine.png 1600w\" sizes=\"auto, (max-width: 300px) 100vw, 300px\"><\/a><\/figure><div class=\"wp-block-media-text__content\">\n<p class=\"has-dark-color has-text-color has-link-color wp-elements-9edc30161a9beae7c6d022e985328e19\"><strong><a href=\"https:\/\/sisu.ut.ee\/karjaarivarav\/en\/problem-solving\/\" data-type=\"page\" data-id=\"15\" target=\"_blank\" rel=\"noreferrer noopener\">Problem solving<\/a><\/strong><\/p>\n\n\n\n<ul class=\"wp-block-list has-small-font-size\">\n<li>identifying the problem<\/li>\n\n\n\n<li>focusing on the solution<\/li>\n\n\n\n<li>coping with uncertainty<\/li>\n<\/ul>\n\n\n\n<p class=\"has-dark-color has-text-color has-link-color has-small-font-size wp-elements-f5cf1ebd4ed2525d1b59928080cc70e7\"><a href=\"https:\/\/sisu.ut.ee\/karjaarivarav\/en\/problem-solving\/\" data-type=\"link\" data-id=\"https:\/\/sisu.ut.ee\/karjaarivarav\/probleemi-lahendamine\/\" target=\"_blank\" rel=\"noreferrer noopener\">Read more<\/a><\/p>\n<\/div><\/div>\n<\/div>\n\n\n\n<div class=\"wp-block-column is-layout-flow wp-block-column-is-layout-flow\">\n<div class=\"wp-block-media-text\" style=\"grid-template-columns:35% auto\"><figure class=\"wp-block-media-text__media\"><a href=\"https:\/\/sisu.ut.ee\/karjaarivarav\/loovus\/\"><img loading=\"lazy\" decoding=\"async\" width=\"300\" height=\"300\" src=\"https:\/\/sisu.ut.ee\/wp-content\/uploads\/sites\/644\/Loovus-300x300.png\" alt=\"\" class=\"wp-image-277 size-medium\" srcset=\"https:\/\/sisu.ut.ee\/wp-content\/uploads\/sites\/644\/Loovus-300x300.png 300w, https:\/\/sisu.ut.ee\/wp-content\/uploads\/sites\/644\/Loovus-1024x1024.png 1024w, https:\/\/sisu.ut.ee\/wp-content\/uploads\/sites\/644\/Loovus-150x150.png 150w, https:\/\/sisu.ut.ee\/wp-content\/uploads\/sites\/644\/Loovus-768x768.png 768w, https:\/\/sisu.ut.ee\/wp-content\/uploads\/sites\/644\/Loovus-1536x1536.png 1536w, https:\/\/sisu.ut.ee\/wp-content\/uploads\/sites\/644\/Loovus.png 1600w\" sizes=\"auto, (max-width: 300px) 100vw, 300px\"><\/a><\/figure><div class=\"wp-block-media-text__content\">\n<p class=\"has-dark-color has-text-color has-link-color wp-elements-e6c96b5075c64aca0b1b5495c4946ccf\"><strong><a href=\"https:\/\/sisu.ut.ee\/karjaarivarav\/en\/creativity\/\" data-type=\"page\" data-id=\"16\" target=\"_blank\" rel=\"noreferrer noopener\">Creativity<\/a><\/strong><\/p>\n\n\n\n<ul class=\"wp-block-list has-small-font-size\">\n<li>curiosity<\/li>\n\n\n\n<li>innovation<\/li>\n\n\n\n<li>resourcefulness<\/li>\n<\/ul>\n\n\n\n<p class=\"has-dark-color has-text-color has-link-color has-small-font-size wp-elements-42083af98b8cc5d210a84b7e8b94515d\"><a href=\"https:\/\/sisu.ut.ee\/karjaarivarav\/en\/creativity\/\" data-type=\"link\" data-id=\"https:\/\/sisu.ut.ee\/karjaarivarav\/loovus\/\" target=\"_blank\" rel=\"noreferrer noopener\">Read more<\/a><\/p>\n<\/div><\/div>\n<\/div>\n\n\n\n<div class=\"wp-block-column is-layout-flow wp-block-column-is-layout-flow\">\n<div class=\"wp-block-media-text\" style=\"grid-template-columns:39% auto\"><figure class=\"wp-block-media-text__media\"><a href=\"https:\/\/sisu.ut.ee\/karjaarivarav\/kriitiline-motlemine\/\"><img loading=\"lazy\" decoding=\"async\" width=\"1024\" height=\"1024\" src=\"https:\/\/sisu.ut.ee\/wp-content\/uploads\/sites\/644\/Critical-thinking-1024x1024.png\" alt=\"\" class=\"wp-image-285 size-medium\" srcset=\"https:\/\/sisu.ut.ee\/wp-content\/uploads\/sites\/644\/Critical-thinking-1024x1024.png 1024w, https:\/\/sisu.ut.ee\/wp-content\/uploads\/sites\/644\/Critical-thinking-300x300.png 300w, https:\/\/sisu.ut.ee\/wp-content\/uploads\/sites\/644\/Critical-thinking-150x150.png 150w, https:\/\/sisu.ut.ee\/wp-content\/uploads\/sites\/644\/Critical-thinking-768x768.png 768w, https:\/\/sisu.ut.ee\/wp-content\/uploads\/sites\/644\/Critical-thinking-1536x1536.png 1536w, https:\/\/sisu.ut.ee\/wp-content\/uploads\/sites\/644\/Critical-thinking.png 1600w\" sizes=\"auto, (max-width: 1024px) 100vw, 1024px\"><\/a><\/figure><div class=\"wp-block-media-text__content\">\n<p class=\"has-dark-color has-text-color has-link-color wp-elements-f9459c999bbd6b2d005551f0748cd8b2\"><strong><a href=\"https:\/\/sisu.ut.ee\/karjaarivarav\/en\/critical-thinking\/\" data-type=\"page\" data-id=\"17\" target=\"_blank\" rel=\"noreferrer noopener\">Critical thinking<\/a><\/strong><\/p>\n\n\n\n<ul class=\"wp-block-list has-small-font-size\">\n<li>analytical thinking<\/li>\n\n\n\n<li>asking questions<\/li>\n\n\n\n<li>reflection<\/li>\n<\/ul>\n\n\n\n<p class=\"has-dark-color has-text-color has-link-color has-small-font-size wp-elements-646608a5cc8c72a01447b5cd064223d6\"><a href=\"https:\/\/sisu.ut.ee\/karjaarivarav\/en\/critical-thinking\/\" data-type=\"link\" data-id=\"https:\/\/sisu.ut.ee\/karjaarivarav\/kriitiline-motlemine\/\" target=\"_blank\" rel=\"noreferrer noopener\">Loe rohkem<\/a><\/p>\n<\/div><\/div>\n<\/div>\n<\/div>\n\n\n\n<div class=\"wp-block-columns is-layout-flex wp-container-core-columns-is-layout-9d6595d7 wp-block-columns-is-layout-flex\">\n<div class=\"wp-block-column is-layout-flow wp-block-column-is-layout-flow\">\n<div class=\"wp-block-media-text\" style=\"grid-template-columns:39% auto\"><figure class=\"wp-block-media-text__media\"><a href=\"https:\/\/sisu.ut.ee\/karjaarivarav\/digioskused\/\"><img loading=\"lazy\" decoding=\"async\" width=\"1024\" height=\"1024\" src=\"https:\/\/sisu.ut.ee\/wp-content\/uploads\/sites\/644\/Digital-skills-1024x1024.jpg\" alt=\"\" class=\"wp-image-283 size-medium\" srcset=\"https:\/\/sisu.ut.ee\/wp-content\/uploads\/sites\/644\/Digital-skills-1024x1024.jpg 1024w, https:\/\/sisu.ut.ee\/wp-content\/uploads\/sites\/644\/Digital-skills-300x300.jpg 300w, https:\/\/sisu.ut.ee\/wp-content\/uploads\/sites\/644\/Digital-skills-150x150.jpg 150w, https:\/\/sisu.ut.ee\/wp-content\/uploads\/sites\/644\/Digital-skills-768x768.jpg 768w, https:\/\/sisu.ut.ee\/wp-content\/uploads\/sites\/644\/Digital-skills-1536x1536.jpg 1536w, https:\/\/sisu.ut.ee\/wp-content\/uploads\/sites\/644\/Digital-skills.jpg 1600w\" sizes=\"auto, (max-width: 1024px) 100vw, 1024px\"><\/a><\/figure><div class=\"wp-block-media-text__content\">\n<p class=\"has-dark-color has-text-color has-link-color wp-elements-f6befe0584b804ae0600cc82d153d8fc\"><strong><a href=\"https:\/\/sisu.ut.ee\/karjaarivarav\/en\/digital-skills\/\" data-type=\"page\" data-id=\"18\" target=\"_blank\" rel=\"noreferrer noopener\">Digital skills<\/a><\/strong><\/p>\n\n\n\n<ul class=\"wp-block-list has-small-font-size\">\n<li>use of digital environments<\/li>\n\n\n\n<li>digital content creation<\/li>\n\n\n\n<li>digital security<\/li>\n<\/ul>\n\n\n\n<p class=\"has-dark-color has-text-color has-link-color has-small-font-size wp-elements-e3fc0a548a2df186fa7725c9d29d8ca0\"><a href=\"https:\/\/sisu.ut.ee\/karjaarivarav\/en\/digital-skills\/\" target=\"_blank\" rel=\"noreferrer noopener\">Read more<\/a><\/p>\n<\/div><\/div>\n<\/div>\n\n\n\n<div class=\"wp-block-column is-layout-flow wp-block-column-is-layout-flow\">\n<div class=\"wp-block-media-text\" style=\"grid-template-columns:35% auto\"><figure class=\"wp-block-media-text__media\"><a href=\"https:\/\/sisu.ut.ee\/karjaarivarav\/ettevotlikkus\/\"><img loading=\"lazy\" decoding=\"async\" width=\"300\" height=\"300\" src=\"https:\/\/sisu.ut.ee\/wp-content\/uploads\/sites\/644\/Ettevotlikkus-300x300.png\" alt=\"\" class=\"wp-image-281 size-medium\" srcset=\"https:\/\/sisu.ut.ee\/wp-content\/uploads\/sites\/644\/Ettevotlikkus-300x300.png 300w, https:\/\/sisu.ut.ee\/wp-content\/uploads\/sites\/644\/Ettevotlikkus-1024x1024.png 1024w, https:\/\/sisu.ut.ee\/wp-content\/uploads\/sites\/644\/Ettevotlikkus-150x150.png 150w, https:\/\/sisu.ut.ee\/wp-content\/uploads\/sites\/644\/Ettevotlikkus-768x768.png 768w, https:\/\/sisu.ut.ee\/wp-content\/uploads\/sites\/644\/Ettevotlikkus-1536x1536.png 1536w, https:\/\/sisu.ut.ee\/wp-content\/uploads\/sites\/644\/Ettevotlikkus.png 1600w\" sizes=\"auto, (max-width: 300px) 100vw, 300px\"><\/a><\/figure><div class=\"wp-block-media-text__content\">\n<p class=\"has-dark-color has-text-color has-link-color wp-elements-14f3968fcd962bf4c5030ac7cd2e1d72\"><strong><a href=\"https:\/\/sisu.ut.ee\/karjaarivarav\/en\/entrepreneurial-spirit\/\" data-type=\"page\" data-id=\"19\" target=\"_blank\" rel=\"noreferrer noopener\">Entrepreneurial spirit<\/a><\/strong><\/p>\n\n\n\n<ul class=\"wp-block-list has-small-font-size\">\n<li>readiness to act<\/li>\n\n\n\n<li>courage to take risks<\/li>\n\n\n\n<li>proactiveness<\/li>\n<\/ul>\n\n\n\n<p class=\"has-dark-color has-text-color has-link-color has-small-font-size wp-elements-1ec670e771fe0820db4bdab97d0bdb09\"><a href=\"https:\/\/sisu.ut.ee\/karjaarivarav\/en\/entrepreneurial-spirit\/\" target=\"_blank\" rel=\"noreferrer noopener\">Read more<\/a><\/p>\n<\/div><\/div>\n<\/div>\n\n\n\n<div class=\"wp-block-column is-layout-flow wp-block-column-is-layout-flow\">\n<div class=\"wp-block-media-text\" style=\"grid-template-columns:35% auto\"><figure class=\"wp-block-media-text__media\"><a href=\"https:\/\/sisu.ut.ee\/karjaarivarav\/kestlik-motteviis\/\"><img loading=\"lazy\" decoding=\"async\" width=\"300\" height=\"300\" src=\"https:\/\/sisu.ut.ee\/wp-content\/uploads\/sites\/644\/Kestlik-motteviis-300x300.png\" alt=\"\" class=\"wp-image-280 size-medium\" srcset=\"https:\/\/sisu.ut.ee\/wp-content\/uploads\/sites\/644\/Kestlik-motteviis-300x300.png 300w, https:\/\/sisu.ut.ee\/wp-content\/uploads\/sites\/644\/Kestlik-motteviis-1024x1024.png 1024w, https:\/\/sisu.ut.ee\/wp-content\/uploads\/sites\/644\/Kestlik-motteviis-150x150.png 150w, https:\/\/sisu.ut.ee\/wp-content\/uploads\/sites\/644\/Kestlik-motteviis-768x768.png 768w, https:\/\/sisu.ut.ee\/wp-content\/uploads\/sites\/644\/Kestlik-motteviis-1536x1536.png 1536w, https:\/\/sisu.ut.ee\/wp-content\/uploads\/sites\/644\/Kestlik-motteviis.png 1600w\" sizes=\"auto, (max-width: 300px) 100vw, 300px\"><\/a><\/figure><div class=\"wp-block-media-text__content\">\n<p class=\"has-dark-color has-text-color has-link-color wp-elements-8766497f34bf17cefb52c120cf2a4366\"><strong><a href=\"https:\/\/sisu.ut.ee\/karjaarivarav\/en\/sustainable-mindset\/\" data-type=\"page\" data-id=\"20\" target=\"_blank\" rel=\"noreferrer noopener\">Sustainable mindset<\/a><\/strong><\/p>\n\n\n\n<ul class=\"wp-block-list has-small-font-size\">\n<li>understanding the essence of sustainable development<\/li>\n\n\n\n<li>evaluating the impact of your actions<\/li>\n\n\n\n<li>forward-looking mentality<\/li>\n<\/ul>\n\n\n\n<p class=\"has-dark-color has-text-color has-link-color has-small-font-size wp-elements-b331842d8ec1a229ff417dbf7cadee41\"><a href=\"https:\/\/sisu.ut.ee\/karjaarivarav\/en\/sustainable-mindset\/\" data-type=\"link\" data-id=\"https:\/\/sisu.ut.ee\/karjaarivarav\/kestlik-motteviis\/\" target=\"_blank\" rel=\"noreferrer noopener\">Read More<\/a><\/p>\n<\/div><\/div>\n<\/div>\n<\/div>\n\n\n<div class=\"accordion-block mb-3\">\n\t\t<div class=\"accordion \" id=\"accordion-accordion-69dac2e1ad92e\">\n\t\t\t\t\t\t\t<div class=\"accordion-item accordion-item--blue\">\n\t\t\t\t\t<h2 class=\"accordion-header\" id=\"accordion-69dac2e1ad92e-heading-1\">\n\t\t\t\t\t\t<button class=\"accordion-button collapsed\" type=\"button\" data-bs-toggle=\"collapse\" data-bs-target=\"#accordion-69dac2e1ad92e-collapse-1\" aria-expanded=\"true\" aria-controls=\"accordion-69dac2e1ad92e-collapse-1\">\n\t\t\t\t\t\t\tRecommendations for reading and watching\n\t\t\t\t\t\t<\/button>\n\t\t\t\t\t<\/h2>\n\t\t\t\t\t<div id=\"accordion-69dac2e1ad92e-collapse-1\" class=\"accordion-collapse collapse \" aria-labelledby=\"accordion-69dac2e1ad92e-heading-1\">\n\t\t\t\t\t\t<div class=\"accordion-body\">\n\t\t\t\t\t\t\t<ul>\n<li>Leemet, A., Ungro, A. (2022). <a href=\"https:\/\/uuringud.oska.kutsekoda.ee\/assets\/files\/uldoskused\/tooelu-uldoskused-liigitus-ja-vajadused-luhiaruanne.pdf\">T\u00f6\u00f6elu \u00fcldoskused: liigitus ja vajadused. L\u00fchiaruanne<\/a>. Tallinn: SA Kutsekoda.<\/li>\n<li><a href=\"https:\/\/research-and-innovation.ec.europa.eu\/jobs-research\/researchcomp-european-competence-framework-researchers_en\">ResearchComp<\/a>: The European Competence Framework for Research.<\/li>\n<li><a href=\"https:\/\/minukarjaar.ee\/et\/karjaar\/sisu\/oskused\">Homepage<\/a> of the Estonian Unemployment Insurance Fund.<\/li>\n<li><a href=\"https:\/\/www.youtube.com\/watch?v=XLTIes-WrvU\">Video<\/a> by the Estonian Qualifications Authority on future skills (in Estonian).<\/li>\n<\/ul>\n\n\t\t\t\t\t\t<\/div>\n\t\t\t\t\t<\/div>\n\t\t\t\t<\/div>\n\t\t\t\t\t<\/div>\n\t<\/div>\n\n\n\n<div class=\"wp-block-buttons is-content-justification-center is-layout-flex wp-container-core-buttons-is-layout-16018d1d wp-block-buttons-is-layout-flex\">\n<div class=\"wp-block-button\"><a class=\"wp-block-button__link wp-element-button\" href=\"https:\/\/tulevikuoskused.etu.ut.ee\/?lang=en\" style=\"border-radius:7px;padding-top:var(--wp--preset--spacing--40);padding-right:var(--wp--preset--spacing--80);padding-bottom:var(--wp--preset--spacing--40);padding-left:var(--wp--preset--spacing--80)\" target=\"_blank\" rel=\"noreferrer noopener\">Self-assessment tool for future skills<\/a><\/div>\n<\/div>\n","protected":false},"excerpt":{"rendered":"<p>The term generic skills\u00a0is used in parallel with several others: transferable skills, future skills, employability skills, 21st-century skills,\u00a0etc. In Estonia, mainly transferable skills\u00a0and generic skills\u00a0are used. Our career hub uses the term future skills to present a selection of generic &#8230;<\/p>\n","protected":false},"author":346,"featured_media":0,"parent":0,"menu_order":0,"comment_status":"closed","ping_status":"closed","template":"","meta":{"_acf_changed":false,"inline_featured_image":false,"footnotes":""},"class_list":["post-1062","page","type-page","status-publish","hentry"],"acf":[],"_links":{"self":[{"href":"https:\/\/sisu.ut.ee\/karjaarivarav\/en\/wp-json\/wp\/v2\/pages\/1062","targetHints":{"allow":["GET"]}}],"collection":[{"href":"https:\/\/sisu.ut.ee\/karjaarivarav\/en\/wp-json\/wp\/v2\/pages"}],"about":[{"href":"https:\/\/sisu.ut.ee\/karjaarivarav\/en\/wp-json\/wp\/v2\/types\/page"}],"author":[{"embeddable":true,"href":"https:\/\/sisu.ut.ee\/karjaarivarav\/en\/wp-json\/wp\/v2\/users\/346"}],"replies":[{"embeddable":true,"href":"https:\/\/sisu.ut.ee\/karjaarivarav\/en\/wp-json\/wp\/v2\/comments?post=1062"}],"version-history":[{"count":15,"href":"https:\/\/sisu.ut.ee\/karjaarivarav\/en\/wp-json\/wp\/v2\/pages\/1062\/revisions"}],"predecessor-version":[{"id":1219,"href":"https:\/\/sisu.ut.ee\/karjaarivarav\/en\/wp-json\/wp\/v2\/pages\/1062\/revisions\/1219"}],"wp:attachment":[{"href":"https:\/\/sisu.ut.ee\/karjaarivarav\/en\/wp-json\/wp\/v2\/media?parent=1062"}],"curies":[{"name":"wp","href":"https:\/\/api.w.org\/{rel}","templated":true}]}}