{"id":6,"date":"2024-04-04T09:15:54","date_gmt":"2024-04-04T06:15:54","guid":{"rendered":"https:\/\/sisu.ut.ee\/kant\/meediakajastus\/"},"modified":"2024-04-22T11:14:24","modified_gmt":"2024-04-22T08:14:24","slug":"meediakajastus","status":"publish","type":"page","link":"https:\/\/sisu.ut.ee\/kant\/meediakajastus\/","title":{"rendered":"Meediakajastus"},"content":{"rendered":"<p><a href=\"https:\/\/www.akad.ee\/2024\/04\/13\/akadeemia-nr-4-2024-kant-300\/\">Akadeemia erinumber \u201cKant 300\u201d<\/a><\/p>\n<p><a href=\"https:\/\/www.vikerkaar.ee\/archives\/21755\">Immanuel Kanti \u201cK\u00f5ikide asjade l\u00f5pp\u201d koos M\u00e4rt V\u00e4ljataga saates\u00f5naga \u201cKas meil on aega veel?\u201d<\/a><\/p>\n<p>Postimehe AK erinumber Immanuel Kantist (20.04.2024): <a href=\"https:\/\/arvamus.postimees.ee\/8003936\/ak-fookus-konigsbergi-tark-motiskles-laheduse-voimalikkusest\">Eduard Parhomenko \u201cK\u00f6nigsbergi tark m\u00f5tiskles l\u00e4heduse v\u00f5imalikkusest\u201d,<\/a> <a href=\"https:\/\/arvamus.postimees.ee\/8003915\/eva-piirimae-kanti-realistlik-rahu-utoopia-ja-ukraina-soda\">Eva Piirim\u00e4e \u201cKanti realistlik rahu-utoopia ja Ukraina s\u00f5da\u201d<\/a>, <a href=\"https:\/\/arvamus.postimees.ee\/8003911\/jaanika-anderson-kanti-surimask-asub-tartu-ulikooli-kunstimuuseumis-aukohal\">Jaanika Anderson \u201cKanti surimask asub Tartu \u00dclikooli kunstimuuseumis aukohal\u201d<\/a><\/p>\n<p><a title=\"\" href=\"https:\/\/vikerraadio.err.ee\/1609264241\/teise-matta-otsast-ajaloolane-ja-filosoof-eva-piirimae-ning-endine-oiguskantsler-ja-vandeadvokaat-allar-joks\" target=\"_blank\" rel=\"noopener\" data-url=\"https:\/\/vikerraadio.err.ee\/1609264241\/teise-matta-otsast-ajaloolane-ja-filosoof-eva-piirimae-ning-endine-oiguskantsler-ja-vandeadvokaat-allar-joks\">Vikerraadio saade \u201cTeise m\u00e4tta otsast\u201d Allar J\u00f5ksi ja Eva Piirim\u00e4ega (10.03.2024)<\/a><\/p>\n<p><a href=\"https:\/\/kultuur.err.ee\/1609307046\/helen-eenmaa-uued-teadmised-tulevad-piiripealsetelt-aladelt\">Plekktrummi saade Helen Eenmaaga (09.04.2024)<\/a><\/p>\n<p>\u00dclikooli raamatukogus 5. aprillil avatud n\u00e4ituse \u201cKant 300 Tartus: k\u00e4sikirjadest taevani\u201d kajastus <a href=\"https:\/\/tartu.postimees.ee\/7995081\/immanuel-kanti-surimaski-pilk-langeb-filosoofi-kirjadele-kasikirjadele-ja-raamatutele\">Postimehes<\/a> ja <a href=\"https:\/\/kultuur.err.ee\/1609301265\/kanti-sunniaastapaevaks-valmival-naitusel-tuuakse-publiku-ette-tema-kasikirjad\">ERR<\/a>-is<\/p>\n","protected":false},"excerpt":{"rendered":"<p>Akadeemia erinumber \u201cKant 300\u201d Immanuel Kanti \u201cK\u00f5ikide asjade l\u00f5pp\u201d koos M\u00e4rt V\u00e4ljataga saates\u00f5naga \u201cKas meil on aega veel?\u201d Postimehe AK erinumber Immanuel Kantist (20.04.2024): Eduard Parhomenko \u201cK\u00f6nigsbergi tark m\u00f5tiskles l\u00e4heduse v\u00f5imalikkusest\u201d, Eva Piirim\u00e4e \u201cKanti realistlik rahu-utoopia ja Ukraina s\u00f5da\u201d, Jaanika &#8230;<\/p>\n","protected":false},"author":99,"featured_media":0,"parent":0,"menu_order":0,"comment_status":"closed","ping_status":"closed","template":"","meta":{"_acf_changed":false,"inline_featured_image":false,"footnotes":""},"class_list":["post-6","page","type-page","status-publish","hentry"],"acf":[],"_links":{"self":[{"href":"https:\/\/sisu.ut.ee\/kant\/wp-json\/wp\/v2\/pages\/6","targetHints":{"allow":["GET"]}}],"collection":[{"href":"https:\/\/sisu.ut.ee\/kant\/wp-json\/wp\/v2\/pages"}],"about":[{"href":"https:\/\/sisu.ut.ee\/kant\/wp-json\/wp\/v2\/types\/page"}],"author":[{"embeddable":true,"href":"https:\/\/sisu.ut.ee\/kant\/wp-json\/wp\/v2\/users\/99"}],"replies":[{"embeddable":true,"href":"https:\/\/sisu.ut.ee\/kant\/wp-json\/wp\/v2\/comments?post=6"}],"version-history":[{"count":2,"href":"https:\/\/sisu.ut.ee\/kant\/wp-json\/wp\/v2\/pages\/6\/revisions"}],"predecessor-version":[{"id":136,"href":"https:\/\/sisu.ut.ee\/kant\/wp-json\/wp\/v2\/pages\/6\/revisions\/136"}],"wp:attachment":[{"href":"https:\/\/sisu.ut.ee\/kant\/wp-json\/wp\/v2\/media?parent=6"}],"curies":[{"name":"wp","href":"https:\/\/api.w.org\/{rel}","templated":true}]}}