{"id":5,"date":"2024-04-04T09:15:54","date_gmt":"2024-04-04T06:15:54","guid":{"rendered":"https:\/\/sisu.ut.ee\/kant\/tagung-conference\/"},"modified":"2024-05-22T00:16:47","modified_gmt":"2024-05-21T21:16:47","slug":"tagung","status":"publish","type":"page","link":"https:\/\/sisu.ut.ee\/kant\/tagung\/","title":{"rendered":"Tagung"},"content":{"rendered":"<div class=\"wp-block-cover is-light\" style=\"min-height:531px;aspect-ratio:unset;\"><span aria-hidden=\"true\" class=\"wp-block-cover__background has-background-dim-0 has-background-dim\"><\/span><img loading=\"lazy\" decoding=\"async\" width=\"2560\" height=\"1440\" class=\"wp-block-cover__image-background wp-image-76\" alt=\"\" src=\"https:\/\/sisu.ut.ee\/wp-content\/uploads\/sites\/694\/Autonoomiaarhiiv_ekraan_1920x1080px-scaled.jpg\" style=\"object-position:50% 11%\" data-object-fit=\"cover\" data-object-position=\"50% 11%\" srcset=\"https:\/\/sisu.ut.ee\/wp-content\/uploads\/sites\/694\/Autonoomiaarhiiv_ekraan_1920x1080px-scaled.jpg 2560w, https:\/\/sisu.ut.ee\/wp-content\/uploads\/sites\/694\/Autonoomiaarhiiv_ekraan_1920x1080px-300x169.jpg 300w, https:\/\/sisu.ut.ee\/wp-content\/uploads\/sites\/694\/Autonoomiaarhiiv_ekraan_1920x1080px-1024x576.jpg 1024w, https:\/\/sisu.ut.ee\/wp-content\/uploads\/sites\/694\/Autonoomiaarhiiv_ekraan_1920x1080px-768x432.jpg 768w, https:\/\/sisu.ut.ee\/wp-content\/uploads\/sites\/694\/Autonoomiaarhiiv_ekraan_1920x1080px-1536x864.jpg 1536w, https:\/\/sisu.ut.ee\/wp-content\/uploads\/sites\/694\/Autonoomiaarhiiv_ekraan_1920x1080px-2048x1152.jpg 2048w, https:\/\/sisu.ut.ee\/wp-content\/uploads\/sites\/694\/Autonoomiaarhiiv_ekraan_1920x1080px-1920x1080.jpg 1920w\" sizes=\"auto, (max-width: 2560px) 100vw, 2560px\"><div class=\"wp-block-cover__inner-container is-layout-flow wp-block-cover-is-layout-flow\">\n<p class=\"has-text-align-center has-large-font-size\"><\/p>\n<\/div><\/div>\n\n\n<p align=\"center\"><span style=\"font-size: 18px;\"><em>Internationale Konferenz und Ausstellung<\/em><br><strong>Archive der Autonomie: Immanuel Kant und das Baltikum<\/strong><br><\/span><\/p>\n<p align=\"center\"><strong>2.-4. Mai 2024<\/strong><\/p>\n<p>Die dreit\u00e4gige Veranstaltung zu Kants 300. Geburtstag beginnt mit einem Symposium zu Autonomie und Selbstbestimmung als Schl\u00fcsselthemen von Kants praktischer Philosophie, die in ihrem kulturhistorischen Kontext beleuchtet werden, um dann verschiedene Wege der Rezeption und produktiven Aneignung von Kants Philosphie im Baltikum in den Blick zu nehmen. Dabei werden auch in Tartu, Riga und an anderen Standorten entwickelte Ausstellungsprojekte zum Kant-Jubil\u00e4um pr\u00e4sentiert, ebenso wie ein Digitalisierungsprojekt zu den Kant-Best\u00e4nden der K\u00f6nigsberger Albertina Universit\u00e4t in Olsztyn, das vom Nordost-Institut L\u00fcneburg durchgef\u00fchrt wird. Abschlie\u00dfend werden Projekte und Perspektiven zur Historisierung und Aktualisierung von Kants Ideen im lettisch-deutschen Forschungskontext vorgestellt.<span class=\"Apple-converted-space\">\u00a0<\/span><\/p>\n<p>Die Arbeitssprachen der Konferenz sind Englisch und Deutsch. Bitte registrieren Sie sich <a href=\"https:\/\/docs.google.com\/forms\/d\/e\/1FAIpQLSfpW471B3rT80sVArSxheMzgNZ8xSvPANe_8Xq97t_T216reA\/viewform?usp=sf_link\">hier<\/a> f\u00fcr die Teilnahme \u00a0an der Konferenz.<\/p>\n<p><strong>2. Mai, Senatshalle (\u00dclikooli 18-204)<span class=\"Apple-converted-space\">\u00a0<br><\/span>10:00<\/strong> Auftakt der Konferenz<br>Eva Piirim\u00e4e (Universit\u00e4t Tartu)<br>Ihre Exzellenz die Botschafterin der Bundesrepublik Deutschland Anette Klein<span class=\"Apple-converted-space\">\u00a0<br><\/span>Riho Altnurme (Prodekan f\u00fcr Forschung, Fakult\u00e4t f\u00fcr Kunst und Geisteswissenschaften, Universit\u00e4t Tartu)<br>Iwan D\u2019Aprile (Universit\u00e4t Potsdam)<\/p>\n<p>Individuelle und politische Selbstbestimmung in Kants Philosophie: Perspektiven, Kontext, Rezeption<span class=\"Apple-converted-space\">\u00a0<br><\/span><em>Moderation: Eva Piirim\u00e4e (Universit\u00e4t Tartu)<\/em><br><a href=\"https:\/\/sisu.ut.ee\/kant\/keynote\/\">10:30: Keynote-Vortrag, Reidar Maliks (Universit\u00e4t Oslo): Kant and his Followers on Self-Determination<\/a><\/p>\n<p><em>Moderation: P\u00e4rtel Piirim\u00e4e (Universit\u00e4t Tartu)<\/em><br><strong>12:00<\/strong> Henri Otsing (Universit\u00e4t Tartu): Freedom as Faculty \u2013 Sketching the Lineage of a Concept<br><strong>12:45<\/strong> Eva Piirim\u00e4e (Universit\u00e4t Tartu): Kant on the Self-Determination of Peoples<br><strong>14:30<\/strong> Semyon Reshenin (Universit\u00e4t Tartu): Schiller\u2019s Critique of Kant\u2019s \u201cRepublic of Devils\u201d<br><strong>15:15<\/strong> Alexander Schmidt (Universit\u00e4t Vanderbilt): Obligation of the Weaker? Kantian Paradoxes of Self-Determination<\/p>\n<p><em>Moderation: Roomet Jakapi (Universit\u00e4t Tartu)<\/em><br><strong>16:15<\/strong> Iwan D\u2019Aprile (Universit\u00e4t Potsdam): Salomon Maimon\u2019s Topographical Dialectics of Self-Determination<br><strong>17:00<\/strong> Jonas Gerlings (Universit\u00e4t G\u00f6ttingen, Moritz-Stern Institute): Kant\u2019s Public Sphere between St. Petersburg and Berlin<\/p>\n<p><strong>3. Mai, Universit\u00e4tsbibliothek Tartu (W. Struve 1), T\u00f5stamaa Seminarraum<br><\/strong>Wege der Rezeption von Kants Philosophie im Baltikum \u2013 zwischen Archiv, Ausstellung und performativer Aneignung<span class=\"Apple-converted-space\">\u00a0<br><\/span><em>Moderation: Meelis Friedenthal (Universit\u00e4t Tartu)<\/em><br><strong>10:30<\/strong>\u00a0Aspekte der Kant-Rezeption im Baltikum<br>Eduard Parhomenko (Universit\u00e4t Tartu): Kant und Gottlob Benjamin J\u00e4sche<br>Janika P\u00e4ll (Universit\u00e4t Tartu): Kant und Johann Karl Simon Morgenstern<br><strong>11:15<\/strong>\u00a0Pr\u00e4sentation des Ausstellungsprojekts \u201eKant 300 in Tartu: von Manuskripten zum Himmel\u201c in der Universit\u00e4tsbibliothek Tartu (Eduard Parhomenko und Janika P\u00e4ll, Universit\u00e4t Tartu)<span class=\"Apple-converted-space\">\u00a0<\/span><\/p>\n<p><em>Moderation: Liina Lukas (Universit\u00e4t Tartu)<br><\/em><strong>14:30<\/strong> Pr\u00e4sentation des Kant-Ausstellungsprojekts an der Nationalbibliothek Lettlands(Dagnija Balti\u0146a, Nationalbibliothek Lettlands)<br><strong>15:15<\/strong> Pr\u00e4sentation des Digitalisierungsprojekts der Kant-Best\u00e4nde der K\u00f6nigsberger Albertina Universit\u00e4t in Olsztyn (Martin Walter und Agnieszka Pufelska, Nordost-Institut L\u00fcneburg)<\/p>\n<p><strong>4. Mai, Timotheus von Bock Haus (\u00dclikooli 16, Eingang vom Innenhof aus)<br><\/strong>Kants Philosophie im lettisch-deutschen Gespr\u00e4ch \u2013 Projekte zur Historisierung und Aktualisierung seiner Ideen<span class=\"Apple-converted-space\">\u00a0<br><\/span><em>Moderation: Kaspar Renner (Universit\u00e4t Potsdam)<br><\/em><strong>10:00<\/strong> Elv\u012bra Simfa (Universit\u00e4t Lettlands): Alien Kant: The History and Future of Kantian Ideas in Latvia<br><strong>11:00<\/strong> Raivis Bi\u010devskis (Universit\u00e4t Lettlands): Vernunft in Riga: Kant im Spiegel der noch nicht ver\u00f6ffentlichten Vorlesungsmanuskripte in Lettland<\/p>\n<p><em>Moderation: Raivis Bi\u010devskis (Universit\u00e4t Lettlands)<span class=\"Apple-converted-space\">\u00a0<br><\/span><\/em><strong>12:15<\/strong> Klaus Neugebauer (Heidegger-Gesellschaft): Heideggers Kantbuch im Kontext der Rigaer Vorlesungen. Beispiel einer Grundlegung der Metaphysik<br><strong>13:00<\/strong> Kaspar Renner (Universit\u00e4t Potsdam): Kritik und Eigensinn: Kluge\/Negts \u201eKant Kommentare\u201c (2023)<\/p>\n<p>Die Veranstaltung wird aus Mitteln des Projekts PRG 942 \u201cDie Selbstbestimmung der V\u00f6lker in historischer Perspektive\u201d des Estnischen Wissenschaftsrats und der DAAD-gef\u00f6rderten Germanistischen Institutspartnerschaft \u201cDas geteilte Kulturerbe in Deutschland und im Baltikum\u201d der Germanistischen Institute der Universit\u00e4ten Tartu und Potsdam sowie das Nordost-Institut L\u00fcneburg finanziert und in Kooperation mit der Estnischen Goethe-Gesellschaft und dem Land Brandenburg ausgerichtet.<\/p>\n<p>Bilder: Kaspar Renner<\/p>\n\n\n<figure class=\"wp-block-gallery has-nested-images columns-default is-cropped wp-block-gallery-1 is-layout-flex wp-block-gallery-is-layout-flex\">\n<figure class=\"wp-block-image size-large\"><img loading=\"lazy\" decoding=\"async\" width=\"1024\" height=\"768\" data-id=\"164\" src=\"https:\/\/sisu.ut.ee\/wp-content\/uploads\/sites\/694\/IMG_2860-1024x768.jpg\" alt=\"\" class=\"wp-image-164\" srcset=\"https:\/\/sisu.ut.ee\/wp-content\/uploads\/sites\/694\/IMG_2860-1024x768.jpg 1024w, https:\/\/sisu.ut.ee\/wp-content\/uploads\/sites\/694\/IMG_2860-300x225.jpg 300w, https:\/\/sisu.ut.ee\/wp-content\/uploads\/sites\/694\/IMG_2860-768x576.jpg 768w, https:\/\/sisu.ut.ee\/wp-content\/uploads\/sites\/694\/IMG_2860-1536x1151.jpg 1536w, https:\/\/sisu.ut.ee\/wp-content\/uploads\/sites\/694\/IMG_2860-1920x1439.jpg 1920w\" sizes=\"auto, (max-width: 1024px) 100vw, 1024px\"><\/figure>\n\n\n\n<figure class=\"wp-block-image size-large\"><img loading=\"lazy\" decoding=\"async\" width=\"1024\" height=\"768\" data-id=\"169\" src=\"https:\/\/sisu.ut.ee\/wp-content\/uploads\/sites\/694\/IMG_3372-1024x768.jpg\" alt=\"\" class=\"wp-image-169\" srcset=\"https:\/\/sisu.ut.ee\/wp-content\/uploads\/sites\/694\/IMG_3372-1024x768.jpg 1024w, https:\/\/sisu.ut.ee\/wp-content\/uploads\/sites\/694\/IMG_3372-300x225.jpg 300w, https:\/\/sisu.ut.ee\/wp-content\/uploads\/sites\/694\/IMG_3372-768x576.jpg 768w, https:\/\/sisu.ut.ee\/wp-content\/uploads\/sites\/694\/IMG_3372-1536x1151.jpg 1536w, https:\/\/sisu.ut.ee\/wp-content\/uploads\/sites\/694\/IMG_3372-1920x1439.jpg 1920w\" sizes=\"auto, (max-width: 1024px) 100vw, 1024px\"><\/figure>\n\n\n\n<figure class=\"wp-block-image size-large\"><img loading=\"lazy\" decoding=\"async\" width=\"1024\" height=\"768\" data-id=\"165\" src=\"https:\/\/sisu.ut.ee\/wp-content\/uploads\/sites\/694\/IMG_3223-1024x768.jpg\" alt=\"\" class=\"wp-image-165\" srcset=\"https:\/\/sisu.ut.ee\/wp-content\/uploads\/sites\/694\/IMG_3223-1024x768.jpg 1024w, https:\/\/sisu.ut.ee\/wp-content\/uploads\/sites\/694\/IMG_3223-300x225.jpg 300w, https:\/\/sisu.ut.ee\/wp-content\/uploads\/sites\/694\/IMG_3223-768x576.jpg 768w, https:\/\/sisu.ut.ee\/wp-content\/uploads\/sites\/694\/IMG_3223-1536x1151.jpg 1536w, https:\/\/sisu.ut.ee\/wp-content\/uploads\/sites\/694\/IMG_3223-1920x1439.jpg 1920w\" sizes=\"auto, (max-width: 1024px) 100vw, 1024px\"><\/figure>\n\n\n\n<figure class=\"wp-block-image size-large\"><img loading=\"lazy\" decoding=\"async\" width=\"1024\" height=\"768\" data-id=\"168\" src=\"https:\/\/sisu.ut.ee\/wp-content\/uploads\/sites\/694\/IMG_3132-1024x768.jpg\" alt=\"\" class=\"wp-image-168\" srcset=\"https:\/\/sisu.ut.ee\/wp-content\/uploads\/sites\/694\/IMG_3132-1024x768.jpg 1024w, https:\/\/sisu.ut.ee\/wp-content\/uploads\/sites\/694\/IMG_3132-300x225.jpg 300w, https:\/\/sisu.ut.ee\/wp-content\/uploads\/sites\/694\/IMG_3132-768x576.jpg 768w, https:\/\/sisu.ut.ee\/wp-content\/uploads\/sites\/694\/IMG_3132-1536x1151.jpg 1536w, https:\/\/sisu.ut.ee\/wp-content\/uploads\/sites\/694\/IMG_3132-1920x1439.jpg 1920w\" sizes=\"auto, (max-width: 1024px) 100vw, 1024px\"><\/figure>\n\n\n\n<figure class=\"wp-block-image size-large\"><img loading=\"lazy\" decoding=\"async\" width=\"1024\" height=\"768\" data-id=\"167\" src=\"https:\/\/sisu.ut.ee\/wp-content\/uploads\/sites\/694\/IMG_3331-1024x768.jpg\" alt=\"\" class=\"wp-image-167\" srcset=\"https:\/\/sisu.ut.ee\/wp-content\/uploads\/sites\/694\/IMG_3331-1024x768.jpg 1024w, https:\/\/sisu.ut.ee\/wp-content\/uploads\/sites\/694\/IMG_3331-300x225.jpg 300w, https:\/\/sisu.ut.ee\/wp-content\/uploads\/sites\/694\/IMG_3331-768x576.jpg 768w, https:\/\/sisu.ut.ee\/wp-content\/uploads\/sites\/694\/IMG_3331-1536x1151.jpg 1536w, https:\/\/sisu.ut.ee\/wp-content\/uploads\/sites\/694\/IMG_3331-1920x1439.jpg 1920w\" sizes=\"auto, (max-width: 1024px) 100vw, 1024px\"><\/figure>\n\n\n\n<figure class=\"wp-block-image size-large\"><img loading=\"lazy\" decoding=\"async\" width=\"1024\" height=\"768\" data-id=\"166\" src=\"https:\/\/sisu.ut.ee\/wp-content\/uploads\/sites\/694\/IMG_3186-1024x768.jpg\" alt=\"\" class=\"wp-image-166\" srcset=\"https:\/\/sisu.ut.ee\/wp-content\/uploads\/sites\/694\/IMG_3186-1024x768.jpg 1024w, https:\/\/sisu.ut.ee\/wp-content\/uploads\/sites\/694\/IMG_3186-300x225.jpg 300w, https:\/\/sisu.ut.ee\/wp-content\/uploads\/sites\/694\/IMG_3186-768x576.jpg 768w, https:\/\/sisu.ut.ee\/wp-content\/uploads\/sites\/694\/IMG_3186-1536x1151.jpg 1536w, https:\/\/sisu.ut.ee\/wp-content\/uploads\/sites\/694\/IMG_3186-1920x1439.jpg 1920w\" sizes=\"auto, (max-width: 1024px) 100vw, 1024px\"><\/figure>\n<\/figure>\n","protected":false},"excerpt":{"rendered":"<p>Internationale Konferenz und AusstellungArchive der Autonomie: Immanuel Kant und das Baltikum 2.-4. Mai 2024 Die dreit\u00e4gige Veranstaltung zu Kants 300. Geburtstag beginnt mit einem Symposium zu Autonomie und Selbstbestimmung als Schl\u00fcsselthemen von Kants praktischer Philosophie, die in ihrem kulturhistorischen Kontext &#8230;<\/p>\n","protected":false},"author":99,"featured_media":0,"parent":0,"menu_order":0,"comment_status":"closed","ping_status":"closed","template":"","meta":{"_acf_changed":false,"inline_featured_image":false,"footnotes":""},"class_list":["post-5","page","type-page","status-publish","hentry"],"acf":[],"_links":{"self":[{"href":"https:\/\/sisu.ut.ee\/kant\/wp-json\/wp\/v2\/pages\/5","targetHints":{"allow":["GET"]}}],"collection":[{"href":"https:\/\/sisu.ut.ee\/kant\/wp-json\/wp\/v2\/pages"}],"about":[{"href":"https:\/\/sisu.ut.ee\/kant\/wp-json\/wp\/v2\/types\/page"}],"author":[{"embeddable":true,"href":"https:\/\/sisu.ut.ee\/kant\/wp-json\/wp\/v2\/users\/99"}],"replies":[{"embeddable":true,"href":"https:\/\/sisu.ut.ee\/kant\/wp-json\/wp\/v2\/comments?post=5"}],"version-history":[{"count":29,"href":"https:\/\/sisu.ut.ee\/kant\/wp-json\/wp\/v2\/pages\/5\/revisions"}],"predecessor-version":[{"id":175,"href":"https:\/\/sisu.ut.ee\/kant\/wp-json\/wp\/v2\/pages\/5\/revisions\/175"}],"wp:attachment":[{"href":"https:\/\/sisu.ut.ee\/kant\/wp-json\/wp\/v2\/media?parent=5"}],"curies":[{"name":"wp","href":"https:\/\/api.w.org\/{rel}","templated":true}]}}