{"id":178,"date":"2024-10-08T00:20:36","date_gmt":"2024-10-07T21:20:36","guid":{"rendered":"https:\/\/sisu.ut.ee\/kant\/?page_id=178"},"modified":"2024-10-08T01:16:55","modified_gmt":"2024-10-07T22:16:55","slug":"nigel-desouza-herder-ja-kant-elufilosoofiast-ja-moraali-alustest-saksa-valgustuse-kaks-mudelit-kaasaegse-perspektiiviganigel-desouza","status":"publish","type":"page","link":"https:\/\/sisu.ut.ee\/kant\/nigel-desouza-herder-ja-kant-elufilosoofiast-ja-moraali-alustest-saksa-valgustuse-kaks-mudelit-kaasaegse-perspektiiviganigel-desouza\/","title":{"rendered":"Nigel DeSouza &#8220;Herder ja Kant elufilosoofiast ja moraali alustest: saksa valgustuse kaks mudelit, kaasaegse perspektiiviga&#8221;"},"content":{"rendered":"<p>(English below)<\/p>\n\n\n\n<p>Teisip\u00e4eval, <strong>15. oktoobril kell 16.15-17.45<\/strong> peab Tartu \u00dclikoolis M\u00f5tteloo kollokviumi sarjas k\u00fclalisloengu Ottawa \u00fclikooli kaasprofessor Nigel DeSouza. Loengu teemaks on \u201cHerder ja Kant elufilosoofiast ja moraali alustest: saksa valgustuse kaks mudelit, kaasaegse perspektiiviga\u201d. <strong>Loeng toimub Jakobi 2-114.<\/strong><\/p>\n\n\n\n<p><em>Loengu toimumist toetab uurimisgrant PUT PRG942 \u201cRahvaste enesem\u00e4\u00e4ramine ajaloolises perspektiivis\u201d.\u00a0<\/em><\/p>\n\n\n\n<p>K\u00f5ik huvilised on oodatud! Palume oma osav\u00f5tust teatada siin:<br>Lisainfo: Eva Piirim\u00e4e, <a href=\"mailto:eva.piirimae@ut.ee\">eva.piirimae@ut.ee<\/a> <br>Johan Skytte poliitikauuringute instituut<\/p>\n\n\n\n<p><strong>Herder ja Kant elufilosoofiast ja moraali alustest: saksa valgustuse kaks mudelit, kaasaegse perspektiiviga<\/strong><\/p>\n\n\n\n<p>Kuidas me peaksime kontseptualiseerima elu? Milline on mateeria ja elu vaheline suhe? Kas elu ja moraali vahel on fundamentaalne seos? Ettekande eesm\u00e4rk on avada Johann Gottfried Herderi (1744-1803) ja Immanuel Kanti (1724-1804) erinevaid vastuseid nendele k\u00fcsimustele ning visandada seejuures kaks erinevat saksa valgustuse mudelit inimese ja inim\u00fchiskonna m\u00f5istmiseks. Nende kontseptsioonide keskmes on Herderi ja Kanti vastavad teooriad hinge ja keha suhtest, mille juures k\u00fcsimused hinge kui eluprintsiibi v\u00f5i m\u00f5tleva vaimu olemuse, dualismi, antidualismi ja hinge-keha vastastikm\u00f5ju kohta on esmat\u00e4htsad. Viimases osas p\u00f6\u00f6rdume nende k\u00fcsimuste uurimisel kaasaegse perspektiivi poole, nii nagu selle on v\u00e4lja pakkunud Evan Thompson oma kognitiivteadusliku enaktivismi teoorias, uurides l\u00e4hemalt, mil moel nii Herder kui ka Kant j\u00f5udsid selle huvitava teooria oluliste aspektide s\u00f5nastamiseni.<\/p>\n\n\n\n<p><\/p>\n\n\n\n<h2 class=\"wp-block-heading has-regular-font-size\">K\u00f5nelejast:<\/h2>\n\n\n\n<p>Nigel DeSouza on Ottawa \u00fclikooli kaasprofessor. Tema uurimisalaks on Johann Gottfried Herderi filosoofia, varauusaegne filosoofia ja kaasaegne eetika. Ta on avaldanud artikleid Herderi metaf\u00fc\u00fcsikast, epistemoloogiast, keele-, ajaloo- ja moraalifilosoofiast ning Herderi vastavatest dialoogidest tema eelk\u00e4ijate ja kaasaegsetega, nt Leibnizi, Wolffi, Baumgarteni, Shaftesbury, Rousseau, Mendelssohni ja Kantiga. Tema artiklid on ilmunud mitmetes kogumikes ja ajakirjades nagu <em>The British Journal for the History of Philosophy<\/em>, <em>Intellectual History Review<\/em>, <em>Herder Yearbook<\/em>, <em>Herder Handbuch <\/em>(2016), ning kogumikus, mille ta ise on kaastoimetanud, <em>Herder: <\/em>P<em>hilosophy and Anthropology <\/em>(2017, OUP). DeSouza on uue <em>Cambridge Herder Translations <\/em>sarja peatoimetajaks. Sarjas on ilmumas (2025) viis k\u00f6idet Herderi filosoofilisi teoseid inglisekeelses t\u00f5lkes, millest kahele ta ise on t\u00f5lkijaks. Kaasaegsest eetikast on DeSouza avaldanud artikleid Charles Taylorist ning eetilise toimimise alustest (ajakirjades nagu <em>Ethical Theory and Moral Practice<\/em>). Hetkel t\u00f6\u00f6tab ta Herderi elufilosoofiat k\u00e4sitleva monograafia kallal.\u00a0<\/p>\n\n\n\n<div style=\"height:100px\" aria-hidden=\"true\" class=\"wp-block-spacer\"><\/div>\n\n\n\n<h2 class=\"wp-block-heading\">Nigel DeSouza \u201cHerder and Kant on the philosophy of life and the foundations of morality: two models from the <em>Aufkl\u00e4rung<\/em>, with a contemporary perspective\u201d<\/h2>\n\n\n\n<p>On Tuesday, <strong>15 October, from 4:15-5:45pm<\/strong>, Nigel DeSouza, Associate Professor at the University of Ottawa, will give a guest lecture at the University of Tartu. The topic of the lecture will be \u201cHerder and Kant on the philosophy of life and the foundations of morality: two models of German enlightenment, with a modern perspective\u201d. The lecture will take place at <strong>Jakobi 2-114<\/strong>.<\/p>\n\n\n\n<p>Everyone interested is welcome!<\/p>\n\n\n\n<p><em>The lecture is sponsored by the Estonian Research Council\u2019s research grant PUT PRG942 \u201cSelf-Determination of Peoples in Historical Perspective\u201d\u00a0<\/em><\/p>\n\n\n\n<p>Additional information:\u00a0<br>Eva Piirim\u00e4e, <a href=\"mailto:eva.piirimae@ut.ee\">eva.piirimae@ut.ee<\/a> <br>Johan Skytte Institute of Political Studies<\/p>\n\n\n\n<p>Herder and Kant on the philosophy of life and the foundations of morality: two models from the <em>Aufkl\u00e4rung<\/em>, with a contemporary perspective<\/p>\n\n\n\n<p>How should we conceptualize life? What is the relationship between matter and life? Is there a fundamental connection between life and morality? This talk will aim both to unpack the divergent answers to these questions that can be found in the work of Johann Gottfried Herder (1744-1803) and Immanuel Kant (1724-1804) and, in so doing, to outline two different models from the German Enlightenment for conceptualizing the human being and human society. Central to these conceptions are Herder and Kant\u2019s respective theories of the soul-body relationship, where questions about the nature of the soul as principle of life or thinking spirit, about dualism, anti-dualism, and interaction, are paramount. In a final section, we will turn to a contemporary perspective on these questions: the cognitive scientific theory of enactivism, as articulated by Evan Thompson, and explore the interesting ways in which this theory was anticipated by both Herder and Kant.<\/p>\n\n\n\n<h5 class=\"wp-block-heading\">Bio<\/h5>\n\n\n\n<p>Nigel DeSouza is Associate Professor in the Department of Philosophy, University of Ottawa. He works on the philosophy of Johann Gottfried Herder, early modern philosophy, and on contemporary ethics. He has published articles on Herder\u2019s metaphysics, epistemology, philosophy of language, philosophy of history, and moral philosophy in the context of his dialogue with predecessors and contemporaries, such as Leibniz, Wolff, Baumgarten, Shaftesbury, Rousseau, Mendelssohn, and Kant. His articles have appeared in several edited volumes, <em>The British Journal for the History of Philosophy<\/em>, <em>Intellectual History Review<\/em>, <em>Herder Yearbook<\/em>, the <em>Herder Handbuch <\/em>(2016), and in a volume he co-edited, <em>Herder: philosophy and anthropology <\/em>(2017, OUP). He is the general editor of the <em>Cambridge Herder Translations <\/em>(forthcoming 2025), comprising five volumes of Herder\u2019s philosophical works in English translation, for which he is also translator of two volumes.In contemporary ethics, he has published articles on Charles Taylor and on the foundations of ethical agency (in <em>Ethical Theory and Moral Practice<\/em>). He is currently working on a monograph on Herder\u2019s philosophy of life.\u00a0<\/p>\n\n\n\n<p><\/p>\n","protected":false},"excerpt":{"rendered":"<p>(English below) Teisip\u00e4eval, 15. oktoobril kell 16.15-17.45 peab Tartu \u00dclikoolis M\u00f5tteloo kollokviumi sarjas k\u00fclalisloengu Ottawa \u00fclikooli kaasprofessor Nigel DeSouza. Loengu teemaks on \u201cHerder ja Kant elufilosoofiast ja moraali alustest: saksa valgustuse kaks mudelit, kaasaegse perspektiiviga\u201d. Loeng toimub Jakobi 2-114. Loengu &#8230;<\/p>\n","protected":false},"author":99,"featured_media":0,"parent":0,"menu_order":0,"comment_status":"closed","ping_status":"closed","template":"","meta":{"_acf_changed":false,"inline_featured_image":false,"footnotes":""},"class_list":["post-178","page","type-page","status-publish","hentry"],"acf":[],"_links":{"self":[{"href":"https:\/\/sisu.ut.ee\/kant\/wp-json\/wp\/v2\/pages\/178","targetHints":{"allow":["GET"]}}],"collection":[{"href":"https:\/\/sisu.ut.ee\/kant\/wp-json\/wp\/v2\/pages"}],"about":[{"href":"https:\/\/sisu.ut.ee\/kant\/wp-json\/wp\/v2\/types\/page"}],"author":[{"embeddable":true,"href":"https:\/\/sisu.ut.ee\/kant\/wp-json\/wp\/v2\/users\/99"}],"replies":[{"embeddable":true,"href":"https:\/\/sisu.ut.ee\/kant\/wp-json\/wp\/v2\/comments?post=178"}],"version-history":[{"count":3,"href":"https:\/\/sisu.ut.ee\/kant\/wp-json\/wp\/v2\/pages\/178\/revisions"}],"predecessor-version":[{"id":184,"href":"https:\/\/sisu.ut.ee\/kant\/wp-json\/wp\/v2\/pages\/178\/revisions\/184"}],"wp:attachment":[{"href":"https:\/\/sisu.ut.ee\/kant\/wp-json\/wp\/v2\/media?parent=178"}],"curies":[{"name":"wp","href":"https:\/\/api.w.org\/{rel}","templated":true}]}}