{"id":9,"date":"2024-04-03T23:08:07","date_gmt":"2024-04-03T20:08:07","guid":{"rendered":"https:\/\/sisu.ut.ee\/kaltsunukk\/keha-ja-jalad-uhes-tukis-nukk-tehnoloogia-ja-valmistamise-opetus-tipp-ja-tapp\/"},"modified":"2024-04-03T23:08:23","modified_gmt":"2024-04-03T20:08:23","slug":"keha-ja-jalad-uhes-tukis-nukk-tehnoloogia-ja-valmistamise-opetus-tipp-ja-tapp","status":"publish","type":"page","link":"https:\/\/sisu.ut.ee\/kaltsunukk\/keha-ja-jalad-uhes-tukis-nukk-tehnoloogia-ja-valmistamise-opetus-tipp-ja-tapp\/","title":{"rendered":"Keha ja jalad \u00fches t\u00fckis nukk: TIPP JA T\u00c4PP"},"content":{"rendered":"<table class=\"table table-hover\" style=\"width: 100%\" border=\"0\" align=\"center\"><tbody><tr><td><img loading=\"lazy\" decoding=\"async\" width=\"300\" height=\"199\" class=\"alignnone wp-image-22\" style=\"margin: 3px 10px;float: left\" src=\"https:\/\/sisu.ut.ee\/wp-content\/uploads\/sites\/11\/5-1.png\" title=\"5-1.png\" alt=\"5-1.png\"><p>Keha ja jalad \u00fches t\u00fckis nukk on k\u00f5ige lihtsamini ja kiiremini valmistatav kaltsunukk.\u00a0 Raskusastme poolest on selle nuku keha \u00f5mblemine j\u00f5ukohane ka algajatele masinaga \u00f5mblejatele. Kuna see nukk ei vaja v\u00e4ga palju \u00f5mblus\u00adt\u00f6\u00f6d, v\u00f5ib \u00f5mblusmasina puudumisel servad kokku \u00f5mmelda ka k\u00e4sitsi nt s\u00e4mp- v\u00f5i \u00e4\u00e4rimispistet kasutades.<\/p><p>Nuku riided v\u00f5ib valmistada nii masinaga v\u00f5i k\u00e4sitsi \u00f5mmeldes kuid ka kududes v\u00f5i heegeldades.<\/p><\/td><\/tr><tr><td><p>MATERJALID:<\/p><p><img loading=\"lazy\" decoding=\"async\" width=\"300\" height=\"225\" class=\"alignnone wp-image-23\" style=\"margin: 3px 5px;float: right\" src=\"https:\/\/sisu.ut.ee\/wp-content\/uploads\/sites\/11\/5-2.png\" title=\"5-2.png\" alt=\"5-2.png\">Keha ja jalad \u00fches t\u00fckis nukkude \u00f5mblemiseks sobivad v\u00e4ga h\u00e4sti erinevad kangaj\u00e4\u00e4gid v\u00f5i oma aja \u00e4ra elanud riideesemed. Materjali omaduste poolest on parimad tiheda koega natuke paksemad kangad. Eriti mugav on \u00f5mmelda tekstiili, mille alumisele poolele on tootja poolt kleebitud kerge kunstmaterjali kiht.<\/p><p>Tipi ja T\u00e4pi keha \u00f5mblemiseks on kasutatud roosa fliiskanga j\u00e4\u00e4ke, riieteks puuvillase kanga t\u00fckke ning t\u00e4itematerjaliks vatiini. Juuksed on akr\u00fc\u00fcll\u00f5nga juppidest ning silmadeks kunsti- ja k\u00e4sit\u00f6\u00f6poest leitud silmad.<\/p><\/td><\/tr><\/tbody><\/table><p><\/p><table class=\"table table-hover\" style=\"width: 100%\" border=\"0\" align=\"center\" cellpadding=\"0\" cellspacing=\"0\"><tbody><tr><td colspan=\"2\" valign=\"top\"><p><span>\u00d5MBLEMINE (<a href=\"http:\/\/sisu.ut.ee\/wp-content\/uploads\/sites\/11\/loige_tipp_tapp.png\" target=\"_blank\" rel=\"noopener\">L\u00d5IGE<\/a>):<\/span><span style=\"line-height: 1.6em\">\u00a0<\/span><\/p><\/td><td style=\"text-align: right\" valign=\"top\"><\/td><\/tr><tr><td valign=\"top\"><p>1.<\/p><\/td><td colspan=\"2\" valign=\"top\"><img loading=\"lazy\" decoding=\"async\" width=\"300\" height=\"199\" class=\"alignnone wp-image-24\" style=\"line-height: 1.6em;margin: 5px;float: right\" src=\"https:\/\/sisu.ut.ee\/wp-content\/uploads\/sites\/11\/5-3.png\" title=\"5-3.png\" alt=\"5-3.png\"><p>Nuku \u00f5mblemist alusta l\u00f5ike otsimisest v\u00f5i tegemisest. K\u00e4sit\u00f6\u00f6ajakirjades leiduvad l\u00f5iked pakuvad tihti lisaks nukul\u00f5ikele ka l\u00f5ikeid antud nukule riiete valmistamiseks.<\/p><p>Ise tehtud l\u00f5ike j\u00e4rgi valmiv nukk pakub enam loomer\u00f5\u00f5mu ning on ka isikup\u00e4rasem.<\/p><p>Oma l\u00f5iget joonistades v\u00f5ib selle m\u00e4rkida otse kangale, kuid kindlam on see eelnevalt siiski l\u00f5ikena paberile joonistada ning hiljem paberist \u0161ablooni j\u00e4rgi nukk v\u00e4lja l\u00f5igata.<\/p><\/td><\/tr><tr><td valign=\"top\"><p>2.<\/p><\/td><td colspan=\"2\" valign=\"top\"><img loading=\"lazy\" decoding=\"async\" width=\"300\" height=\"228\" class=\"alignnone wp-image-29\" style=\"margin: 5px;float: right\" src=\"https:\/\/sisu.ut.ee\/wp-content\/uploads\/sites\/11\/5-45.png\" title=\"5-45.png\" alt=\"5-45.png\"><p>L\u00f5ike valmistamiseks v\u00f5ta umbes nuku suurune paberileht ning murra see vertikaalselt pooleks.\u00a0Joonista \u201epool nukku\u201c.<\/p><p>L\u00f5ika \u201elumehelbe tehnikas\u201c nukk v\u00e4lja ning saad l\u00f5ike.\u00a0Kui nuku kuju pole p\u00e4ris selline nagu soovisid, proovi veel.<\/p><\/td><\/tr><tr><td valign=\"top\"><p><span>3.<\/span><\/p><\/td><td colspan=\"2\" valign=\"top\"><img loading=\"lazy\" decoding=\"async\" width=\"300\" height=\"177\" class=\"alignnone wp-image-30\" style=\"margin: 15px 5px;float: right\" src=\"https:\/\/sisu.ut.ee\/wp-content\/uploads\/sites\/11\/5-67.png\" title=\"5-67.png\" alt=\"5-67.png\"><p>N\u00fc\u00fcd kinnita l\u00f5ige n\u00f5eltega kangale ja joonista nuku kontuur.\u00a0Eemalda l\u00f5ige, kuid pane n\u00f5elad tagasi.\u00a0\u00d5mble \u00f5mblusmasinaga m\u00f6\u00f6da kontuuri (\u00fcsna tiheda pistega) ning j\u00e4ta pealaele avaus nuku t\u00e4itmiseks.<\/p><p>NB! \u00d5mblusringi algusesse ning l\u00f5ppu tee kindlasti kinnitus!<br><br>PS. Kui \u00f5mbled nukku k\u00e4sitsi, siis l\u00f5ika nukk kontuuri m\u00f6\u00f6da v\u00e4lja. \u00d5mblusvaru \u00e4ra j\u00e4ta.<\/p><\/td><\/tr><tr><td valign=\"top\"><p>4.<\/p><\/td><td valign=\"top\"><p>L\u00f5ika nukk v\u00e4lja.<\/p><p>NB! \u00d5mblusvarud j\u00e4ta nurkadest h\u00e4sti v\u00e4ikesed (l\u00f5igata tuleb peaaegu niidini v\u00e4lja), siis ei hakka need kohad nukku \u00fcmber p\u00f6\u00f6rates kiskuma. Ole ettevaatlik, et niiti katki ei l\u00f5ika!!!<\/p><p>\u00dcmaratesse nurkadesse tee sissel\u00f5iked v\u00f5i l\u00f5ika v\u00e4lja v\u00e4ikesed kolmnurgakesed.<\/p><\/td><td valign=\"top\"><img loading=\"lazy\" decoding=\"async\" width=\"200\" height=\"228\" class=\"alignnone wp-image-25\" src=\"https:\/\/sisu.ut.ee\/wp-content\/uploads\/sites\/11\/5-8.png\" title=\"5-8.png\" alt=\"5-8.png\"><\/td><\/tr><tr><td valign=\"top\"><p>5.<\/p><\/td><td valign=\"top\"><p>P\u00f6\u00f6ra nukk \u00fcmber.<\/p><p>NB! \u00dcmberp\u00f6\u00f6ramisel on headeks abilisteks nurkade v\u00e4lja l\u00fckkimisel pika teraga k\u00e4\u00e4rid v\u00f5i hiina toidu pulgad.<\/p><p>See on k\u00f5ige raskem koht, mist\u00f5ttu ole ettevaatlik, et olematu \u00f5mblusvaruga kohad ei rebeneks.\u00a0Vajadusel pressi.<\/p><\/td><td valign=\"top\"><img loading=\"lazy\" decoding=\"async\" width=\"200\" height=\"230\" class=\"alignnone wp-image-26\" src=\"https:\/\/sisu.ut.ee\/wp-content\/uploads\/sites\/11\/5-9.png\" title=\"5-9.png\" alt=\"5-9.png\"><\/td><\/tr><tr><td valign=\"top\"><p>6.<\/p><\/td><td valign=\"top\"><p>Topi nukk t\u00e4is. T\u00e4itematerjalina v\u00f5ib kasutada vatiini, villa vmt, aga ka tekstiilij\u00e4\u00e4ke, millest enam midagi muud teha ei saa.\u00a0<\/p><p>\u00d5mble kinni nuku pea peal asuv toppimise ava.\u00a0<\/p><p>\u00d5mble nukule nina. Ninaks on ringikujuline t\u00fckk riiet, mis on krookena kokku t\u00f5mmatud ning mille sees on t\u00fckike vatiini.\u00a0Tiki silmad ja suu.<\/p><\/td><td valign=\"top\"><img loading=\"lazy\" decoding=\"async\" width=\"200\" height=\"232\" class=\"alignnone wp-image-27\" src=\"https:\/\/sisu.ut.ee\/wp-content\/uploads\/sites\/11\/5-91.png\" title=\"5-91.png\" alt=\"5-91.png\"><\/td><\/tr><tr><td valign=\"top\"><p>7.<\/p><\/td><td valign=\"top\"><p>\u00d5mble riided.<\/p><p>K\u00f5ige lihtsama nuku kleidi saad, kui v\u00f5tad ristk\u00fclikukujulise riidet\u00fcki, murrad selle keskelt pooleks ning l\u00f5ikad pea\u00a0tarbeks kaeluseava. Kleit nukule selga ning paelast v\u00f6\u00f6ga kinni.<\/p><p>Natuke keerulisema kleidi saad, kui joonistad selle nuku keha l\u00f5ike j\u00e4rgi, andes k\u00e4te juures natuke varrukaavarust ning jalgade juures seelikulaiust.<\/p><p>K\u00f5ige keerulisemad, kuid samas ka k\u00f5ige\u00a0ilusamad\u00a0riided saad valmistada miniatuursete p\u00e4risl\u00f5igete abil (nt nagu\u00a0Tipi p\u00fcksid).<\/p><p>\u00a0<\/p><\/td><td valign=\"top\"><img loading=\"lazy\" decoding=\"async\" width=\"200\" height=\"235\" class=\"alignnone wp-image-28\" src=\"https:\/\/sisu.ut.ee\/wp-content\/uploads\/sites\/11\/5-92.png\" title=\"5-92.png\" alt=\"5-92.png\"><\/td><\/tr><\/tbody><\/table><p><strong style=\"line-height: 1.6em\">L\u00f5ige:<\/strong><\/p><br><figure class=\"wp-block-gallery has-nested-images columns-3 is-cropped wp-block-gallery-1 is-layout-flex wp-block-gallery-is-layout-flex\"><figure class=\"wp-block-image size-large\"><a href=\"https:\/\/sisu.ut.ee\/wp-content\/uploads\/sites\/11\/loige_tipp_tapp.png\"><img decoding=\"async\" data-id=\"31\" src=\"https:\/\/sisu.ut.ee\/wp-content\/uploads\/sites\/11\/loige_tipp_tapp.png\" alt=\"\" class=\"wp-ima&lt;\/figcaption&gt;&lt;\/figure&gt;&lt;\/figure&gt;\"><\/a><\/figure><\/figure>","protected":false},"excerpt":{"rendered":"<p>Keha ja jalad \u00fches t\u00fckis nukk on k\u00f5ige lihtsamini ja kiiremini valmistatav kaltsunukk.\u00a0 Raskusastme poolest on selle nuku keha \u00f5mblemine j\u00f5ukohane ka algajatele masinaga \u00f5mblejatele. Kuna see nukk ei vaja v\u00e4ga palju \u00f5mblus\u00adt\u00f6\u00f6d, v\u00f5ib \u00f5mblusmasina puudumisel servad kokku \u00f5mmelda ka &#8230;<\/p>\n","protected":false},"author":9,"featured_media":0,"parent":0,"menu_order":0,"comment_status":"closed","ping_status":"closed","template":"","meta":{"_acf_changed":false,"inline_featured_image":false,"footnotes":""},"class_list":["post-9","page","type-page","status-publish","hentry"],"acf":[],"_links":{"self":[{"href":"https:\/\/sisu.ut.ee\/kaltsunukk\/wp-json\/wp\/v2\/pages\/9","targetHints":{"allow":["GET"]}}],"collection":[{"href":"https:\/\/sisu.ut.ee\/kaltsunukk\/wp-json\/wp\/v2\/pages"}],"about":[{"href":"https:\/\/sisu.ut.ee\/kaltsunukk\/wp-json\/wp\/v2\/types\/page"}],"author":[{"embeddable":true,"href":"https:\/\/sisu.ut.ee\/kaltsunukk\/wp-json\/wp\/v2\/users\/9"}],"replies":[{"embeddable":true,"href":"https:\/\/sisu.ut.ee\/kaltsunukk\/wp-json\/wp\/v2\/comments?post=9"}],"version-history":[{"count":2,"href":"https:\/\/sisu.ut.ee\/kaltsunukk\/wp-json\/wp\/v2\/pages\/9\/revisions"}],"predecessor-version":[{"id":112,"href":"https:\/\/sisu.ut.ee\/kaltsunukk\/wp-json\/wp\/v2\/pages\/9\/revisions\/112"}],"wp:attachment":[{"href":"https:\/\/sisu.ut.ee\/kaltsunukk\/wp-json\/wp\/v2\/media?parent=9"}],"curies":[{"name":"wp","href":"https:\/\/api.w.org\/{rel}","templated":true}]}}