{"id":8,"date":"2024-04-03T23:08:06","date_gmt":"2024-04-03T20:08:06","guid":{"rendered":"https:\/\/sisu.ut.ee\/kaltsunukk\/5-toojuhendid-kaltsunukkude-valmistamiseks\/"},"modified":"2024-04-09T08:13:07","modified_gmt":"2024-04-09T05:13:07","slug":"5-toojuhendid-kaltsunukkude-valmistamiseks","status":"publish","type":"page","link":"https:\/\/sisu.ut.ee\/kaltsunukk\/5-toojuhendid-kaltsunukkude-valmistamiseks\/","title":{"rendered":"5. T\u00f6\u00f6juhendid kaltsunukkude valmistamiseks"},"content":{"rendered":"<figure class=\"wp-block-image alignleft\"><img loading=\"lazy\" decoding=\"async\" width=\"300\" height=\"199\" src=\"https:\/\/sisu.ut.ee\/wp-content\/uploads\/sites\/11\/tipp_tapp.png\" alt=\"tipp_tapp.png\" class=\"wp-image-19\" title=\"tipp_tapp.png\"><\/figure>\n\n\n\n<p>Kasutades samm-sammult tegevusk\u00e4ike kirjeldavaid ning fotodega illustreeritud t\u00f6\u00f6juhendeid kummutab k\u00e4esolev \u00f5piobjekt m\u00fc\u00fcdi kaltsunuku valmistamise tehnoloogilisest keerukusest ning n\u00e4itab, et kaltsunuku\u00a0meisterdamisega saab tegelikult hakkama ka v\u00e4ga kesiste \u00f5mblemisoskustega k\u00e4sit\u00f6\u00f6huviline.<\/p>\n\n\n\n<p>J\u00e4rgnevate alapeat\u00fckkide kaudu tutvud kolme kaltsnuku t\u00fc\u00fcbi ning nende valmistamise tehnoloogiatega: Tipi ja T\u00e4pi,\u00a0Sipsiku ning Pipiga.<\/p>\n\n\n\n<p><strong>\u201eTipp ja T\u00e4pp\u201c<\/strong> on keha ja jalad \u00fches t\u00fckis nukud, kelle \u00f5mblemine on j\u00f5ukohane ka v\u00e4ikestele, alles nukumeistri teed alustavatele mudilastele.\u00a0<\/p>\n\n\n\n<figure class=\"wp-block-image alignright size-full\"><img loading=\"lazy\" decoding=\"async\" width=\"300\" height=\"235\" src=\"https:\/\/sisu.ut.ee\/wp-content\/uploads\/sites\/11\/6-1.png\" alt=\"\" class=\"wp-image-20\"><\/figure>\n\n\n\n<p><strong>\u201eSipsik\u201c <\/strong>on tehnoloogiliselt natuke keerulisem nukk, kes kuulub t\u00fc\u00fcpi keha ja jalad \u00fches t\u00fckis nukk.\u00a0Tegelikult pole aga ka tema \u00f5mblemises midagi keerulist, sest nukk valmib koos riietega ning seega j\u00e4\u00e4b \u00e4ra vajadus \u00f5mmelda pisikesi detailirohkeid nukuriideid.<\/p>\n\n\n\n<p>\u201cSipsiku\u201d t\u00fc\u00fcpi\u00a0tegelase loomisel on\u00a0kaval eelnevalt visandada tulevase nuku pilt v\u00f5i kasutada ideeallikana m\u00f5nda laste joonistatud fantaasiategelast. Seda t\u00fc\u00fcpi nukuks v\u00f5ib \u00f5mmelda ka nt sellised lasteraamatute kangelased nagu S\u00f6\u00f6bik ja Pisik, Karlsson vmt.<\/p>\n\n\n\n<figure class=\"wp-block-image alignleft size-full\"><img loading=\"lazy\" decoding=\"async\" width=\"200\" height=\"266\" src=\"https:\/\/sisu.ut.ee\/wp-content\/uploads\/sites\/11\/7-1-1.png\" alt=\"\" class=\"wp-image-48\"><\/figure>\n\n\n\n<p><strong>\u201ePipi\u201c <\/strong>on eraldi keha k\u00fclge kinnitatavate j\u00e4semetega nukk ning tehnoloogia t\u00fc\u00fcbilt kolmest k\u00f5ige keerulisem.<span style=\"font-size: revert; font-weight: var(--bs-body-font-weight); text-align: var(--bs-body-text-align);\">Nuku valmistamise raskus seisneb tema riiete detailiderohkuses ning vajaduses neid t\u00e4pselt kokku \u00f5mmelda \u2013 seega, mida rohkem riideesemeid st sokke, saapaid, pitsidega kleite, taskute p\u00f5llesid jmt, seda tehnoloogiliselt keerulisemaks muutub nuku \u00f5mblemine.<\/span><br><\/p>\n\n\n\n<p>\u201cPipi\u201d t\u00fc\u00fcpi nuku valmistamiseks vajad samuti eelnevat visandit v\u00f5i ideeallikat. Visand aitab selgemalt planeerida nuku erinevaid osasid ning lihtsustab hilisemat detailide kokku\u00f5mblemise protsessi. Eraldi keha k\u00fclge kinnitatavate j\u00e4semetega nukkudeks v\u00f5ib \u00f5mmelda nii poiss (nt Sipsik), kui t\u00fcdruk-nukke (nt Lotte).<\/p>\n","protected":false},"excerpt":{"rendered":"<p>Kasutades samm-sammult tegevusk\u00e4ike kirjeldavaid ning fotodega illustreeritud t\u00f6\u00f6juhendeid kummutab k\u00e4esolev \u00f5piobjekt m\u00fc\u00fcdi kaltsunuku valmistamise tehnoloogilisest keerukusest ning n\u00e4itab, et kaltsunuku\u00a0meisterdamisega saab tegelikult hakkama ka v\u00e4ga kesiste \u00f5mblemisoskustega k\u00e4sit\u00f6\u00f6huviline. J\u00e4rgnevate alapeat\u00fckkide kaudu tutvud kolme kaltsnuku t\u00fc\u00fcbi ning nende valmistamise tehnoloogiatega: Tipi &#8230;<\/p>\n","protected":false},"author":9,"featured_media":0,"parent":0,"menu_order":0,"comment_status":"closed","ping_status":"closed","template":"","meta":{"_acf_changed":false,"inline_featured_image":false,"footnotes":""},"class_list":["post-8","page","type-page","status-publish","hentry"],"acf":[],"_links":{"self":[{"href":"https:\/\/sisu.ut.ee\/kaltsunukk\/wp-json\/wp\/v2\/pages\/8","targetHints":{"allow":["GET"]}}],"collection":[{"href":"https:\/\/sisu.ut.ee\/kaltsunukk\/wp-json\/wp\/v2\/pages"}],"about":[{"href":"https:\/\/sisu.ut.ee\/kaltsunukk\/wp-json\/wp\/v2\/types\/page"}],"author":[{"embeddable":true,"href":"https:\/\/sisu.ut.ee\/kaltsunukk\/wp-json\/wp\/v2\/users\/9"}],"replies":[{"embeddable":true,"href":"https:\/\/sisu.ut.ee\/kaltsunukk\/wp-json\/wp\/v2\/comments?post=8"}],"version-history":[{"count":3,"href":"https:\/\/sisu.ut.ee\/kaltsunukk\/wp-json\/wp\/v2\/pages\/8\/revisions"}],"predecessor-version":[{"id":130,"href":"https:\/\/sisu.ut.ee\/kaltsunukk\/wp-json\/wp\/v2\/pages\/8\/revisions\/130"}],"wp:attachment":[{"href":"https:\/\/sisu.ut.ee\/kaltsunukk\/wp-json\/wp\/v2\/media?parent=8"}],"curies":[{"name":"wp","href":"https:\/\/api.w.org\/{rel}","templated":true}]}}