{"id":7,"date":"2024-04-03T23:08:06","date_gmt":"2024-04-03T20:08:06","guid":{"rendered":"https:\/\/sisu.ut.ee\/kaltsunukk\/4-kaltsunukkude-meisterdamise-erinevad-moodused-ja-materjalid\/"},"modified":"2024-04-09T08:07:18","modified_gmt":"2024-04-09T05:07:18","slug":"4-kaltsunukkude-meisterdamise-erinevad-moodused-ja-materjalid","status":"publish","type":"page","link":"https:\/\/sisu.ut.ee\/kaltsunukk\/4-kaltsunukkude-meisterdamise-erinevad-moodused-ja-materjalid\/","title":{"rendered":"4. Kaltsunukkude meisterdamise erinevad moodused ja materjalid"},"content":{"rendered":"<figure class=\"wp-block-image alignleft size-full\"><img loading=\"lazy\" decoding=\"async\" width=\"300\" height=\"225\" src=\"https:\/\/sisu.ut.ee\/wp-content\/uploads\/sites\/11\/4.png\" alt=\"\" class=\"wp-image-18\"><\/figure>\n\n\n\n<p class=\"has-text-align-left\">Nukud on olnud peamiselt t\u00fcdrukute m\u00e4nguasjad, kuid mitte ainult. \u00d5lest, lugadest v\u00f5i roost nuku valmista\u00admisega sai hakkama iga laps. \u00dcldiselt olid talulaste nukud \u00f5mmeldud riidest- nii pea- k\u00e4ed- jalad kui ka keha. T\u00e4idiseks kasutati takku, saepuru, kivistunud tuhka v\u00f5i kaltsu. N\u00e4gu j\u00e4eti sellistel nukkudel kas t\u00e4iesti t\u00f6\u00f6tlemata v\u00f5i tikiti silmad, nina ja suu v\u00e4rviliste niitidega v\u00f5i maaliti. Kaltsunukkude k\u00f5rval tehti ka puust voolitud nukke ja ostetud portselan- v\u00f5i tselluloidpeaga nukke. Nukuriided \u00f5mmeldi reeglina kodus ise ja need olid sellised, nagu n\u00f5udis selleaegne mood ning mida kandis meister (Piiri, 1989; 2005).<\/p>\n\n\n\n<p>Kaltsunukkude \u00f5mblemiseks sobivad v\u00e4ga h\u00e4sti erinevad kangaj\u00e4\u00e4gid v\u00f5i oma aja \u00e4ra elanud riideesemed. Materjali omaduste poolest on parimad tiheda koega natuke paksemad kangad. Eriti mugav on \u00f5mmelda tekstiili, mille alumisele poolele on tootja poolt kleebitud kerge kunstmaterjali kiht. Linane riie on k\u00fcll klassikaline kaltsunuku materjal, kuid oma kerge hargnevuse poolest v\u00e4ikeste nukkude \u00f5mblemiseks ebamugav. Kuna ilusa tulemuse saavutamiseks tuleb \u00f5mblusvarud j\u00e4tta \u00fcsna v\u00e4ikesed v\u00f5ib h\u00f5reda koega kangas hakata nukku \u00fcmber p\u00f6\u00f6rates kergesti hargnema (kui see pole eelnevalt triigitud tugevust andvale liimiriidele).<\/p>\n\n\n\n<p>Kaltsunukkude t\u00e4itmiseks on ideaalseks materjaliks vill, kuid v\u00e4ga hea tulemuse saab ka kasutades vatti, vatiini v\u00f5i tekstiilmaterjalide j\u00e4\u00e4ke, millest mitte midagi muud enam teha ei anna.<\/p>\n\n\n\n<p>Nukkude juuste valmistamiseks on sobivaimaks materjal villane l\u00f5ng, kuid ka k\u00f5ik teised l\u00f5ngamaterjalid on kasutatavad. Ilusad lokkis juuksed saab nukule harutatud l\u00f5ngast.<\/p>\n\n\n\n<p>Juuste valmistamisel tuleb alustuseks otsustada, kui pikki juukseid nukule soovitakse ning siis paras juuksekogus valmis l\u00f5igata. Et juuksed m\u00e4ngimisel peast ei tuleks, on need \u00f5igem p\u00e4he kinnitada mitte \u00fchekorraga vaid salgukaupa. Esimesed juuksesalgud kinnitatakse nukule p\u00e4he suunaga eest taha (moodustuvad tukk ja kuklajuuksed) ning need tikitakse nt tikkpistet kasutades tuka piirile ja pea tagapoolele kinni. K\u00f5ik j\u00e4rgmised juuksesalgud asetatakse k\u00fclgsuunas ning kinnitatakse laubalt kukla poole (Toomet, 1996). Kui juuksematerjali j\u00e4tkub, v\u00f5ib \u00fche juukse\u00adringi tikkida veel ringselt lauba- ja kuklapiirile.<\/p>\n\n\n\n<p>Kasutatud allikad:<\/p>\n\n\n\n<ul class=\"wp-block-list\">\n<li>Piiri, R. (1989). <em>Eesti m\u00e4nguasjad<\/em>. Tallinn: Eesti NSV Riikliku Kultuurikomitee ja Eesti Rahva Muuseumi v\u00e4ljaanne.<\/li>\n<\/ul>\n\n\n\n<ul class=\"wp-block-list\">\n<li>Piiri, R. (2005). <em>Talulaste m\u00e4nguasjad<\/em>. Tartu: O\u00dc Vali Press.<\/li>\n<\/ul>\n\n\n\n<ul class=\"wp-block-list\">\n<li>Toomet, T. (1996). Kaltsunukk.\u00a0 <em>Kaltsutitt ja puuhobune<\/em> (lk 108-109). Tallinn: Kirjastus \u201eKoolibri\u201c.<\/li>\n<\/ul>\n","protected":false},"excerpt":{"rendered":"<p>Nukud on olnud peamiselt t\u00fcdrukute m\u00e4nguasjad, kuid mitte ainult. \u00d5lest, lugadest v\u00f5i roost nuku valmista\u00admisega sai hakkama iga laps. \u00dcldiselt olid talulaste nukud \u00f5mmeldud riidest- nii pea- k\u00e4ed- jalad kui ka keha. T\u00e4idiseks kasutati takku, saepuru, kivistunud tuhka v\u00f5i kaltsu. &#8230;<\/p>\n","protected":false},"author":9,"featured_media":0,"parent":0,"menu_order":0,"comment_status":"closed","ping_status":"closed","template":"","meta":{"_acf_changed":false,"inline_featured_image":false,"footnotes":""},"class_list":["post-7","page","type-page","status-publish","hentry"],"acf":[],"_links":{"self":[{"href":"https:\/\/sisu.ut.ee\/kaltsunukk\/wp-json\/wp\/v2\/pages\/7","targetHints":{"allow":["GET"]}}],"collection":[{"href":"https:\/\/sisu.ut.ee\/kaltsunukk\/wp-json\/wp\/v2\/pages"}],"about":[{"href":"https:\/\/sisu.ut.ee\/kaltsunukk\/wp-json\/wp\/v2\/types\/page"}],"author":[{"embeddable":true,"href":"https:\/\/sisu.ut.ee\/kaltsunukk\/wp-json\/wp\/v2\/users\/9"}],"replies":[{"embeddable":true,"href":"https:\/\/sisu.ut.ee\/kaltsunukk\/wp-json\/wp\/v2\/comments?post=7"}],"version-history":[{"count":2,"href":"https:\/\/sisu.ut.ee\/kaltsunukk\/wp-json\/wp\/v2\/pages\/7\/revisions"}],"predecessor-version":[{"id":126,"href":"https:\/\/sisu.ut.ee\/kaltsunukk\/wp-json\/wp\/v2\/pages\/7\/revisions\/126"}],"wp:attachment":[{"href":"https:\/\/sisu.ut.ee\/kaltsunukk\/wp-json\/wp\/v2\/media?parent=7"}],"curies":[{"name":"wp","href":"https:\/\/api.w.org\/{rel}","templated":true}]}}