{"id":6,"date":"2024-04-03T23:08:06","date_gmt":"2024-04-03T20:08:06","guid":{"rendered":"https:\/\/sisu.ut.ee\/kaltsunukk\/3-kaltsunuku-ajalooline-roll-lastekasvatuses\/"},"modified":"2024-04-03T23:08:23","modified_gmt":"2024-04-03T20:08:23","slug":"3-kaltsunuku-ajalooline-roll-lastekasvatuses","status":"publish","type":"page","link":"https:\/\/sisu.ut.ee\/kaltsunukk\/3-kaltsunuku-ajalooline-roll-lastekasvatuses\/","title":{"rendered":"3. Kaltsunuku ajalooline roll lastekasvatuses"},"content":{"rendered":"<p><img loading=\"lazy\" decoding=\"async\" width=\"300\" height=\"235\" class=\"alignnone wp-image-17\" style=\"float: left;margin: 5px 10px\" src=\"https:\/\/sisu.ut.ee\/wp-content\/uploads\/sites\/11\/3.png\" title=\"3.png\" alt=\"3.png\">M\u00e4nguasjad sh nukud on kasvatuslikku v\u00e4\u00e4rtust omanud igal ajastul ning iseloomustanud lapsi ning neid \u00fcmbritsevat maailma.<\/p>\n<p>Vana aja lastel ei ulatunud maailm tavaliselt kodu\u00f5uest palju kaugemale, mist\u00f5ttu ka nende m\u00e4nguasjade hulgas leidus rohkesti talulapsi \u00fcmbritsevate koduloomade ja \u2013 lindude kujulisi lelusid, nukke, mitmesuguste t\u00f6\u00f6- ja tarbeesemete miniatuurseid koopiaid (Piiri, 2005). Lapsed on m\u00e4ngudes ikka p\u00fc\u00fcdnud j\u00e4ljendada t\u00e4iskasvanute t\u00f6id ja tegemisi. Teiselt poolt on vanemad p\u00fc\u00fcdnud m\u00e4ngude ja m\u00e4nguasjade abil kasvatada lastes t\u00f6\u00f6kust ja t\u00f6\u00f6armastust. T\u00f6\u00f6kust on peetud eesti \u00fchiskonnas \u00fcheks hinnatavamaks omaduseks, kuna taluperes oli iga t\u00f6\u00f6k\u00e4si elluj\u00e4\u00e4mise seisukohalt vajalik ning t\u00f6\u00f6kust v\u00e4\u00e4rtustas ka ajastule omane religioosne maailmavaade (Piiri, 2005; Rosenthal, 2012).<\/p>\n<p>T\u00e4iskasvanute elu imiteerimine st m\u00e4nguloomade meisterdamine, t\u00f6\u00f6riistade ja tarbeesemete j\u00e4ljendamine, nuku hellitamine oli eelharjutuseks tulevasele t\u00f6\u00f6le ja eluks (Piiri, 2005).<\/p>\n<p>Nukuriided \u00f5mmeldi tavaliselt kodus ise ja need olid sellised, nagu n\u00f5udis selleaegne mood. Kus kanti veel rahvar\u00f5ivaid, seal olid need nukulgi seljas. Rahvar\u00f5ivaid \u00f5mmeldi nukkudele ka selleks, et lapsed \u00f5piks tundma oma esivanemate riideid ja traditsioone (Piiri, 2005). V\u00e4het\u00e4htis pole ka see, et nukkude r\u00f5ivastus peegeldas teataval m\u00e4\u00e4ral nuku valmistaja ja sellega m\u00e4ngija sotsiaalset staatust \u00fchiskonnas (Kaljuvee, 1964).<\/p>\n<p>Kasutatud allikad:<\/p>\n<ul>\n<li>Kaljuvee, G. (Koost). (1964). <em>Eesti rahvap\u00e4raseid m\u00e4nguasju.<\/em> Tartu: Eesti NSV Riiklik Etnograafiamuuseum.<\/li>\n<li>Piiri, R. (2005). <em>Talulaste m\u00e4nguasjad<\/em>. Tartu: O\u00dc Vali Press.<\/li>\n<li>Rosenthal, M. (2012). <em>1850.-1940. aastate kaltsunukud Eesti muuseumides: t\u00fcpoloogia, valmistamistehnoloogiad ja materjalikasutus. <\/em>Publitseerimata diplomit\u00f6\u00f6. Tartu \u00dclikooli Viljandi Kultuuriakadeemia.<\/li>\n<\/ul>\n","protected":false},"excerpt":{"rendered":"<p>M\u00e4nguasjad sh nukud on kasvatuslikku v\u00e4\u00e4rtust omanud igal ajastul ning iseloomustanud lapsi ning neid \u00fcmbritsevat maailma. Vana aja lastel ei ulatunud maailm tavaliselt kodu\u00f5uest palju kaugemale, mist\u00f5ttu ka nende m\u00e4nguasjade hulgas leidus rohkesti talulapsi \u00fcmbritsevate koduloomade ja \u2013 lindude kujulisi &#8230;<\/p>\n","protected":false},"author":9,"featured_media":0,"parent":0,"menu_order":0,"comment_status":"closed","ping_status":"closed","template":"","meta":{"_acf_changed":false,"inline_featured_image":false,"footnotes":""},"class_list":["post-6","page","type-page","status-publish","hentry"],"acf":[],"_links":{"self":[{"href":"https:\/\/sisu.ut.ee\/kaltsunukk\/wp-json\/wp\/v2\/pages\/6","targetHints":{"allow":["GET"]}}],"collection":[{"href":"https:\/\/sisu.ut.ee\/kaltsunukk\/wp-json\/wp\/v2\/pages"}],"about":[{"href":"https:\/\/sisu.ut.ee\/kaltsunukk\/wp-json\/wp\/v2\/types\/page"}],"author":[{"embeddable":true,"href":"https:\/\/sisu.ut.ee\/kaltsunukk\/wp-json\/wp\/v2\/users\/9"}],"replies":[{"embeddable":true,"href":"https:\/\/sisu.ut.ee\/kaltsunukk\/wp-json\/wp\/v2\/comments?post=6"}],"version-history":[{"count":1,"href":"https:\/\/sisu.ut.ee\/kaltsunukk\/wp-json\/wp\/v2\/pages\/6\/revisions"}],"predecessor-version":[{"id":105,"href":"https:\/\/sisu.ut.ee\/kaltsunukk\/wp-json\/wp\/v2\/pages\/6\/revisions\/105"}],"wp:attachment":[{"href":"https:\/\/sisu.ut.ee\/kaltsunukk\/wp-json\/wp\/v2\/media?parent=6"}],"curies":[{"name":"wp","href":"https:\/\/api.w.org\/{rel}","templated":true}]}}