{"id":13,"date":"2024-04-03T23:08:07","date_gmt":"2024-04-03T20:08:07","guid":{"rendered":"https:\/\/sisu.ut.ee\/kaltsunukk\/7-lopetuseks\/"},"modified":"2024-04-09T08:21:10","modified_gmt":"2024-04-09T05:21:10","slug":"7-lopetuseks","status":"publish","type":"page","link":"https:\/\/sisu.ut.ee\/kaltsunukk\/7-lopetuseks\/","title":{"rendered":"7. L\u00f5petuseks"},"content":{"rendered":"<p><span style=\"line-height: 1.6em;\">Kui oled l\u00e4bi lugenud peat\u00fckid m\u00e4ngu t\u00e4htsusest lapse arengus ning tead, millist olulist rolli kaltsunukk on ajalooliselt lastekasvatuses m\u00e4nginud, on aeg asuda v\u00e4lja\u00a0t\u00f6\u00f6tama t\u00e4iesti oma nukku.<\/span><\/p>\n<p><span style=\"line-height: 1.6em;\">Vaata l\u00e4bi oma inspireerivad kaltsutagavarad\u00a0ning t<\/span><span style=\"line-height: 1.6em;\">oetudes nukkude valmistamise tehnoloogilistele juhenditele\u00a0loo oma kaltsunukk v\u00f5i \u2013nukud.<\/span><\/p>\n<p>Kui nukk valmis, lavasta ja etenda sellega \u00fcks vahva nukuetendus, mille eesm\u00e4rgiks on toetada laste sotsiaalsete oskuste arengut.<\/p>\n<p>R\u00f5\u00f5murohket meisterdamist soovides,<br>\nKarin<\/p>\n<p><img loading=\"lazy\" decoding=\"async\" width=\"500\" height=\"352\" class=\"wp-image-71 aligncenter\" style=\"margin-left: auto; margin-right: auto;\" title=\"viimane1.png\" src=\"https:\/\/sisu.ut.ee\/wp-content\/uploads\/sites\/11\/viimane1.png\" alt=\"viimane1.png\" srcset=\"https:\/\/sisu.ut.ee\/wp-content\/uploads\/sites\/11\/viimane1.png 500w, https:\/\/sisu.ut.ee\/wp-content\/uploads\/sites\/11\/viimane1-300x211.png 300w\" sizes=\"auto, (max-width: 500px) 100vw, 500px\"><\/p>\n","protected":false},"excerpt":{"rendered":"<p>Kui oled l\u00e4bi lugenud peat\u00fckid m\u00e4ngu t\u00e4htsusest lapse arengus ning tead, millist olulist rolli kaltsunukk on ajalooliselt lastekasvatuses m\u00e4nginud, on aeg asuda v\u00e4lja\u00a0t\u00f6\u00f6tama t\u00e4iesti oma nukku. Vaata l\u00e4bi oma inspireerivad kaltsutagavarad\u00a0ning toetudes nukkude valmistamise tehnoloogilistele juhenditele\u00a0loo oma kaltsunukk v\u00f5i \u2013nukud. &#8230;<\/p>\n","protected":false},"author":9,"featured_media":0,"parent":0,"menu_order":0,"comment_status":"closed","ping_status":"closed","template":"","meta":{"_acf_changed":false,"inline_featured_image":false,"footnotes":""},"class_list":["post-13","page","type-page","status-publish","hentry"],"acf":[],"_links":{"self":[{"href":"https:\/\/sisu.ut.ee\/kaltsunukk\/wp-json\/wp\/v2\/pages\/13","targetHints":{"allow":["GET"]}}],"collection":[{"href":"https:\/\/sisu.ut.ee\/kaltsunukk\/wp-json\/wp\/v2\/pages"}],"about":[{"href":"https:\/\/sisu.ut.ee\/kaltsunukk\/wp-json\/wp\/v2\/types\/page"}],"author":[{"embeddable":true,"href":"https:\/\/sisu.ut.ee\/kaltsunukk\/wp-json\/wp\/v2\/users\/9"}],"replies":[{"embeddable":true,"href":"https:\/\/sisu.ut.ee\/kaltsunukk\/wp-json\/wp\/v2\/comments?post=13"}],"version-history":[{"count":2,"href":"https:\/\/sisu.ut.ee\/kaltsunukk\/wp-json\/wp\/v2\/pages\/13\/revisions"}],"predecessor-version":[{"id":132,"href":"https:\/\/sisu.ut.ee\/kaltsunukk\/wp-json\/wp\/v2\/pages\/13\/revisions\/132"}],"wp:attachment":[{"href":"https:\/\/sisu.ut.ee\/kaltsunukk\/wp-json\/wp\/v2\/media?parent=13"}],"curies":[{"name":"wp","href":"https:\/\/api.w.org\/{rel}","templated":true}]}}