{"id":12,"date":"2024-04-03T23:08:07","date_gmt":"2024-04-03T20:08:07","guid":{"rendered":"https:\/\/sisu.ut.ee\/kaltsunukk\/loike-jargi-ommeldud-nukk\/"},"modified":"2024-04-09T08:44:48","modified_gmt":"2024-04-09T05:44:48","slug":"loike-jargi-ommeldud-nukk","status":"publish","type":"page","link":"https:\/\/sisu.ut.ee\/kaltsunukk\/loike-jargi-ommeldud-nukk\/","title":{"rendered":"6. L\u00f5ike j\u00e4rgi \u00f5mmeldud nukk"},"content":{"rendered":"<p>L\u00f5ike j\u00e4rgi nuku \u00f5mblemine vajab p\u00e4ris head \u00f5mblusmasina kasutamise ja pisidetailide \u00fchitamise oskust ning seda k\u00e4esolev \u00f5piobjekt ei k\u00e4sitle.<\/p>\n<p>L\u00f5igete j\u00e4rgi \u00f5mmeldud nukkude l\u00f5ikeid, nukuriiete l\u00f5ikeid ja detailseid t\u00f6\u00f6juhiseid v\u00f5id leida erinevatest k\u00e4sit\u00f6\u00f6raamatutest ning \u2013ajakirjadest.<\/p>\n<p>M\u00f5ned n\u00e4ited:<\/p>\n<ul>\n<li><span style=\"line-height: 1.6em\">Artla, T. (Koost). (2003). <\/span><span style=\"line-height: 1.6em\">Rahvuslik nukk.<\/span><span style=\"line-height: 1.6em\"> Tallinn: TP\u00dc Kirjastus.<\/span><\/li>\n<li><span style=\"line-height: 1.6em\">Kalle, M. (2007). Lapsep\u00f5lve parimad nukud. <\/span><span style=\"line-height: 1.6em\">K\u00e4sit\u00f6\u00f6, talv<\/span><span style=\"line-height: 1.6em\">, lk 14-16 ja 39-41.<\/span><\/li>\n<li><span style=\"line-height: 1.6em\">Tammes, L. (2012). <\/span><span style=\"line-height: 1.6em\">Suur nukuriiete raamat<\/span><span style=\"line-height: 1.6em\">. Tallinn: TEA Kirjastus.<\/span><\/li>\n<li><span style=\"line-height: 1.6em\">Uus, I. (2012). <\/span><span style=\"line-height: 1.6em\">Noppeid kihnu n\u00e4put\u00f6\u00f6st. M\u00f5n\u00f5d nopp\u00f5d Kihnu nj\u00e4put\u00fcest <\/span><span style=\"line-height: 1.6em\">(lk 93-107). Viljandi.<\/span><\/li>\n<\/ul>\n<table class=\"table table-hover\" border=\"0\" align=\"center\">\n<tbody>\n<tr>\n<td><img loading=\"lazy\" decoding=\"async\" width=\"200\" height=\"302\" class=\"alignnone wp-image-68\" src=\"https:\/\/sisu.ut.ee\/wp-content\/uploads\/sites\/11\/9-1.png\" title=\"9-1.png\" alt=\"9-1.png\" srcset=\"https:\/\/sisu.ut.ee\/wp-content\/uploads\/sites\/11\/9-1.png 200w, https:\/\/sisu.ut.ee\/wp-content\/uploads\/sites\/11\/9-1-199x300.png 199w\" sizes=\"auto, (max-width: 200px) 100vw, 200px\">\u00a0<img loading=\"lazy\" decoding=\"async\" width=\"200\" height=\"299\" class=\"alignnone wp-image-69\" src=\"https:\/\/sisu.ut.ee\/wp-content\/uploads\/sites\/11\/9-2.png\" title=\"9-2.png\" alt=\"9-2.png\">\u00a0<img loading=\"lazy\" decoding=\"async\" width=\"200\" height=\"299\" class=\"alignnone wp-image-70\" src=\"https:\/\/sisu.ut.ee\/wp-content\/uploads\/sites\/11\/9-3.png\" title=\"9-3.png\" alt=\"9-3.png\"><\/td>\n<\/tr>\n<\/tbody>\n<\/table>\n<p><span style=\"line-height: 1.6em\"><\/span><\/p>\n","protected":false},"excerpt":{"rendered":"<p>L\u00f5ike j\u00e4rgi nuku \u00f5mblemine vajab p\u00e4ris head \u00f5mblusmasina kasutamise ja pisidetailide \u00fchitamise oskust ning seda k\u00e4esolev \u00f5piobjekt ei k\u00e4sitle. L\u00f5igete j\u00e4rgi \u00f5mmeldud nukkude l\u00f5ikeid, nukuriiete l\u00f5ikeid ja detailseid t\u00f6\u00f6juhiseid v\u00f5id leida erinevatest k\u00e4sit\u00f6\u00f6raamatutest ning \u2013ajakirjadest. M\u00f5ned n\u00e4ited: Artla, T. (Koost). &#8230;<\/p>\n","protected":false},"author":9,"featured_media":0,"parent":0,"menu_order":0,"comment_status":"closed","ping_status":"closed","template":"","meta":{"_acf_changed":false,"inline_featured_image":false,"footnotes":""},"class_list":["post-12","page","type-page","status-publish","hentry"],"acf":[],"_links":{"self":[{"href":"https:\/\/sisu.ut.ee\/kaltsunukk\/wp-json\/wp\/v2\/pages\/12","targetHints":{"allow":["GET"]}}],"collection":[{"href":"https:\/\/sisu.ut.ee\/kaltsunukk\/wp-json\/wp\/v2\/pages"}],"about":[{"href":"https:\/\/sisu.ut.ee\/kaltsunukk\/wp-json\/wp\/v2\/types\/page"}],"author":[{"embeddable":true,"href":"https:\/\/sisu.ut.ee\/kaltsunukk\/wp-json\/wp\/v2\/users\/9"}],"replies":[{"embeddable":true,"href":"https:\/\/sisu.ut.ee\/kaltsunukk\/wp-json\/wp\/v2\/comments?post=12"}],"version-history":[{"count":1,"href":"https:\/\/sisu.ut.ee\/kaltsunukk\/wp-json\/wp\/v2\/pages\/12\/revisions"}],"predecessor-version":[{"id":99,"href":"https:\/\/sisu.ut.ee\/kaltsunukk\/wp-json\/wp\/v2\/pages\/12\/revisions\/99"}],"wp:attachment":[{"href":"https:\/\/sisu.ut.ee\/kaltsunukk\/wp-json\/wp\/v2\/media?parent=12"}],"curies":[{"name":"wp","href":"https:\/\/api.w.org\/{rel}","templated":true}]}}