{"id":11,"date":"2024-04-03T23:08:07","date_gmt":"2024-04-03T20:08:07","guid":{"rendered":"https:\/\/sisu.ut.ee\/kaltsunukk\/eraldi-keha-kulge-kinnitatavate-jasemetega-nukk-pipi\/"},"modified":"2024-04-08T13:39:13","modified_gmt":"2024-04-08T10:39:13","slug":"eraldi-keha-kulge-kinnitatavate-jasemetega-nukk-pipi","status":"publish","type":"page","link":"https:\/\/sisu.ut.ee\/kaltsunukk\/eraldi-keha-kulge-kinnitatavate-jasemetega-nukk-pipi\/","title":{"rendered":"Eraldi keha k\u00fclge kinnitatavate j\u00e4semetega nukk: Pipi"},"content":{"rendered":"<p><img loading=\"lazy\" decoding=\"async\" width=\"200\" height=\"266\" class=\"alignnone wp-image-48\" style=\"float: left; margin: 10px;\" title=\"7-1.png\" src=\"https:\/\/sisu.ut.ee\/wp-content\/uploads\/sites\/11\/7-1-1.png\" alt=\"7-1.png\">Eraldi keha k\u00fclge kinnitatavate j\u00e4semetega nuku \u00f5mblemiseks vajad head ideed (nt m\u00f5nda laste joonistatud fantaasia\u00adtegelast), sobivaid kangat\u00fckke ning oskust detailit\u00fckke t\u00e4pselt kokku \u00f5mmelda.<\/p>\n<p>Raskusastme poolest on see kaltsunukk j\u00f5ukohane ka algajale \u00f5mblejale, sest puudub vajadus valmistada pisikesi ja t\u00e4pseid \u00f5mbluseid vajavaid nukuriideid.<\/p>\n<p>Kui nukk pole v\u00e4ga suur, v\u00f5ib \u00f5mblusmasina puudumisel servad kokku \u00f5mmelda ka k\u00e4sitsi nt s\u00e4mp- v\u00f5i \u00e4\u00e4rimispistet kasutades.<\/p>\n<table class=\"table table-hover\" style=\"width: 100%;\" border=\"0\" cellspacing=\"0\" cellpadding=\"0\" align=\"center\">\n<tbody>\n<tr>\n<td colspan=\"4\" valign=\"top\">\n<p><img loading=\"lazy\" decoding=\"async\" width=\"300\" height=\"224\" class=\"alignnone wp-image-49\" style=\"line-height: 1.6em; margin: 5px; float: right;\" title=\"7-2.png\" src=\"https:\/\/sisu.ut.ee\/wp-content\/uploads\/sites\/11\/7-2.png\" alt=\"7-2.png\">MATERJALID:<\/p>\n<p>Keha ja jalad \u00fches t\u00fckis nukkude \u00f5mblemiseks sobivad v\u00e4ga h\u00e4sti erinevad kangaj\u00e4\u00e4gid v\u00f5i oma aja \u00e4ra elanud riideesemed. Materjali omaduste poolest on parimad tiheda koega natuke paksemad kangad.<\/p>\n<p>Nuku pea ja k\u00e4te \u00f5mblemiseks on kasutatud heleroosat, sukkadeks tumesinist ja sambla\u00adrohelist kardinasameti. Kleit on punasest m\u00f6\u00f6bliriidest ning p\u00f5ll bee\u017eist kardinast. P\u00f5lle kantimiseks on kasutatud valgest puuvillasest kangast kanti. Nuku juuksed on tume- ja hele\u00adpruunist puuvillasest s\u00e4brulisest l\u00f5ngast ning silmad ja suu tikitud. T\u00e4itematerjalina on kasutatud vatiini.<\/p>\n<\/td>\n<\/tr>\n<tr>\n<td colspan=\"4\" valign=\"top\">\n<p>\u00d5MBLEMINE <a href=\"http:\/\/sisu.ut.ee\/wp-content\/uploads\/sites\/11\/loige_pipi1.png\" target=\"_blank\" rel=\"noopener\">(L\u00d5IGE 1<\/a> ja <a href=\"http:\/\/sisu.ut.ee\/wp-content\/uploads\/sites\/11\/loige_pipi2.png\" target=\"_blank\" rel=\"noopener\">L\u00d5IGE 2<\/a>):<\/p>\n<\/td>\n<\/tr>\n<tr>\n<td valign=\"top\">\n<p>1.<\/p>\n<\/td>\n<td valign=\"top\">\n<p>Nuku \u00f5mblemist alusta idee visandamisest ning selle j\u00e4rgi l\u00f5ike joonistamisest.<\/p>\n<p>Oma l\u00f5iget joonistades v\u00f5ib selle m\u00e4rkida otse kangale, kuid kindlam on see eelnevalt siiski l\u00f5ikena paberile joonistada ning hiljem paberist \u0161abloonide j\u00e4rgi nuku osad v\u00e4lja l\u00f5igata.<\/p>\n<\/td>\n<td colspan=\"2\" valign=\"top\"><img loading=\"lazy\" decoding=\"async\" width=\"200\" height=\"274\" class=\"alignnone wp-image-50\" style=\"margin-left: auto; margin-right: auto;\" title=\"7-3.png\" src=\"https:\/\/sisu.ut.ee\/wp-content\/uploads\/sites\/11\/7-3.png\" alt=\"7-3.png\"><\/td>\n<\/tr>\n<tr>\n<td valign=\"top\">\n<p>2.<\/p>\n<\/td>\n<td valign=\"top\">\n<p>L\u00f5ike valmistamiseks v\u00f5ta umbes nuku suurune paberileht ning murra see vertikaalselt pooleks.<\/p>\n<p>Joonista \u201epool kleiti\u201c.\u00a0Samal meetodil joonista \u201epool pead\u201c.\u00a0Valmista ka k\u00e4te ja jalgade l\u00f5ige.<\/p>\n<p>NB! Kindlasti kontrolli l\u00f5ike detaile \u00fcksteise k\u00f5rvale asetades nuku osade suurust ja sobivust!<\/p>\n<\/td>\n<td colspan=\"2\" valign=\"top\"><img loading=\"lazy\" decoding=\"async\" width=\"300\" height=\"194\" class=\"alignnone wp-image-51\" title=\"7-4.png\" src=\"https:\/\/sisu.ut.ee\/wp-content\/uploads\/sites\/11\/7-4.png\" alt=\"7-4.png\"><\/td>\n<\/tr>\n<tr>\n<td valign=\"top\">\n<p>3.<\/p>\n<\/td>\n<td valign=\"top\">\n<p>Kinnita n\u00f5eltega pea ja k\u00e4te l\u00f5iked kangale.<\/p>\n<p>NB! Sametkanga puhul j\u00e4lgi kindlasti kanga \u201ekarva\u201c suunda!<\/p>\n<p>M\u00e4rgi detailide piirjooned.\u00a0Eemalda paberl\u00f5iked, kuid n\u00f5elad kinnita tagasi.\u00a0\u00d5mble masinaga pea ja k\u00e4te t\u00fckid kokku.<\/p>\n<p>NB! Toppimise ava pea t\u00fckil j\u00e4\u00e4b kaela ja kleidi \u00fchtimise kohale ning k\u00e4tel \u00fclaossa!<\/p>\n<\/td>\n<td colspan=\"2\" valign=\"top\"><img loading=\"lazy\" decoding=\"async\" width=\"300\" height=\"245\" class=\"alignnone wp-image-52\" title=\"7-5.png\" src=\"https:\/\/sisu.ut.ee\/wp-content\/uploads\/sites\/11\/7-5.png\" alt=\"7-5.png\"><\/td>\n<\/tr>\n<tr>\n<td valign=\"top\">\n<p>4.<\/p>\n<\/td>\n<td valign=\"top\">\n<p>L\u00f5ika pea ja k\u00e4ed kangast v\u00e4lja.<\/p>\n<p>Tee kindlasti detailide \u00fcmaratesse kohtadesse ja nurkadesse \u00fcmberp\u00f6\u00f6ramist h\u00f5lbustavad sissel\u00f5iked.<\/p>\n<\/td>\n<td colspan=\"2\" valign=\"top\"><img loading=\"lazy\" decoding=\"async\" width=\"300\" height=\"199\" class=\"alignnone wp-image-53\" title=\"7-6.png\" src=\"https:\/\/sisu.ut.ee\/wp-content\/uploads\/sites\/11\/7-6.png\" alt=\"7-6.png\"><\/td>\n<\/tr>\n<tr>\n<td valign=\"top\">\n<p>5.<\/p>\n<\/td>\n<td valign=\"top\">\n<p>N\u00fc\u00fcd asu kleiti \u00f5mblema.<\/p>\n<p>Aseta kleidi l\u00f5ige kahekordsele kangale, kinnita n\u00f5eltega.\u00a0Joonista piirjooned.\u00a0Eemalda paberist l\u00f5ige, kinnita taas n\u00f5eltega ning l\u00f5ika v\u00e4lja.<\/p>\n<p>NB! \u00d5mmelda pole vaja \u2013 j\u00e4\u00e4b kaks eraldi detaili!<\/p>\n<\/td>\n<td colspan=\"2\" valign=\"top\"><img loading=\"lazy\" decoding=\"async\" width=\"300\" height=\"183\" class=\"alignnone wp-image-54\" title=\"7-7.png\" src=\"https:\/\/sisu.ut.ee\/wp-content\/uploads\/sites\/11\/7-7.png\" alt=\"7-7.png\"><\/td>\n<\/tr>\n<tr>\n<td valign=\"top\">\n<p>6.<\/p>\n<\/td>\n<td valign=\"top\">\n<p>L\u00f5ika v\u00e4lja p\u00f5lle detailid: p\u00f5lle p\u00f5hiosa ja tasku.<\/p>\n<p>NB! V\u00e4ljal\u00f5ikamisel j\u00e4ta u 0,5\u20261 cm suurune \u00f5mblusvaru!<\/p>\n<\/td>\n<td colspan=\"2\" valign=\"top\"><img loading=\"lazy\" decoding=\"async\" width=\"300\" height=\"183\" class=\"alignnone wp-image-55\" title=\"7-8.png\" src=\"https:\/\/sisu.ut.ee\/wp-content\/uploads\/sites\/11\/7-8.png\" alt=\"7-8.png\"><\/td>\n<\/tr>\n<tr>\n<td valign=\"top\">\n<p>7.<\/p>\n<\/td>\n<td valign=\"top\">\n<p>Soovi korral kaunista tasku tikandi, n\u00f6\u00f6pide, pitsi, paelte vmt-ga.\u00a0Kinnita tasku p\u00f5llele.\u00a0<\/p>\n<p>NB! Hea oleks tasku enne masinaga \u00f5mblemist p\u00f5llele traageldada, siis on kindlel, et tasku \u00f5mblemise ajal viltu ei nihku.<\/p>\n<p>Kandi p\u00f5lle \u00fclaserv (antud juhul l\u00f5ikekohane kant) ja alaserv (diagonaalkant). Alaserva kaunistamiseks v\u00f5id kasutada ka pitsi.<\/p>\n<\/td>\n<td colspan=\"2\" valign=\"top\"><img loading=\"lazy\" decoding=\"async\" width=\"300\" height=\"290\" class=\"alignnone wp-image-56\" title=\"7-9.png\" src=\"https:\/\/sisu.ut.ee\/wp-content\/uploads\/sites\/11\/7-9.png\" alt=\"7-9.png\"><\/td>\n<\/tr>\n<tr>\n<td valign=\"top\">\n<p>8.<\/p>\n<\/td>\n<td valign=\"top\">\n<p>\u00d5mble masinaga v\u00f5i traagelda k\u00e4sitsi p\u00f5ll kleidi esiosa k\u00fclge.<\/p>\n<\/td>\n<td colspan=\"2\" valign=\"top\"><img loading=\"lazy\" decoding=\"async\" width=\"300\" height=\"358\" class=\"alignnone wp-image-57\" title=\"7-91.png\" src=\"https:\/\/sisu.ut.ee\/wp-content\/uploads\/sites\/11\/7-91.png\" alt=\"7-91.png\" srcset=\"https:\/\/sisu.ut.ee\/wp-content\/uploads\/sites\/11\/7-91.png 300w, https:\/\/sisu.ut.ee\/wp-content\/uploads\/sites\/11\/7-91-251x300.png 251w\" sizes=\"auto, (max-width: 300px) 100vw, 300px\"><\/td>\n<\/tr>\n<tr>\n<td valign=\"top\">\n<p>9.<\/p>\n<\/td>\n<td valign=\"top\">\n<p>N\u00fc\u00fcd valmista jalad.\u00a0Selleks \u00f5mble triipudena kokku kangaribad, millest tulevad saapad, sukad ning jalad.<\/p>\n<p>NB! Pipi jalad on \u00fche, kuid sukad erineva pikkusega!<\/p>\n<p>\u00d5mblusvarud tiigi triikrauaga, kas \u00fchele poole v\u00f5i lahku \u2013 kindlasti pressi.<\/p>\n<\/td>\n<td colspan=\"2\" valign=\"top\"><img loading=\"lazy\" decoding=\"async\" width=\"300\" height=\"187\" class=\"alignnone wp-image-58\" title=\"7-92.png\" src=\"https:\/\/sisu.ut.ee\/wp-content\/uploads\/sites\/11\/7-92.png\" alt=\"7-92.png\"><\/td>\n<\/tr>\n<tr>\n<td valign=\"top\">\n<p>10.<\/p>\n<\/td>\n<td valign=\"top\">\n<p>Aseta jalgade l\u00f5iked ettevalmis\u00adta\u00adtud kangale, kinnita n\u00f5eltega, joonista kontuurid.\u00a0Eemalda paberist l\u00f5iked, kinnita n\u00f5elad tagasi t\u00fckke koos hoidma ning \u00f5mble.<\/p>\n<p>NB! J\u00e4lgi hoolega, et jalgade erinevate osade horisontaalsed \u00f5mblused t\u00e4pselt \u00fchtiksid! Vajadusel kinnita \u00fchtekohad t\u00e4iendavate n\u00f5eltega v\u00f5i traagelda!<\/p>\n<p>L\u00f5ika detailid v\u00e4lja ning nurka\u00addesse tee taas \u00fcmberkeeramist lihtsustavad sissel\u00f5iked.<\/p>\n<\/td>\n<td colspan=\"2\" valign=\"top\"><img loading=\"lazy\" decoding=\"async\" width=\"300\" height=\"213\" class=\"alignnone wp-image-59\" title=\"7-93.png\" src=\"https:\/\/sisu.ut.ee\/wp-content\/uploads\/sites\/11\/7-93.png\" alt=\"7-93.png\"><\/td>\n<\/tr>\n<tr>\n<td valign=\"top\">\n<p>11.<\/p>\n<\/td>\n<td valign=\"top\">\n<p>N\u00fc\u00fcd \u00f5mble nuku erinevad osad kokku.\u00a0Esmalt kinnita traageldades v\u00f5i \u00f5mmeldes nuku kleidi esit\u00fckile k\u00e4ed.<\/p>\n<p>NB! K\u00e4ed on t\u00e4idetud vatiiniga kuni k\u00fc\u00fcnarnukini \u2013 see annab k\u00e4tele parema liikuvuse ning lihtsustab \u00f5mblemist!<\/p>\n<\/td>\n<td colspan=\"2\" valign=\"top\"><img loading=\"lazy\" decoding=\"async\" width=\"300\" height=\"365\" class=\"alignnone wp-image-60\" title=\"7-94.png\" src=\"https:\/\/sisu.ut.ee\/wp-content\/uploads\/sites\/11\/7-94.png\" alt=\"7-94.png\" srcset=\"https:\/\/sisu.ut.ee\/wp-content\/uploads\/sites\/11\/7-94.png 300w, https:\/\/sisu.ut.ee\/wp-content\/uploads\/sites\/11\/7-94-247x300.png 247w\" sizes=\"auto, (max-width: 300px) 100vw, 300px\"><\/td>\n<\/tr>\n<tr>\n<td valign=\"top\">\n<p>12.<\/p>\n<\/td>\n<td valign=\"top\">\n<p>Kinnita sarnaselt k\u00e4tele ka jalad.<\/p>\n<p>NB! Jalad on vatiiniga t\u00e4idetud p\u00f5lvedeni!.<\/p>\n<\/td>\n<td colspan=\"2\" valign=\"top\"><img loading=\"lazy\" decoding=\"async\" width=\"300\" height=\"218\" class=\"alignnone wp-image-61\" title=\"7-95.png\" src=\"https:\/\/sisu.ut.ee\/wp-content\/uploads\/sites\/11\/7-95.png\" alt=\"7-95.png\"><\/td>\n<\/tr>\n<tr>\n<td valign=\"top\">\n<p>13.<\/p>\n<\/td>\n<td valign=\"top\">\n<p>J\u00e4rgnevalt voldi nuku k\u00e4ed ja jalad esit\u00fckile kokku. Aseta esit\u00fcki peale kleidi seljat\u00fckk \u00a0(parem pool sissepoole) ning \u00fchenda detailid.<\/p>\n<p>NB! Kehaosa toppimise ava j\u00e4\u00e4b kaela kohale!<\/p>\n<p>P\u00f6\u00f6ra kehaosa \u00fcmber.<\/p>\n<\/td>\n<td colspan=\"2\" valign=\"top\"><img loading=\"lazy\" decoding=\"async\" width=\"300\" height=\"187\" class=\"alignnone wp-image-62\" title=\"7-96.png\" src=\"https:\/\/sisu.ut.ee\/wp-content\/uploads\/sites\/11\/7-96.png\" alt=\"7-96.png\"><\/td>\n<\/tr>\n<tr>\n<td valign=\"top\">\n<p>14.<\/p>\n<\/td>\n<td valign=\"top\">\n<p>Vajadusel pressi \u00fcmberp\u00f6\u00f6ratud kehaosa.\u00a0<\/p>\n<p>Topi nukk t\u00e4is.\u00a0T\u00e4itematerjalina v\u00f5ib kasutada vatiini, villa vmt, aga ka tekstiilij\u00e4\u00e4ke, millest enam midagi muud teha ei saa.<\/p>\n<\/td>\n<td colspan=\"2\" valign=\"top\"><img loading=\"lazy\" decoding=\"async\" width=\"300\" height=\"224\" class=\"alignnone wp-image-63\" title=\"7-97.png\" src=\"https:\/\/sisu.ut.ee\/wp-content\/uploads\/sites\/11\/7-97.png\" alt=\"7-97.png\"><\/td>\n<\/tr>\n<tr>\n<td valign=\"top\">\n<p>15.<\/p>\n<\/td>\n<td valign=\"top\">\n<p>T\u00e4ida nuku pea t\u00e4itematerjaliga.\u00a0<\/p>\n<p>Topi kael kaelaavausest nuku kleidiosa sisse.\u00a0\u00dchenda tugeva k\u00e4sitsi\u00f5mblusega (nt \u00e4\u00e4rimispistet kasutades) kehaosa ja pea.<\/p>\n<\/td>\n<td colspan=\"2\" valign=\"top\"><img loading=\"lazy\" decoding=\"async\" width=\"300\" height=\"129\" class=\"alignnone wp-image-64\" title=\"7-98.png\" src=\"https:\/\/sisu.ut.ee\/wp-content\/uploads\/sites\/11\/7-98.png\" alt=\"7-98.png\"><\/td>\n<\/tr>\n<tr>\n<td valign=\"top\">\n<p>16.<\/p>\n<\/td>\n<td valign=\"top\">\n<p>\u00d5mble nukule nina. Ninaks on ringikujuline t\u00fckk riiet, mis on krookena kokku t\u00f5mmatud ning mille sees on t\u00fckike vatiini.\u00a0<\/p>\n<p>Tiki silmad ja suu.\u00a0Kinnita juuksed.<\/p>\n<\/td>\n<td colspan=\"2\" valign=\"top\"><img loading=\"lazy\" decoding=\"async\" width=\"300\" height=\"126\" class=\"alignnone wp-image-65\" title=\"7-99.png\" src=\"https:\/\/sisu.ut.ee\/wp-content\/uploads\/sites\/11\/7-99.png\" alt=\"7-99.png\"><\/td>\n<\/tr>\n<tr>\n<td>\u00a0<\/td>\n<td>\u00a0<\/td>\n<td>\u00a0<\/td>\n<td>\u00a0<\/td>\n<\/tr>\n<\/tbody>\n<\/table>\n<p>\u00a0Kasutatud allikad:<\/p>\n<ul>\n<li><span style=\"line-height: 1.6em;\" data-mce-mark=\"1\">Toomet, T. (1996).Kaltsunukk. \u00a0Kaltsutitt ja puuhobune (lk 108-109). Tallinn: Kirjastus \u201eKoolibri\u201c.<\/span><\/li>\n<\/ul>\n<p><strong>L\u00f5iked:<\/strong><\/p>\n<p>\u00a0<\/p>\n\n\n<figure class=\"wp-block-gallery has-nested-images columns-3 is-cropped wp-block-gallery-1 is-layout-flex wp-block-gallery-is-layout-flex\">\n<figure class=\"wp-block-image size-large\"><a href=\"https:\/\/sisu.ut.ee\/wp-content\/uploads\/sites\/11\/loige_pipi1.png\"><img decoding=\"async\" data-id=\"66\" src=\"https:\/\/sisu.ut.ee\/wp-content\/uploads\/sites\/11\/loige_pipi1.png\" alt=\"\" class=\"wp-ima&lt;\/figcaption&gt;&lt;\/figure&gt;\n\n\n\n&lt;figure class=\" wp-block-image size-large><\/a><a href=\"https:\/\/sisu.ut.ee\/wp-content\/uploads\/sites\/11\/loige_pipi2.png\"><img decoding=\"async\" data-id=\"67\" src=\"https:\/\/sisu.ut.ee\/wp-content\/uploads\/sites\/11\/loige_pipi2.png\" alt=\"\" class=\"wp-ima&lt;\/figcaption&gt;&lt;\/figure&gt;\n&lt;\/figure&gt;\n\"><\/a><\/figure><\/figure>","protected":false},"excerpt":{"rendered":"<p>Eraldi keha k\u00fclge kinnitatavate j\u00e4semetega nuku \u00f5mblemiseks vajad head ideed (nt m\u00f5nda laste joonistatud fantaasia\u00adtegelast), sobivaid kangat\u00fckke ning oskust detailit\u00fckke t\u00e4pselt kokku \u00f5mmelda. Raskusastme poolest on see kaltsunukk j\u00f5ukohane ka algajale \u00f5mblejale, sest puudub vajadus valmistada pisikesi ja t\u00e4pseid \u00f5mbluseid &#8230;<\/p>\n","protected":false},"author":9,"featured_media":0,"parent":0,"menu_order":0,"comment_status":"closed","ping_status":"closed","template":"","meta":{"_acf_changed":false,"inline_featured_image":false,"footnotes":""},"class_list":["post-11","page","type-page","status-publish","hentry"],"acf":[],"_links":{"self":[{"href":"https:\/\/sisu.ut.ee\/kaltsunukk\/wp-json\/wp\/v2\/pages\/11","targetHints":{"allow":["GET"]}}],"collection":[{"href":"https:\/\/sisu.ut.ee\/kaltsunukk\/wp-json\/wp\/v2\/pages"}],"about":[{"href":"https:\/\/sisu.ut.ee\/kaltsunukk\/wp-json\/wp\/v2\/types\/page"}],"author":[{"embeddable":true,"href":"https:\/\/sisu.ut.ee\/kaltsunukk\/wp-json\/wp\/v2\/users\/9"}],"replies":[{"embeddable":true,"href":"https:\/\/sisu.ut.ee\/kaltsunukk\/wp-json\/wp\/v2\/comments?post=11"}],"version-history":[{"count":3,"href":"https:\/\/sisu.ut.ee\/kaltsunukk\/wp-json\/wp\/v2\/pages\/11\/revisions"}],"predecessor-version":[{"id":122,"href":"https:\/\/sisu.ut.ee\/kaltsunukk\/wp-json\/wp\/v2\/pages\/11\/revisions\/122"}],"wp:attachment":[{"href":"https:\/\/sisu.ut.ee\/kaltsunukk\/wp-json\/wp\/v2\/media?parent=11"}],"curies":[{"name":"wp","href":"https:\/\/api.w.org\/{rel}","templated":true}]}}