{"id":10,"date":"2024-04-03T23:08:07","date_gmt":"2024-04-03T20:08:07","guid":{"rendered":"https:\/\/sisu.ut.ee\/kaltsunukk\/keha-ja-jalad-uhes-tukkis-nukk-pisik\/"},"modified":"2024-04-03T23:08:23","modified_gmt":"2024-04-03T20:08:23","slug":"keha-ja-jalad-uhes-tukkis-nukk-pisik","status":"publish","type":"page","link":"https:\/\/sisu.ut.ee\/kaltsunukk\/keha-ja-jalad-uhes-tukkis-nukk-pisik\/","title":{"rendered":"Keha ja jalad \u00fches t\u00fckis nukk: Sipsik"},"content":{"rendered":"<table class=\"table table-hover\" style=\"width: 100%\" border=\"0\" align=\"center\"><tbody><tr><td><img loading=\"lazy\" decoding=\"async\" width=\"300\" height=\"235\" class=\"alignnone wp-image-32\" style=\"margin: 5px 10px;float: left\" src=\"https:\/\/sisu.ut.ee\/wp-content\/uploads\/sites\/11\/6-1-1.png\" title=\"6-1.png\" alt=\"6-1.png\"><p>Keha ja jalad \u00fches t\u00fckis nuku \u00f5mblemisel vajad head ideed (nt m\u00f5nda laste joonistatud fantaasia\u00adtegelast), sobivat kangat\u00fckki ning oskust detailit\u00fckke t\u00e4pselt kokku \u00f5mmelda.<\/p><p>Raskusastme poolest on see kaltsunukk j\u00f5ukohane ka algajale \u00f5mblejale, sest puudub vajadus valmistada pisikesi ja t\u00e4pseid \u00f5mbluseid vajavaid nukuriideid.<\/p><p>Kui nukk pole v\u00e4ga suur, v\u00f5ib \u00f5mblusmasina puudumisel servad kokku \u00f5mmelda ka k\u00e4sitsi nt s\u00e4mp- v\u00f5i \u00e4\u00e4rimispistet kasutades.\u00a0<\/p><\/td><\/tr><tr><td><img loading=\"lazy\" decoding=\"async\" width=\"300\" height=\"230\" class=\"alignnone wp-image-33\" style=\"line-height: 1.6em;margin: 0px 5px;float: right\" src=\"https:\/\/sisu.ut.ee\/wp-content\/uploads\/sites\/11\/6-2.png\" title=\"6-2.png\" alt=\"6-2.png\"><p><span data-mce-mark=\"1\">MATERJALID:<\/span><\/p><p>Keha ja jalad \u00fches t\u00fckis nukkude \u00f5mblemiseks sobivad v\u00e4ga h\u00e4sti erinevad kangaj\u00e4\u00e4gid v\u00f5i oma aja \u00e4ra elanud riideesemed. Materjali omaduste poolest on parimad tiheda koega natuke paksemad kangad.<\/p><p>Sipsiku\u00a0pea ja k\u00e4te \u00f5mblemiseks on kasutatud heleroosat kardinasameti resti ning keha tarbeks puuvillasest trikotaa\u017eist beebibodi. Juuksed on t\u00e4isvillase l\u00f5nga juppidest ning silmad ja suu tikitud. Nuku t\u00e4itematerjalina on kasutatud vatiini.<\/p><\/td><\/tr><\/tbody><\/table><p><\/p><table class=\"table table-hover\" style=\"width: 100%\" border=\"0\" align=\"center\" cellpadding=\"0\" cellspacing=\"0\"><tbody><tr><td colspan=\"2\" valign=\"top\"><span data-mce-mark=\"1\">\u00d5MBLEMINE (<a href=\"http:\/\/sisu.ut.ee\/wp-content\/uploads\/sites\/11\/loige_sipsik.png\" target=\"_blank\" rel=\"noopener\">L\u00d5IGE<\/a>):<\/span><\/td><td valign=\"top\"><\/td><\/tr><tr><td valign=\"top\">1.<\/td><td valign=\"top\"><p>Nuku \u00f5mblemist alusta idee visandamisest ning selle j\u00e4rgi l\u00f5ike joonistamisest.\u00a0<\/p><p>Oma l\u00f5iget joonistades v\u00f5ib selle m\u00e4rkida otse kangale, kuid kindlam on see eelnevalt siiski l\u00f5ikena paberile joonistada ning hiljem paberist \u0161ablooni j\u00e4rgi nuku osad v\u00e4lja l\u00f5igata.<\/p><\/td><td valign=\"top\"><img loading=\"lazy\" decoding=\"async\" width=\"200\" height=\"269\" class=\"alignnone wp-image-34\" src=\"https:\/\/sisu.ut.ee\/wp-content\/uploads\/sites\/11\/6-3.png\" title=\"6-3.png\" alt=\"6-3.png\"><\/td><\/tr><tr><td valign=\"top\">2.<\/td><td colspan=\"2\" valign=\"top\"><img loading=\"lazy\" decoding=\"async\" width=\"300\" height=\"241\" class=\"alignnone wp-image-46\" style=\"float: right;margin-left: 5px;margin-right: 5px\" src=\"https:\/\/sisu.ut.ee\/wp-content\/uploads\/sites\/11\/6-45.png\" title=\"6-45.png\" alt=\"6-45.png\"><p>L\u00f5ike valmistamiseks v\u00f5ta umbes nuku suurune paberileht ning murra see vertikaalselt pooleks.\u00a0Joonista \u201epool nukku\u201c.<\/p><p>L\u00f5ika \u201elumehelbe tehnikas\u201c nukk v\u00e4lja ning saad l\u00f5ike.\u00a0Kui nuku kuju pole p\u00e4ris selline nagu soovisid, katseta veel.<\/p><\/td><\/tr><tr><td valign=\"top\">3.<\/td><td valign=\"top\"><p>Kontrolli, kas l\u00f5ige mahub ikka sellele kangat\u00fckile, mille planeerisid nuku riieteks.\u00a0Kinnita l\u00f5ige n\u00f5eltega kangale ning l\u00f5ika \u00e4ra \u00fcleliigne kangaosa (st nuku riieteks j\u00e4\u00e4b kaks ristk\u00fcliku kujulist triibukanga t\u00fckki).\u00a0<\/p><p>Tee sarnane m\u00f5\u00f5tmine peaks m\u00f5eldud kangat\u00fckiga.<\/p><\/td><td valign=\"top\"><img loading=\"lazy\" decoding=\"async\" width=\"200\" height=\"256\" class=\"alignnone wp-image-35\" src=\"https:\/\/sisu.ut.ee\/wp-content\/uploads\/sites\/11\/6-6.png\" title=\"6-6.png\" alt=\"6-6.png\"><\/td><\/tr><tr><td valign=\"top\">4.<\/td><td valign=\"top\"><p>Aseta peat\u00fcki ja kehat\u00fcki paremad pooled vastakuti ning \u00f5mble masinaga kokku. \u00a0\u00d5mblusvaru pressi lahku.<\/p><p>NB! Vajad kahte taolist t\u00fckki- nuku esiosa ja seljaosa.<\/p><\/td><td valign=\"top\"><img loading=\"lazy\" decoding=\"async\" width=\"200\" height=\"162\" class=\"alignnone wp-image-36\" src=\"https:\/\/sisu.ut.ee\/wp-content\/uploads\/sites\/11\/6-7.png\" title=\"6-7.png\" alt=\"6-7.png\"><\/td><\/tr><tr><td valign=\"top\">5.<\/td><td valign=\"top\"><p>Pane nuku esiosa- ja seljaosa t\u00fckkide paremad pooled nii vastakuti, et pea ja keha \u00fchendav \u00f5mblus oleks t\u00e4pselt kohakuti.<\/p><p>NB! Vajadusel traagelda v\u00f5i kinnita n\u00f6\u00f6pn\u00f5eltega!\u00a0<\/p><p>Kinnita l\u00f5ige n\u00f5eltega kangale ja joonista nuku kontuur.\u00a0<\/p><\/td><td valign=\"top\"><img loading=\"lazy\" decoding=\"async\" width=\"200\" height=\"267\" class=\"alignnone wp-image-37\" src=\"https:\/\/sisu.ut.ee\/wp-content\/uploads\/sites\/11\/6-8.png\" title=\"6-8.png\" alt=\"6-8.png\"><\/td><\/tr><tr><td valign=\"top\">6.<\/td><td valign=\"top\"><p>Eemalda l\u00f5ige, kuid pane n\u00f5elad tagasi.\u00a0\u00d5mble \u00f5mblusmasinaga m\u00f6\u00f6da kontuuri (\u00fcsna tiheda pistega) ning j\u00e4ta pealaele v\u00f5i k\u00fcljele avaus nuku t\u00e4itmiseks.<\/p><p>NB! \u00d5mblusringi algusesse ning l\u00f5ppu tee kindlasti kinnitus!<br><br>PS. Kui \u00f5mbled nukku k\u00e4sitsi, siis l\u00f5ika nukk kontuuri m\u00f6\u00f6da v\u00e4lja. \u00d5mblusvaru \u00e4ra j\u00e4ta.<\/p><\/td><td valign=\"top\"><img loading=\"lazy\" decoding=\"async\" width=\"200\" height=\"270\" class=\"alignnone wp-image-38\" src=\"https:\/\/sisu.ut.ee\/wp-content\/uploads\/sites\/11\/6-9.png\" title=\"6-9.png\" alt=\"6-9.png\"><\/td><\/tr><tr><td valign=\"top\">7.<\/td><td valign=\"top\">Joonista sarnaselt nuku k\u00e4te kontuurid ning \u00fchenda ja \u00f5mble detailid.<\/td><td valign=\"top\"><img loading=\"lazy\" decoding=\"async\" width=\"200\" height=\"145\" class=\"alignnone wp-image-39\" src=\"https:\/\/sisu.ut.ee\/wp-content\/uploads\/sites\/11\/6-91.png\" title=\"6-91.png\" alt=\"6-91.png\"><\/td><\/tr><tr><td valign=\"top\">8.<\/td><td valign=\"top\"><p>L\u00f5ika nukk v\u00e4lja.<\/p><p>NB! \u00d5mblusvarud j\u00e4ta nurkadest h\u00e4sti v\u00e4ikesed (l\u00f5igata tuleb peaaegu niidini v\u00e4lja), siis ei hakka need kohad nukku \u00fcmber p\u00f6\u00f6rates kiskuma. Ole ettevaatlik, et niiti katki ei l\u00f5ika!<\/p><p>PS. \u00dcmaratesse nurkadesse tee sissel\u00f5iked v\u00f5i l\u00f5ika v\u00e4lja v\u00e4ikesed kolmnurgakesed.<\/p><\/td><td valign=\"top\"><img loading=\"lazy\" decoding=\"async\" width=\"200\" height=\"273\" class=\"alignnone wp-image-40\" src=\"https:\/\/sisu.ut.ee\/wp-content\/uploads\/sites\/11\/6-92.png\" title=\"6-92.png\" alt=\"6-92.png\"><\/td><\/tr><tr><td valign=\"top\">9.<\/td><td valign=\"top\"><p>P\u00f6\u00f6ra nukk \u00fcmber.<\/p><p>NB! \u00dcmberp\u00f6\u00f6ramisel on headeks abilisteks nurkade v\u00e4lja l\u00fckkimisel pika teraga k\u00e4\u00e4rid v\u00f5i hiina toidu pulgad.\u00a0See on k\u00f5ige raskem koht, mist\u00f5ttu ole ettevaatlik, et olematu \u00f5mblusvaruga kohad ei rebeneks!<br><br>Vajadusel pressi.<\/p><\/td><td valign=\"top\"><img loading=\"lazy\" decoding=\"async\" width=\"200\" height=\"258\" class=\"alignnone wp-image-41\" src=\"https:\/\/sisu.ut.ee\/wp-content\/uploads\/sites\/11\/6-93.png\" title=\"6-93.png\" alt=\"6-93.png\"><\/td><\/tr><tr><td valign=\"top\">10.<\/td><td valign=\"top\"><p>Topi nukk t\u00e4is.\u00a0T\u00e4itematerjalina v\u00f5ib kasutada vatiini, villa vmt, aga ka tekstiilij\u00e4\u00e4ke, millest enam midagi muud teha ei saa.\u00a0<\/p><p>\u00d5mble kinni nuku pea peal asuv toppimise ava.\u00a0<\/p><p>\u00d5mble nukule nina. Ninaks on ringikujuline t\u00fckk riiet, mis on krookena kokku t\u00f5mmatud ning mille sees on t\u00fckike vatiini.<\/p><\/td><td valign=\"top\"><img loading=\"lazy\" decoding=\"async\" width=\"200\" height=\"253\" class=\"alignnone wp-image-42\" src=\"https:\/\/sisu.ut.ee\/wp-content\/uploads\/sites\/11\/6-94.png\" title=\"6-94.png\" alt=\"6-94.png\"><\/td><\/tr><tr><td valign=\"top\">11.<\/td><td valign=\"top\">Kinnita keha k\u00fclge k\u00e4ed.\u00a0\u00d5mble tugeva k\u00e4sitsi\u00f5mblusega (nt \u00e4\u00e4rimispistet kasutades).<\/td><td valign=\"top\"><img loading=\"lazy\" decoding=\"async\" width=\"200\" height=\"247\" class=\"alignnone wp-image-43\" src=\"https:\/\/sisu.ut.ee\/wp-content\/uploads\/sites\/11\/6-95.png\" title=\"6-95.png\" alt=\"6-95.png\"><\/td><\/tr><tr><td valign=\"top\">12.<\/td><td valign=\"top\"><p>\u00d5mble v\u00f5i tiki silmad ja suu.<\/p><p>Soovi korral v\u00f5id silmadeks kasutada poes m\u00fc\u00fcdavaid nukusilmi v\u00f5i n\u00f6\u00f6pe. Samuti v\u00f5ib silmad ja suu joonistada tekstiilimarkeritega.<\/p><\/td><td valign=\"top\"><img loading=\"lazy\" decoding=\"async\" width=\"200\" height=\"184\" class=\"alignnone wp-image-44\" src=\"https:\/\/sisu.ut.ee\/wp-content\/uploads\/sites\/11\/6-96.png\" title=\"6-96.png\" alt=\"6-96.png\"><\/td><\/tr><tr><td valign=\"top\">13.<\/td><td valign=\"top\">Kinnita juuksed.<\/td><td valign=\"top\"><img loading=\"lazy\" decoding=\"async\" width=\"200\" height=\"106\" class=\"alignnone wp-image-45\" src=\"https:\/\/sisu.ut.ee\/wp-content\/uploads\/sites\/11\/6-97.png\" title=\"6-97.png\" alt=\"6-97.png\"><\/td><\/tr><\/tbody><\/table><p>\u00a0Inspiratsiooni andis Tartu Rahva\u00fclikooli kaltsu- ja m\u00e4ngunuku kursus (juh. Pille Pattak).<\/p><p><strong>L\u00f5ige:<\/strong><\/p><br><figure class=\"wp-block-gallery has-nested-images columns-3 is-cropped wp-block-gallery-1 is-layout-flex wp-block-gallery-is-layout-flex\"><figure class=\"wp-block-image size-large\"><a href=\"https:\/\/sisu.ut.ee\/wp-content\/uploads\/sites\/11\/loige_sipsik.png\"><img decoding=\"async\" data-id=\"47\" src=\"https:\/\/sisu.ut.ee\/wp-content\/uploads\/sites\/11\/loige_sipsik.png\" alt=\"\" class=\"wp-ima&lt;\/figcaption&gt;&lt;\/figure&gt;&lt;\/figure&gt;\"><\/a><\/figure><\/figure>","protected":false},"excerpt":{"rendered":"<p>Keha ja jalad \u00fches t\u00fckis nuku \u00f5mblemisel vajad head ideed (nt m\u00f5nda laste joonistatud fantaasia\u00adtegelast), sobivat kangat\u00fckki ning oskust detailit\u00fckke t\u00e4pselt kokku \u00f5mmelda. Raskusastme poolest on see kaltsunukk j\u00f5ukohane ka algajale \u00f5mblejale, sest puudub vajadus valmistada pisikesi ja t\u00e4pseid \u00f5mbluseid &#8230;<\/p>\n","protected":false},"author":9,"featured_media":0,"parent":0,"menu_order":0,"comment_status":"closed","ping_status":"closed","template":"","meta":{"_acf_changed":false,"inline_featured_image":false,"footnotes":""},"class_list":["post-10","page","type-page","status-publish","hentry"],"acf":[],"_links":{"self":[{"href":"https:\/\/sisu.ut.ee\/kaltsunukk\/wp-json\/wp\/v2\/pages\/10","targetHints":{"allow":["GET"]}}],"collection":[{"href":"https:\/\/sisu.ut.ee\/kaltsunukk\/wp-json\/wp\/v2\/pages"}],"about":[{"href":"https:\/\/sisu.ut.ee\/kaltsunukk\/wp-json\/wp\/v2\/types\/page"}],"author":[{"embeddable":true,"href":"https:\/\/sisu.ut.ee\/kaltsunukk\/wp-json\/wp\/v2\/users\/9"}],"replies":[{"embeddable":true,"href":"https:\/\/sisu.ut.ee\/kaltsunukk\/wp-json\/wp\/v2\/comments?post=10"}],"version-history":[{"count":2,"href":"https:\/\/sisu.ut.ee\/kaltsunukk\/wp-json\/wp\/v2\/pages\/10\/revisions"}],"predecessor-version":[{"id":111,"href":"https:\/\/sisu.ut.ee\/kaltsunukk\/wp-json\/wp\/v2\/pages\/10\/revisions\/111"}],"wp:attachment":[{"href":"https:\/\/sisu.ut.ee\/kaltsunukk\/wp-json\/wp\/v2\/media?parent=10"}],"curies":[{"name":"wp","href":"https:\/\/api.w.org\/{rel}","templated":true}]}}