{"id":9,"date":"2024-04-04T09:11:26","date_gmt":"2024-04-04T06:11:26","guid":{"rendered":"https:\/\/sisu.ut.ee\/kalake-kasutusjuhend\/testi-alustamine-ja-labiviimine\/"},"modified":"2024-04-04T09:11:33","modified_gmt":"2024-04-04T06:11:33","slug":"testi-alustamine-ja-labiviimine","status":"publish","type":"page","link":"https:\/\/sisu.ut.ee\/kalake-kasutusjuhend\/testi-alustamine-ja-labiviimine\/","title":{"rendered":"Testi alustamine ja l\u00e4biviimine"},"content":{"rendered":"<p>\n\t<span style=\"font-family:Georgia,serif\"><span style=\"color:#008080\"><span style=\"font-size:15px\"><strong>Testi valimine<\/strong><\/span><\/span><\/span>\n<\/p>\n<p>\n\t<span style=\"font-family:Georgia,serif\">Testi tegemiseks valige men\u00fc\u00fcst <strong>Minu t\u00f6\u00f6laud<\/strong>.<\/span>\n<\/p>\n<p>\n\t<span style=\"font-family:Georgia,serif\">\u2022\u00a0\u00a0 \u00a0T\u00f6\u00f6laud on jaotatud kolmeks osaks:\u00a0<br>o\u00a0\u00a0 \u00a0<strong>Otsing<\/strong> (E-kogud, Testid, Detailotsing) \u2013 vasakul<br>o\u00a0\u00a0 \u00a0<strong>Minu t\u00f6\u00f6kogumikud<\/strong> \u2013 keskel<br>o\u00a0\u00a0 \u00a0<strong>\u00d5pilaste r\u00fchmad<\/strong>, <strong>Lahendamisel jagamised<\/strong> ja <strong>M\u00f6\u00f6dunud jagamised<\/strong>\u00a0\u2013 paremal\u00a0<\/span>\n<\/p>\n<p>\n\t<br><span style=\"font-family:Georgia,serif\">Testid leiate vasakul Otsingu men\u00fc\u00fc alt, valides saki <strong>Testid<\/strong>. K\u00f5ige kiirem ja mugavam on otsida teste nende ID j\u00e4rgi, mille leiate tabelist:<\/span><br>\u00a0\n<\/p>\n<table class=\"table table-hover\" align=\"center\" border=\"1\" cellpadding=\"1\" cellspacing=\"1\" style=\"width: 500px\">\n<caption>\n\t\t<span style=\"font-family:Georgia,serif\">KaLaKe testide ID koodid<\/span><br>\n\t<\/caption>\n<thead>\n<tr>\n<th scope=\"col\">\n\t\t\t\t<span style=\"font-family:Georgia,serif\">Testi nimi<\/span>\n\t\t\t<\/th>\n<th scope=\"col\">\n\t\t\t\t<span style=\"font-family:Georgia,serif\">Testi ID<\/span>\n\t\t\t<\/th>\n<\/tr>\n<\/thead>\n<tbody>\n<tr>\n<td>\n\t\t\t\t<span style=\"font-family:Georgia,serif\">KaLaKe. S\u00f5navara 1. Nimis\u00f5nade m\u00f5istmine<\/span>\n\t\t\t<\/td>\n<td>\n\t\t\t\t<span style=\"font-family:Georgia,serif\">10223<\/span>\n\t\t\t<\/td>\n<\/tr>\n<tr>\n<td>\n\t\t\t\t<span style=\"font-family:Georgia,serif\">KaLaKe. S\u00f5navara 2. Tegus\u00f5nade m\u00f5istmine\u00a0<\/span>\n\t\t\t<\/td>\n<td>\n\t\t\t\t<span style=\"font-family:Georgia,serif\">10224<\/span>\n\t\t\t<\/td>\n<\/tr>\n<tr>\n<td>\n\t\t\t\t<span style=\"font-family:Georgia,serif\">KaLaKe. S\u00f5navara 3. Nimis\u00f5nade nimetamine<\/span>\n\t\t\t<\/td>\n<td>\n\t\t\t\t<span style=\"font-family:Georgia,serif\">10244<\/span>\n\t\t\t<\/td>\n<\/tr>\n<tr>\n<td>\n\t\t\t\t<span style=\"font-family:Georgia,serif\">KaLaKe. S\u00f5navara 4. Tegus\u00f5nade nimetamine<\/span>\n\t\t\t<\/td>\n<td>\n\t\t\t\t<span style=\"font-family:Georgia,serif\">10243<\/span>\n\t\t\t<\/td>\n<\/tr>\n<tr>\n<td>\n\t\t\t\t<span style=\"font-family:Georgia,serif\">KaLaKe. Pseudos\u00f5nade kordamine<\/span>\n\t\t\t<\/td>\n<td>\n\t\t\t\t<span style=\"font-family:Georgia,serif\">10227<\/span>\n\t\t\t<\/td>\n<\/tr>\n<tr>\n<td>\n\t\t\t\t<span style=\"font-family:Georgia,serif\">KaLaKe. Lausete kordamine<\/span>\n\t\t\t<\/td>\n<td>\n\t\t\t\t<span style=\"font-family:Georgia,serif\">10228<\/span>\n\t\t\t<\/td>\n<\/tr>\n<tr>\n<td>\n\t\t\t\t<span style=\"font-family:Georgia,serif\">KaLaKe. K\u00fcsimustik<\/span>\n\t\t\t<\/td>\n<td>\n\t\t\t\t<span style=\"font-family:Georgia,serif\">10054<\/span>\n\t\t\t<\/td>\n<\/tr>\n<\/tbody>\n<\/table>\n<p>\n\t<span style=\"font-family:Georgia,serif\">\u2022\u00a0\u00a0 \u00a0Sisestage ID v\u00e4ljale valitud testi ID ja vajutage nuppu <strong>Otsi<\/strong>.<br>\u2022\u00a0\u00a0 \u00a0Avage test sellele kl\u00f5psates. Test avaneb uues aknas.<\/span>\n<\/p>\n<p>\n\t<span style=\"font-family:Georgia,serif\"><span style=\"color:#008080\"><span style=\"font-size:15px\"><strong>Testile registreerimine<\/strong><\/span><\/span><\/span>\n<\/p>\n<p>\n\t<span style=\"font-family:Georgia,serif\">\u2022\u00a0\u00a0 \u00a0Avanenud testil vajutage \u00fcldinfo all nuppu <strong>Sooritamiseks suunamine<\/strong><br>\u2022\u00a0\u00a0 \u00a0Lapsi saab testile registreerida nende isikukoodi kasutades. Vajutage nuppu <strong>Isikukoodiga<\/strong>, sisestage lapse isikukood ja vajutage nuppu <strong>Salvesta<\/strong>.<br>\u2022\u00a0\u00a0 \u00a0Testi alustamiseks vajutage nuppu <strong>Luba kohe alustada<\/strong>.<\/span>\n<\/p>\n<p>\n\t<span style=\"font-family:Georgia,serif\"><span style=\"color:#008080\"><span style=\"font-size:15px\"><strong>Testi l\u00e4biviimine\u00a0<\/strong><\/span><\/span><br>\u2022\u00a0\u00a0 \u00a0Avage j\u00e4rgmine sakk: <strong>L\u00e4biviimine<\/strong>. Selle alt avaneb testile registreeritud laste loetelu.\u00a0<br>\u2022\u00a0\u00a0 \u00a0Testi sooritamise alustamiseks valige lapse nimi sellele kl\u00f5psates.\u00a0<br>\u2022\u00a0\u00a0 \u00a0Iga testi alguses on juhis ja n\u00e4ited. Veenduge, et laps saab aru, mida tuleb teha, ja on testi tegemiseks valmis.<\/span>\n<\/p>\n<ul>\n<li>\n\t\t<span style=\"font-family:Georgia,serif\">Kui laps ei vasta mingis testis j\u00e4rjest 10 stiimuli puhul (lapsele k\u00e4ib \u00fclesanne \u00fcle j\u00f5u), siis tuleb selle testi tegemine katkestada.<\/span>\n\t<\/li>\n<\/ul>\n<p>\n\t<br>\u00a0<\/p>\n","protected":false},"excerpt":{"rendered":"<p>Testi valimine Testi tegemiseks valige men\u00fc\u00fcst Minu t\u00f6\u00f6laud. \u2022\u00a0\u00a0 \u00a0T\u00f6\u00f6laud on jaotatud kolmeks osaks:\u00a0o\u00a0\u00a0 \u00a0Otsing (E-kogud, Testid, Detailotsing) \u2013 vasakulo\u00a0\u00a0 \u00a0Minu t\u00f6\u00f6kogumikud \u2013 keskelo\u00a0\u00a0 \u00a0\u00d5pilaste r\u00fchmad, Lahendamisel jagamised ja M\u00f6\u00f6dunud jagamised\u00a0\u2013 paremal\u00a0 Testid leiate vasakul Otsingu men\u00fc\u00fc alt, valides saki &#8230;<\/p>\n","protected":false},"author":331,"featured_media":0,"parent":0,"menu_order":0,"comment_status":"closed","ping_status":"closed","template":"","meta":{"_acf_changed":false,"inline_featured_image":false,"footnotes":""},"class_list":["post-9","page","type-page","status-publish","hentry"],"acf":[],"_links":{"self":[{"href":"https:\/\/sisu.ut.ee\/kalake-kasutusjuhend\/wp-json\/wp\/v2\/pages\/9","targetHints":{"allow":["GET"]}}],"collection":[{"href":"https:\/\/sisu.ut.ee\/kalake-kasutusjuhend\/wp-json\/wp\/v2\/pages"}],"about":[{"href":"https:\/\/sisu.ut.ee\/kalake-kasutusjuhend\/wp-json\/wp\/v2\/types\/page"}],"author":[{"embeddable":true,"href":"https:\/\/sisu.ut.ee\/kalake-kasutusjuhend\/wp-json\/wp\/v2\/users\/331"}],"replies":[{"embeddable":true,"href":"https:\/\/sisu.ut.ee\/kalake-kasutusjuhend\/wp-json\/wp\/v2\/comments?post=9"}],"version-history":[{"count":1,"href":"https:\/\/sisu.ut.ee\/kalake-kasutusjuhend\/wp-json\/wp\/v2\/pages\/9\/revisions"}],"predecessor-version":[{"id":48,"href":"https:\/\/sisu.ut.ee\/kalake-kasutusjuhend\/wp-json\/wp\/v2\/pages\/9\/revisions\/48"}],"wp:attachment":[{"href":"https:\/\/sisu.ut.ee\/kalake-kasutusjuhend\/wp-json\/wp\/v2\/media?parent=9"}],"curies":[{"name":"wp","href":"https:\/\/api.w.org\/{rel}","templated":true}]}}