{"id":8,"date":"2024-04-04T09:11:26","date_gmt":"2024-04-04T06:11:26","guid":{"rendered":"https:\/\/sisu.ut.ee\/kalake-kasutusjuhend\/eis-i-sisenemine\/"},"modified":"2024-04-04T09:11:33","modified_gmt":"2024-04-04T06:11:33","slug":"eis-i-sisenemine","status":"publish","type":"page","link":"https:\/\/sisu.ut.ee\/kalake-kasutusjuhend\/eis-i-sisenemine\/","title":{"rendered":"EIS-i sisenemine"},"content":{"rendered":"<p><span style=\"font-size:14px\"><span style=\"font-family:Georgia,serif\">KaLaKe (Kakskeelsete Laste Keele) logopeedi testid on leitavad EISis. EIS asub aadressil <\/span><\/span><a data-url=\"https:\/\/eis.ekk.edu.ee\/eis\/\" href=\"https:\/\/eis.ekk.edu.ee\/eis\/\" target=\"_blank\" title=\"\" rel=\"noopener\">https:\/\/eis.ekk.edu.ee\/eis\/<\/a><br><span style=\"font-size:14px\"><span style=\"font-family:Georgia,serif\">\u2022\u00a0\u00a0 \u00a0Sisselogimiseks on mitu v\u00f5imalust:<strong> ID-kaart\/Mobiil-ID\/Smart-ID<\/strong><br>\u2022\u00a0\u00a0 \u00a0Peale sisselogimist kuvatakse ekraanil \u00fclemises paremas nurgas kasutaja nimi.\u00a0<br>\u2022\u00a0\u00a0 \u00a0Nime alt saab valida rolli, kellena s\u00fcsteemis toimetada. KaLaKe testide l\u00e4biviimiseks peab hetkel olema rolliks m\u00e4\u00e4ratud <strong>Katse kooli pedagoog<\/strong>.\u00a0<br>\u2022\u00a0\u00a0 \u00a0Kui Teil on EIS-i kasutus\u00f5igus ka oma t\u00f6\u00f6koha kaudu, saate rolli vahetada nime alt kasutajarollil kl\u00f5psates ning valides <strong>Katse kooli pedagoog<\/strong>.<\/span><\/span><br>\u00a0<\/p>\n","protected":false},"excerpt":{"rendered":"<p>KaLaKe (Kakskeelsete Laste Keele) logopeedi testid on leitavad EISis. EIS asub aadressil https:\/\/eis.ekk.edu.ee\/eis\/\u2022\u00a0\u00a0 \u00a0Sisselogimiseks on mitu v\u00f5imalust: ID-kaart\/Mobiil-ID\/Smart-ID\u2022\u00a0\u00a0 \u00a0Peale sisselogimist kuvatakse ekraanil \u00fclemises paremas nurgas kasutaja nimi.\u00a0\u2022\u00a0\u00a0 \u00a0Nime alt saab valida rolli, kellena s\u00fcsteemis toimetada. KaLaKe testide l\u00e4biviimiseks peab hetkel &#8230;<\/p>\n","protected":false},"author":331,"featured_media":0,"parent":0,"menu_order":0,"comment_status":"closed","ping_status":"closed","template":"","meta":{"_acf_changed":false,"inline_featured_image":false,"footnotes":""},"class_list":["post-8","page","type-page","status-publish","hentry"],"acf":[],"_links":{"self":[{"href":"https:\/\/sisu.ut.ee\/kalake-kasutusjuhend\/wp-json\/wp\/v2\/pages\/8","targetHints":{"allow":["GET"]}}],"collection":[{"href":"https:\/\/sisu.ut.ee\/kalake-kasutusjuhend\/wp-json\/wp\/v2\/pages"}],"about":[{"href":"https:\/\/sisu.ut.ee\/kalake-kasutusjuhend\/wp-json\/wp\/v2\/types\/page"}],"author":[{"embeddable":true,"href":"https:\/\/sisu.ut.ee\/kalake-kasutusjuhend\/wp-json\/wp\/v2\/users\/331"}],"replies":[{"embeddable":true,"href":"https:\/\/sisu.ut.ee\/kalake-kasutusjuhend\/wp-json\/wp\/v2\/comments?post=8"}],"version-history":[{"count":1,"href":"https:\/\/sisu.ut.ee\/kalake-kasutusjuhend\/wp-json\/wp\/v2\/pages\/8\/revisions"}],"predecessor-version":[{"id":47,"href":"https:\/\/sisu.ut.ee\/kalake-kasutusjuhend\/wp-json\/wp\/v2\/pages\/8\/revisions\/47"}],"wp:attachment":[{"href":"https:\/\/sisu.ut.ee\/kalake-kasutusjuhend\/wp-json\/wp\/v2\/media?parent=8"}],"curies":[{"name":"wp","href":"https:\/\/api.w.org\/{rel}","templated":true}]}}