{"id":6,"date":"2024-04-04T09:11:26","date_gmt":"2024-04-04T06:11:26","guid":{"rendered":"https:\/\/sisu.ut.ee\/kalake-kasutusjuhend\/testide-labiviimise-jarjekord\/"},"modified":"2024-04-04T09:11:33","modified_gmt":"2024-04-04T06:11:33","slug":"testide-labiviimise-jarjekord","status":"publish","type":"page","link":"https:\/\/sisu.ut.ee\/kalake-kasutusjuhend\/testide-labiviimise-jarjekord\/","title":{"rendered":"Testide l\u00e4biviimise j\u00e4rjekord"},"content":{"rendered":"<p>\n\t<span style=\"font-family:Georgia,serif\">Eakohase arenguga \u00fckskeelsete lastega peaks k\u00f5ik testid j\u00f5udma l\u00e4bi viia \u00fche sessiooni k\u00e4igus (\u00fche p\u00e4evaga). Kakskeelsete ning keelepuudega lastega tuleb l\u00e4bi viia rohkem teste, nii et nendega v\u00f5ib testid jaotada kahele eri p\u00e4evale. V\u00f5imalusel v\u00f5ib kaks sessiooni l\u00e4bi viia ka samal p\u00e4eval veidi pikema puhkepausiga kahe sessiooni vahel (nt viia vahepeal l\u00e4bi testid m\u00f5ne teise lapsega ning siis kutsuda varem testitud laps tagasi 2. sessiooniks).\u00a0<\/span>\n<\/p>\n<p>\n\t<span style=\"font-family:Georgia,serif\">Testid l\u00e4biviimise j\u00e4rjekord:<\/span>\n<\/p>\n<p>\n\t<span style=\"font-family:Georgia,serif\"><strong>I sessioon (l\u00e4bivad k\u00f5ik lapsed)<\/strong><br>1.\u00a0\u00a0 \u00a0S\u00f5navara m\u00f5istmine (nimi-, tegus\u00f5nad)<br>2.\u00a0\u00a0 \u00a0Lausete j\u00e4relekordamine (eesti)<br>3.\u00a0\u00a0 \u00a0S\u00f5navara nimetamine (nimi-, tegus\u00f5nad)<br>4.\u00a0\u00a0 \u00a0Pseudos\u00f5nade j\u00e4relekordamine<\/span>\n<\/p>\n<p>\n\t<span style=\"font-family:Georgia,serif\"><strong>II sessioon (kas teisel p\u00e4eval v\u00f5i samal ajal p\u00e4rast vahet)<\/strong><\/span>\n<\/p>\n<p>\n\t<br><strong><span style=\"font-family:Georgia,serif\">KK lapsed \u2013 lausete j\u00e4relekordamine (vene)<\/span><\/strong>\n<\/p>\n<p>\n\t<span style=\"font-family:Georgia,serif\">NB! Kui KK lapsel on keelepuude kahtlus (lapse t\u00f6\u00f6v\u00f5ime on piiratud), v\u00f5ib II sessioonile j\u00e4tta ka pseudos\u00f5nade j\u00e4relekordamise \u00a0\u00fclesande (4.).<\/span>\n<\/p>\n<p>\n\t<strong><span style=\"font-family:Georgia,serif\">\u00dcK lapsed:<br>II sessioonil 5-6-a ko\u0303netesti u\u0308lesanded allolevas j\u00e4rjestuses:\u00a0<\/span><\/strong>\n<\/p>\n<p>\n\t<span style=\"font-family:Georgia,serif\">1.\u00a0\u00a0 \u00a0lausete j\u00e4relekordamine\u00a0<br>2.\u00a0\u00a0 \u00a0nimiso\u0303na tu\u0308vevariantide ja osastava k\u00e4\u00e4nde lo\u0303puvariantide kasutamine (ainsuse omastav ja osastav, mitmuse osastav k\u00e4\u00e4nde)\u00a0<br>3.\u00a0\u00a0 \u00a0v\u00e4lteridade j\u00e4relekordamine (noma)\u00a0<br>4.\u00a0\u00a0 \u00a0terviku osade nimetamine\u00a0<br>5.\u00a0\u00a0 \u00a0v\u00e4lteridade j\u00e4relekordamine (ode).<\/span>\n<\/p>\n<p>\n\t\u00a0<\/p>\n","protected":false},"excerpt":{"rendered":"<p>Eakohase arenguga \u00fckskeelsete lastega peaks k\u00f5ik testid j\u00f5udma l\u00e4bi viia \u00fche sessiooni k\u00e4igus (\u00fche p\u00e4evaga). Kakskeelsete ning keelepuudega lastega tuleb l\u00e4bi viia rohkem teste, nii et nendega v\u00f5ib testid jaotada kahele eri p\u00e4evale. V\u00f5imalusel v\u00f5ib kaks sessiooni l\u00e4bi viia ka &#8230;<\/p>\n","protected":false},"author":331,"featured_media":0,"parent":0,"menu_order":0,"comment_status":"closed","ping_status":"closed","template":"","meta":{"_acf_changed":false,"inline_featured_image":false,"footnotes":""},"class_list":["post-6","page","type-page","status-publish","hentry"],"acf":[],"_links":{"self":[{"href":"https:\/\/sisu.ut.ee\/kalake-kasutusjuhend\/wp-json\/wp\/v2\/pages\/6","targetHints":{"allow":["GET"]}}],"collection":[{"href":"https:\/\/sisu.ut.ee\/kalake-kasutusjuhend\/wp-json\/wp\/v2\/pages"}],"about":[{"href":"https:\/\/sisu.ut.ee\/kalake-kasutusjuhend\/wp-json\/wp\/v2\/types\/page"}],"author":[{"embeddable":true,"href":"https:\/\/sisu.ut.ee\/kalake-kasutusjuhend\/wp-json\/wp\/v2\/users\/331"}],"replies":[{"embeddable":true,"href":"https:\/\/sisu.ut.ee\/kalake-kasutusjuhend\/wp-json\/wp\/v2\/comments?post=6"}],"version-history":[{"count":1,"href":"https:\/\/sisu.ut.ee\/kalake-kasutusjuhend\/wp-json\/wp\/v2\/pages\/6\/revisions"}],"predecessor-version":[{"id":45,"href":"https:\/\/sisu.ut.ee\/kalake-kasutusjuhend\/wp-json\/wp\/v2\/pages\/6\/revisions\/45"}],"wp:attachment":[{"href":"https:\/\/sisu.ut.ee\/kalake-kasutusjuhend\/wp-json\/wp\/v2\/media?parent=6"}],"curies":[{"name":"wp","href":"https:\/\/api.w.org\/{rel}","templated":true}]}}