{"id":5,"date":"2024-04-04T09:11:26","date_gmt":"2024-04-04T06:11:26","guid":{"rendered":"https:\/\/sisu.ut.ee\/kalake-kasutusjuhend\/vastuste-hindamine-0\/"},"modified":"2024-04-04T09:11:33","modified_gmt":"2024-04-04T06:11:33","slug":"vastuste-hindamine-0","status":"publish","type":"page","link":"https:\/\/sisu.ut.ee\/kalake-kasutusjuhend\/vastuste-hindamine-0\/","title":{"rendered":"Vastuste hindamine"},"content":{"rendered":"<p>\n\t<span style=\"font-family:Georgia,serif\">Laadi helifailid \u00fcles <a data-url=\"https:\/\/tartuulikool-my.sharepoint.com\/:f:\/r\/personal\/vaksadel_ut_ee\/Documents\/EIS%20KaLaKE%20normimine\/Venekeelsed%20materjalid\/Helisalvestused?csf=1&amp;web=1&amp;e=03PJDM\" href=\"https:\/\/tartuulikool-my.sharepoint.com\/:f:\/r\/personal\/vaksadel_ut_ee\/Documents\/EIS%20KaLaKE%20normimine\/Venekeelsed%20materjalid\/Helisalvestused?csf=1&amp;web=1&amp;e=03PJDM\" target=\"_blank\" title=\"\" rel=\"noopener\">OneDrive\u2019i helifailide<\/a> kausta esimesel v\u00f5imalusel peale testi l\u00e4bi viimist. Pane igale failile nimi j\u00e4rgmise skeemi j\u00e4rgi:<\/span>\n<\/p>\n<p>\n\t<span style=\"font-family:Georgia,serif\">[lapse kood]_VLJT_[kuup\u00e4ev].faililaiend<\/span>\n<\/p>\n<p>\n\t<span style=\"font-family:Georgia,serif\"><strong>N\u00e4iteks<\/strong>: kui Adele Vaks viib testi l\u00e4bi enda jaoks 5. testitud lapsega (&gt; lapse kood ADVA05) 17. jaanuaril, siis saab helifaili nimeks\u00a0<strong>ADVA05_VLJT_17-01-23.wav<\/strong>.\u00a0<\/span>\n<\/p>\n<p>\n\t<span style=\"font-family:Georgia,serif\">Laste vastuste hindamiseks kasutage vastuste kodeerimislehte, mille leiate samuti venekeelsete materjalide kaustast. Laadige kodeerimislehe fail arvutisse, mida kasutate vastuste transkribeerimiseks. Looge iga lapse vastuste transkribeerimiseks failist eraldi koopia funktsiooniga\u00a0<em>Save as\/Salvesta nimega\u2026<\/em>\u00a0ning andke failile nimi:<\/span>\n<\/p>\n<p>\n\t<span style=\"font-family:Georgia,serif\">[lapse kood]_VLJT_vastused.docx<\/span>\n<\/p>\n<p>\n\t<span style=\"font-family:Georgia,serif\"><strong>N\u00e4iteks:<\/strong>\u00a0kui lapse kood on ADVA05, saab faili nimeks\u00a0<strong>ADVA05_VLJT_vastused.docx<\/strong>.<\/span>\n<\/p>\n<p>\n\t<span style=\"font-family:Georgia,serif\">Valmis kodeerimislehed laadige \u00fcles <a data-url=\"https:\/\/tartuulikool-my.sharepoint.com\/:f:\/r\/personal\/vaksadel_ut_ee\/Documents\/EIS%20KaLaKE%20normimine\/Venekeelsed%20materjalid\/Kodeerimislehed?csf=1&amp;web=1&amp;e=1m0ODU\" href=\"https:\/\/tartuulikool-my.sharepoint.com\/:f:\/r\/personal\/vaksadel_ut_ee\/Documents\/EIS%20KaLaKE%20normimine\/Venekeelsed%20materjalid\/Kodeerimislehed?csf=1&amp;web=1&amp;e=1m0ODU\" target=\"_blank\" title=\"\" rel=\"noopener\">kodeerimislehtede kausta.<\/a><\/span>\n<\/p>\n<p>\n\t<span style=\"font-family:Georgia,serif\"><strong>Vastuste transkribeerimine ja hindamine<\/strong><\/span>\n<\/p>\n<p>\n\t\u00a0\n<\/p>\n<p>\n\t<span style=\"font-family:Georgia,serif\">Kirjuta lause t\u00e4pselt nii, nagu laps seda \u00fctles.\u00a0<\/span>\n<\/p>\n<p>\n\t<span style=\"font-family:Georgia,serif\">Kui laps tegi kaks sooritust, siis kirjuta m\u00f5lemad \u00fcles ja hinda seda lauset, milles on t\u00e4psem kordus.\u00a0<\/span>\n<\/p>\n<p>\n\t<span style=\"font-family:Georgia,serif\">Varasemate katsete p\u00f5hjal teistes keeltes kodeerime laste vastuseid kahe skooriga: \u00f5igsus, vahemikus 0\u20133 ja leksikaalsete vigade arv. T\u00e4psuse skooriga loodame paremini tuvastada gruppidevahelisi erinevusi, kuid see n\u00f5uab kodeerijalt t\u00e4helepanelikkust ja hoolt. Leksikaalsete vigade arv tuvastab s\u00f5navara raskusi ja aitab lahti m\u00f5testada t\u00e4psuse skoori tulemusi. Eriti kakskeelsete laste puhul on s\u00f5navara oskus oluline tegur, mis v\u00f5ib m\u00f5jutada testi tulemust.\u00a0<\/span>\n<\/p>\n<p>\n\t<span style=\"font-family:Georgia,serif\">T\u00e4psuse skoor vahemikus 0\u20133. Selle skoori arvutamiseks tuleb kokku lugeda k\u00f5ik erinevused\/vead. Vigadeks loetakse: \u00a0<\/span>\n<\/p>\n<ul>\n<li>\n\t\t<span style=\"font-family:Georgia,serif\">S\u00f5nade asendused\u00a0<\/span>\n\t<\/li>\n<li>\n\t\t<span style=\"font-family:Georgia,serif\">S\u00f5nade \u00e4raj\u00e4tmine\u00a0<\/span>\n\t<\/li>\n<li>\n\t\t<span style=\"font-family:Georgia,serif\">S\u00f5naj\u00e4rje muutmine\u00a0<\/span>\n\t<\/li>\n<li>\n\t\t<span style=\"font-family:Georgia,serif\">S\u00f5navormi vale kasutus. \u00a0<\/span>\n\t<\/li>\n<\/ul>\n<p>\n\t<span style=\"font-family:Georgia,serif\"><strong>NB!<\/strong> Vt allpool, milliseid vigu ei arvestata.\u00a0<\/span>\n<\/p>\n<p>\n\t<span style=\"font-family:Georgia,serif\">3 \u2026 t\u00e4pne kordus; \u00a0<\/span>\n<\/p>\n<p>\n\t<span style=\"font-family:Georgia,serif\">2 \u2026 1 viga\/ erinevus; \u00a0<\/span>\n<\/p>\n<p>\n\t<span style=\"font-family:Georgia,serif\">1\u00a0\u2026 2-3 viga\/ erinevust; \u00a0<\/span>\n<\/p>\n<p>\n\t<span style=\"font-family:Georgia,serif\">0 \u2026 4+ viga\/erinevust\u00a0<\/span>\n<\/p>\n<p>\n\t<span style=\"font-family:Georgia,serif\">N\u00e4ide a. Lause: <strong>Mida leidsid j\u00e4nkud eile lume alt? Vastus: Mis leidis janku lume alt\u00a0<\/strong><\/span>\n<\/p>\n<p>\n\t<span style=\"font-family:Georgia,serif\">Vead\u202f: (1) verb mitmuses asemel verb ainsuses (leidsid asemel leidis); (2) nimis\u00f5na mitmuses asemel nimis\u00f5na ainsuses (j\u00e4nkud asemel janku); (3) eile on v\u00e4lja j\u00e4etud. \u00a0\u00a0<\/span>\n<\/p>\n<p>\n\t<span style=\"font-family:Georgia,serif\">NB! Janku on h\u00e4\u00e4ldusviga, mida ei arvestata. Mis pro mida ei l\u00e4he veana arvesse.\u00a0<\/span>\n<\/p>\n<p>\n\t<span style=\"font-family:Georgia,serif\">Kokku 3 viga, st 1 punkt.\u00a0<\/span>\n<\/p>\n<p>\n\t<span style=\"font-family:Georgia,serif\">N\u00e4ide b. Lause: Linnuke ei osanud h\u00e4sti lennata. Vastus: Linnuke ei oskanud lennutada\u00a0<\/span>\n<\/p>\n<p>\n\t<span style=\"font-family:Georgia,serif\">Vead: (1) h\u00e4sti on v\u00e4lja j\u00e4etud; (2) lennutada pro lennata. \u00a0<\/span>\n<\/p>\n<p>\n\t<span style=\"font-family:Georgia,serif\">NB! t\u00fcvevahelduse viga (oskanud) ei arvestata.\u00a0<\/span>\n<\/p>\n<p>\n\t<span style=\"font-family:Georgia,serif\">Kokku 2 viga, st 1 punkt.\u00a0<\/span>\n<\/p>\n<p>\n\t<span style=\"font-family:Georgia,serif\">N\u00e4ide c. Lause: Mustad riided said sooja veega pestud. Vastus: Sooja vette mustad riided teevad puhtaks.\u00a0<\/span>\n<\/p>\n<p>\n\t<span style=\"font-family:Georgia,serif\">Vead: (1) teevad pro said; (2) vette pro veega; (3) puhtaks pro pestud. \u00a0<\/span>\n<\/p>\n<p>\n\t<span style=\"font-family:Georgia,serif\">Kokku 4 viga, st 0 punkti.\u00a0<\/span>\n<\/p>\n<p>\n\t<span style=\"font-family:Georgia,serif\">Leksikaalsed vead. V\u00f5ta stiimullause aluseks ja loe kokku s\u00f5nakasutuses esinevad vead. Iga s\u00f5na stiimullauses peaks vastama \u00fchele s\u00f5nale vastuses. Loe kokku k\u00f5ik puuduvad v\u00f5i asendatud s\u00f5nad. \u00a0<\/span>\n<\/p>\n<p>\n\t<span style=\"font-family:Georgia,serif\">NB! Vale k\u00e4\u00e4ne v\u00f5i vale p\u00f6\u00f6re ei loe leksikaalse veana. S\u00f5naj\u00e4rg ei l\u00e4he \u00fcldse arvesse.\u00a0<\/span>\n<\/p>\n<p>\n\t\u00a0<\/p>\n","protected":false},"excerpt":{"rendered":"<p>Laadi helifailid \u00fcles OneDrive\u2019i helifailide kausta esimesel v\u00f5imalusel peale testi l\u00e4bi viimist. Pane igale failile nimi j\u00e4rgmise skeemi j\u00e4rgi: [lapse kood]_VLJT_[kuup\u00e4ev].faililaiend N\u00e4iteks: kui Adele Vaks viib testi l\u00e4bi enda jaoks 5. testitud lapsega (&gt; lapse kood ADVA05) 17. jaanuaril, siis &#8230;<\/p>\n","protected":false},"author":331,"featured_media":0,"parent":0,"menu_order":0,"comment_status":"closed","ping_status":"closed","template":"","meta":{"_acf_changed":false,"inline_featured_image":false,"footnotes":""},"class_list":["post-5","page","type-page","status-publish","hentry"],"acf":[],"_links":{"self":[{"href":"https:\/\/sisu.ut.ee\/kalake-kasutusjuhend\/wp-json\/wp\/v2\/pages\/5","targetHints":{"allow":["GET"]}}],"collection":[{"href":"https:\/\/sisu.ut.ee\/kalake-kasutusjuhend\/wp-json\/wp\/v2\/pages"}],"about":[{"href":"https:\/\/sisu.ut.ee\/kalake-kasutusjuhend\/wp-json\/wp\/v2\/types\/page"}],"author":[{"embeddable":true,"href":"https:\/\/sisu.ut.ee\/kalake-kasutusjuhend\/wp-json\/wp\/v2\/users\/331"}],"replies":[{"embeddable":true,"href":"https:\/\/sisu.ut.ee\/kalake-kasutusjuhend\/wp-json\/wp\/v2\/comments?post=5"}],"version-history":[{"count":1,"href":"https:\/\/sisu.ut.ee\/kalake-kasutusjuhend\/wp-json\/wp\/v2\/pages\/5\/revisions"}],"predecessor-version":[{"id":44,"href":"https:\/\/sisu.ut.ee\/kalake-kasutusjuhend\/wp-json\/wp\/v2\/pages\/5\/revisions\/44"}],"wp:attachment":[{"href":"https:\/\/sisu.ut.ee\/kalake-kasutusjuhend\/wp-json\/wp\/v2\/media?parent=5"}],"curies":[{"name":"wp","href":"https:\/\/api.w.org\/{rel}","templated":true}]}}