{"id":4,"date":"2024-04-04T09:11:26","date_gmt":"2024-04-04T06:11:26","guid":{"rendered":"https:\/\/sisu.ut.ee\/kalake-kasutusjuhend\/testi-labiviimine\/"},"modified":"2024-04-04T09:11:33","modified_gmt":"2024-04-04T06:11:33","slug":"testi-labiviimine","status":"publish","type":"page","link":"https:\/\/sisu.ut.ee\/kalake-kasutusjuhend\/testi-labiviimine\/","title":{"rendered":"Testi l\u00e4biviimine"},"content":{"rendered":"<p>\n\t<span style=\"font-family:Georgia,serif\">Avage arvutis PPT fail venekeelse testiga, kontrollige, et arvuti k\u00f5larid t\u00f6\u00f6taks, heli oleks piisavalt vali ning laps n\u00e4eks mugavalt ekraani.\u00a0<\/span>\n<\/p>\n<p>\n\t<span style=\"font-family:Georgia,serif\">Selgitage lapsele, et salvestate tema vastuseid diktofoni\/telefoniga. Salvestuse alguses \u00f6elge lapse osalejakood.\u00a0<\/span>\n<\/p>\n<p>\n\t<span style=\"font-family:Georgia,serif\">Veenduge, et PPT esitlus on t\u00e4isekraani re\u017eiimis. Tutvustage lapsele testi l\u00e4biviimist nii:<\/span>\n<\/p>\n<p>\n\t<span style=\"font-family:Georgia,serif\">1. slaid: \u201c\u0421\u0435\u0439\u0447\u0430\u0441 \u043c\u044b \u043f\u043e\u0438\u0433\u0440\u0430\u0435\u043c \u0432 \u0438\u0433\u0440\u0443 \u00ab\u041f\u043e\u0438\u0441\u043a \u041a\u043b\u0430\u0434\u0430\u00bb. \u201c<\/span>\n<\/p>\n<p>\n\t<span style=\"font-family:Georgia,serif\">2. slaid: \u201c\u0412\u043e\u0442 \u041c\u0438\u0448\u043a\u0430. \u0412\u043c\u0435\u0441\u0442\u0435 \u0441 \u043d\u0438\u043c \u043c\u044b \u043e\u0442\u043f\u0440\u0430\u0432\u0438\u043c\u0441\u044f \u0438\u0441\u043a\u0430\u0442\u044c \u043a\u043b\u0430\u0434.\u201d<\/span>\n<\/p>\n<p>\n\t<span style=\"font-family:Georgia,serif\">3. slaid: \u201c\u041a\u043b\u0430\u0434 \u043c\u043e\u0436\u0435\u0442 \u0431\u044b\u0442\u044c \u0441\u043f\u0440\u044f\u0442\u0430\u043d \u0432 \u0440\u0430\u0437\u043d\u044b\u0445 \u043c\u0435\u0441\u0442\u0430\u0445.\u201d<\/span>\n<\/p>\n<p>\n\t<span style=\"font-family:Georgia,serif\"><em>Klikkige slaidil, et esile t\u00f5sta m\u00e4ge<\/em><\/span>\n<\/p>\n<p>\n\t<span style=\"font-family:Georgia,serif\">\u201c\u0421\u043d\u0430\u0447\u0430\u043b\u0430 \u043c\u044b \u043f\u043e\u0439\u0434\u0435\u043c \u0438\u0441\u043a\u0430\u0442\u044c \u043a\u043b\u0430\u0434 \u0432 \u0433\u043e\u0440\u0430\u0445\u2026\u201d\u00a0<\/span>\n<\/p>\n<p>\n\t<span style=\"font-family:Georgia,serif\"><em>Klikkige slaidil, et esile t\u00f5sta j\u00e4rve<\/em><\/span>\n<\/p>\n<p>\n\t<span style=\"font-family:Georgia,serif\">\u201c\u041f\u043e\u0442\u043e\u043c \u043f\u043e\u0439\u0434\u0435\u043c \u043a \u043e\u0437\u0435\u0440\u0443\u2026\u201d<\/span>\n<\/p>\n<p>\n\t<span style=\"font-family:Georgia,serif\"><em>Klikkige, et esile t\u00f5sta koobast<\/em><\/span>\n<\/p>\n<p>\n\t<span style=\"font-family:Georgia,serif\">\u201c\u0410 \u043f\u043e\u0442\u043e\u043c \u043f\u043e\u0439\u0434\u0435\u043c \u0432 \u043f\u0435\u0449\u0435\u0440\u0443.\u201d<\/span>\n<\/p>\n<p>\n\t<span style=\"font-family:Georgia,serif\">4. slaid: \u201c\u0427\u0442\u043e\u0431\u044b \u0441\u043b\u0435\u0434\u043e\u0432\u0430\u0442\u044c \u0437\u0430 \u041c\u0438\u0448\u043a\u043e\u0439, \u043d\u0443\u0436\u043d\u043e \u043f\u043e\u0432\u0442\u043e\u0440\u044f\u0442\u044c \u0442\u043e\u0447\u044c-\u0432-\u0442\u043e\u0447\u044c \u0442\u043e, \u0447\u0442\u043e \u0442\u044b \u0443\u0441\u043b\u044b\u0448\u0438\u0448\u044c. \u0421\u043b\u0443\u0448\u0430\u0439 \u0432\u043d\u0438\u043c\u0430\u0442\u0435\u043b\u044c\u043d\u043e! \u0418 \u043f\u043e\u0442\u043e\u0440\u044f\u0439! \u0410 \u043f\u043e\u0442\u043e\u043c \u043c\u044b \u0431\u0443\u0434\u0435\u043c \u0441\u043c\u043e\u0442\u0440\u0435\u0442\u044c, \u043a\u0443\u0434\u0430 \u043f\u043e\u0439\u0434\u0435\u0442 \u041c\u0438\u0448\u043a\u0430.\u00a0<\/span>\n<\/p>\n<p>\n\t<span style=\"font-family:Georgia,serif\">\u0414\u0430\u0432\u0430\u0439 \u043f\u043e\u0442\u0440\u0435\u043d\u0438\u0440\u0443\u0435\u043c\u0441\u044f?\u201d<\/span>\n<\/p>\n<p>\n\t<span style=\"font-family:Georgia,serif\">5. slaid: \u201c\u0421\u043d\u0430\u0447\u0430\u043b\u0430 \u043c\u044b \u043f\u043e\u0442\u0440\u0435\u043d\u0438\u0440\u0443\u0435\u043c\u0441\u044f. \u041d\u0443\u0436\u043d\u043e \u043f\u043e\u0432\u0442\u043e\u0440\u044f\u0442\u044c \u0442\u043e\u0447\u044c-\u0432-\u0442\u043e\u0447\u044c \u0442\u043e, \u0447\u0442\u043e \u0442\u044b \u0443\u0441\u043b\u044b\u0448\u0438\u0448\u044c. \u0413\u043e\u0442\u043e\u0432\/\u0430?\u201d<\/span>\n<\/p>\n<p>\n\t<span style=\"font-family:Georgia,serif\">6. slaid: laske lapsel n\u00e4itelauset kuulata ja oodake, et ta seda kordaks. Kui laps vaikib, \u00f6elge: \u201c\u0422\u044b \u043f\u043e\u043c\u043d\u0438\u0448\u044c, \u043a\u0430\u043a \u0438\u0433\u0440\u0430\u0442\u044c \u0432 \u044d\u0442\u0443 \u0438\u0433\u0440\u0443? \u0422\u044b \u0434\u043e\u043b\u0436\u0435\u043d(-\u0430) \u043f\u043e\u0432\u0442\u043e\u0440\u0438\u0442\u044c \u0442\u043e, \u0447\u0442\u043e \u0442\u044b \u0443\u0441\u043b\u044b\u0448\u0438\u0448\u044c. \u041f\u043e\u0441\u043b\u0443\u0448\u0430\u0439 \u0435\u0449\u0451 \u0440\u0430\u0437 \u0438 \u043f\u043e\u0432\u0442\u043e\u0440\u0438 \u0442\u043e, \u0447\u0442\u043e \u0442\u044b \u0441\u043b\u044b\u0448\u0438\u0448\u044c.\u201d<\/span>\n<\/p>\n<p>\n\t<span style=\"font-family:Georgia,serif\">Kui laps kordab lauset, kiitke teda s\u00f5ltumata sellest, kui t\u00e4pne tema kordus on. \u00c4rge\u00a0kommenteerige seda, kas tema kordus oli t\u00e4pne v\u00f5i ei.<\/span>\n<\/p>\n<p>\n\t<span style=\"font-family:Georgia,serif\">7. slaid: k\u00e4ituge samamoodi teise n\u00e4itelausega.<\/span>\n<\/p>\n<p>\n\t<span style=\"font-family:Georgia,serif\">8. slaid: \u201c\u041c\u043e\u043b\u043e\u0434\u0435\u0446! \u0422\u044b \u0432\u0441\u0435 \u043f\u0440a\u0432\u0438\u043b\u044c\u043d\u043e \u0434\u0435\u043b\u0430\u043b\/\u0430! \u041f\u0440\u043e\u0434\u043e\u043b\u0436\u0438\u043c?\u201d<\/span>\n<\/p>\n<p>\n\t<span style=\"font-family:Georgia,serif\">Viige test l\u00e4bi samamoodi nagu eestikeelne lausete j\u00e4relekordamise test.\u00a0<\/span>\n<\/p>\n<p>\n\t<span style=\"font-family:Georgia,serif\">Testi l\u00f5pus \u00f6elge: \u201c\u0412\u043e\u0442 \u0438 \u0432\u0441\u0451! \u041c\u043e\u043b\u043e\u0434\u0435\u0446! \u041c\u043d\u0435 \u043f\u043e\u043d\u0440\u0430\u0432\u0438\u043b\u043e\u0441\u044c, \u043a\u0430\u043a \u0442\u044b \u043f\u043e\u0432\u0442\u043e\u0440\u0438\u043b(-\u0430) \u043f\u0440\u0435\u0434\u043b\u043e\u0436\u0435\u043d\u0438\u044f.<\/span><span style=\"font-family:Georgia,serif\">\u201c<\/span>\n<\/p>\n<p>\n\t<span style=\"font-family:Georgia,serif\">L\u00f5petage helisalvestus diktofonis\/telefonis.<\/span>\n<\/p>\n<p>\n\t\u00a0\n<\/p>\n<p>\n\t\u00a0<\/p>\n","protected":false},"excerpt":{"rendered":"<p>Avage arvutis PPT fail venekeelse testiga, kontrollige, et arvuti k\u00f5larid t\u00f6\u00f6taks, heli oleks piisavalt vali ning laps n\u00e4eks mugavalt ekraani.\u00a0 Selgitage lapsele, et salvestate tema vastuseid diktofoni\/telefoniga. Salvestuse alguses \u00f6elge lapse osalejakood.\u00a0 Veenduge, et PPT esitlus on t\u00e4isekraani re\u017eiimis. Tutvustage &#8230;<\/p>\n","protected":false},"author":331,"featured_media":0,"parent":0,"menu_order":0,"comment_status":"closed","ping_status":"closed","template":"","meta":{"_acf_changed":false,"inline_featured_image":false,"footnotes":""},"class_list":["post-4","page","type-page","status-publish","hentry"],"acf":[],"_links":{"self":[{"href":"https:\/\/sisu.ut.ee\/kalake-kasutusjuhend\/wp-json\/wp\/v2\/pages\/4","targetHints":{"allow":["GET"]}}],"collection":[{"href":"https:\/\/sisu.ut.ee\/kalake-kasutusjuhend\/wp-json\/wp\/v2\/pages"}],"about":[{"href":"https:\/\/sisu.ut.ee\/kalake-kasutusjuhend\/wp-json\/wp\/v2\/types\/page"}],"author":[{"embeddable":true,"href":"https:\/\/sisu.ut.ee\/kalake-kasutusjuhend\/wp-json\/wp\/v2\/users\/331"}],"replies":[{"embeddable":true,"href":"https:\/\/sisu.ut.ee\/kalake-kasutusjuhend\/wp-json\/wp\/v2\/comments?post=4"}],"version-history":[{"count":1,"href":"https:\/\/sisu.ut.ee\/kalake-kasutusjuhend\/wp-json\/wp\/v2\/pages\/4\/revisions"}],"predecessor-version":[{"id":43,"href":"https:\/\/sisu.ut.ee\/kalake-kasutusjuhend\/wp-json\/wp\/v2\/pages\/4\/revisions\/43"}],"wp:attachment":[{"href":"https:\/\/sisu.ut.ee\/kalake-kasutusjuhend\/wp-json\/wp\/v2\/media?parent=4"}],"curies":[{"name":"wp","href":"https:\/\/api.w.org\/{rel}","templated":true}]}}