{"id":3,"date":"2024-04-04T09:11:26","date_gmt":"2024-04-04T06:11:26","guid":{"rendered":"https:\/\/sisu.ut.ee\/kalake-kasutusjuhend\/venekeelne-lausete-jarelekordamise-test\/"},"modified":"2024-04-04T09:11:33","modified_gmt":"2024-04-04T06:11:33","slug":"venekeelne-lausete-jarelekordamise-test","status":"publish","type":"page","link":"https:\/\/sisu.ut.ee\/kalake-kasutusjuhend\/venekeelne-lausete-jarelekordamise-test\/","title":{"rendered":"Venekeelne lausete j\u00e4relekordamise test"},"content":{"rendered":"<p>\n\t<span style=\"font-family:Georgia,serif\">Kakskeelsete lastega, kelle (\u00fcheks) kodukeeleks on vene keel, tuleb l\u00e4bi viia ka venekeelne lausete j\u00e4relekordamise test. Test toimib samamoodi kui eestikeelne lausete j\u00e4relekordamise test, kuid see pole k\u00e4ttesaadav EIS-is.\u00a0<\/span>\n<\/p>\n<p>\n\t<span style=\"font-family:Georgia,serif\">Venekeelne test on vormistatud PowerPoint esitlusena, mille leiab <a data-url=\"https:\/\/tartuulikool-my.sharepoint.com\/:f:\/r\/personal\/vaksadel_ut_ee\/Documents\/EIS%20KaLaKE%20normimine\/Venekeelsed%20materjalid?csf=1&amp;web=1&amp;e=TGeRnN\" href=\"https:\/\/tartuulikool-my.sharepoint.com\/:f:\/r\/personal\/vaksadel_ut_ee\/Documents\/EIS%20KaLaKE%20normimine\/Venekeelsed%20materjalid?csf=1&amp;web=1&amp;e=TGeRnN\" target=\"_blank\" title=\"\" rel=\"noopener\">jagatud materjalide kaustast<\/a>. Samast leiab ka vastuste kodeerimise ja hindamise juhendi.\u00a0<\/span>\n<\/p>\n<p>\n\t<span style=\"font-family:Georgia,serif\">Enne kakskeelsete laste testimist veenduge, et\u00a0<\/span>\n<\/p>\n<ul>\n<li>\n\t\t<span style=\"font-family:Georgia,serif\"><a data-url=\"https:\/\/tartuulikool-my.sharepoint.com\/:p:\/r\/personal\/vaksadel_ut_ee\/Documents\/EIS%20KaLaKE%20normimine\/Venekeelsed%20materjalid\/COST-SentenceRepetition-presentation-Russian-1.pptx?d=w78c36a327a0d4b16a9608d33720b2ff8&amp;csf=1&amp;web=1&amp;e=UgXOmp\" href=\"https:\/\/tartuulikool-my.sharepoint.com\/:p:\/r\/personal\/vaksadel_ut_ee\/Documents\/EIS%20KaLaKE%20normimine\/Venekeelsed%20materjalid\/COST-SentenceRepetition-presentation-Russian-1.pptx?d=w78c36a327a0d4b16a9608d33720b2ff8&amp;csf=1&amp;web=1&amp;e=UgXOmp\" target=\"_blank\" title=\"\" rel=\"noopener\">PPT fail<\/a> on alla laetud arvutisse, mida testimiseks kasutate ning et fail avaneb probleemideta (sh heliklipid);<\/span>\n\t<\/li>\n<li>\n\t\t<span style=\"font-family:Georgia,serif\">teil on lapse vastuste salvestamiseks diktofon (v\u00f5i diktofonifunktsiooniga nutitelefon), millel on piisavalt salvestusruumi, aku\/patareid on piisavalt t\u00e4is ca 10-20 min salvestamiseks.<\/span>\n\t<\/li>\n<\/ul>\n","protected":false},"excerpt":{"rendered":"<p>Kakskeelsete lastega, kelle (\u00fcheks) kodukeeleks on vene keel, tuleb l\u00e4bi viia ka venekeelne lausete j\u00e4relekordamise test. Test toimib samamoodi kui eestikeelne lausete j\u00e4relekordamise test, kuid see pole k\u00e4ttesaadav EIS-is.\u00a0 Venekeelne test on vormistatud PowerPoint esitlusena, mille leiab jagatud materjalide kaustast. &#8230;<\/p>\n","protected":false},"author":331,"featured_media":0,"parent":0,"menu_order":0,"comment_status":"closed","ping_status":"closed","template":"","meta":{"_acf_changed":false,"inline_featured_image":false,"footnotes":""},"class_list":["post-3","page","type-page","status-publish","hentry"],"acf":[],"_links":{"self":[{"href":"https:\/\/sisu.ut.ee\/kalake-kasutusjuhend\/wp-json\/wp\/v2\/pages\/3","targetHints":{"allow":["GET"]}}],"collection":[{"href":"https:\/\/sisu.ut.ee\/kalake-kasutusjuhend\/wp-json\/wp\/v2\/pages"}],"about":[{"href":"https:\/\/sisu.ut.ee\/kalake-kasutusjuhend\/wp-json\/wp\/v2\/types\/page"}],"author":[{"embeddable":true,"href":"https:\/\/sisu.ut.ee\/kalake-kasutusjuhend\/wp-json\/wp\/v2\/users\/331"}],"replies":[{"embeddable":true,"href":"https:\/\/sisu.ut.ee\/kalake-kasutusjuhend\/wp-json\/wp\/v2\/comments?post=3"}],"version-history":[{"count":1,"href":"https:\/\/sisu.ut.ee\/kalake-kasutusjuhend\/wp-json\/wp\/v2\/pages\/3\/revisions"}],"predecessor-version":[{"id":42,"href":"https:\/\/sisu.ut.ee\/kalake-kasutusjuhend\/wp-json\/wp\/v2\/pages\/3\/revisions\/42"}],"wp:attachment":[{"href":"https:\/\/sisu.ut.ee\/kalake-kasutusjuhend\/wp-json\/wp\/v2\/media?parent=3"}],"curies":[{"name":"wp","href":"https:\/\/api.w.org\/{rel}","templated":true}]}}