{"id":14,"date":"2024-04-04T09:11:27","date_gmt":"2024-04-04T06:11:27","guid":{"rendered":"https:\/\/sisu.ut.ee\/kalake-kasutusjuhend\/kusimustik\/"},"modified":"2024-04-04T09:11:33","modified_gmt":"2024-04-04T06:11:33","slug":"kusimustik","status":"publish","type":"page","link":"https:\/\/sisu.ut.ee\/kalake-kasutusjuhend\/kusimustik\/","title":{"rendered":"K\u00fcsimustik"},"content":{"rendered":"<p>\n\t<span style=\"font-family:Georgia,serif\"><span style=\"font-size:15px\">KaLaKe testikomplekti kusimustik tuleb t\u00e4ita \u00fcksnes <span style=\"color:#008080\"><strong>kakskeelsete<\/strong>\u00a0<\/span>laste kohta. K\u00fcsimustik on m\u00f5eldud nende keelekeskkonnast \u00fclevaate saamiseks. Lapsevanemad saavad\u00a0lasteaia\u00f5petaja v\u00f5i logopeedi k\u00e4est paberkandjal ankeedi, t\u00e4idavad selle kodus ning tagastavad koos allkirjastatud n\u00f5usolekulehega lasteaeda.<\/span><\/span>\n<\/p>\n<p>\n\t<span style=\"font-family:Georgia,serif\"><span style=\"font-size:15px\">Teie saate t\u00e4idetud kusimustiku lasteaia\u00f5petaja v\u00f5i logopeedi k\u00e4est. Andmete anal\u00fc\u00fcsimise lihtsustamiseks kandke palun lapsevanema vastused paberankeedilt EIS-i kusimustikku \u2013 paberankeet ja digiankeet on identsed ning vastuste digiankeeti m\u00e4rkimine ei tohiks v\u00f5tta kauem kui 5 minutit iga lapse kohta.<\/span><\/span>\n<\/p>\n<p>\n\t<span style=\"font-family:Georgia,serif\"><span style=\"font-size:15px\">K\u00fcsimustiku l\u00f5pust leiate kommentaaride kasti, mida saate kasutada lisainfo \u00fcles m\u00e4rkimiseks juhul, kui:<\/span><\/span>\n<\/p>\n<ul>\n<li>\n\t\t<span style=\"font-family:Georgia,serif\"><span style=\"font-size:15px\">lapsevanem on m\u00f5nd vastust pikemalt kommenteerinud v\u00f5i kirjutanud paberile lisainfot;<\/span><\/span>\n\t<\/li>\n<li>\n\t\t<span style=\"font-family:Georgia,serif\"><span style=\"font-size:15px\">olete ebakindlad, kas olete lapsevanema k\u00e4ekirjast \u00f5igesti aru saanud;<\/span><\/span>\n\t<\/li>\n<li>\n\t\t<span style=\"font-family:Georgia,serif\"><span style=\"font-size:15px\">lapsevanem on m\u00f5nele k\u00fcsimusele vastamata j\u00e4tnud (pange kirja k\u00fcsimuste numbrid, et ei tekiks segadust selle osas, miks m\u00f5nele k\u00fcsimusele on vastamata j\u00e4etud).<\/span><\/span>\n\t<\/li>\n<\/ul>\n","protected":false},"excerpt":{"rendered":"<p>KaLaKe testikomplekti kusimustik tuleb t\u00e4ita \u00fcksnes kakskeelsete\u00a0laste kohta. K\u00fcsimustik on m\u00f5eldud nende keelekeskkonnast \u00fclevaate saamiseks. Lapsevanemad saavad\u00a0lasteaia\u00f5petaja v\u00f5i logopeedi k\u00e4est paberkandjal ankeedi, t\u00e4idavad selle kodus ning tagastavad koos allkirjastatud n\u00f5usolekulehega lasteaeda. Teie saate t\u00e4idetud kusimustiku lasteaia\u00f5petaja v\u00f5i logopeedi k\u00e4est. Andmete &#8230;<\/p>\n","protected":false},"author":331,"featured_media":0,"parent":0,"menu_order":0,"comment_status":"closed","ping_status":"closed","template":"","meta":{"_acf_changed":false,"inline_featured_image":false,"footnotes":""},"class_list":["post-14","page","type-page","status-publish","hentry"],"acf":[],"_links":{"self":[{"href":"https:\/\/sisu.ut.ee\/kalake-kasutusjuhend\/wp-json\/wp\/v2\/pages\/14","targetHints":{"allow":["GET"]}}],"collection":[{"href":"https:\/\/sisu.ut.ee\/kalake-kasutusjuhend\/wp-json\/wp\/v2\/pages"}],"about":[{"href":"https:\/\/sisu.ut.ee\/kalake-kasutusjuhend\/wp-json\/wp\/v2\/types\/page"}],"author":[{"embeddable":true,"href":"https:\/\/sisu.ut.ee\/kalake-kasutusjuhend\/wp-json\/wp\/v2\/users\/331"}],"replies":[{"embeddable":true,"href":"https:\/\/sisu.ut.ee\/kalake-kasutusjuhend\/wp-json\/wp\/v2\/comments?post=14"}],"version-history":[{"count":1,"href":"https:\/\/sisu.ut.ee\/kalake-kasutusjuhend\/wp-json\/wp\/v2\/pages\/14\/revisions"}],"predecessor-version":[{"id":40,"href":"https:\/\/sisu.ut.ee\/kalake-kasutusjuhend\/wp-json\/wp\/v2\/pages\/14\/revisions\/40"}],"wp:attachment":[{"href":"https:\/\/sisu.ut.ee\/kalake-kasutusjuhend\/wp-json\/wp\/v2\/media?parent=14"}],"curies":[{"name":"wp","href":"https:\/\/api.w.org\/{rel}","templated":true}]}}