{"id":12,"date":"2024-04-04T09:11:27","date_gmt":"2024-04-04T06:11:27","guid":{"rendered":"https:\/\/sisu.ut.ee\/kalake-kasutusjuhend\/pseudosonade-jarelekordamise-test\/"},"modified":"2024-04-04T09:11:33","modified_gmt":"2024-04-04T06:11:33","slug":"pseudosonade-jarelekordamise-test","status":"publish","type":"page","link":"https:\/\/sisu.ut.ee\/kalake-kasutusjuhend\/pseudosonade-jarelekordamise-test\/","title":{"rendered":"Pseudos\u00f5nade j\u00e4relekordamise test"},"content":{"rendered":"<p>\n\t<span style=\"font-family:Georgia,serif\">Lapse \u00fclesandeks on kuuldud s\u00f5na v\u00f5imalikult t\u00e4pselt j\u00e4rele korrata, seega tuleb \u00fcldjuhul vastuseks m\u00e4rkida\u00a0<em>mitte-eeldatud<\/em>\u00a0iga kord, kui laps<\/span>\n<\/p>\n<ul>\n<li>\n\t\t<span style=\"font-family:Georgia,serif\">asendab h\u00e4\u00e4liku, nt\u00a0<em>koma\u00a0<\/em>pro\u00a0<em>poma<\/em><\/span>\n\t<\/li>\n<li>\n\t\t<span style=\"font-family:Georgia,serif\">j\u00e4tab h\u00e4\u00e4liku \u00e4ra, nt\u00a0<em>liksa\u00a0<\/em>pro\u00a0<em>liksap<\/em><\/span>\n\t<\/li>\n<li>\n\t\t<span style=\"font-family:Georgia,serif\">lisab h\u00e4\u00e4liku, nt\u00a0<em>kipanut<\/em>\u00a0pro\u00a0<em>kipanu<\/em><\/span>\n\t<\/li>\n<li>\n\t\t<span style=\"font-family:Georgia,serif\">h\u00e4\u00e4ldab h\u00e4\u00e4liku vale pikkusega\/vales v\u00e4ltes, nt\u00a0<em>nasu<\/em>\u00a0pro\u00a0<em>nassu<\/em><\/span>\n\t<\/li>\n<\/ul>\n<p>\n\t<span style=\"font-family:Georgia,serif\"><span style=\"color:#b22222\"><strong>NB!<\/strong><\/span> Kui laps h\u00e4\u00e4ldab p\u00fcsivalt m\u00f5nda h\u00e4\u00e4likut valesti (nt asendab R h\u00e4\u00e4liku L h\u00e4\u00e4likuga), siis seda veaks ei arvestata.<\/span>\n<\/p>\n<p>\n\t<span style=\"font-family:Georgia,serif\">Kui kahtlete, kuidas lapse vastust hinnata, m\u00e4rkige vastuseks\u00a0<em>mitte-eeldatud<\/em>\u00a0ning transkribeerige lapse vastus v\u00f5imalikult t\u00e4pselt tekstikastis.<\/span><\/p>\n","protected":false},"excerpt":{"rendered":"<p>Lapse \u00fclesandeks on kuuldud s\u00f5na v\u00f5imalikult t\u00e4pselt j\u00e4rele korrata, seega tuleb \u00fcldjuhul vastuseks m\u00e4rkida\u00a0mitte-eeldatud\u00a0iga kord, kui laps asendab h\u00e4\u00e4liku, nt\u00a0koma\u00a0pro\u00a0poma j\u00e4tab h\u00e4\u00e4liku \u00e4ra, nt\u00a0liksa\u00a0pro\u00a0liksap lisab h\u00e4\u00e4liku, nt\u00a0kipanut\u00a0pro\u00a0kipanu h\u00e4\u00e4ldab h\u00e4\u00e4liku vale pikkusega\/vales v\u00e4ltes, nt\u00a0nasu\u00a0pro\u00a0nassu NB! Kui laps h\u00e4\u00e4ldab p\u00fcsivalt m\u00f5nda h\u00e4\u00e4likut &#8230;<\/p>\n","protected":false},"author":331,"featured_media":0,"parent":0,"menu_order":0,"comment_status":"closed","ping_status":"closed","template":"","meta":{"_acf_changed":false,"inline_featured_image":false,"footnotes":""},"class_list":["post-12","page","type-page","status-publish","hentry"],"acf":[],"_links":{"self":[{"href":"https:\/\/sisu.ut.ee\/kalake-kasutusjuhend\/wp-json\/wp\/v2\/pages\/12","targetHints":{"allow":["GET"]}}],"collection":[{"href":"https:\/\/sisu.ut.ee\/kalake-kasutusjuhend\/wp-json\/wp\/v2\/pages"}],"about":[{"href":"https:\/\/sisu.ut.ee\/kalake-kasutusjuhend\/wp-json\/wp\/v2\/types\/page"}],"author":[{"embeddable":true,"href":"https:\/\/sisu.ut.ee\/kalake-kasutusjuhend\/wp-json\/wp\/v2\/users\/331"}],"replies":[{"embeddable":true,"href":"https:\/\/sisu.ut.ee\/kalake-kasutusjuhend\/wp-json\/wp\/v2\/comments?post=12"}],"version-history":[{"count":1,"href":"https:\/\/sisu.ut.ee\/kalake-kasutusjuhend\/wp-json\/wp\/v2\/pages\/12\/revisions"}],"predecessor-version":[{"id":38,"href":"https:\/\/sisu.ut.ee\/kalake-kasutusjuhend\/wp-json\/wp\/v2\/pages\/12\/revisions\/38"}],"wp:attachment":[{"href":"https:\/\/sisu.ut.ee\/kalake-kasutusjuhend\/wp-json\/wp\/v2\/media?parent=12"}],"curies":[{"name":"wp","href":"https:\/\/api.w.org\/{rel}","templated":true}]}}