{"id":10,"date":"2024-04-04T09:11:27","date_gmt":"2024-04-04T06:11:27","guid":{"rendered":"https:\/\/sisu.ut.ee\/kalake-kasutusjuhend\/vastuste-hindamine\/"},"modified":"2024-04-04T09:11:33","modified_gmt":"2024-04-04T06:11:33","slug":"vastuste-hindamine","status":"publish","type":"page","link":"https:\/\/sisu.ut.ee\/kalake-kasutusjuhend\/vastuste-hindamine\/","title":{"rendered":"Vastuste hindamine"},"content":{"rendered":"<p>\n\t<span style=\"font-family:Georgia,serif\">\u2022\u00a0\u00a0 \u00a0S\u00f5navara testi nimetamise osade, pseudos\u00f5nade j\u00e4relekordamise ning lausete j\u00e4relekordamise testis tuleb laste vastused salvestada, hinnata (<em>eeldatud <\/em>v\u00f5i <em>mitte-eeldatud<\/em>) ja valed vastused transkribeerida<br>\u2022\u00a0\u00a0 \u00a0Kohe, kui laps vastab, on v\u00f5imalik valida, kas vastus on <em>eeldatud <\/em>(tee linnuke vastavasse kasti) v\u00f5i <em>mitte-eeldatud<\/em> (tee linnuke vastavasse kasti). Selle kohta, milliseid vastuseid loetakse eeldatuks, saab l\u00e4hemalt lugeda iga testi kohta eraldi (valige vasakpoolsest men\u00fc\u00fcst testi nimi).\u00a0<br>\u2022\u00a0\u00a0 \u00a0Kui olete j\u00f5udnud l\u00f5puni, saate vasakul men\u00fc\u00fcribal kontrollida, kas m\u00f5ni \u00fclesanne on j\u00e4\u00e4nud poolikuks \u2013 st. helifail on salvestamata v\u00f5i on j\u00e4\u00e4nud otsustamata, kas vastus on eeldatud v\u00f5i mitte-eeldatud (vt selgitust pildil). Enne, kui laps \u00e4ra l\u00e4heb, kontrollige \u00fcle, kas k\u00f5ik vastused on salvestunud (seda n\u00e4itab kiri helifaili juures).\u00a0<\/span>\n<\/p>\n<p>\n\t<span style=\"font-family:Georgia,serif\"><img loading=\"lazy\" decoding=\"async\" width=\"515\" height=\"222\" class=\"alignnone wp-image-16\" src=\"https:\/\/sisu.ut.ee\/wp-content\/uploads\/sites\/670\/eis_vastused.jpg\" title=\"eis_vastused.jpg\" alt=\"Vastuste v\u00e4rvikoodid\" srcset=\"https:\/\/sisu.ut.ee\/wp-content\/uploads\/sites\/670\/eis_vastused.jpg 515w, https:\/\/sisu.ut.ee\/wp-content\/uploads\/sites\/670\/eis_vastused-300x129.jpg 300w\" sizes=\"auto, (max-width: 515px) 100vw, 515px\"><br>\u00a0<br>\u2022\u00a0\u00a0 \u00a0P\u00e4rast lapse lahkumist vajutage viimase \u00fclesande juures nupule <strong>L\u00f5petan testi sooritamise<\/strong>. Tekib aken k\u00fcsimusega <em>Kas oled kindel, et soovid l\u00f5petada?<\/em>\u00a0<br>\u2022\u00a0\u00a0 \u00a0Juhul kui Teil on v\u00f5imalik kohe vastuseid kontrollida, vajutage <strong>Katkesta<\/strong>. See t\u00e4hendab, et Te veel ei l\u00f5peta testi, vaid kontrollite lapse vastused algusest peale \u00fcle. Kui vastus on eeldatud, ei pea sellega rohkem midagi tegema. Kui vastus on mitte-eeldatud, tuleb n\u00fc\u00fcd kirja panna, mida laps vastas. Selleks saate vajadusel uuesti kuulata lapse vastust, vajutades pildil punasega m\u00e4rgitud nupule:\u00a0<br>\u00a0<img loading=\"lazy\" decoding=\"async\" width=\"877\" height=\"238\" class=\"alignnone wp-image-17\" src=\"https:\/\/sisu.ut.ee\/wp-content\/uploads\/sites\/670\/eis_replay.jpg\" title=\"eis_replay.jpg\" alt=\"Vastuste taasesitamine ja hindamine\" srcset=\"https:\/\/sisu.ut.ee\/wp-content\/uploads\/sites\/670\/eis_replay.jpg 877w, https:\/\/sisu.ut.ee\/wp-content\/uploads\/sites\/670\/eis_replay-300x81.jpg 300w, https:\/\/sisu.ut.ee\/wp-content\/uploads\/sites\/670\/eis_replay-768x208.jpg 768w\" sizes=\"auto, (max-width: 877px) 100vw, 877px\"><br>Kui valitud on <em>mitte-eeldatud<\/em>, avaneb tekstikast (pildil m\u00e4rgitud rohelisega), kuhu tuleb kirjutada, mida laps vastas. Pseudos\u00f5nade ja lausete j\u00e4relekordamise testides on testikastis ette antud eeldatud vastus. Saate seda muuta vastavalt sellele, kuidas laps tegelikult vastas. Kui Te tahate sihts\u00f5na v\u00f5i -lauset uuesti \u00fcle kuulata, saate seda teha, kasutades halli nuppu vastusevariantide kohal (pildil m\u00e4rgitud punasega):<\/span>\n<\/p>\n<p>\n\t<span style=\"font-family:Georgia,serif\"><span style=\"color:#b22222\"><img loading=\"lazy\" decoding=\"async\" width=\"939\" height=\"338\" class=\"alignnone wp-image-18\" src=\"https:\/\/sisu.ut.ee\/wp-content\/uploads\/sites\/670\/eis_laused_replay.jpg\" title=\"eis_laused_replay.jpg\" alt=\"k\u00fcsimuse taasesitamise nupp\" srcset=\"https:\/\/sisu.ut.ee\/wp-content\/uploads\/sites\/670\/eis_laused_replay.jpg 939w, https:\/\/sisu.ut.ee\/wp-content\/uploads\/sites\/670\/eis_laused_replay-300x108.jpg 300w, https:\/\/sisu.ut.ee\/wp-content\/uploads\/sites\/670\/eis_laused_replay-768x276.jpg 768w\" sizes=\"auto, (max-width: 939px) 100vw, 939px\"><br>\u00a0<br><span style=\"font-size:15px\"><strong>NB! \u00c4rge kasutage vastuste hindamise ajal lause v\u00f5i s\u00f5na uuesti kuulamiseks \u00fclemist nuppu ( <img loading=\"lazy\" decoding=\"async\" width=\"76\" height=\"58\" class=\"alignnone wp-image-19\" src=\"https:\/\/sisu.ut.ee\/wp-content\/uploads\/sites\/670\/eis_play.png\" title=\"eis_play.png\" alt=\"Helifaili esitamise ja salvestuse alustamise nupp\">). See alustab uut salvestust, nii et kaotate lapse \u00f6eldud lause.\u00a0<\/strong><\/span><\/span><\/span>\n<\/p>\n<p>\n\t<br><span style=\"font-family:Georgia,serif\">Kui laps ei vastanudki v\u00f5i vastas \u201eMa ei tea\u201c vms, tuleb kasti panna sidekriips (-). Kui k\u00f5ik vastused on hinnatud, l\u00f5petage testi sooritamine, valides vastav nupp viimase \u00fclesande juures.<\/span>\n<\/p>\n<p>\n\t<span style=\"font-family:Georgia,serif\"><span style=\"color:#b22222\"><strong>NB! <\/strong><\/span>Juhul kui ei ole v\u00f5imalik kohe peale vastuste salvestamist vastuseid hinnata, siis l\u00f5petage testi sooritamine (<em>Kas olete kindel, et soovid l\u00f5petada? -&gt; Jah<\/em>). Hiljem saate vastuseid uuesti avada ja hinnata j\u00e4rgnevalt:<\/span>\n<\/p>\n<p>\n\t<span style=\"font-family:Georgia,serif\">\u2022\u00a0\u00a0 \u00a0Minge <strong>Minu t\u00f6\u00f6lauale<\/strong>.\u00a0<br>\u2022\u00a0\u00a0 \u00a0Leidke test paremal pool blokis: <strong>Lahendamisel jagamised<\/strong>. Avage test ning valige sakk <strong>L\u00e4biviimine<\/strong>.\u00a0<br>\u2022\u00a0\u00a0 \u00a0Pange linnuke lapse nime juurde, kelle vastuseid hindate. Allpool tekivad <strong>Lisa<\/strong> nupud. Vajutage <strong>Ava l\u00f5petatud test<\/strong>.\u00a0<br>\u2022\u00a0\u00a0 \u00a0N\u00fc\u00fcd valige lapse nimi ja l\u00f5petage hindamine, nagu eelpool kirjeldatud.\u00a0<\/span><\/p>\n","protected":false},"excerpt":{"rendered":"<p>\u2022\u00a0\u00a0 \u00a0S\u00f5navara testi nimetamise osade, pseudos\u00f5nade j\u00e4relekordamise ning lausete j\u00e4relekordamise testis tuleb laste vastused salvestada, hinnata (eeldatud v\u00f5i mitte-eeldatud) ja valed vastused transkribeerida\u2022\u00a0\u00a0 \u00a0Kohe, kui laps vastab, on v\u00f5imalik valida, kas vastus on eeldatud (tee linnuke vastavasse kasti) v\u00f5i mitte-eeldatud &#8230;<\/p>\n","protected":false},"author":331,"featured_media":0,"parent":0,"menu_order":0,"comment_status":"closed","ping_status":"closed","template":"","meta":{"_acf_changed":false,"inline_featured_image":false,"footnotes":""},"class_list":["post-10","page","type-page","status-publish","hentry"],"acf":[],"_links":{"self":[{"href":"https:\/\/sisu.ut.ee\/kalake-kasutusjuhend\/wp-json\/wp\/v2\/pages\/10","targetHints":{"allow":["GET"]}}],"collection":[{"href":"https:\/\/sisu.ut.ee\/kalake-kasutusjuhend\/wp-json\/wp\/v2\/pages"}],"about":[{"href":"https:\/\/sisu.ut.ee\/kalake-kasutusjuhend\/wp-json\/wp\/v2\/types\/page"}],"author":[{"embeddable":true,"href":"https:\/\/sisu.ut.ee\/kalake-kasutusjuhend\/wp-json\/wp\/v2\/users\/331"}],"replies":[{"embeddable":true,"href":"https:\/\/sisu.ut.ee\/kalake-kasutusjuhend\/wp-json\/wp\/v2\/comments?post=10"}],"version-history":[{"count":1,"href":"https:\/\/sisu.ut.ee\/kalake-kasutusjuhend\/wp-json\/wp\/v2\/pages\/10\/revisions"}],"predecessor-version":[{"id":36,"href":"https:\/\/sisu.ut.ee\/kalake-kasutusjuhend\/wp-json\/wp\/v2\/pages\/10\/revisions\/36"}],"wp:attachment":[{"href":"https:\/\/sisu.ut.ee\/kalake-kasutusjuhend\/wp-json\/wp\/v2\/media?parent=10"}],"curies":[{"name":"wp","href":"https:\/\/api.w.org\/{rel}","templated":true}]}}