{"id":6,"date":"2024-04-04T06:13:33","date_gmt":"2024-04-04T03:13:33","guid":{"rendered":"https:\/\/sisu.ut.ee\/kaasavharidus\/tooruhm\/"},"modified":"2024-04-04T06:13:44","modified_gmt":"2024-04-04T03:13:44","slug":"tooruhm","status":"publish","type":"page","link":"https:\/\/sisu.ut.ee\/kaasavharidus\/tooruhm\/","title":{"rendered":"T\u00f6\u00f6r\u00fchm"},"content":{"rendered":"<p>\n\t<strong>Kaasava hariduse Tartu \u00dclikooli tooruhm:<\/strong>\n<\/p>\n<p>\n\t<b>\u00c4li Leijen <\/b>\u00f5petajahariduse professor<b>\u00a0<\/b>(ali.leijen@ut.ee)<br><strong>Margus Pedaste <\/strong>haridustehnoloogia professor (margus.pedaste@ut.ee)<br><strong>Tiina Kivirand <\/strong>kaasava hariduse nooremlektor\u00a0(tiina.kivirand@ut.ee)<br><strong>Pille Nelis <\/strong>haridusteaduste nooremlektor (pille.nelis@ut.ee)<br><strong>Lii Kaudne <\/strong>kaasava hariduse nooremlektor (lii.kaudne@ut.ee)<br><strong>Gerli SIlm<\/strong> haridusteaduste spetsialist\u00a0(gerli.silm@ut.ee)<br><strong>Carolina \u0160uman\u00a0<\/strong>kaasava hariduse nooremlektor (carolina.suman@ut.ee)<br><strong>Eneli Liblik <\/strong>kaasava hariduse \u00f5ppekava programmijuht\u00a0(eneli.liblik@ut.ee)<br><strong>Marje Johanson <\/strong>projektide koordinaator (marje.johanson@ut.ee)\n<\/p>\n<hr>\n<p>\n\t<strong>Kaasava hariduse Tartu \u00dclikooli 2021\/2022\u00a0\u00f5ppeaasta magistri\u00f5ppe stipendiaat:<\/strong>\n<\/p>\n<p>\n\t<strong>Kirke M\u00f6llits\u00a0<\/strong>eripedagoogika ja<strong>\u00a0<\/strong>logopeedia magistri\u00f5ppe 1. aasta \u00fcli\u00f5pilane, eripedagoogi\u00a0assistent<\/p>\n<p><strong>Kaasava hariduse Tartu \u00dclikooli 2020\/2021 \u00f5ppeaasta magistri\u00f5ppe stipendiaadid olid:<\/strong>\n<\/p>\n<p>\n\t<strong>Ere Tuunas <\/strong>eripedagoogika ja<strong>\u00a0<\/strong>logopeedia magistri\u00f5ppe 1. aasta \u00fcli\u00f5pilane, eripedagoog<br><strong>Carolina \u0160uman\u00a0<\/strong>eripedagoogika ja<strong>\u00a0<\/strong>logopeedia magistri\u00f5ppe 2. aasta \u00fcli\u00f5pilane, \u00f5piabi\u00f5petaja<br><strong>Helen Turmann\u00a0<\/strong>eripedagoogika ja<strong>\u00a0<\/strong>logopeedia magistri\u00f5ppe 2. aasta \u00fcli\u00f5pilane, eripedagoog<br><strong>Kristi Vint\u00a0<\/strong>eripedagoogika ja<strong>\u00a0<\/strong>logopeedia magistri\u00f5ppe 2. aasta \u00fcli\u00f5pilane, erikooli klassi\u00f5petaja<br><strong>Lagle Sangernebo<\/strong> eripedagoogika ja logopeedia magistri\u00f5ppe 2. aasta \u00fcli\u00f5pilane, erikooli \u00f5petaja\n<\/p>\n<hr>\n<p>\n\t<strong>Kaasava hariduse Tallinna \u00dclikooli tooruhm:<\/strong>\n<\/p>\n<p>\n\t<b>Katrin Poom-Valickis <\/b>\u00f5petajahariduse professor (katrinpv@tlu.ee)<br><b>Tiia \u00d5un <\/b>direktor (tiia.oun@tlu.ee)<br><b>Piret Soodla <\/b>hariduse ja eripedagoogika kaasprofessor (piret.soodla@tlu.ee)<br><b>Triin Ulla <\/b>koolipedagoogika \u00f5petaja (triin.ulla@tlu.ee)<br><b>Tiiu Tammem\u00e4e <\/b>eripedagoogika lektor (tiiu.tammemae@tlu.ee)<br><b>Ene Varik-Maasik <\/b>eripedagoogika lektor (enevarik@tlu.ee)<br><b>Maris Juhkam <\/b>nooremteadur\u00a0<br><b>Eliis Ait<br>Lii Lilleoja <\/b>eripedagoogika lektor (lii.lilleoja@tlu.ee)<br><b>Kadi Lukanenok <\/b>eripedagoogika k\u00fclalislektor (kadi.lukanenok@tlu.ee)<\/p>\n","protected":false},"excerpt":{"rendered":"<p>Kaasava hariduse Tartu \u00dclikooli tooruhm: \u00c4li Leijen \u00f5petajahariduse professor\u00a0(ali.leijen@ut.ee)Margus Pedaste haridustehnoloogia professor (margus.pedaste@ut.ee)Tiina Kivirand kaasava hariduse nooremlektor\u00a0(tiina.kivirand@ut.ee)Pille Nelis haridusteaduste nooremlektor (pille.nelis@ut.ee)Lii Kaudne kaasava hariduse nooremlektor (lii.kaudne@ut.ee)Gerli SIlm haridusteaduste spetsialist\u00a0(gerli.silm@ut.ee)Carolina \u0160uman\u00a0kaasava hariduse nooremlektor (carolina.suman@ut.ee)Eneli Liblik kaasava hariduse \u00f5ppekava programmijuht\u00a0(eneli.liblik@ut.ee)Marje Johanson projektide &#8230;<\/p>\n","protected":false},"author":30,"featured_media":0,"parent":0,"menu_order":0,"comment_status":"closed","ping_status":"closed","template":"","meta":{"_acf_changed":false,"inline_featured_image":false,"footnotes":""},"class_list":["post-6","page","type-page","status-publish","hentry"],"acf":[],"_links":{"self":[{"href":"https:\/\/sisu.ut.ee\/kaasavharidus\/wp-json\/wp\/v2\/pages\/6","targetHints":{"allow":["GET"]}}],"collection":[{"href":"https:\/\/sisu.ut.ee\/kaasavharidus\/wp-json\/wp\/v2\/pages"}],"about":[{"href":"https:\/\/sisu.ut.ee\/kaasavharidus\/wp-json\/wp\/v2\/types\/page"}],"author":[{"embeddable":true,"href":"https:\/\/sisu.ut.ee\/kaasavharidus\/wp-json\/wp\/v2\/users\/30"}],"replies":[{"embeddable":true,"href":"https:\/\/sisu.ut.ee\/kaasavharidus\/wp-json\/wp\/v2\/comments?post=6"}],"version-history":[{"count":1,"href":"https:\/\/sisu.ut.ee\/kaasavharidus\/wp-json\/wp\/v2\/pages\/6\/revisions"}],"predecessor-version":[{"id":62,"href":"https:\/\/sisu.ut.ee\/kaasavharidus\/wp-json\/wp\/v2\/pages\/6\/revisions\/62"}],"wp:attachment":[{"href":"https:\/\/sisu.ut.ee\/kaasavharidus\/wp-json\/wp\/v2\/media?parent=6"}],"curies":[{"name":"wp","href":"https:\/\/api.w.org\/{rel}","templated":true}]}}