{"id":5,"date":"2024-04-04T06:13:33","date_gmt":"2024-04-04T03:13:33","guid":{"rendered":"https:\/\/sisu.ut.ee\/kaasavharidus\/taienduskoolitus\/"},"modified":"2024-04-04T06:13:44","modified_gmt":"2024-04-04T03:13:44","slug":"taienduskoolitus","status":"publish","type":"page","link":"https:\/\/sisu.ut.ee\/kaasavharidus\/taienduskoolitus\/","title":{"rendered":"T\u00e4ienduskoolitus"},"content":{"rendered":"<p>\n\t<b id=\"docs-internal-guid-bdaf5497-7fff-789f-ac7b-e789a48177e0\">Eesti hariduss\u00fcsteem on valinud kaasava hariduse teeraja. Kuidas sellel aga kindlalt \u00f5petajana astuda, kuidas hoida ennast ja \u00f5pilasi? Tule avarda oma vaadet ja omanda praktilisi oskusi kaasava ja arengule suunatud klassiruumi loomiseks!\u00a0<\/b>\n<\/p>\n\n<p>\n\tTartu \u00dclikooli haridusteaduste instituut ja Tallinna \u00dclikooli haridusteaduste instituut on Norra ja EMP projekti \u201eKaasava hariduse \u00f5ppekava ja \u00f5ppe kvaliteedi arendamine ning t\u00f5hustamine\u201c raames v\u00e4lja t\u00f6\u00f6tanud kaasava hariduse teemalise t\u00e4ienduskoolituse programmi, mille eesm\u00e4rgiks\u00a0on toetada koole kaasava hariduskorralduse rakendamisel nii kooli kui klassiruumi tasandil.\u00a0\n<\/p>\n<table class=\"table table-hover\" border=\"1\" cellpadding=\"1\" cellspacing=\"1\" style=\"width: 1000px\">\n<tbody>\n<tr>\n<td>\n<p dir=\"ltr\">\n\t\t\t\t\t<span style=\"color:#000000\">Koolitusele oodatakse <strong>koolide meeskondi<\/strong>, kuhu kuuluvad koolijuht, tugispetsialist (soovitatavalt eripedagoog v\u00f5i HEV koordineerija) ja 4-5 \u00f5petajat. Koolituse maht erinevatele sihtr\u00fchmadele on j\u00e4rgmine: \u00f5petajad 30 EAP-d, tugispetsialistid 30 EAP-d, koolijuhid 12 EAP-d*.<\/span>\n\t\t\t\t<\/p>\n<p dir=\"ltr\">\n\t\t\t\t\t<span style=\"color:#000000\">Koolitus toimub <strong>kord kuus kolmep\u00e4evaste (neljap\u00e4evast laup\u00e4evani) sessioonidena<\/strong> ning toimumiskohaks on Tartu. Esimene sessioon toimub septembris 2021. Edasine ajakava ja koolituse sisu t\u00e4psustatakse koolitusest huvitatud osalejatega.<\/span>\n\t\t\t\t<\/p>\n<p dir=\"ltr\">\n\t\t\t\t\t<span style=\"color:#000000\">Olete meeskonnaga oodatud kandideerima \u00f5petaja ja lapses\u00f5braliku klassiruumi loomiseks inspiratsiooni saama kaasava hariduse t\u00e4iendkoolitusele! Kandideerimiseks ootame kooli meeskonnalt <strong>videot v\u00f5i motivatsioonikirja<\/strong>, kus p\u00f5hjendate, miks just teie kool peaks koolitusel osalema ning milline on iga osaleja enda motivatsioon aastase t\u00e4iendkoolituse l\u00e4bimiseks.<\/span>\n\t\t\t\t<\/p>\n<p dir=\"ltr\">\n\t\t\t\t\t<span style=\"color:#000000\">Kandideerimiseks saatke videod ja kooli meeskonna nimekiri meiliaadressile <\/span><a href=\"mailto:lii.kaudne@ut.ee\"><span style=\"color:#000000\">lii.kaudne@ut.ee<\/span><\/a>\n\t\t\t\t<\/p>\n<p dir=\"ltr\">\n\t\t\t\t\t<span style=\"color:#000000\"><strong>Kandideerimise t\u00e4htaeg 22. juuni 2021.<\/strong><\/span>\n\t\t\t\t<\/p>\n<\/td>\n<\/tr>\n<\/tbody>\n<\/table>\n<p>\n\tT\u00e4iendkoolituse raames l\u00e4bitakse kuus \u00f5ppeainet (mahus 30 EAPd) ning koolituse tulemusena \u00f5ppija:\n<\/p>\n\n<ul dir=\"ltr\">\n<li>\n\t\teab kaasava hariduskorralduse p\u00f5him\u00f5tteid ja rakendusv\u00f5imalusi;\n\t<\/li>\n<li>\n\t\ttunneb arengu ja \u00f5ppimise p\u00f5him\u00f5tteid, m\u00e4rkab \u00f5ppija vajadusi ning vastavalt sellele kohandab \u00f5pikeskkonda, tagades \u00f5pitoe ja eduelamuse;\n\t<\/li>\n<li>\n\t\toskab kujundada emotsionaalselt ja sotsiaalselt turvalist klassikliimat;\n\t<\/li>\n<li>\n\t\ttunneb peamiste koost\u00f6\u00f6v\u00f5rgustike toimimise v\u00f5imalusi ning rakendab neid;\n\t<\/li>\n<li>\n\t\ttoetab kolleege ja n\u00f5ustab lapsevanemaid kaasava hariduse rakendamisel;\n\t<\/li>\n<li>\n\t\tplaneerib, anal\u00fc\u00fcsib ja hindab oma t\u00f6\u00f6d ning kavandada sellest l\u00e4htuvalt enesearengut;\n\t<\/li>\n<li>\n\t\tvalib sobivad uurimismeetodeid \u00f5ppekeskkonna ning rakendatavate tugimeetmete t\u00f5hususe anal\u00fc\u00fcsimiseks ja arendamiseks.<b id=\"docs-internal-guid-363845fe-7fff-5ab8-b7dc-28d2d95d8470\"><img decoding=\"async\" src=\"https:\/\/lh3.googleusercontent.com\/ZCj8pVG-88CPocYUz8QIW8PschRTjKGPp-b_UOVQPfFJ8XVFCKbAWT0VEIjC1Yb8_fW5Y5w1vrnM9JTqYa2q-cxTA-UKXj3IcihOrfN1DQ4rHJwFh-habcPd6I7Y6xvxEa6-H1cP\" style=\"width: 602px;height: 195px;float: left\"><\/b>\n\t<\/li>\n<\/ul>\n<p style=\"border:none;margin-top:0cm;margin-right:0cm;margin-bottom:10.0pt\">\n<\/p>","protected":false},"excerpt":{"rendered":"<p>Eesti hariduss\u00fcsteem on valinud kaasava hariduse teeraja. Kuidas sellel aga kindlalt \u00f5petajana astuda, kuidas hoida ennast ja \u00f5pilasi? Tule avarda oma vaadet ja omanda praktilisi oskusi kaasava ja arengule suunatud klassiruumi loomiseks!\u00a0 Tartu \u00dclikooli haridusteaduste instituut ja Tallinna \u00dclikooli haridusteaduste &#8230;<\/p>\n","protected":false},"author":30,"featured_media":0,"parent":0,"menu_order":0,"comment_status":"closed","ping_status":"closed","template":"","meta":{"_acf_changed":false,"inline_featured_image":false,"footnotes":""},"class_list":["post-5","page","type-page","status-publish","hentry"],"acf":[],"_links":{"self":[{"href":"https:\/\/sisu.ut.ee\/kaasavharidus\/wp-json\/wp\/v2\/pages\/5","targetHints":{"allow":["GET"]}}],"collection":[{"href":"https:\/\/sisu.ut.ee\/kaasavharidus\/wp-json\/wp\/v2\/pages"}],"about":[{"href":"https:\/\/sisu.ut.ee\/kaasavharidus\/wp-json\/wp\/v2\/types\/page"}],"author":[{"embeddable":true,"href":"https:\/\/sisu.ut.ee\/kaasavharidus\/wp-json\/wp\/v2\/users\/30"}],"replies":[{"embeddable":true,"href":"https:\/\/sisu.ut.ee\/kaasavharidus\/wp-json\/wp\/v2\/comments?post=5"}],"version-history":[{"count":1,"href":"https:\/\/sisu.ut.ee\/kaasavharidus\/wp-json\/wp\/v2\/pages\/5\/revisions"}],"predecessor-version":[{"id":61,"href":"https:\/\/sisu.ut.ee\/kaasavharidus\/wp-json\/wp\/v2\/pages\/5\/revisions\/61"}],"wp:attachment":[{"href":"https:\/\/sisu.ut.ee\/kaasavharidus\/wp-json\/wp\/v2\/media?parent=5"}],"curies":[{"name":"wp","href":"https:\/\/api.w.org\/{rel}","templated":true}]}}