{"id":19,"date":"2024-04-04T06:13:34","date_gmt":"2024-04-04T03:13:34","guid":{"rendered":"https:\/\/sisu.ut.ee\/kaasavharidus\/magistriope\/"},"modified":"2024-04-09T13:09:37","modified_gmt":"2024-04-09T10:09:37","slug":"magistriope","status":"publish","type":"page","link":"https:\/\/sisu.ut.ee\/kaasavharidus\/magistriope\/","title":{"rendered":"Kaasava hariduse magistri\u00f5pe"},"content":{"rendered":"<p>2021. aastal algas\u00a0Tartu \u00dclikoolis esimene vastuv\u00f5tt <strong>magistri\u00f5ppekavale \u201cKaasav haridus\u201d<\/strong>.<\/p>\n<p><strong>Vastuv\u00f5tt on avatud ka 2024. aastal, loe l\u00e4hemalt <a title=\"\" href=\"https:\/\/ut.ee\/et\/oppekavad\/kaasav-haridus\" target=\"_blank\" rel=\"noopener\" data-url=\"https:\/\/ut.ee\/et\/oppekavad\/kaasav-haridus\">siit<\/a>.<\/strong><\/p>\n<hr>\n<p><strong><span style=\"font-size: 16px;\">23. veebruari infotunni slaidid leiate siit:<\/span><\/strong><\/p>\n<p><a title=\"\" href=\"https:\/\/drive.google.com\/file\/d\/1cvfzMkve8t-anWjx_xhbzzwSNfNWWMhw\/view\" target=\"_blank\" rel=\"noopener\" data-url=\"https:\/\/drive.google.com\/file\/d\/1cvfzMkve8t-anWjx_xhbzzwSNfNWWMhw\/view\"><img loading=\"lazy\" decoding=\"async\" width=\"787\" height=\"444\" class=\"alignnone wp-image-24\" title=\"slaid.png\" src=\"https:\/\/sisu.ut.ee\/wp-content\/uploads\/sites\/434\/slaid.png\" alt=\"slaidid\" srcset=\"https:\/\/sisu.ut.ee\/wp-content\/uploads\/sites\/434\/slaid.png 787w, https:\/\/sisu.ut.ee\/wp-content\/uploads\/sites\/434\/slaid-300x169.png 300w, https:\/\/sisu.ut.ee\/wp-content\/uploads\/sites\/434\/slaid-768x433.png 768w\" sizes=\"auto, (max-width: 787px) 100vw, 787px\"><\/a><\/p>\n<hr>\n<p>\u00d5ppekava eesm\u00e4rk\u00a0on toetada \u00f5ppijaid kaasava hariduse rakendamisel haridusasutuses nii organisatsiooni kui ka \u00f5pper\u00fchma tasandil.<\/p>\n<p>\u00d5ppekavale oodatakse \u00f5ppijaid, kes:<\/p>\n<ul>\n<li><span style=\"line-height: normal;\"><span lang=\"EN\">omavad magistrikraadi v\u00f5i sellega v\u00f5rdsustatud kvalifikatsiooni,<\/span><\/span><\/li>\n<li><span style=\"line-height: normal;\"><span lang=\"EN\">on \u00f5petaja v\u00f5i eripedagoogi ametikohal t\u00f6\u00f6tanud\u00a0v\u00e4hemalt viis aastat,<\/span><\/span><\/li>\n<li><span lang=\"EN\"><span style=\"line-height: 115%;\">t\u00f6\u00f6tavad \u00f5pingute ajal\u00a0 \u00f5petaja, haridusasutuse juhi, eripedagoogi v\u00f5i muu tugispetsialistina. Juhi v\u00f5i muu tugispetsialistina t\u00f6\u00f6tades on vajalik \u00f5pingute ajal ka \u00f5petaja v\u00f5i eripedagoogi \u00fclesannete t\u00e4itmine.<\/span><\/span><\/li>\n<\/ul>\n<p><span style=\"line-height: normal;\"><span lang=\"EN\">\u00d5ppekava edukal l\u00e4bimisel \u00f5ppija:<\/span><\/span><\/p>\n<ul>\n<li><span style=\"line-height: normal;\"><span lang=\"EN\">teab kaasava hariduskorralduse p\u00f5him\u00f5tteid ja rakendusv\u00f5imalusi;<\/span><\/span><\/li>\n<li><span style=\"line-height: normal;\"><span lang=\"EN\">tunneb arengu ja \u00f5ppimise p\u00f5him\u00f5tteid, m\u00e4rkab \u00f5ppija vajadusi ning vastavalt sellele kohandab \u00f5pikeskkonda, tagades \u00f5pitoe ja eduelamuse;<\/span><\/span><\/li>\n<li><span style=\"line-height: normal;\"><span lang=\"EN\">oskab kujundada emotsionaalselt ja sotsiaalselt turvalist klassikliimat;<\/span><\/span><\/li>\n<li><span style=\"line-height: normal;\"><span lang=\"EN\">tunneb peamiste koost\u00f6\u00f6v\u00f5rgustike toimimise v\u00f5imalusi ning rakendab neid;<\/span><\/span><\/li>\n<li><span style=\"line-height: normal;\"><span lang=\"EN\">toetab kolleege ja n\u00f5ustab lapsevanemaid kaasava hariduse rakendamisel;<\/span><\/span><\/li>\n<li><span style=\"line-height: normal;\"><span lang=\"EN\">planeerib, anal\u00fc\u00fcsib ja hindab oma t\u00f6\u00f6d ning kavandada sellest l\u00e4htuvalt enesearengut;<\/span><\/span><\/li>\n<li><span lang=\"EN\"><span style=\"line-height: 115%;\">valib sobivad uurimismeetodeid \u00f5ppekeskkonna ning rakendatavate tugimeetmete t\u00f5hususe anal\u00fc\u00fcsimiseks ja arendamiseks.<\/span><\/span><\/li>\n<\/ul>\n<p>\u00d5ppimine toimub sessioon\u00f5ppena, \u00f5ppet\u00f6\u00f6 maht on\u00a060 EAP ning arvestuslik \u00f5ppeaeg 2 aastat.<\/p>\n<p><a title=\"\" href=\"https:\/\/ut.ee\/et\/oppekavad\/kaasav-haridus\" target=\"_blank\" rel=\"noopener\" data-url=\"https:\/\/ut.ee\/et\/oppekavad\/kaasav-haridus\">Rohkem infot sisseastumise kohta leiate Tartu \u00dclikooli veebilehelt.<\/a><\/p>\n<p>Programmijuht: Eneli Liblik, <a href=\"mailto:eneli.liblik@ut.ee\">eneli.liblik@ut.ee<\/a><\/p>\n","protected":false},"excerpt":{"rendered":"<p>2021. aastal algas\u00a0Tartu \u00dclikoolis esimene vastuv\u00f5tt magistri\u00f5ppekavale \u201cKaasav haridus\u201d. Vastuv\u00f5tt on avatud ka 2024. aastal, loe l\u00e4hemalt siit. 23. veebruari infotunni slaidid leiate siit: \u00d5ppekava eesm\u00e4rk\u00a0on toetada \u00f5ppijaid kaasava hariduse rakendamisel haridusasutuses nii organisatsiooni kui ka \u00f5pper\u00fchma tasandil. \u00d5ppekavale oodatakse &#8230;<\/p>\n","protected":false},"author":30,"featured_media":0,"parent":0,"menu_order":0,"comment_status":"closed","ping_status":"closed","template":"","meta":{"_acf_changed":false,"inline_featured_image":false,"footnotes":""},"class_list":["post-19","page","type-page","status-publish","hentry"],"acf":[],"_links":{"self":[{"href":"https:\/\/sisu.ut.ee\/kaasavharidus\/wp-json\/wp\/v2\/pages\/19","targetHints":{"allow":["GET"]}}],"collection":[{"href":"https:\/\/sisu.ut.ee\/kaasavharidus\/wp-json\/wp\/v2\/pages"}],"about":[{"href":"https:\/\/sisu.ut.ee\/kaasavharidus\/wp-json\/wp\/v2\/types\/page"}],"author":[{"embeddable":true,"href":"https:\/\/sisu.ut.ee\/kaasavharidus\/wp-json\/wp\/v2\/users\/30"}],"replies":[{"embeddable":true,"href":"https:\/\/sisu.ut.ee\/kaasavharidus\/wp-json\/wp\/v2\/comments?post=19"}],"version-history":[{"count":2,"href":"https:\/\/sisu.ut.ee\/kaasavharidus\/wp-json\/wp\/v2\/pages\/19\/revisions"}],"predecessor-version":[{"id":74,"href":"https:\/\/sisu.ut.ee\/kaasavharidus\/wp-json\/wp\/v2\/pages\/19\/revisions\/74"}],"wp:attachment":[{"href":"https:\/\/sisu.ut.ee\/kaasavharidus\/wp-json\/wp\/v2\/media?parent=19"}],"curies":[{"name":"wp","href":"https:\/\/api.w.org\/{rel}","templated":true}]}}