{"id":15,"date":"2024-04-04T06:13:34","date_gmt":"2024-04-04T03:13:34","guid":{"rendered":"https:\/\/sisu.ut.ee\/kaasavharidus\/avaleht-1\/"},"modified":"2024-04-09T13:10:44","modified_gmt":"2024-04-09T10:10:44","slug":"avaleht-1","status":"publish","type":"page","link":"https:\/\/sisu.ut.ee\/kaasavharidus\/","title":{"rendered":"Avaleht"},"content":{"rendered":"<p><strong>Kes me oleme?\u00a0<\/strong><img loading=\"lazy\" decoding=\"async\" class=\"alignnone wp-image-21\" style=\"width: 400px; height: 267px; float: right;\" title=\"Kaasava hariduse tooruhm 2020. aasta s\u00fcgisel\" src=\"https:\/\/sisu.ut.ee\/wp-content\/uploads\/sites\/434\/mg_6740-scaled.jpg\" alt=\"Kaasava hariduse tooruhm\" width=\"560\" height=\"373\" srcset=\"https:\/\/sisu.ut.ee\/wp-content\/uploads\/sites\/434\/mg_6740-scaled.jpg 2560w, https:\/\/sisu.ut.ee\/wp-content\/uploads\/sites\/434\/mg_6740-300x200.jpg 300w, https:\/\/sisu.ut.ee\/wp-content\/uploads\/sites\/434\/mg_6740-1024x683.jpg 1024w, https:\/\/sisu.ut.ee\/wp-content\/uploads\/sites\/434\/mg_6740-768x512.jpg 768w, https:\/\/sisu.ut.ee\/wp-content\/uploads\/sites\/434\/mg_6740-1536x1024.jpg 1536w, https:\/\/sisu.ut.ee\/wp-content\/uploads\/sites\/434\/mg_6740-2048x1365.jpg 2048w, https:\/\/sisu.ut.ee\/wp-content\/uploads\/sites\/434\/mg_6740-1920x1280.jpg 1920w\" sizes=\"auto, (max-width: 560px) 100vw, 560px\"><\/p>\n<p>Selle veebilehe on koostanud Tartu \u00dclikooli kaasava hariduse t\u00f6\u00f6r\u00fchm. 2018. aastal alustasime koost\u00f6\u00f6s Tallinna \u00dclikooliga projekti \u201cKaasava hariduse \u00f5ppekava \u00f5petamise kvaliteedi arendamine ja t\u00f5hustamine\u201d. 2019. aasta s\u00fcgisel alustas esimene koolimeeskond \u00f5ppimist <a title=\"\" href=\"https:\/\/sisu.ut.ee\/kaasavharidus\/taienduskoolitus\" rel=\"noopener\" data-url=\"https:\/\/sisu.ut.ee\/kaasavharidus\/taienduskoolitus\">kaasava hariduse t\u00e4iendkoolitusel<\/a>. Selle katsetamise raames kasvas Tartu \u00dclikoolis v\u00e4lja <a title=\"\" href=\"https:\/\/ut.ee\/et\/oppekavad\/kaasav-haridus\" target=\"_blank\" rel=\"noopener\" data-url=\"https:\/\/ut.ee\/et\/oppekavad\/kaasav-haridus\">kaasava hariduse magistri\u00f5ppekava<\/a> (esimesed \u00f5ppijad alustasid 2021). Koolitusprogrammide raames viime l\u00e4bi ka <a title=\"\" href=\"https:\/\/sisu.ut.ee\/kaasavharidus\/teadust%C3%B6%C3%B6\" rel=\"noopener\" data-url=\"https:\/\/sisu.ut.ee\/kaasavharidus\/teadust%C3%B6%C3%B6\">teadustood<\/a>, uurides\u00a0nende m\u00f5ju\u00a0osalejate teadmistele ja hoiakutele.<\/p>\n<p><strong>Mis on kaasav haridus?<\/strong><\/p>\n<p>L\u00e4htume arusaamast, et kaasavaks hariduseks nimetatakse inim\u00f5igusi arvestavat ja heale haridusele ligip\u00e4\u00e4su v\u00f5imaldavat l\u00e4henemisviisi, kus lapsed\/\u00f5ppijad tajuvad sotsiaalset integratsiooni ja kuuluvustunnet laiemas sotsiaalses v\u00f5rgustikus, hoolimata nende erivajadustest, ning kaasamine saavutatakse laste\/\u00f5ppijate aktiivse m\u00f5testatud osaluse ja personaalse l\u00e4henemise kaudu lapse\/\u00f5ppija arengu toetamisel tema t\u00e4ielikku potentsiaali arvestades (Nelis &amp; Pedaste, avaldamisel).<img decoding=\"async\" src=\"https:\/\/drive.google.com\/file\/d\/1Rf1z3nBN42aIuCXWreazqX6w9dwCVVm8\/view?usp=sharing\" alt=\"\"><\/p>\n<p><strong>Miks kaasav haridus?<\/strong><\/p>\n<p>Kaasava hariduse rakendamine on Eestis v\u00f5etud poliitiliselt eesm\u00e4rgiks juba 2010. aastast. Samas on see praktikas veel endiselt suur v\u00e4ljakutse, mis tekitab k\u00fcsimusi ja ebakindlust, kas see on\u00a0\u00f5ige tee laiemalt \u00fchiskonnas ja kitsamalt lasteaedades ja koolides edasi liikumiseks. Sellel lehel pakume nii \u00f5petajatele kui teistele huvilistele teemakohast lisateavet.<\/p>\n<p><img loading=\"lazy\" decoding=\"async\" width=\"447\" height=\"223\" class=\"alignnone wp-image-22\" style=\"width: 447px; height: 223px;\" title=\"logo.jpg\" src=\"https:\/\/sisu.ut.ee\/wp-content\/uploads\/sites\/434\/logo.jpg\" alt=\"Tartu \u00dclikooli \u00f5petajahariduse kompetentsikeskuse Pedagogicum teadus- ja arendusv\u00f5imekuse  t\u00f5stmine\u201c 2014-2020.1.02.18-0645 raames.\" srcset=\"https:\/\/sisu.ut.ee\/wp-content\/uploads\/sites\/434\/logo.jpg 447w, https:\/\/sisu.ut.ee\/wp-content\/uploads\/sites\/434\/logo-300x150.jpg 300w\" sizes=\"auto, (max-width: 447px) 100vw, 447px\"><\/p>\n<p><span style=\"font-size: 14px;\"><strong>Tartu \u00dclikooli \u00f5petajahariduse kompetentsikeskuse Pedagogicum teadus- ja arendusv\u00f5imekuse\u00a0t\u00f5stmine\u201c 2014-2020.1.02.18-0645 raames.<\/strong><\/span><\/p>\n","protected":false},"excerpt":{"rendered":"<p>Kes me oleme?\u00a0 Selle veebilehe on koostanud Tartu \u00dclikooli kaasava hariduse t\u00f6\u00f6r\u00fchm. 2018. aastal alustasime koost\u00f6\u00f6s Tallinna \u00dclikooliga projekti \u201cKaasava hariduse \u00f5ppekava \u00f5petamise kvaliteedi arendamine ja t\u00f5hustamine\u201d. 2019. aasta s\u00fcgisel alustas esimene koolimeeskond \u00f5ppimist kaasava hariduse t\u00e4iendkoolitusel. Selle katsetamise raames &#8230;<\/p>\n","protected":false},"author":30,"featured_media":0,"parent":0,"menu_order":0,"comment_status":"closed","ping_status":"closed","template":"","meta":{"_acf_changed":false,"inline_featured_image":false,"footnotes":""},"class_list":["post-15","page","type-page","status-publish","hentry"],"acf":[],"_links":{"self":[{"href":"https:\/\/sisu.ut.ee\/kaasavharidus\/wp-json\/wp\/v2\/pages\/15","targetHints":{"allow":["GET"]}}],"collection":[{"href":"https:\/\/sisu.ut.ee\/kaasavharidus\/wp-json\/wp\/v2\/pages"}],"about":[{"href":"https:\/\/sisu.ut.ee\/kaasavharidus\/wp-json\/wp\/v2\/types\/page"}],"author":[{"embeddable":true,"href":"https:\/\/sisu.ut.ee\/kaasavharidus\/wp-json\/wp\/v2\/users\/30"}],"replies":[{"embeddable":true,"href":"https:\/\/sisu.ut.ee\/kaasavharidus\/wp-json\/wp\/v2\/comments?post=15"}],"version-history":[{"count":5,"href":"https:\/\/sisu.ut.ee\/kaasavharidus\/wp-json\/wp\/v2\/pages\/15\/revisions"}],"predecessor-version":[{"id":75,"href":"https:\/\/sisu.ut.ee\/kaasavharidus\/wp-json\/wp\/v2\/pages\/15\/revisions\/75"}],"wp:attachment":[{"href":"https:\/\/sisu.ut.ee\/kaasavharidus\/wp-json\/wp\/v2\/media?parent=15"}],"curies":[{"name":"wp","href":"https:\/\/api.w.org\/{rel}","templated":true}]}}