{"id":90,"date":"2024-04-09T10:04:37","date_gmt":"2024-04-09T07:04:37","guid":{"rendered":"https:\/\/sisu.ut.ee\/juureravi5\/?page_id=90"},"modified":"2024-04-09T10:04:37","modified_gmt":"2024-04-09T07:04:37","slug":"kontrolltest","status":"publish","type":"page","link":"https:\/\/sisu.ut.ee\/juureravi5\/kontrolltest\/","title":{"rendered":"Kontrolltest"},"content":{"rendered":"<div id=\"watupro_quiz\" class=\"quiz-area single-page-quiz\">\n<p id=\"submittingExam1\" style=\"display:none;text-align:center;\"><img loading=\"lazy\" decoding=\"async\" src=\"https:\/\/sisu.ut.ee\/wp-content\/plugins\/watupro\/img\/loading.gif\" width=\"16\" height=\"16\"><\/p>\n\n<div class=\"watupro-exam-description\" id=\"description-quiz-1\"><p>Test koosneb k\u00fcmnest k\u00fcsimusest, milledest igal k\u00fcsimusel on vastusevariantidena v\u00e4lja pakutud 4 v\u00e4idet. V\u00e4idetest on \u00f5ige <strong>v\u00e4hemalt<\/strong> \u00fcks, kuid \u00f5iged v\u00f5ivad olla ka <strong>k\u00f5ik<\/strong> neli. <strong>Hinnata tuleb k\u00f5iki v\u00e4iteid eraldi!<\/strong> Testi tegemisel on eelduseks k\u00e4esoleva \u00f5piobjekti omandamine. Soovin edu!<\/p>\n<\/div>\n\n<form action=\"\" method=\"post\" class=\"quiz-form\" id=\"quiz-1\" enctype=\"multipart\/form-data\">\n<div class=\"watu-question \" id=\"question-1\" style=\";\"><div id=\"questionWrap-1\" class=\"  watupro-required-2 watupro-question-id-2\">\n\t\t\t<div class=\"question-content\"><div><p><span style=\"line-height: 1.6em;\">Mida on v\u00f5imalik suurendada\/v\u00e4hendada instrumendi ristl\u00e4bil\u00f5iget muutes?<\/span><\/p><\/div><input type=\"hidden\" name=\"question_id[]\" id=\"qID_1\" value=\"2\" class=\"watupro-question-id\"><input type=\"hidden\" id=\"answerType2\" class=\"answerTypeCnt1\" value=\"checkbox\"><input type=\"hidden\" id=\"watupro-required-question-2\"><!-- end question-content--><\/div><div class=\"question-choices watupro-choices-columns \" id=\"questionChoices2\"><div class=\"watupro-question-choice  \" dir=\"auto\"><input type=\"checkbox\" name=\"answer-2[]\" id=\"answer-id-5\" class=\"answer   answerof-2 \" value=\"5\"><label for=\"answer-id-5\" id=\"answer-label-5\" class=\" answer\"><span><p>instrumendi kontaktala dentiiniseinaga<\/p><\/span><\/label><\/div><div class=\"watupro-question-choice  \" dir=\"auto\"><input type=\"checkbox\" name=\"answer-2[]\" id=\"answer-id-7\" class=\"answer   answerof-2 \" value=\"7\"><label for=\"answer-id-7\" id=\"answer-label-7\" class=\" answer\"><span><p>instrumendi metallimassi<\/p><\/span><\/label><\/div><div class=\"watupro-question-choice  \" dir=\"auto\"><input type=\"checkbox\" name=\"answer-2[]\" id=\"answer-id-6\" class=\"answer   answerof-2 \" value=\"6\"><label for=\"answer-id-6\" id=\"answer-label-6\" class=\" answer\"><span><p>instrumendi painduvust<\/p><\/span><\/label><\/div><div class=\"watupro-question-choice  \" dir=\"auto\"><input type=\"checkbox\" name=\"answer-2[]\" id=\"answer-id-8\" class=\"answer   answerof-2 \" value=\"8\"><label for=\"answer-id-8\" id=\"answer-label-8\" class=\" answer\"><span><p>ristl\u00e4bil\u00f5ige ei oma erilist t\u00e4htsust v\u00f5rreldes teiste parameetritega<\/p><\/span><\/label><\/div><!-- end question-choices--><\/div><!-- end questionWrap--><\/div><\/div><div class=\"watu-question \" id=\"question-2\" style=\";\"><div id=\"questionWrap-2\" class=\"  watupro-required-4 watupro-question-id-4\">\n\t\t\t<div class=\"question-content\"><div><p><span style=\"line-height: 1.6em;\">Nikkeltitaanist viilide pinnat\u00f6\u00f6tlus titaannitriidiga:<\/span><\/p><\/div><input type=\"hidden\" name=\"question_id[]\" id=\"qID_2\" value=\"4\" class=\"watupro-question-id\"><input type=\"hidden\" id=\"answerType4\" class=\"answerTypeCnt2\" value=\"checkbox\"><input type=\"hidden\" id=\"watupro-required-question-4\"><!-- end question-content--><\/div><div class=\"question-choices watupro-choices-columns \" id=\"questionChoices4\"><div class=\"watupro-question-choice  \" dir=\"auto\"><input type=\"checkbox\" name=\"answer-4[]\" id=\"answer-id-15\" class=\"answer   answerof-4 \" value=\"15\"><label for=\"answer-id-15\" id=\"answer-label-15\" class=\" answer\"><span><p>parandab korrosiooniresistentsust<\/p><\/span><\/label><\/div><div class=\"watupro-question-choice  \" dir=\"auto\"><input type=\"checkbox\" name=\"answer-4[]\" id=\"answer-id-14\" class=\"answer   answerof-4 \" value=\"14\"><label for=\"answer-id-14\" id=\"answer-label-14\" class=\" answer\"><span><p>parandab instrumendi l\u00f5ikavaid omadusi<\/p><\/span><\/label><\/div><div class=\"watupro-question-choice  \" dir=\"auto\"><input type=\"checkbox\" name=\"answer-4[]\" id=\"answer-id-13\" class=\"answer   answerof-4 \" value=\"13\"><label for=\"answer-id-13\" id=\"answer-label-13\" class=\" answer\"><span><p>aitab parandada viili pinna ebaregulaarsusi<\/p><\/span><\/label><\/div><div class=\"watupro-question-choice  \" dir=\"auto\"><input type=\"checkbox\" name=\"answer-4[]\" id=\"answer-id-16\" class=\"answer   answerof-4 \" value=\"16\"><label for=\"answer-id-16\" id=\"answer-label-16\" class=\" answer\"><span><p>v\u00e4hendab v\u00e4simuse teket metallis<\/p><\/span><\/label><\/div><!-- end question-choices--><\/div><!-- end questionWrap--><\/div><\/div><div class=\"watu-question \" id=\"question-3\" style=\";\"><div id=\"questionWrap-3\" class=\"  watupro-required-7 watupro-question-id-7\">\n\t\t\t<div class=\"question-content\"><div><p><span style=\"line-height: 1.6em;\">Instrumenteerimisel teostatav nn. \u00a0\u201ep\u00fchkiv\u201d liigutus:<\/span><\/p><\/div><input type=\"hidden\" name=\"question_id[]\" id=\"qID_3\" value=\"7\" class=\"watupro-question-id\"><input type=\"hidden\" id=\"answerType7\" class=\"answerTypeCnt3\" value=\"checkbox\"><input type=\"hidden\" id=\"watupro-required-question-7\"><!-- end question-content--><\/div><div class=\"question-choices watupro-choices-columns \" id=\"questionChoices7\"><div class=\"watupro-question-choice  \" dir=\"auto\"><input type=\"checkbox\" name=\"answer-7[]\" id=\"answer-id-25\" class=\"answer   answerof-7 \" value=\"25\"><label for=\"answer-id-25\" id=\"answer-label-25\" class=\" answer\"><span><p>teostatakse antikurvatuuri viilimismeetodil<\/p><\/span><\/label><\/div><div class=\"watupro-question-choice  \" dir=\"auto\"><input type=\"checkbox\" name=\"answer-7[]\" id=\"answer-id-27\" class=\"answer   answerof-7 \" value=\"27\"><label for=\"answer-id-27\" id=\"answer-label-27\" class=\" answer\"><span><p>on kasutusel juurekanali tipuosa preparatsioonil<\/p><\/span><\/label><\/div><div class=\"watupro-question-choice  \" dir=\"auto\"><input type=\"checkbox\" name=\"answer-7[]\" id=\"answer-id-26\" class=\"answer   answerof-7 \" value=\"26\"><label for=\"answer-id-26\" id=\"answer-label-26\" class=\" answer\"><span><p>teostatakse koronaalselt apikaalsele<\/p><\/span><\/label><\/div><div class=\"watupro-question-choice  \" dir=\"auto\"><input type=\"checkbox\" name=\"answer-7[]\" id=\"answer-id-28\" class=\"answer   answerof-7 \" value=\"28\"><label for=\"answer-id-28\" id=\"answer-label-28\" class=\" answer\"><span><p>teostatakse vaid viilidega, millega minnakse juurekanalis t\u00f6\u00f6pikkusesse<\/p><\/span><\/label><\/div><!-- end question-choices--><\/div><!-- end questionWrap--><\/div><\/div><div class=\"watu-question \" id=\"question-4\" style=\";\"><div id=\"questionWrap-4\" class=\"  watupro-required-6 watupro-question-id-6\">\n\t\t\t<div class=\"question-content\"><div><p><span style=\"line-height: 1.6em;\">\u00d5ige v\u00e4\u00e4ndemoment roteeruvate nikkeltitaanist instrumentidega t\u00f6\u00f6tamisel on vajalik, et:<\/span><\/p><\/div><input type=\"hidden\" name=\"question_id[]\" id=\"qID_4\" value=\"6\" class=\"watupro-question-id\"><input type=\"hidden\" id=\"answerType6\" class=\"answerTypeCnt4\" value=\"checkbox\"><input type=\"hidden\" id=\"watupro-required-question-6\"><!-- end question-content--><\/div><div class=\"question-choices watupro-choices-columns \" id=\"questionChoices6\"><div class=\"watupro-question-choice  \" dir=\"auto\"><input type=\"checkbox\" name=\"answer-6[]\" id=\"answer-id-22\" class=\"answer   answerof-6 \" value=\"22\"><label for=\"answer-id-22\" id=\"answer-label-22\" class=\" answer\"><span><p>instrumentatsioon oleks maksimaalselt t\u00f5hus<\/p><\/span><\/label><\/div><div class=\"watupro-question-choice  \" dir=\"auto\"><input type=\"checkbox\" name=\"answer-6[]\" id=\"answer-id-24\" class=\"answer   answerof-6 \" value=\"24\"><label for=\"answer-id-24\" id=\"answer-label-24\" class=\" answer\"><span><p>v\u00e4ltida instrumendi fraktuure<\/p><\/span><\/label><\/div><div class=\"watupro-question-choice  \" dir=\"auto\"><input type=\"checkbox\" name=\"answer-6[]\" id=\"answer-id-23\" class=\"answer   answerof-6 \" value=\"23\"><label for=\"answer-id-23\" id=\"answer-label-23\" class=\" answer\"><span><p>saavutada instrumentide v\u00e4ikseim p\u00f6\u00f6rlemiskiirus<\/p><\/span><\/label><\/div><div class=\"watupro-question-choice  \" dir=\"auto\"><input type=\"checkbox\" name=\"answer-6[]\" id=\"answer-id-21\" class=\"answer   answerof-6 \" value=\"21\"><label for=\"answer-id-21\" id=\"answer-label-21\" class=\" answer\"><span><p>instrumentatsioon toimuks sulami austeniitse ja martensiitse alg- ja l\u00f5pp-punktide vahel<\/p><\/span><\/label><\/div><!-- end question-choices--><\/div><!-- end questionWrap--><\/div><\/div><div class=\"watu-question \" id=\"question-5\" style=\";\"><div id=\"questionWrap-5\" class=\"  watupro-required-3 watupro-question-id-3\">\n\t\t\t<div class=\"question-content\"><div><p><span style=\"line-height: 1.6em;\">Mis on radiaalala?<\/span><\/p><\/div><input type=\"hidden\" name=\"question_id[]\" id=\"qID_5\" value=\"3\" class=\"watupro-question-id\"><input type=\"hidden\" id=\"answerType3\" class=\"answerTypeCnt5\" value=\"checkbox\"><input type=\"hidden\" id=\"watupro-required-question-3\"><!-- end question-content--><\/div><div class=\"question-choices watupro-choices-columns \" id=\"questionChoices3\"><div class=\"watupro-question-choice  \" dir=\"auto\"><input type=\"checkbox\" name=\"answer-3[]\" id=\"answer-id-11\" class=\"answer   answerof-3 \" value=\"11\"><label for=\"answer-id-11\" id=\"answer-label-11\" class=\" answer\"><span><p>element, mis esineb k\u00f5igil instrumentidel, mille t\u00f6\u00f6tava osa pikkus on 16 mm<\/p><\/span><\/label><\/div><div class=\"watupro-question-choice  \" dir=\"auto\"><input type=\"checkbox\" name=\"answer-3[]\" id=\"answer-id-9\" class=\"answer   answerof-3 \" value=\"9\"><label for=\"answer-id-9\" id=\"answer-label-9\" class=\" answer\"><span><p>aktiivse instrumendi osa<\/p><\/span><\/label><\/div><div class=\"watupro-question-choice  \" dir=\"auto\"><input type=\"checkbox\" name=\"answer-3[]\" id=\"answer-id-10\" class=\"answer   answerof-3 \" value=\"10\"><label for=\"answer-id-10\" id=\"answer-label-10\" class=\" answer\"><span><p>l\u00f5iketeradevaheline tasapind<\/p><\/span><\/label><\/div><div class=\"watupro-question-choice  \" dir=\"auto\"><input type=\"checkbox\" name=\"answer-3[]\" id=\"answer-id-12\" class=\"answer   answerof-3 \" value=\"12\"><label for=\"answer-id-12\" id=\"answer-label-12\" class=\" answer\"><span><p>instrumendi osa, mis v\u00e4hendab sissekruvimist, kuid suurendab h\u00f5\u00f5rdetegurit instrumendi ja dentiiniseina vahel<\/p><\/span><\/label><\/div><!-- end question-choices--><\/div><!-- end questionWrap--><\/div><\/div><div class=\"watu-question \" id=\"question-6\" style=\";\"><div id=\"questionWrap-6\" class=\"  watupro-required-5 watupro-question-id-5\">\n\t\t\t<div class=\"question-content\"><div><p><span style=\"line-height: 1.6em;\">Milline on turvalisim kiirus nikkeltitaanist roteeruvate instrumentidega t\u00f6\u00f6tamiseks?<\/span><\/p><\/div><input type=\"hidden\" name=\"question_id[]\" id=\"qID_6\" value=\"5\" class=\"watupro-question-id\"><input type=\"hidden\" id=\"answerType5\" class=\"answerTypeCnt6\" value=\"checkbox\"><input type=\"hidden\" id=\"watupro-required-question-5\"><!-- end question-content--><\/div><div class=\"question-choices watupro-choices-columns \" id=\"questionChoices5\"><div class=\"watupro-question-choice  \" dir=\"auto\"><input type=\"checkbox\" name=\"answer-5[]\" id=\"answer-id-18\" class=\"answer   answerof-5 \" value=\"18\"><label for=\"answer-id-18\" id=\"answer-label-18\" class=\" answer\"><span><p>200 rpm<\/p><\/span><\/label><\/div><div class=\"watupro-question-choice  \" dir=\"auto\"><input type=\"checkbox\" name=\"answer-5[]\" id=\"answer-id-20\" class=\"answer   answerof-5 \" value=\"20\"><label for=\"answer-id-20\" id=\"answer-label-20\" class=\" answer\"><span><p>600 rpm<\/p><\/span><\/label><\/div><div class=\"watupro-question-choice  \" dir=\"auto\"><input type=\"checkbox\" name=\"answer-5[]\" id=\"answer-id-17\" class=\"answer   answerof-5 \" value=\"17\"><label for=\"answer-id-17\" id=\"answer-label-17\" class=\" answer\"><span><p>suurim tootja poolt lubatud kiirus<\/p><\/span><\/label><\/div><div class=\"watupro-question-choice  \" dir=\"auto\"><input type=\"checkbox\" name=\"answer-5[]\" id=\"answer-id-19\" class=\"answer   answerof-5 \" value=\"19\"><label for=\"answer-id-19\" id=\"answer-label-19\" class=\" answer\"><span><p>madalaim tootja poolt lubatud kiirus<\/p><\/span><\/label><\/div><!-- end question-choices--><\/div><!-- end questionWrap--><\/div><\/div><div class=\"watu-question \" id=\"question-7\" style=\";\"><div id=\"questionWrap-7\" class=\"  watupro-required-1 watupro-question-id-1\">\n\t\t\t<div class=\"question-content\"><div><p><span style=\"line-height: 1.6em;\">Mis iseloomustab t\u00f6mbi tipudisainiga instrumenti?<\/span><\/p><\/div><input type=\"hidden\" name=\"question_id[]\" id=\"qID_7\" value=\"1\" class=\"watupro-question-id\"><input type=\"hidden\" id=\"answerType1\" class=\"answerTypeCnt7\" value=\"checkbox\"><input type=\"hidden\" id=\"watupro-required-question-1\"><!-- end question-content--><\/div><div class=\"question-choices watupro-choices-columns \" id=\"questionChoices1\"><div class=\"watupro-question-choice  \" dir=\"auto\"><input type=\"checkbox\" name=\"answer-1[]\" id=\"answer-id-1\" class=\"answer   answerof-1 \" value=\"1\"><label for=\"answer-id-1\" id=\"answer-label-1\" class=\" answer\"><span><p>tekitab kergesti juurekanali transportatsiooni<\/p><\/span><\/label><\/div><div class=\"watupro-question-choice  \" dir=\"auto\"><input type=\"checkbox\" name=\"answer-1[]\" id=\"answer-id-2\" class=\"answer   answerof-1 \" value=\"2\"><label for=\"answer-id-2\" id=\"answer-label-2\" class=\" answer\"><span><p>juhib passiivselt instrumenti l\u00e4bi juurekanali<\/p><\/span><\/label><\/div><div class=\"watupro-question-choice  \" dir=\"auto\"><input type=\"checkbox\" name=\"answer-1[]\" id=\"answer-id-4\" class=\"answer   answerof-1 \" value=\"4\"><label for=\"answer-id-4\" id=\"answer-label-4\" class=\" answer\"><span><p>preparatsiooni efektiivsuse suurendamiseks tuleb kasutada j\u00f5udu<\/p><\/span><\/label><\/div><div class=\"watupro-question-choice  \" dir=\"auto\"><input type=\"checkbox\" name=\"answer-1[]\" id=\"answer-id-3\" class=\"answer   answerof-1 \" value=\"3\"><label for=\"answer-id-3\" id=\"answer-label-3\" class=\" answer\"><span><p>l\u00f5ikab juurekanalit aktiivselt<\/p><\/span><\/label><\/div><!-- end question-choices--><\/div><!-- end questionWrap--><\/div><\/div><div class=\"watu-question \" id=\"question-8\" style=\";\"><div id=\"questionWrap-8\" class=\"  watupro-required-8 watupro-question-id-8\">\n\t\t\t<div class=\"question-content\"><div><p><span style=\"line-height: 1.6em;\">Retsiprokeerumine on:<\/span><\/p><\/div><input type=\"hidden\" name=\"question_id[]\" id=\"qID_8\" value=\"8\" class=\"watupro-question-id\"><input type=\"hidden\" id=\"answerType8\" class=\"answerTypeCnt8\" value=\"checkbox\"><input type=\"hidden\" id=\"watupro-required-question-8\"><!-- end question-content--><\/div><div class=\"question-choices watupro-choices-columns \" id=\"questionChoices8\"><div class=\"watupro-question-choice  \" dir=\"auto\"><input type=\"checkbox\" name=\"answer-8[]\" id=\"answer-id-29\" class=\"answer   answerof-8 \" value=\"29\"><label for=\"answer-id-29\" id=\"answer-label-29\" class=\" answer\"><span><p>viili pidevrotatsioon 360\u2070 kellaosuti liikumise suunas<\/p><\/span><\/label><\/div><div class=\"watupro-question-choice  \" dir=\"auto\"><input type=\"checkbox\" name=\"answer-8[]\" id=\"answer-id-31\" class=\"answer   answerof-8 \" value=\"31\"><label for=\"answer-id-31\" id=\"answer-label-31\" class=\" answer\"><span><p>reguleeritav instrumenteerija k\u00e4eliste oskustega<\/p><\/span><\/label><\/div><div class=\"watupro-question-choice  \" dir=\"auto\"><input type=\"checkbox\" name=\"answer-8[]\" id=\"answer-id-32\" class=\"answer   answerof-8 \" value=\"32\"><label for=\"answer-id-32\" id=\"answer-label-32\" class=\" answer\"><span><p>kasutusel instrumendi tipuosa pitsumise ja v\u00e4\u00e4ndepingemurru tekke v\u00f5imaluse v\u00e4hendamiseks<\/p><\/span><\/label><\/div><div class=\"watupro-question-choice  \" dir=\"auto\"><input type=\"checkbox\" name=\"answer-8[]\" id=\"answer-id-30\" class=\"answer   answerof-8 \" value=\"30\"><label for=\"answer-id-30\" id=\"answer-label-30\" class=\" answer\"><span><p>viili vahelduvrotatsioon p\u00e4ri- ja vastup\u00e4eva<\/p><\/span><\/label><\/div><!-- end question-choices--><\/div><!-- end questionWrap--><\/div><\/div><div class=\"watu-question \" id=\"question-9\" style=\";\"><div id=\"questionWrap-9\" class=\"  watupro-required-9 watupro-question-id-9\">\n\t\t\t<div class=\"question-content\"><div><p><span style=\"line-height: 1.6em;\">Nikkeltitaanist n\u00e4puinstrumentidega instrumentatsioonil on soovitatav kasutada:<\/span><\/p><\/div><input type=\"hidden\" name=\"question_id[]\" id=\"qID_9\" value=\"9\" class=\"watupro-question-id\"><input type=\"hidden\" id=\"answerType9\" class=\"answerTypeCnt9\" value=\"checkbox\"><input type=\"hidden\" id=\"watupro-required-question-9\"><!-- end question-content--><\/div><div class=\"question-choices watupro-choices-columns \" id=\"questionChoices9\"><div class=\"watupro-question-choice  \" dir=\"auto\"><input type=\"checkbox\" name=\"answer-9[]\" id=\"answer-id-33\" class=\"answer   answerof-9 \" value=\"33\"><label for=\"answer-id-33\" id=\"answer-label-33\" class=\" answer\"><span><p>maksimaalset j\u00f5udu<\/p><\/span><\/label><\/div><div class=\"watupro-question-choice  \" dir=\"auto\"><input type=\"checkbox\" name=\"answer-9[]\" id=\"answer-id-34\" class=\"answer   answerof-9 \" value=\"34\"><label for=\"answer-id-34\" id=\"answer-label-34\" class=\" answer\"><span><p>tasakaalustatud j\u00f5udude tehnikat<\/p><\/span><\/label><\/div><div class=\"watupro-question-choice  \" dir=\"auto\"><input type=\"checkbox\" name=\"answer-9[]\" id=\"answer-id-36\" class=\"answer   answerof-9 \" value=\"36\"><label for=\"answer-id-36\" id=\"answer-label-36\" class=\" answer\"><span><p><em>crown-down<\/em> preparatsioonitehnikat<\/p><\/span><\/label><\/div><div class=\"watupro-question-choice  \" dir=\"auto\"><input type=\"checkbox\" name=\"answer-9[]\" id=\"answer-id-35\" class=\"answer   answerof-9 \" value=\"35\"><label for=\"answer-id-35\" id=\"answer-label-35\" class=\" answer\"><span><p><em>step-back<\/em> preparatsioonitehnikat<\/p><\/span><\/label><\/div><!-- end question-choices--><\/div><!-- end questionWrap--><\/div><\/div><div class=\"watu-question \" id=\"question-10\" style=\";\"><div id=\"questionWrap-10\" class=\"  watupro-required-10 watupro-question-id-10\">\n\t\t\t<div class=\"question-content\"><div><p><span style=\"line-height: 1.6em;\">Mis antud v\u00e4idetest on t\u00f5ene\/t\u00f5esed?<\/span><\/p><\/div><input type=\"hidden\" name=\"question_id[]\" id=\"qID_10\" value=\"10\" class=\"watupro-question-id\"><input type=\"hidden\" id=\"answerType10\" class=\"answerTypeCnt10\" value=\"checkbox\"><input type=\"hidden\" id=\"watupro-required-question-10\"><!-- end question-content--><\/div><div class=\"question-choices watupro-choices-columns \" id=\"questionChoices10\"><div class=\"watupro-question-choice  \" dir=\"auto\"><input type=\"checkbox\" name=\"answer-10[]\" id=\"answer-id-38\" class=\"answer   answerof-10 \" value=\"38\"><label for=\"answer-id-38\" id=\"answer-label-38\" class=\" answer\"><span><p>mida suurem on kontaktpind, seda suurem on vajalik v\u00e4\u00e4ne<\/p><\/span><\/label><\/div><div class=\"watupro-question-choice  \" dir=\"auto\"><input type=\"checkbox\" name=\"answer-10[]\" id=\"answer-id-40\" class=\"answer   answerof-10 \" value=\"40\"><label for=\"answer-id-40\" id=\"answer-label-40\" class=\" answer\"><span><p>l\u00f5ikamise efektiivsus\u00a0ja\u00a0viili rigiidsus\u00a0m\u00e4\u00e4ravad v\u00f5imaluse juurekanali\u00a0transportatsiooni tekkeks<\/p><\/span><\/label><\/div><div class=\"watupro-question-choice  \" dir=\"auto\"><input type=\"checkbox\" name=\"answer-10[]\" id=\"answer-id-39\" class=\"answer   answerof-10 \" value=\"39\"><label for=\"answer-id-39\" id=\"answer-label-39\" class=\" answer\"><span><p>mida j\u00e4rsem kurvatuur, seda kiiremini viil v\u00e4sib<\/p><\/span><\/label><\/div><div class=\"watupro-question-choice  \" dir=\"auto\"><input type=\"checkbox\" name=\"answer-10[]\" id=\"answer-id-37\" class=\"answer   answerof-10 \" value=\"37\"><label for=\"answer-id-37\" id=\"answer-label-37\" class=\" answer\"><span><p>k\u00f5ik roteeruvad instrumendid j\u00e4tavad preparatsiooniprahi kanali seintele<\/p><\/span><\/label><\/div><!-- end question-choices--><\/div><!-- end questionWrap--><\/div><\/div><div style=\"display:none\" id=\"question-11\">\n\t<div class=\"question-content\">\n\t\t<img loading=\"lazy\" decoding=\"async\" src=\"https:\/\/sisu.ut.ee\/wp-content\/plugins\/watupro\/img\/loading.gif\" width=\"16\" height=\"16\" alt=\"Loading...\" title=\"Loading...\">\u00a0Loading...\t<\/div>\n<\/div>\n\n<br>\n\t\n\t\t\t<div class=\"watupro_buttons flex \" id=\"watuPROButtons1\">\n\t\t  <div id=\"prev-question\" style=\"display:none;\"><input type=\"button\" value=\"&lt; Previous\" onclick=\"WatuPRO.nextQuestion(event, 'previous');\"><\/div>\t\t  \t\t  \t\t   \n\t\t   \t  \t\t<div><input type=\"button\" name=\"action\" class=\"watupro-submit-button\" onclick=\"WatuPRO.submitResult(event)\" id=\"action-button\" value=\"View Results\">\n\t\t<\/div>\n\t\t<\/div>\n\t\t\n\t<input type=\"hidden\" name=\"quiz_id\" value=\"1\" id=\"watuPROExamID\">\n\t<input type=\"hidden\" name=\"start_time\" id=\"startTime\" value=\"2026-04-15 05:56:20\">\n\t<input type=\"hidden\" name=\"start_timestamp\" id=\"startTimeStamp\" value=\"1776232580\">\n\t<input type=\"hidden\" name=\"question_ids\" value=\"\">\n\t<input type=\"hidden\" name=\"watupro_questions\" value=\"2:5,7,6,8 | 4:15,14,13,16 | 7:25,27,26,28 | 6:22,24,23,21 | 3:11,9,10,12 | 5:18,20,17,19 | 1:1,2,4,3 | 8:29,31,32,30 | 9:33,34,36,35 | 10:38,40,39,37\">\n\t<input type=\"hidden\" name=\"no_ajax\" value=\"0\">\t\t\t<\/form>\n\t<p>\u00a0<\/p>\n<\/div>\n\n<script type=\"text\/javascript\">\n\/\/jQuery(document).ready(function(){\ndocument.addEventListener(\"DOMContentLoaded\", function(event) { \t\nvar question_ids = \"2,4,7,6,3,5,1,8,9,10\";\nWatuPROSettings[1] = {};\nWatuPRO.qArr = question_ids.split(',');\nWatuPRO.exam_id = 1;\t    \nWatuPRO.post_id = 90;\nWatuPRO.store_progress = 0;\nWatuPRO.curCatPage = 1;\nWatuPRO.requiredIDs=\"0,2,4,7,6,3,5,1,8,9,10\".split(\",\");\nWatuPRO.hAppID = \"0.74524300 1776221780\";\nvar url = \"https:\/\/sisu.ut.ee\/wp-content\/plugins\/watupro\/show_exam.php\";\nWatuPRO.examMode = 1;\nWatuPRO.siteURL=\"https:\/\/sisu.ut.ee\/juureravi5\/wp-admin\/admin-ajax.php\";\nWatuPRO.emailIsNotRequired = 0;\nWatuPRO.perDecade = 10;\nWatuPROIntel.init(1);\nWatuPRO.inCategoryPages=1;});    \t \n<\/script>\n\n","protected":false},"excerpt":{"rendered":"","protected":false},"author":9,"featured_media":0,"parent":0,"menu_order":0,"comment_status":"closed","ping_status":"closed","template":"","meta":{"_acf_changed":false,"inline_featured_image":false,"footnotes":""},"class_list":["post-90","page","type-page","status-publish","hentry"],"acf":[],"_links":{"self":[{"href":"https:\/\/sisu.ut.ee\/juureravi5\/wp-json\/wp\/v2\/pages\/90","targetHints":{"allow":["GET"]}}],"collection":[{"href":"https:\/\/sisu.ut.ee\/juureravi5\/wp-json\/wp\/v2\/pages"}],"about":[{"href":"https:\/\/sisu.ut.ee\/juureravi5\/wp-json\/wp\/v2\/types\/page"}],"author":[{"embeddable":true,"href":"https:\/\/sisu.ut.ee\/juureravi5\/wp-json\/wp\/v2\/users\/9"}],"replies":[{"embeddable":true,"href":"https:\/\/sisu.ut.ee\/juureravi5\/wp-json\/wp\/v2\/comments?post=90"}],"version-history":[{"count":1,"href":"https:\/\/sisu.ut.ee\/juureravi5\/wp-json\/wp\/v2\/pages\/90\/revisions"}],"predecessor-version":[{"id":91,"href":"https:\/\/sisu.ut.ee\/juureravi5\/wp-json\/wp\/v2\/pages\/90\/revisions\/91"}],"wp:attachment":[{"href":"https:\/\/sisu.ut.ee\/juureravi5\/wp-json\/wp\/v2\/media?parent=90"}],"curies":[{"name":"wp","href":"https:\/\/api.w.org\/{rel}","templated":true}]}}