{"id":7,"date":"2024-04-03T23:13:54","date_gmt":"2024-04-03T20:13:54","guid":{"rendered":"https:\/\/sisu.ut.ee\/juureravi5\/4-nikkeltitaanist-roteeruvad-instrumendisusteemid\/"},"modified":"2024-04-03T23:14:00","modified_gmt":"2024-04-03T20:14:00","slug":"4-nikkeltitaanist-roteeruvad-instrumendisusteemid","status":"publish","type":"page","link":"https:\/\/sisu.ut.ee\/juureravi5\/4-nikkeltitaanist-roteeruvad-instrumendisusteemid\/","title":{"rendered":"4. Nikkeltitaanist roteeruvad instrumendis\u00fcsteemid"},"content":{"rendered":"<p><span style=\"line-height: 1.6em\"><img loading=\"lazy\" decoding=\"async\" width=\"150\" height=\"172\" class=\"alignnone wp-image-28\" style=\"float: right;margin-left: 10px;margin-right: 10px\" src=\"https:\/\/sisu.ut.ee\/wp-content\/uploads\/sites\/43\/4-0.png\" title=\"4-0.png\" alt=\"4-0.png\">Kasutusel on olnud mitmeid viilis\u00fcsteeme. M\u00f5ned neist on turule j\u00e4\u00e4nud, m\u00f5ned on v\u00e4hem kasutusel v\u00f5i turult hoopis taandunud. Hetkel kasutatakse maailmas \u00fcle 70 erineva nikkeltitaanist viilis\u00fcsteemi. Enamikul neist on saadaval ka s\u00fcsteemile vastavad pabertihvtid ja t\u00e4itetihvtid.<br><\/span><\/p>\n<p><em><span style=\"line-height: 1.6em\">Pildil on ProTaper s\u00fcsteemi viil F1 ning viilile vastav gutapert\u0161tihvt (<a href=\"https:\/\/www.dentsply.co.uk\/Products\/Endodontics\/Obturation\/Paper-Gutta-Percha-Points.aspx\" target=\"_blank\" rel=\"noopener\">https:\/\/www.dentsply.co.uk\/Products\/Endodontics\/Obturation\/Paper-Gutta-Percha-Points.aspx<\/a>).<\/span><\/em><\/p>\n<p>Roteeruvaid nikkeltitaanist instrumendis\u00fcsteeme on tinglikult jaotatud p\u00f5lvkondadeks.<\/p>\n<p>Esimesse p\u00f5lvkonda kuuluvad k\u00f5ik mitmeviilis\u00fcsteemid, mille t\u00f6\u00f6taval osal on kindlalt progresseeruv koonilisus (4 %, 6 %, 8 % jt.) ning radiaalalad, mis hoiavad t\u00f6\u00f6tavat instrumenti kanalis tsentreerituna.<\/p>\n<p>Teise p\u00f5lvkonna moodustavad mitmeviilis\u00fcsteemid, mille koonilisus varieerub t\u00f6\u00f6taval osal (progressiivne v\u00f5i regressiivne), l\u00f5iketerad on aktiivsed, pole radiaalalasid ning kanali preparatsioon vajab v\u00e4hem instrumente. Instrumendi pinnad on enamjaolt elektropoleeritud, mille t\u00f5ttu v\u00e4heneb instrumendi terade l\u00f5ikamisefektiivsus. Selle t\u00f5ttu on vajalik suurem apikaalne surve, suureneb viili sissekruvimisoht ning v\u00e4\u00e4ndemoment roteeruval instrumendil, mis v\u00f5ib viia instrumendi murdumiseni. Seda \u00fcritatakse parandada erinevate ristl\u00e4bil\u00f5ike disaainide ning rotatsioonikiiruse suurendamisega.<\/p>\n<p>Kolmanda p\u00f5lvkonna instrumentide valmistamisel kasutatakse uusi nikkeltitaani sulameid, mille vastupidavus ts\u00fcklilisele v\u00e4simusele on suurem kui traditsioonilisel nikkeltitaanil (300-800x suurem vastavalt s\u00fcsteemile) ning murdumisrisk on v\u00e4iksem. Selle p\u00f5lvkonna instrumentidega on turvalisem t\u00f6\u00f6tada v\u00e4ga k\u00f5verates juurekanalites. Metallide kuumt\u00f6\u00f6tlemise nii positiivne kui negatiivne efekt on see, et viilid muutuvad v\u00e4ga pehmeteks. N\u00e4idetena v\u00f5ib tuua s\u00fcsteemid TwistedFile (Axis|SybronEndo), HyFlex (Colt\u00e8ne) ning GT, Vortex ja WaveOne (DENTSPLY TulsaDentalSpecialties).<\/p>\n<p>Neljanda p\u00f5lvkonna viilidel kasutatakseretsiprokeeruvat viilide liikumist ning nn. \u00fcheviili tehnikaid. Retsiprokeerumise kohta saab t\u00e4psemalt lugeda lehek\u00fcljelt <a href=\"https:\/\/sisu.ut.ee\/juureravi5\/2-elektrilised-mootorid-roteeruvatele-instrumentidele\" target=\"_blank\" rel=\"noopener\">https:\/\/sisu.ut.ee\/juureravi5\/2-elektrilised-mootorid-roteeruvatele-instrumentidele<\/a> . Tuntuimad selle p\u00f5lvkonnaesindajad on WaveOne(DENTSPLY TulsaDentalSpecialties) ning Reciproc (VDW).<\/p>\n<p>Viies generatsioon viile on disainitud nii, et viili ristl\u00e4bil\u00f5ike massikese ja\/v\u00f5i rotatsiooni keskpunkt on kogu aeg tsentrist v\u00e4ljas. Nii tekib aktiivne liikumislaine viili t\u00f6\u00f6tava osa pikkuses. See viib miinimumini viili pitsumise seinadentiini t\u00f6\u00f6tamise ajal, suurendab painduvust ning h\u00f5lbustab preparatsiooniprahi v\u00e4ljutamist. N\u00e4ited selle generatsiooni s\u00fcsteemidest oleksid Revo S (Medidenta), OneShape (Micro-Mega) ja ProTaperNext (DentsplyTulsaDentalSpecialities).<\/p>\n","protected":false},"excerpt":{"rendered":"<p>Kasutusel on olnud mitmeid viilis\u00fcsteeme. M\u00f5ned neist on turule j\u00e4\u00e4nud, m\u00f5ned on v\u00e4hem kasutusel v\u00f5i turult hoopis taandunud. Hetkel kasutatakse maailmas \u00fcle 70 erineva nikkeltitaanist viilis\u00fcsteemi. Enamikul neist on saadaval ka s\u00fcsteemile vastavad pabertihvtid ja t\u00e4itetihvtid. Pildil on ProTaper s\u00fcsteemi &#8230;<\/p>\n","protected":false},"author":12,"featured_media":0,"parent":0,"menu_order":0,"comment_status":"closed","ping_status":"closed","template":"","meta":{"_acf_changed":false,"inline_featured_image":false,"footnotes":""},"class_list":["post-7","page","type-page","status-publish","hentry"],"acf":[],"_links":{"self":[{"href":"https:\/\/sisu.ut.ee\/juureravi5\/wp-json\/wp\/v2\/pages\/7","targetHints":{"allow":["GET"]}}],"collection":[{"href":"https:\/\/sisu.ut.ee\/juureravi5\/wp-json\/wp\/v2\/pages"}],"about":[{"href":"https:\/\/sisu.ut.ee\/juureravi5\/wp-json\/wp\/v2\/types\/page"}],"author":[{"embeddable":true,"href":"https:\/\/sisu.ut.ee\/juureravi5\/wp-json\/wp\/v2\/users\/12"}],"replies":[{"embeddable":true,"href":"https:\/\/sisu.ut.ee\/juureravi5\/wp-json\/wp\/v2\/comments?post=7"}],"version-history":[{"count":1,"href":"https:\/\/sisu.ut.ee\/juureravi5\/wp-json\/wp\/v2\/pages\/7\/revisions"}],"predecessor-version":[{"id":75,"href":"https:\/\/sisu.ut.ee\/juureravi5\/wp-json\/wp\/v2\/pages\/7\/revisions\/75"}],"wp:attachment":[{"href":"https:\/\/sisu.ut.ee\/juureravi5\/wp-json\/wp\/v2\/media?parent=7"}],"curies":[{"name":"wp","href":"https:\/\/api.w.org\/{rel}","templated":true}]}}