{"id":14,"date":"2024-04-03T23:13:55","date_gmt":"2024-04-03T20:13:55","guid":{"rendered":"https:\/\/sisu.ut.ee\/juureravi5\/avaleht\/"},"modified":"2024-04-09T10:01:09","modified_gmt":"2024-04-09T07:01:09","slug":"avaleht","status":"publish","type":"page","link":"https:\/\/sisu.ut.ee\/juureravi5\/","title":{"rendered":"Avaleht"},"content":{"rendered":"<p style=\"text-align: left;\"><strong>Autor: Anne-Ly Elhi, suu- ja hambahaiguste assistent<\/strong><br>\n<strong>Tartu \u00dclikool, Arstiteaduskond, Stomatoloogia kliinik, 2013<\/strong><\/p>\n<p>Juurekanalite instrumentatsiooni eesm\u00e4rgiks on anda kanalile j\u00e4tkuvalt kooniline kuju ning piisav ruum t\u00e4itematerjali jaoks. Vaid v\u00e4heste instrumentide ja tehnikatega hambaravi ajaloos on olnud v\u00f5imalik veatu prepartatsioon.<\/p>\n<p>Suur h\u00fcpe paremate tulemuste poole endodontias sai v\u00f5imalikuks nikkeltitaanist juureravi instrumentide kasutusele v\u00f5tmisel. T\u00e4nap\u00e4eval on nikkeltitaanist instrumentide valik v\u00e4ga lai. Igal roteeruval instrumendis\u00fcsteemil on omad kasutusreeglid ja erip\u00e4rad. M\u00f5ned instrumentide s\u00fcsteemid on aegade jooksul turult kadunud v\u00f5i kasutatakse neid v\u00e4ga v\u00e4he, teised \u2013 vastupidi \u2013 on j\u00e4tkuvalt laialt kasutuses.<\/p>\n<p>Antud \u00f5piobjekt annab m\u00f5ningaid juhiseid, kuidas selles kirjus nikkeltitaanist instrumentide maailmas orienteeruda ning milliseid parameetreid ning meetodeid on soovitatav j\u00e4rgida. Materjal on m\u00f5eldud eelk\u00f5ige hambaravi \u00fcli\u00f5pilastele juureravi praktikumi t\u00e4iendosana. \u00d5piobjektist saadud teadmisi saab edukalt rakendada hilisemas t\u00f6\u00f6s patsientidega. Materjal aitab v\u00e4rskendada ka praktiseerivate hambaarstidele teadmisi.\u00a0\u00d5piobjekti l\u00e4bimiseks kulub ligikaudu 4 akadeemilist tundi.<\/p>\n<p><img loading=\"lazy\" decoding=\"async\" width=\"566\" height=\"260\" class=\"alignnone wp-image-41 aligncenter\" style=\"margin-left: auto; margin-right: auto;\" title=\"avaleht-1.png\" src=\"https:\/\/sisu.ut.ee\/wp-content\/uploads\/sites\/43\/avaleht-1.png\" alt=\"avaleht-1.png\" srcset=\"https:\/\/sisu.ut.ee\/wp-content\/uploads\/sites\/43\/avaleht-1.png 566w, https:\/\/sisu.ut.ee\/wp-content\/uploads\/sites\/43\/avaleht-1-300x138.png 300w\" sizes=\"auto, (max-width: 566px) 100vw, 566px\"><\/p>\n<p><em>Roteeruvate nikkeltitaanist instrumentidega prepareeritud juurekanalite rekonstruktsioon mikrokompuutertomograafiga. A preoperatiivne kujutis rohelisega; B postoperatiivne kujutis punasega; C M\u00f5lema pildi kohakuti asetamine paljastab alad, mida pole instrumendiga t\u00f6\u00f6deldud (Quintessene International, vol 41, nr 6, juuni 2010).\u00a0<\/em><\/p>\n<p><em><img loading=\"lazy\" decoding=\"async\" width=\"461\" height=\"110\" class=\"alignnone wp-image-42 aligncenter\" style=\"margin-left: auto; margin-right: auto;\" title=\"best_esf.png\" src=\"https:\/\/sisu.ut.ee\/wp-content\/uploads\/sites\/43\/best_esf.png\" alt=\"best_esf.png\" srcset=\"https:\/\/sisu.ut.ee\/wp-content\/uploads\/sites\/43\/best_esf.png 461w, https:\/\/sisu.ut.ee\/wp-content\/uploads\/sites\/43\/best_esf-300x72.png 300w\" sizes=\"auto, (max-width: 461px) 100vw, 461px\"><\/em><\/p>\n","protected":false},"excerpt":{"rendered":"<p>Autor: Anne-Ly Elhi, suu- ja hambahaiguste assistent Tartu \u00dclikool, Arstiteaduskond, Stomatoloogia kliinik, 2013 Juurekanalite instrumentatsiooni eesm\u00e4rgiks on anda kanalile j\u00e4tkuvalt kooniline kuju ning piisav ruum t\u00e4itematerjali jaoks. Vaid v\u00e4heste instrumentide ja tehnikatega hambaravi ajaloos on olnud v\u00f5imalik veatu prepartatsioon. Suur &#8230;<\/p>\n","protected":false},"author":12,"featured_media":0,"parent":0,"menu_order":0,"comment_status":"closed","ping_status":"closed","template":"","meta":{"_acf_changed":false,"inline_featured_image":false,"footnotes":""},"class_list":["post-14","page","type-page","status-publish","hentry"],"acf":[],"_links":{"self":[{"href":"https:\/\/sisu.ut.ee\/juureravi5\/wp-json\/wp\/v2\/pages\/14","targetHints":{"allow":["GET"]}}],"collection":[{"href":"https:\/\/sisu.ut.ee\/juureravi5\/wp-json\/wp\/v2\/pages"}],"about":[{"href":"https:\/\/sisu.ut.ee\/juureravi5\/wp-json\/wp\/v2\/types\/page"}],"author":[{"embeddable":true,"href":"https:\/\/sisu.ut.ee\/juureravi5\/wp-json\/wp\/v2\/users\/12"}],"replies":[{"embeddable":true,"href":"https:\/\/sisu.ut.ee\/juureravi5\/wp-json\/wp\/v2\/comments?post=14"}],"version-history":[{"count":2,"href":"https:\/\/sisu.ut.ee\/juureravi5\/wp-json\/wp\/v2\/pages\/14\/revisions"}],"predecessor-version":[{"id":85,"href":"https:\/\/sisu.ut.ee\/juureravi5\/wp-json\/wp\/v2\/pages\/14\/revisions\/85"}],"wp:attachment":[{"href":"https:\/\/sisu.ut.ee\/juureravi5\/wp-json\/wp\/v2\/media?parent=14"}],"curies":[{"name":"wp","href":"https:\/\/api.w.org\/{rel}","templated":true}]}}