{"id":13,"date":"2024-04-03T23:13:55","date_gmt":"2024-04-03T20:13:55","guid":{"rendered":"https:\/\/sisu.ut.ee\/juureravi5\/kokkuvote\/"},"modified":"2024-04-03T23:14:00","modified_gmt":"2024-04-03T20:14:00","slug":"kokkuvote","status":"publish","type":"page","link":"https:\/\/sisu.ut.ee\/juureravi5\/kokkuvote\/","title":{"rendered":"Kokkuv\u00f5te"},"content":{"rendered":"<p><img loading=\"lazy\" decoding=\"async\" width=\"360\" height=\"475\" class=\"alignnone wp-image-40\" style=\"float: right;margin: 25px 5px\" src=\"https:\/\/sisu.ut.ee\/wp-content\/uploads\/sites\/43\/kokkuvote2.png\" title=\"kokkuvote2.png\" alt=\"kokkuvote2.png\" srcset=\"https:\/\/sisu.ut.ee\/wp-content\/uploads\/sites\/43\/kokkuvote2.png 360w, https:\/\/sisu.ut.ee\/wp-content\/uploads\/sites\/43\/kokkuvote2-227x300.png 227w\" sizes=\"auto, (max-width: 360px) 100vw, 360px\">Juurekanalite instrumentatsiooni eesm\u00e4rgiks on anda kanalile j\u00e4tkuvalt kooniline kuju ning piisav ruum t\u00e4itematerjali jaoks. Instrumentatsiooni on v\u00f5imalik teostada kasutades erinevaid instrumente ja tehnikaid. Oluline on v\u00f5imalike tekkivate preparatsioonivigade ennetamine ja v\u00e4ltimine.<\/p>\n<p>Kaasajal kasutatakse palju nikkeltitaanist instrumente. Neil varieeruvad omadused, disain, kasutustehnikad ja kriteeriumid turvaliseks t\u00f6\u00f6tamiseks. Antud \u00f5piobjektis on antud \u00fclevaade erinevatest instrumentide disainielementidest, tuntumatest instrumendis\u00fcsteemidest ning nende kasutustehnikatest. \u00dchtset valemit instrumentide vaikul pole. Iga hammas on unikaalne. Iga juurekanali jaoks on vajalik hinnata hamba juurekanali pikkust, diameetrit, kuju, kurvartuure jne. Sellest oleneb, millist instrumenti ja kuidas kasutada.<\/p>\n<p>Kui instrumentatsioon ja desinfektsioon hambas on olnud edukas, siis on hammas valmis juuret\u00e4idise asetamiseks, mille erinevatest v\u00f5imalustest ja kriteeriumidest annab \u00fclevaate \u00f5piobjekt \u201c<a href=\"http:\/\/sisu.ut.ee\/juureravi1\" target=\"_blank\" rel=\"noopener\">Hammaste juurekanalite erinevad t\u00e4itmistehnikad<\/a>\u201d.<\/p>\n<p><em style=\"line-height: 1.6em\">Pildil on hammas 27, millel on n\u00e4ha korrektsed juuret\u00e4idised ning puudub periapikaalne radiolutsents.<\/em><\/p>\n","protected":false},"excerpt":{"rendered":"<p>Juurekanalite instrumentatsiooni eesm\u00e4rgiks on anda kanalile j\u00e4tkuvalt kooniline kuju ning piisav ruum t\u00e4itematerjali jaoks. Instrumentatsiooni on v\u00f5imalik teostada kasutades erinevaid instrumente ja tehnikaid. Oluline on v\u00f5imalike tekkivate preparatsioonivigade ennetamine ja v\u00e4ltimine. Kaasajal kasutatakse palju nikkeltitaanist instrumente. Neil varieeruvad omadused, disain, &#8230;<\/p>\n","protected":false},"author":12,"featured_media":0,"parent":0,"menu_order":0,"comment_status":"closed","ping_status":"closed","template":"","meta":{"_acf_changed":false,"inline_featured_image":false,"footnotes":""},"class_list":["post-13","page","type-page","status-publish","hentry"],"acf":[],"_links":{"self":[{"href":"https:\/\/sisu.ut.ee\/juureravi5\/wp-json\/wp\/v2\/pages\/13","targetHints":{"allow":["GET"]}}],"collection":[{"href":"https:\/\/sisu.ut.ee\/juureravi5\/wp-json\/wp\/v2\/pages"}],"about":[{"href":"https:\/\/sisu.ut.ee\/juureravi5\/wp-json\/wp\/v2\/types\/page"}],"author":[{"embeddable":true,"href":"https:\/\/sisu.ut.ee\/juureravi5\/wp-json\/wp\/v2\/users\/12"}],"replies":[{"embeddable":true,"href":"https:\/\/sisu.ut.ee\/juureravi5\/wp-json\/wp\/v2\/comments?post=13"}],"version-history":[{"count":1,"href":"https:\/\/sisu.ut.ee\/juureravi5\/wp-json\/wp\/v2\/pages\/13\/revisions"}],"predecessor-version":[{"id":69,"href":"https:\/\/sisu.ut.ee\/juureravi5\/wp-json\/wp\/v2\/pages\/13\/revisions\/69"}],"wp:attachment":[{"href":"https:\/\/sisu.ut.ee\/juureravi5\/wp-json\/wp\/v2\/media?parent=13"}],"curies":[{"name":"wp","href":"https:\/\/api.w.org\/{rel}","templated":true}]}}