{"id":11,"date":"2024-04-03T23:13:55","date_gmt":"2024-04-03T20:13:55","guid":{"rendered":"https:\/\/sisu.ut.ee\/juureravi5\/6-instrumenteerimistulemused-erinevaid-susteeme-kasutades\/"},"modified":"2024-04-03T23:14:00","modified_gmt":"2024-04-03T20:14:00","slug":"6-instrumenteerimistulemused-erinevaid-susteeme-kasutades","status":"publish","type":"page","link":"https:\/\/sisu.ut.ee\/juureravi5\/6-instrumenteerimistulemused-erinevaid-susteeme-kasutades\/","title":{"rendered":"6. Instrumentatsiooni tulemused erinevaid s\u00fcsteeme kasutades"},"content":{"rendered":"<p><span style=\"line-height: 1.6em\">Kuidas orienteeruda nendes parameetrite virr-varris? Kuidas valida endale sobiv instrument, mis t\u00f6\u00f6taks efektiivselt, oleks t\u00f6\u00f6kindel, s\u00e4ilitaks juurekanali kurvatuuri ning paikneks instrumenteerides tsentriliselt?<\/span><\/p>\n<p>J\u00e4rgnevalt m\u00f5ned t\u00e4helepanekud instrumentide, instrumentatsiooni ning instrumenteeritud juurekanalite kohta.<\/p>\n<ol>\n<li><strong>Koronaalses kolmandikus<\/strong> on instrumentide t\u00f6\u00f6 efektiivsem kui apikaalses kolmandikus.<\/li>\n<li><strong>K\u00f5ik roteeruvad instrumendid j\u00e4tavad preparatsiooniprahi kanali seintele.<\/strong> Heaks tulemuseks on vajalik kombineerida mehaanilist instrumentatsiooni ja keemilist t\u00f6\u00f6tlust (loputuslahused, vahepanused).<\/li>\n<li>Passiivsed instrumendid radiaalaladega kipuvad preparatsiooniprahti seinte vastu suruma, <strong>aktiivsed instrumendid<\/strong> positiivse l\u00f5ikenurgaga <strong>eemaldavad preparatsiooniprahi juurekanalist efektiivsemalt<\/strong>.<\/li>\n<li>Efektiivsuse suurendamiseks: mida v\u00e4iksem on viili kontaktala juurekanali dentiiniga (t\u00f6\u00f6tav osa v\u00e4iksem, pole radiaalalasid jne.), seda suurem peaks olema rotatsioonikiirus.<\/li>\n<li><strong>Mida teravam on viili l\u00f5ikeserv, seda v\u00e4hem peaks olema l\u00f5iketerasid viili pikkus\u00fchiku kohta<\/strong>.<\/li>\n<li><strong>Efektiivse l\u00f5ikedisainiga viilil on vaja v\u00e4hem v\u00e4\u00e4net, survet ja aega<\/strong>, et juurekanalit laiendada.<\/li>\n<li>Sirges juurekanalis tagab viili diameeter vastupidavuse v\u00e4\u00e4ndele, k\u00f5verates juurekanalites on see suhe p\u00f6\u00f6rdv\u00f5rdeline.<\/li>\n<li>Instrumendi t\u00f6\u00f6tamiseks vajaliku v\u00e4\u00e4nde suurus muutub otseselt koos instrumendi ja dentiini kontaktpinna suurusega. <strong>Mida suurem kontaktpind, seda suurem on vajalik v\u00e4\u00e4ne.<\/strong><\/li>\n<li>Viili v\u00e4simus suureneb preparatsioonil tehtud rotatsioonide arvuga ehk <strong>mida suurem on rotatsioonikiirus, seda kiiremini viil v\u00e4sib.<\/strong><\/li>\n<li>Viili v\u00e4simus suureneb vastavalt kurvatuuri kraadiga ehk <strong>mida j\u00e4rsem kurvatuur, seda kiiremini viil v\u00e4sib.<\/strong><\/li>\n<li><strong>Viili v\u00e4simus suureneb viili diameetriga<\/strong>.<\/li>\n<li>Mida rohkem on viili keermetel sarnaseid helikaalnurkasid, seda suurem t\u00f5en\u00e4osus on viili sissekruvimiseks ja pitsumiseks juurekanalis.<\/li>\n<li>Turvalisuse huvides on vajalik kasutada instrumente, millel on <strong>t\u00f6mp mitteprepareeriv tipuosa<\/strong>.<\/li>\n<li>Preparatsioonil esineb <strong>v\u00e4hem transportatsioone,<\/strong> kui viilil on parem painduvus, as\u00fcmmeetriline ristl\u00e4bil\u00f5ige ja\/v\u00f5i radiaalala.<\/li>\n<li><strong>L\u00f5ikamise efektiivsus<\/strong> ja <strong>viili rigiidsus<\/strong> m\u00e4\u00e4ravad v\u00f5imaluse juurekanali <strong>transportatsiooni <\/strong>tekkeks.<\/li>\n<li>Mida suurem on instrumendi suurus ja koonilisus, seda suurem v\u00e4\u00e4ndemoment ja sageneb fraktuurioht.<\/li>\n<\/ol>\n","protected":false},"excerpt":{"rendered":"<p>Kuidas orienteeruda nendes parameetrite virr-varris? Kuidas valida endale sobiv instrument, mis t\u00f6\u00f6taks efektiivselt, oleks t\u00f6\u00f6kindel, s\u00e4ilitaks juurekanali kurvatuuri ning paikneks instrumenteerides tsentriliselt? J\u00e4rgnevalt m\u00f5ned t\u00e4helepanekud instrumentide, instrumentatsiooni ning instrumenteeritud juurekanalite kohta. Koronaalses kolmandikus on instrumentide t\u00f6\u00f6 efektiivsem kui apikaalses kolmandikus. &#8230;<\/p>\n","protected":false},"author":12,"featured_media":0,"parent":0,"menu_order":0,"comment_status":"closed","ping_status":"closed","template":"","meta":{"_acf_changed":false,"inline_featured_image":false,"footnotes":""},"class_list":["post-11","page","type-page","status-publish","hentry"],"acf":[],"_links":{"self":[{"href":"https:\/\/sisu.ut.ee\/juureravi5\/wp-json\/wp\/v2\/pages\/11","targetHints":{"allow":["GET"]}}],"collection":[{"href":"https:\/\/sisu.ut.ee\/juureravi5\/wp-json\/wp\/v2\/pages"}],"about":[{"href":"https:\/\/sisu.ut.ee\/juureravi5\/wp-json\/wp\/v2\/types\/page"}],"author":[{"embeddable":true,"href":"https:\/\/sisu.ut.ee\/juureravi5\/wp-json\/wp\/v2\/users\/12"}],"replies":[{"embeddable":true,"href":"https:\/\/sisu.ut.ee\/juureravi5\/wp-json\/wp\/v2\/comments?post=11"}],"version-history":[{"count":1,"href":"https:\/\/sisu.ut.ee\/juureravi5\/wp-json\/wp\/v2\/pages\/11\/revisions"}],"predecessor-version":[{"id":71,"href":"https:\/\/sisu.ut.ee\/juureravi5\/wp-json\/wp\/v2\/pages\/11\/revisions\/71"}],"wp:attachment":[{"href":"https:\/\/sisu.ut.ee\/juureravi5\/wp-json\/wp\/v2\/media?parent=11"}],"curies":[{"name":"wp","href":"https:\/\/api.w.org\/{rel}","templated":true}]}}