{"id":9,"date":"2024-04-03T23:13:49","date_gmt":"2024-04-03T20:13:49","guid":{"rendered":"https:\/\/sisu.ut.ee\/juureravi4\/kokkuvote\/"},"modified":"2024-04-03T23:13:53","modified_gmt":"2024-04-03T20:13:53","slug":"kokkuvote","status":"publish","type":"page","link":"https:\/\/sisu.ut.ee\/juureravi4\/kokkuvote\/","title":{"rendered":"Kokkuv\u00f5te"},"content":{"rendered":"<p><img loading=\"lazy\" decoding=\"async\" width=\"422\" height=\"563\" class=\"alignnone wp-image-20\" style=\"line-height: 1.6em;text-align: right;float: right;margin: 15px 5px\" src=\"https:\/\/sisu.ut.ee\/wp-content\/uploads\/sites\/42\/lavrikov_lopp_1_1.jpg\" title=\"lavrikov_lopp_1_1.jpg\" alt=\"lavrikov_lopp_1_1.jpg\" srcset=\"https:\/\/sisu.ut.ee\/wp-content\/uploads\/sites\/42\/lavrikov_lopp_1_1.jpg 422w, https:\/\/sisu.ut.ee\/wp-content\/uploads\/sites\/42\/lavrikov_lopp_1_1-225x300.jpg 225w\" sizes=\"auto, (max-width: 422px) 100vw, 422px\">Juurekanalite mehaanilist preparatsiooni on \u00f5igusega peetud \u00fcheks olulisemaks faasiks juurekanalite ravis. Selleks, et preparatsioon oleks korrektne ja n\u00f5uetekohane, peab oskama kombineerida erinevaid instrumente ja instrumenteerimistehnikaid.<\/p>\n<p>Kaasajal on juurekanalite preparatsioonil eelstatud nikkeltitaanist instrumendid. Need t\u00f6\u00f6riistad on superelastsed ja vastupidavad ts\u00fcklilisele v\u00e4simusele ning neid saab suurep\u00e4raselt kasutada k\u00f5verates juurekanalites. Instrumendid aitavad v\u00e4ltida juurekanalites tekkivaid ummistusi, astmeid, transportatsioone ning perforatsioone, kuid need fraktureeruvad tunduvalt sagedamini kui roostevabast terasest instrumendid.<\/p>\n<p>Nikkeltitaanist instrumentide kasutamisel on lisaks sulami omap\u00e4rale oluline valida ka sobiva disainiga instrumendid ning kasutustehnikad. Kuidas seda teha ning mille alusel valida instrumente erinevate ravijuhtude jaoks, sellest juba j\u00e4rgnevas \u00f5piobjektis \u201c<a href=\"http:\/\/sisu.ut.ee\/\/juureravi5\" target=\"_blank\" rel=\"noopener\">Hammaste juurekanalite preparatsioon nikkeltitaanist instrumente kasutades<\/a>\u201d.<\/p>\n<p><em>Pildil on hambad 24 ja 25. Viimatimainitul on teostatud juureravi \u00fcmberravi nikkeltitaanist instrumente kasutades ning tulemuseks on kena juureravi, kus juuret\u00e4idis on tihe, piisava koonilisusega ja juuretipuni. Juuret\u00e4idis j\u00e4rgib juurekanali kulgu ning periapikaalne radolutsents puudub. Hammas on valmis tihvti ja krooni paigaldamiseks. Hambal 24 on n\u00e4ha puuduv krooniosa, kruvi fragment juurekanalis ning h\u00f5re juuret\u00e4idis, mis ei ulatu juurekanali t\u00e4ispikkusesse. Tulemusena on tekkinud periapikaalne radiolutsentne kolle. Hammas vajab juureravi \u00fcmberravi ning koronaalset taastamist.<\/em><\/p>\n","protected":false},"excerpt":{"rendered":"<p>Juurekanalite mehaanilist preparatsiooni on \u00f5igusega peetud \u00fcheks olulisemaks faasiks juurekanalite ravis. Selleks, et preparatsioon oleks korrektne ja n\u00f5uetekohane, peab oskama kombineerida erinevaid instrumente ja instrumenteerimistehnikaid. Kaasajal on juurekanalite preparatsioonil eelstatud nikkeltitaanist instrumendid. Need t\u00f6\u00f6riistad on superelastsed ja vastupidavad ts\u00fcklilisele v\u00e4simusele &#8230;<\/p>\n","protected":false},"author":12,"featured_media":0,"parent":0,"menu_order":0,"comment_status":"closed","ping_status":"closed","template":"","meta":{"_acf_changed":false,"inline_featured_image":false,"footnotes":""},"class_list":["post-9","page","type-page","status-publish","hentry"],"acf":[],"_links":{"self":[{"href":"https:\/\/sisu.ut.ee\/juureravi4\/wp-json\/wp\/v2\/pages\/9","targetHints":{"allow":["GET"]}}],"collection":[{"href":"https:\/\/sisu.ut.ee\/juureravi4\/wp-json\/wp\/v2\/pages"}],"about":[{"href":"https:\/\/sisu.ut.ee\/juureravi4\/wp-json\/wp\/v2\/types\/page"}],"author":[{"embeddable":true,"href":"https:\/\/sisu.ut.ee\/juureravi4\/wp-json\/wp\/v2\/users\/12"}],"replies":[{"embeddable":true,"href":"https:\/\/sisu.ut.ee\/juureravi4\/wp-json\/wp\/v2\/comments?post=9"}],"version-history":[{"count":1,"href":"https:\/\/sisu.ut.ee\/juureravi4\/wp-json\/wp\/v2\/pages\/9\/revisions"}],"predecessor-version":[{"id":46,"href":"https:\/\/sisu.ut.ee\/juureravi4\/wp-json\/wp\/v2\/pages\/9\/revisions\/46"}],"wp:attachment":[{"href":"https:\/\/sisu.ut.ee\/juureravi4\/wp-json\/wp\/v2\/media?parent=9"}],"curies":[{"name":"wp","href":"https:\/\/api.w.org\/{rel}","templated":true}]}}