{"id":6,"date":"2024-04-03T23:12:52","date_gmt":"2024-04-03T20:12:52","guid":{"rendered":"https:\/\/sisu.ut.ee\/juureravi3\/2-juurekanalite-preparatsioon\/"},"modified":"2024-04-09T09:28:36","modified_gmt":"2024-04-09T06:28:36","slug":"2-juurekanalite-preparatsioon","status":"publish","type":"page","link":"https:\/\/sisu.ut.ee\/juureravi3\/2-juurekanalite-preparatsioon\/","title":{"rendered":"2. Juurekanalite preparatsioon"},"content":{"rendered":"<p>Hammaste juurekanalite mehaaniliseks preparatsiooniks on v\u00e4ga palju erinevaid tehnikaid. K\u00f5igi eesm\u00e4rgiks on elimineerida infektsioon v\u00f5imalikult v\u00e4heinvasiivselt ja hammast s\u00e4\u00e4stvalt.<\/p>\n<p>Eeldused ideaalseks juurekanali preparatsiooniks:<\/p>\n<ul>\n<li><span style=\"line-height: 1.6em;\" data-mce-mark=\"1\">t\u00e4ielik juurdep\u00e4\u00e4s \u2013 kaviteet peab tagama takistusteta n\u00e4htavuse pulbikambrisse ja piisava juurdep\u00e4\u00e4su juurekanalitele juurekanali mistahes punktis;<\/span><\/li>\n<li><span style=\"line-height: 1.6em;\" data-mce-mark=\"1\">pidevalt koronaalselt apikaalsele kulgev divergeeruv kooniline kanalikuju \u2013 aitab eemaldada preparatsiooniprahti, h\u00f5lbustab kujundamisel ja loputamisel ning h\u00f5lbustab kanalite t\u00e4itmisel;<\/span><\/li>\n<li><span style=\"line-height: 1.6em;\" data-mce-mark=\"1\">originaalanatoomia j\u00e4rgimine preparatsioonil;<\/span><\/li>\n<li><span style=\"line-height: 1.6em;\" data-mce-mark=\"1\">hambakoe s\u00e4ilitamine.<\/span><\/li>\n<\/ul>\n<table class=\"table table-hover\" border=\"0\" align=\"center\">\n<tbody>\n<tr>\n<td><img loading=\"lazy\" decoding=\"async\" width=\"165\" height=\"247\" class=\"wp-image-22 alignnone\" style=\"margin-left: auto; margin-right: auto;\" title=\"lk4-1.png\" src=\"https:\/\/sisu.ut.ee\/wp-content\/uploads\/sites\/36\/lk4-1.png\" alt=\"lk4-1.png\"><\/td>\n<td><img loading=\"lazy\" decoding=\"async\" width=\"165\" height=\"265\" class=\"wp-image-23 alignleft\" title=\"lk4-2.png\" src=\"https:\/\/sisu.ut.ee\/wp-content\/uploads\/sites\/36\/lk4-2.png\" alt=\"lk4-2.png\"><\/td>\n<\/tr>\n<\/tbody>\n<\/table>\n","protected":false},"excerpt":{"rendered":"<p>Hammaste juurekanalite mehaaniliseks preparatsiooniks on v\u00e4ga palju erinevaid tehnikaid. K\u00f5igi eesm\u00e4rgiks on elimineerida infektsioon v\u00f5imalikult v\u00e4heinvasiivselt ja hammast s\u00e4\u00e4stvalt. Eeldused ideaalseks juurekanali preparatsiooniks: t\u00e4ielik juurdep\u00e4\u00e4s \u2013 kaviteet peab tagama takistusteta n\u00e4htavuse pulbikambrisse ja piisava juurdep\u00e4\u00e4su juurekanalitele juurekanali mistahes punktis; pidevalt &#8230;<\/p>\n","protected":false},"author":12,"featured_media":0,"parent":0,"menu_order":0,"comment_status":"closed","ping_status":"closed","template":"","meta":{"_acf_changed":false,"inline_featured_image":false,"footnotes":""},"class_list":["post-6","page","type-page","status-publish","hentry"],"acf":[],"_links":{"self":[{"href":"https:\/\/sisu.ut.ee\/juureravi3\/wp-json\/wp\/v2\/pages\/6","targetHints":{"allow":["GET"]}}],"collection":[{"href":"https:\/\/sisu.ut.ee\/juureravi3\/wp-json\/wp\/v2\/pages"}],"about":[{"href":"https:\/\/sisu.ut.ee\/juureravi3\/wp-json\/wp\/v2\/types\/page"}],"author":[{"embeddable":true,"href":"https:\/\/sisu.ut.ee\/juureravi3\/wp-json\/wp\/v2\/users\/12"}],"replies":[{"embeddable":true,"href":"https:\/\/sisu.ut.ee\/juureravi3\/wp-json\/wp\/v2\/comments?post=6"}],"version-history":[{"count":2,"href":"https:\/\/sisu.ut.ee\/juureravi3\/wp-json\/wp\/v2\/pages\/6\/revisions"}],"predecessor-version":[{"id":114,"href":"https:\/\/sisu.ut.ee\/juureravi3\/wp-json\/wp\/v2\/pages\/6\/revisions\/114"}],"wp:attachment":[{"href":"https:\/\/sisu.ut.ee\/juureravi3\/wp-json\/wp\/v2\/media?parent=6"}],"curies":[{"name":"wp","href":"https:\/\/api.w.org\/{rel}","templated":true}]}}