{"id":4,"date":"2024-04-03T23:12:52","date_gmt":"2024-04-03T20:12:52","guid":{"rendered":"https:\/\/sisu.ut.ee\/juureravi3\/opijuhis\/"},"modified":"2024-04-03T23:13:00","modified_gmt":"2024-04-03T20:13:00","slug":"opijuhis","status":"publish","type":"page","link":"https:\/\/sisu.ut.ee\/juureravi3\/opijuhis\/","title":{"rendered":"\u00d5pijuhis"},"content":{"rendered":"<p>K\u00e4esolev materjal on lihtsa liigendatusega, et oleks h\u00f5lpsam teadmisi omandada. Oluline on eraldi v\u00e4lja toodud ning lisateave on peidetud erinevate nuppude alla.<\/p>\n<p>Lisaks teoreetilisele materjalile on \u00f5piobjektis:<\/p>\n<ul>\n<li><span style=\"line-height: 1.6em\" data-mce-mark=\"1\">skemaatilised joonised ning seletused, mida j\u00e4rgida ja oluliseks pidada;<\/span><\/li>\n<li>videolink kombineeritud tehnika kohta;<\/li>\n<li><span style=\"line-height: 1.6em\" data-mce-mark=\"1\">fotomaterjal m\u00f5nedest t\u00f6\u00f6etappidest;<\/span><\/li>\n<li><span style=\"line-height: 1.6em\" data-mce-mark=\"1\">r\u00f6ntgen\u00fclesv\u00f5tted ravitud patsientide hammastest, andmaks paremat ettekujutust juurekanalite ravis tekkivatest vigadest ja seostamaks teadmisi reaalse eluga. Pildid patsientide ravijuhtumitest on autori enda pildistatud SA T\u00dcK stomatoloogia kliinikus.<\/span><\/li>\n<\/ul>\n<p>Materjal l\u00f5ppeb kontrolltestiga, mille abil v\u00f5imalik teada saada, kas \u00f5pitu on omandatud.<\/p>\n<p>\u00d5piobjekt on \u00fcks osa endodontia baaskursusest ning t\u00e4ieliku \u00fclevaate saamiseks tuleks vaadata ka teisi vastava aine \u00f5piobjekte: \u00a0\u201c<a href=\"http:\/\/sisu.ut.ee\/juureravi2\" target=\"_blank\" rel=\"noopener\">Hammaste juurekanalite tipuanatoomia ja apikaalne preparatsioon<\/a>\u201c, \u00a0\u201c<a href=\"http:\/\/sisu.ut.ee\/juureravi1\" target=\"_blank\" rel=\"noopener\">Hammaste juurekanalite erinevad t\u00e4itmistehnikad<\/a>\u201c, \u201c<a href=\"http:\/\/sisu.ut.ee\/juureravi4\" target=\"_blank\" rel=\"noopener\">Nikkeltitaanist juureravi instrumentide omadused ja kasutamise erip\u00e4rad<\/a>\u201d ning \u201c<a href=\"http:\/\/sisu.ut.ee\/juureravi5\" target=\"_blank\" rel=\"noopener\">Hammaste juurekanalite preparatsioon nikkeltitaanist instrumente kasutades<\/a>\u201c.<\/p>\n","protected":false},"excerpt":{"rendered":"<p>K\u00e4esolev materjal on lihtsa liigendatusega, et oleks h\u00f5lpsam teadmisi omandada. Oluline on eraldi v\u00e4lja toodud ning lisateave on peidetud erinevate nuppude alla. Lisaks teoreetilisele materjalile on \u00f5piobjektis: skemaatilised joonised ning seletused, mida j\u00e4rgida ja oluliseks pidada; videolink kombineeritud tehnika kohta; &#8230;<\/p>\n","protected":false},"author":12,"featured_media":0,"parent":0,"menu_order":0,"comment_status":"closed","ping_status":"closed","template":"","meta":{"_acf_changed":false,"inline_featured_image":false,"footnotes":""},"class_list":["post-4","page","type-page","status-publish","hentry"],"acf":[],"_links":{"self":[{"href":"https:\/\/sisu.ut.ee\/juureravi3\/wp-json\/wp\/v2\/pages\/4","targetHints":{"allow":["GET"]}}],"collection":[{"href":"https:\/\/sisu.ut.ee\/juureravi3\/wp-json\/wp\/v2\/pages"}],"about":[{"href":"https:\/\/sisu.ut.ee\/juureravi3\/wp-json\/wp\/v2\/types\/page"}],"author":[{"embeddable":true,"href":"https:\/\/sisu.ut.ee\/juureravi3\/wp-json\/wp\/v2\/users\/12"}],"replies":[{"embeddable":true,"href":"https:\/\/sisu.ut.ee\/juureravi3\/wp-json\/wp\/v2\/comments?post=4"}],"version-history":[{"count":1,"href":"https:\/\/sisu.ut.ee\/juureravi3\/wp-json\/wp\/v2\/pages\/4\/revisions"}],"predecessor-version":[{"id":105,"href":"https:\/\/sisu.ut.ee\/juureravi3\/wp-json\/wp\/v2\/pages\/4\/revisions\/105"}],"wp:attachment":[{"href":"https:\/\/sisu.ut.ee\/juureravi3\/wp-json\/wp\/v2\/media?parent=4"}],"curies":[{"name":"wp","href":"https:\/\/api.w.org\/{rel}","templated":true}]}}