{"id":3,"date":"2024-04-03T23:12:52","date_gmt":"2024-04-03T20:12:52","guid":{"rendered":"https:\/\/sisu.ut.ee\/juureravi3\/avaleht\/"},"modified":"2024-04-09T09:27:32","modified_gmt":"2024-04-09T06:27:32","slug":"avaleht","status":"publish","type":"page","link":"https:\/\/sisu.ut.ee\/juureravi3\/","title":{"rendered":"Avaleht"},"content":{"rendered":"<p style=\"text-align: left;\"><strong>Autor: Anne-Ly Elhi, suu- ja hambahaiguste assistent<\/strong><br>\n<strong>Tartu \u00dclikool, Arstiteaduskond, Stomatoloogia kliinik, 2013<\/strong><\/p>\n<p>Endodontia (kreeka keelest <em>endo<\/em> \u201esees\u201d, <em>odons<\/em> \u201ehammas\u201d) tegeleb hamba pulbi ja periradikulaarkudede patoloogia v\u00e4ltimise ja raviga. Endodontilistest haigusjuhtudest on ravi edukas 75-95% hammastest olenevalt hamba seisukorrast ja diagnoosist. Hammaste juureravi \u00f5nnestumisel on olulised mitmed aspektid: \u00f5ige diagnoos ja n\u00e4idustus juureraviks, ettevalmistust\u00f6\u00f6d, juurekanalites\u00fcsteemi puhastamine ja kujundamine ning kanals\u00fcsteemi kolmedimensionaalne t\u00e4itmine. Juureravis kasutatavad diagnostilised v\u00f5imalused, mehaanilised ja keemilised t\u00f6\u00f6tlustehnikad ning t\u00e4itmisprotseduurid on aegade jooksul muutunud ja arenenud. Samuti on materjalide valik mitmekesistunud.<\/p>\n<p>Juureravi p\u00f5hiaspekte k\u00e4sitleb viieosaline \u00f5piobjektide sari, mis on m\u00f5eldud eelk\u00f5ige hambaravi \u00fcli\u00f5pilastele. Sellest sarjast saavad kasu samuti praktiseerivad hambaarstid, kes soovivad oma teadmisi v\u00e4rskendada ja m\u00f5nda kaasaegsemat meetodit juurde \u00f5ppida. K\u00e4esoleva \u00f5piobjekti raames antakse \u00fclevaade erinevatest preparatsioonitehnikatest, mida saab teostada roostevabast terasest juureraviinstrumente kasutades. Need meetodid on aluseks kaasaegsematele tehnikatele ning on kasutatavad igas hambaravi kabinetis.\u00a0\u00a0\u00d5piobjekti l\u00e4bimiseks kulub ligikaudu 4 akadeemilist tundi.<\/p>\n<p><img loading=\"lazy\" decoding=\"async\" width=\"348\" height=\"213\" class=\"alignnone wp-image-18 aligncenter\" style=\"margin-left: auto; margin-right: auto;\" title=\"0.png\" src=\"https:\/\/sisu.ut.ee\/wp-content\/uploads\/sites\/36\/0.png\" alt=\"0.png\" srcset=\"https:\/\/sisu.ut.ee\/wp-content\/uploads\/sites\/36\/0.png 348w, https:\/\/sisu.ut.ee\/wp-content\/uploads\/sites\/36\/0-300x184.png 300w\" sizes=\"auto, (max-width: 348px) 100vw, 348px\"><\/p>\n<p style=\"text-align: center;\"><em>\u00dclal\u00f5ua molaari foto, transparentne mudel ja r\u00f6ntgen\u00fclesv\u00f5te. (A.K.Rao et al., International Congress Series, 1256 (2003) 93-98)\u00a0\u00a0<\/em><\/p>\n<p><img loading=\"lazy\" decoding=\"async\" width=\"461\" height=\"110\" class=\"alignnone wp-image-17 aligncenter\" style=\"margin-left: auto; margin-right: auto;\" title=\"best_esf.png\" src=\"https:\/\/sisu.ut.ee\/wp-content\/uploads\/sites\/36\/best_esf.png\" alt=\"best_esf.png\" srcset=\"https:\/\/sisu.ut.ee\/wp-content\/uploads\/sites\/36\/best_esf.png 461w, https:\/\/sisu.ut.ee\/wp-content\/uploads\/sites\/36\/best_esf-300x72.png 300w\" sizes=\"auto, (max-width: 461px) 100vw, 461px\"><\/p>\n","protected":false},"excerpt":{"rendered":"<p>Autor: Anne-Ly Elhi, suu- ja hambahaiguste assistent Tartu \u00dclikool, Arstiteaduskond, Stomatoloogia kliinik, 2013 Endodontia (kreeka keelest endo \u201esees\u201d, odons \u201ehammas\u201d) tegeleb hamba pulbi ja periradikulaarkudede patoloogia v\u00e4ltimise ja raviga. Endodontilistest haigusjuhtudest on ravi edukas 75-95% hammastest olenevalt hamba seisukorrast ja &#8230;<\/p>\n","protected":false},"author":12,"featured_media":0,"parent":0,"menu_order":0,"comment_status":"closed","ping_status":"closed","template":"","meta":{"_acf_changed":false,"inline_featured_image":false,"footnotes":""},"class_list":["post-3","page","type-page","status-publish","hentry"],"acf":[],"_links":{"self":[{"href":"https:\/\/sisu.ut.ee\/juureravi3\/wp-json\/wp\/v2\/pages\/3","targetHints":{"allow":["GET"]}}],"collection":[{"href":"https:\/\/sisu.ut.ee\/juureravi3\/wp-json\/wp\/v2\/pages"}],"about":[{"href":"https:\/\/sisu.ut.ee\/juureravi3\/wp-json\/wp\/v2\/types\/page"}],"author":[{"embeddable":true,"href":"https:\/\/sisu.ut.ee\/juureravi3\/wp-json\/wp\/v2\/users\/12"}],"replies":[{"embeddable":true,"href":"https:\/\/sisu.ut.ee\/juureravi3\/wp-json\/wp\/v2\/comments?post=3"}],"version-history":[{"count":2,"href":"https:\/\/sisu.ut.ee\/juureravi3\/wp-json\/wp\/v2\/pages\/3\/revisions"}],"predecessor-version":[{"id":112,"href":"https:\/\/sisu.ut.ee\/juureravi3\/wp-json\/wp\/v2\/pages\/3\/revisions\/112"}],"wp:attachment":[{"href":"https:\/\/sisu.ut.ee\/juureravi3\/wp-json\/wp\/v2\/media?parent=3"}],"curies":[{"name":"wp","href":"https:\/\/api.w.org\/{rel}","templated":true}]}}