{"id":16,"date":"2024-04-03T23:12:53","date_gmt":"2024-04-03T20:12:53","guid":{"rendered":"https:\/\/sisu.ut.ee\/juureravi3\/kokkuvote\/"},"modified":"2024-04-09T09:47:25","modified_gmt":"2024-04-09T06:47:25","slug":"kokkuvote","status":"publish","type":"page","link":"https:\/\/sisu.ut.ee\/juureravi3\/kokkuvote\/","title":{"rendered":"Kokkuv\u00f5te"},"content":{"rendered":"<p>Juurekanalite kujundamine on hamba kanals\u00fcsteemi t\u00f6\u00f6tlemisel \u00fcks olulisemaid samme. Selle k\u00e4igus puhastatakse iga kanali sisepind ja laiendatakse see nii, et kanalisse p\u00e4\u00e4seksid loputusn\u00f5elad kanali keemiliseks t\u00f6\u00f6tlemiseks ning juurekanali t\u00e4itmine oleks lihtsalt ja korrektselt teostatav.<\/p>\n<p>Juurekanalite kujundamisel on oluline silmas pidada t\u00f6\u00f6tlemise mehaanilisi ja bioloogilisi aspekte. Vajalik on osata v\u00e4ltida preparatsioonil tekkivaid vigu ning vigade ilmnemisel neid v\u00f5imalusel korrigeerida. P\u00f5hilised vead juurekanalite mehaanilisel t\u00f6\u00f6tlemisel tekivad t\u00e4nu instrumentide j\u00e4ikusele ja hammaste kurvatuuridele erinevates juurekanali osades. Eriliselt hoolas tuleks olla juurekanali apikaalosa preparatsioonil, kus vigade tekkimise t\u00f5en\u00e4osus on suurim.<\/p>\n<p>T\u00e4psemalt juuretipu preparstiooni ja selle k\u00e4igus tekkivate vigade kohta saate lugeda \u00f5piobjektist \u201e<a href=\"http:\/\/sisu.ut.ee\/juureravi2\" target=\"_blank\" rel=\"noopener\">Hammaste juurekanalite tipuanatoomia ja apikaalne preparatsioon<\/a>\u201d.<\/p>\n<p><img loading=\"lazy\" decoding=\"async\" width=\"338\" height=\"240\" class=\"alignnone wp-image-52 aligncenter\" style=\"margin-left: auto; margin-right: auto;\" title=\"viimane_pilt.png\" src=\"https:\/\/sisu.ut.ee\/wp-content\/uploads\/sites\/36\/viimane_pilt.png\" alt=\"viimane_pilt.png\" srcset=\"https:\/\/sisu.ut.ee\/wp-content\/uploads\/sites\/36\/viimane_pilt.png 338w, https:\/\/sisu.ut.ee\/wp-content\/uploads\/sites\/36\/viimane_pilt-300x213.png 300w\" sizes=\"auto, (max-width: 338px) 100vw, 338px\"><\/p>\n<p><em>T\u00e4idetud juurekanalitega \u00fclal\u00f5ua molaar (A) r\u00f6ntgen\u00fclesv\u00f5ttel ja (B) keemilisel t\u00f6\u00f6tlemisel l\u00e4bipaistvaks muudetuna. Juuret\u00e4idis on homogeenne ning siiler on t\u00e4itnud ka lateraalkanalid mesiobukaalse juuretipu osas. (Journal of Endodontics, vol 34, nr 9, september 2008).<\/em><\/p>\n","protected":false},"excerpt":{"rendered":"<p>Juurekanalite kujundamine on hamba kanals\u00fcsteemi t\u00f6\u00f6tlemisel \u00fcks olulisemaid samme. Selle k\u00e4igus puhastatakse iga kanali sisepind ja laiendatakse see nii, et kanalisse p\u00e4\u00e4seksid loputusn\u00f5elad kanali keemiliseks t\u00f6\u00f6tlemiseks ning juurekanali t\u00e4itmine oleks lihtsalt ja korrektselt teostatav. Juurekanalite kujundamisel on oluline silmas pidada &#8230;<\/p>\n","protected":false},"author":12,"featured_media":0,"parent":0,"menu_order":0,"comment_status":"closed","ping_status":"closed","template":"","meta":{"_acf_changed":false,"inline_featured_image":false,"footnotes":""},"class_list":["post-16","page","type-page","status-publish","hentry"],"acf":[],"_links":{"self":[{"href":"https:\/\/sisu.ut.ee\/juureravi3\/wp-json\/wp\/v2\/pages\/16","targetHints":{"allow":["GET"]}}],"collection":[{"href":"https:\/\/sisu.ut.ee\/juureravi3\/wp-json\/wp\/v2\/pages"}],"about":[{"href":"https:\/\/sisu.ut.ee\/juureravi3\/wp-json\/wp\/v2\/types\/page"}],"author":[{"embeddable":true,"href":"https:\/\/sisu.ut.ee\/juureravi3\/wp-json\/wp\/v2\/users\/12"}],"replies":[{"embeddable":true,"href":"https:\/\/sisu.ut.ee\/juureravi3\/wp-json\/wp\/v2\/comments?post=16"}],"version-history":[{"count":2,"href":"https:\/\/sisu.ut.ee\/juureravi3\/wp-json\/wp\/v2\/pages\/16\/revisions"}],"predecessor-version":[{"id":143,"href":"https:\/\/sisu.ut.ee\/juureravi3\/wp-json\/wp\/v2\/pages\/16\/revisions\/143"}],"wp:attachment":[{"href":"https:\/\/sisu.ut.ee\/juureravi3\/wp-json\/wp\/v2\/media?parent=16"}],"curies":[{"name":"wp","href":"https:\/\/api.w.org\/{rel}","templated":true}]}}