{"id":15,"date":"2024-04-03T23:12:53","date_gmt":"2024-04-03T20:12:53","guid":{"rendered":"https:\/\/sisu.ut.ee\/juureravi3\/31-vajalik-instrumentaarium\/"},"modified":"2024-04-09T09:33:49","modified_gmt":"2024-04-09T06:33:49","slug":"31-vajalik-instrumentaarium","status":"publish","type":"page","link":"https:\/\/sisu.ut.ee\/juureravi3\/31-vajalik-instrumentaarium\/","title":{"rendered":"3.1. Vajalik instrumentaarium"},"content":{"rendered":"<p>Instrumentaariumisse kuuluvad nii nikkeltitaanist kui roostevabast terasest (SS ehk <em style=\"font-size: 13px; line-height: 1.6em;\">stainless steal<\/em>) instrumendid, n\u00e4pu- ja roteerivad instrumendid, mis varieeruvad pikkuselt, materjalilt, disainilt, koonilisuselt ja tipudisainilt. Igal instrumendil on oma tugevused, n\u00f5rkused ja ettevaatusabin\u00f5ud kasutamisel.<\/p>\n<p><img loading=\"lazy\" decoding=\"async\" width=\"818\" height=\"527\" class=\"alignnone wp-image-51 aligncenter\" style=\"margin-left: auto; margin-right: auto;\" title=\"3-1-2.png\" src=\"https:\/\/sisu.ut.ee\/wp-content\/uploads\/sites\/36\/3-1-2.png\" alt=\"3-1-2.png\" srcset=\"https:\/\/sisu.ut.ee\/wp-content\/uploads\/sites\/36\/3-1-2.png 818w, https:\/\/sisu.ut.ee\/wp-content\/uploads\/sites\/36\/3-1-2-300x193.png 300w, https:\/\/sisu.ut.ee\/wp-content\/uploads\/sites\/36\/3-1-2-768x495.png 768w\" sizes=\"auto, (max-width: 818px) 100vw, 818px\"><\/p>\n<p style=\"text-align: center;\"><em>Valik endodontilisi instrumente ja vahendeid<\/em><\/p>\n<p>N\u00e4puinstrumentide hulka kuuluvad pulpekstraktor, viilid (Kerri viil, K-flex viil, NiTiFlex, C+ viil jne), riimerid (<em>K-reamer<\/em>, <em>K-flexoreamer<\/em> jne), <em>Hedstr\u00f6m<\/em> viilid. Roteeruvate instrumentide hulka kuuluvad pastakandlid ehk <em>lentulod<\/em>, <em>batt<\/em>-puurid, <em>Largo<\/em> ehk <em>Peeso<\/em> puurid, <em>Long Neck<\/em> (LN) puurid, <em>Gates-Glidden<\/em> (GG) puurid, erinevad instrumenteerimiss\u00fcsteemid (<em>ProFile<\/em>, <em>ProTaper<\/em>, M2, K3 jne.).<\/p>\n<p><\/p><div class=\"accordion mb-3\">\n        <div class=\"accordion-item accordion-item--white\">\n        <h2 class=\"accordion-header\" id=\"accordion-69e009db62aaa-heading\">\n            <button class=\"accordion-button collapsed\" type=\"button\" data-bs-toggle=\"collapse\" data-bs-target=\"#accordion-69e009db62aaa-collapse\" aria-expanded=\"true\" aria-controls=\"accordion-69e009db62aaa-collapse\">Vaata lisaks!<\/button>\n        <\/h2>\n        <div id=\"accordion-69e009db62aaa-collapse\" class=\"accordion-collapse collapse\" aria-labelledby=\"accordion-69e009db62aaa-heading\">\n            <div class=\"accordion-body\"><img loading=\"lazy\" decoding=\"async\" width=\"350\" height=\"356\" class=\"alignnone wp-image-50\" style=\"float: right; margin-left: 5px; margin-right: 5px;\" title=\"3-1-1.png\" src=\"https:\/\/sisu.ut.ee\/wp-content\/uploads\/sites\/36\/3-1-1.png\" alt=\"3-1-1.png\" srcset=\"https:\/\/sisu.ut.ee\/wp-content\/uploads\/sites\/36\/3-1-1.png 350w, https:\/\/sisu.ut.ee\/wp-content\/uploads\/sites\/36\/3-1-1-295x300.png 295w\" sizes=\"auto, (max-width: 350px) 100vw, 350px\">\n<p>Vitaalse pulbi eemaldamine toimub enamasti pulpekstraktoriga. Pulpekstraktoreid saab kasutada suhteliselt laiades ja sirgetes kanalites, kus instrument ei puutu kanaliseinu. Instrument viiakse ca 2\/3 kanali pikkuses juurekanalisse, keeratakse v\u00e4hemalt 180\u00b0 ja \u00fche t\u00f5mbeliigutusega saab eemaldada pulbikoe \u00fches t\u00fckis. Pulpoekstraktori suuruse valik s\u00f5ltub kanali diameetrist. Ekstraktor peaks olema v\u00f5imalikult suur, kuid piisavalt v\u00e4ike, et ei pitsuks kanalis ega puutuks kanaliseinu.<\/p>\n<p>Pulpekstraktorit ei tohi kasutada:<\/p>\n<ol>\n<li>kitsastes ja kaltsifitseerunud kanalites;<\/li>\n<li>kurvatuuriga kanalites;<\/li>\n<li>apeksi l\u00e4hedal.<\/li>\n<\/ol>\n<p>Pulpekstraktorit v\u00f5ib kasutada pulpiitse hamba juureravis j\u00e4rgmistel hammastel:<\/p>\n<ol>\n<li>\u00fclemised intsisiivid;<\/li>\n<li>\u00fclemised kaniinid;<\/li>\n<li>\u00fclemine teine premolaar;<\/li>\n<li>\u00fclemiste molaaride palatinaalne juur;<\/li>\n<li>alumiste molaaride distaalne juur.<\/li>\n<\/ol>\n<p>Pulpekstraktorit kasutada ei saa, kui tegemist on devitaalse pulbiga, kus lagunemine on juba alanud. Laguneva pulbikoe saab h\u00f5lpsamini eemaldada teiste instrumendide ja loputuslahustega.<\/p>\n<p><\/p><\/div>\n        <\/div>\n        <\/div>\n    <\/div>\n","protected":false},"excerpt":{"rendered":"<p>Instrumentaariumisse kuuluvad nii nikkeltitaanist kui roostevabast terasest (SS ehk stainless steal) instrumendid, n\u00e4pu- ja roteerivad instrumendid, mis varieeruvad pikkuselt, materjalilt, disainilt, koonilisuselt ja tipudisainilt. Igal instrumendil on oma tugevused, n\u00f5rkused ja ettevaatusabin\u00f5ud kasutamisel. Valik endodontilisi instrumente ja vahendeid N\u00e4puinstrumentide hulka &#8230;<\/p>\n","protected":false},"author":12,"featured_media":0,"parent":0,"menu_order":0,"comment_status":"closed","ping_status":"closed","template":"","meta":{"_acf_changed":false,"inline_featured_image":false,"footnotes":""},"class_list":["post-15","page","type-page","status-publish","hentry"],"acf":[],"_links":{"self":[{"href":"https:\/\/sisu.ut.ee\/juureravi3\/wp-json\/wp\/v2\/pages\/15","targetHints":{"allow":["GET"]}}],"collection":[{"href":"https:\/\/sisu.ut.ee\/juureravi3\/wp-json\/wp\/v2\/pages"}],"about":[{"href":"https:\/\/sisu.ut.ee\/juureravi3\/wp-json\/wp\/v2\/types\/page"}],"author":[{"embeddable":true,"href":"https:\/\/sisu.ut.ee\/juureravi3\/wp-json\/wp\/v2\/users\/12"}],"replies":[{"embeddable":true,"href":"https:\/\/sisu.ut.ee\/juureravi3\/wp-json\/wp\/v2\/comments?post=15"}],"version-history":[{"count":3,"href":"https:\/\/sisu.ut.ee\/juureravi3\/wp-json\/wp\/v2\/pages\/15\/revisions"}],"predecessor-version":[{"id":124,"href":"https:\/\/sisu.ut.ee\/juureravi3\/wp-json\/wp\/v2\/pages\/15\/revisions\/124"}],"wp:attachment":[{"href":"https:\/\/sisu.ut.ee\/juureravi3\/wp-json\/wp\/v2\/media?parent=15"}],"curies":[{"name":"wp","href":"https:\/\/api.w.org\/{rel}","templated":true}]}}