{"id":12,"date":"2024-04-03T23:12:53","date_gmt":"2024-04-03T20:12:53","guid":{"rendered":"https:\/\/sisu.ut.ee\/juureravi3\/45-tasakaalustatud-joudude-tehnika-ehk-balanced-force-tehnika\/"},"modified":"2024-04-09T09:45:25","modified_gmt":"2024-04-09T06:45:25","slug":"45-tasakaalustatud-joudude-tehnika-ehk-balanced-force-tehnika","status":"publish","type":"page","link":"https:\/\/sisu.ut.ee\/juureravi3\/45-tasakaalustatud-joudude-tehnika-ehk-balanced-force-tehnika\/","title":{"rendered":"3.6. Tasakaalustatud j\u00f5udude tehnika ehk balanced force tehnika"},"content":{"rendered":"<p>Tehnika eeliseks teiste k\u00e4sitehnikate ees on originaalkanali tsentriline paiknemine. Tehnika eeldab eelnevat koronaalset laiendamist. Kasutatakse instrumentidest <em>Flex<\/em>-R viile, K-viile, kuid ka suurema koonilisusega nikkeltitaanist n\u00e4puinstrumente.<\/p>\n<p>Soovitatavalt on kasutusel K-viilid. Eelpainutamine pole vajalik. Liigset j\u00f5udu kasutada ei tohi, kuna v\u00f5ib tekkida kanali transportatsioon. Instrumente kasutatakse v\u00e4iksemalt instrumendilt suurema poole s.t ISO #25, #30, #35, #40 jne. Iga instrument viiakse kanalisse pitsumiseni. Suuremate instrumentide t\u00f6\u00f6pikkus l\u00fcheneb kogu aeg. Sellega saavutatakse kanali pidev kooniline kuju. Vajalik on pidev loputamine NaOCl lahusega ja rekapitulatsioon.<\/p>\n<p>Tehnikal on 3(-4) faasi:<\/p>\n<ol>\n<li>Instrument sisestatakse juurekanalisse ja keeratakse <strong>kellaosuti liikumise suunas ca 90<\/strong><strong>\u00b0<\/strong> <strong>kerge apikaalse survega<\/strong>.<\/li>\n<li>Instrumenti <strong>hoitakse<\/strong> juurekanalis <strong>samal s\u00fcgavusel<\/strong> kerge vastupanuj\u00f5uga ning <strong>roteeritakse vastup\u00e4eva ca 180-270<\/strong><strong>\u00b0<\/strong>, et kraapida juurekanali seinalt dentiiniviilmeid.<\/li>\n<li>Viil <strong>eemaldatakse kanalist \u00a0p\u00e4rip\u00e4eva p\u00f6\u00f6rates<\/strong>, et eemaldada preparatsiooni praht juurekanalist<\/li>\n<li>Viimane faas on kasutusel, kui viiakse l\u00e4bi mitu eelnevat ts\u00fcklikolmikut j\u00e4rjest. Peale 2-3 ts\u00fcklit eemaldatakse viil kanalist viili p\u00e4rip\u00e4eva p\u00f6\u00f6rates koos dentiiniviilmetega.<\/li>\n<\/ol>\n<p><img loading=\"lazy\" decoding=\"async\" width=\"650\" height=\"185\" class=\"alignnone wp-image-46 aligncenter\" style=\"margin-left: auto; margin-right: auto;\" title=\"ringid.png\" src=\"https:\/\/sisu.ut.ee\/wp-content\/uploads\/sites\/36\/ringid.png\" alt=\"ringid.png\" srcset=\"https:\/\/sisu.ut.ee\/wp-content\/uploads\/sites\/36\/ringid.png 650w, https:\/\/sisu.ut.ee\/wp-content\/uploads\/sites\/36\/ringid-300x85.png 300w\" sizes=\"auto, (max-width: 650px) 100vw, 650px\"><\/p>\n","protected":false},"excerpt":{"rendered":"<p>Tehnika eeliseks teiste k\u00e4sitehnikate ees on originaalkanali tsentriline paiknemine. Tehnika eeldab eelnevat koronaalset laiendamist. Kasutatakse instrumentidest Flex-R viile, K-viile, kuid ka suurema koonilisusega nikkeltitaanist n\u00e4puinstrumente. Soovitatavalt on kasutusel K-viilid. Eelpainutamine pole vajalik. Liigset j\u00f5udu kasutada ei tohi, kuna v\u00f5ib tekkida &#8230;<\/p>\n","protected":false},"author":12,"featured_media":0,"parent":0,"menu_order":0,"comment_status":"closed","ping_status":"closed","template":"","meta":{"_acf_changed":false,"inline_featured_image":false,"footnotes":""},"class_list":["post-12","page","type-page","status-publish","hentry"],"acf":[],"_links":{"self":[{"href":"https:\/\/sisu.ut.ee\/juureravi3\/wp-json\/wp\/v2\/pages\/12","targetHints":{"allow":["GET"]}}],"collection":[{"href":"https:\/\/sisu.ut.ee\/juureravi3\/wp-json\/wp\/v2\/pages"}],"about":[{"href":"https:\/\/sisu.ut.ee\/juureravi3\/wp-json\/wp\/v2\/types\/page"}],"author":[{"embeddable":true,"href":"https:\/\/sisu.ut.ee\/juureravi3\/wp-json\/wp\/v2\/users\/12"}],"replies":[{"embeddable":true,"href":"https:\/\/sisu.ut.ee\/juureravi3\/wp-json\/wp\/v2\/comments?post=12"}],"version-history":[{"count":2,"href":"https:\/\/sisu.ut.ee\/juureravi3\/wp-json\/wp\/v2\/pages\/12\/revisions"}],"predecessor-version":[{"id":139,"href":"https:\/\/sisu.ut.ee\/juureravi3\/wp-json\/wp\/v2\/pages\/12\/revisions\/139"}],"wp:attachment":[{"href":"https:\/\/sisu.ut.ee\/juureravi3\/wp-json\/wp\/v2\/media?parent=12"}],"curies":[{"name":"wp","href":"https:\/\/api.w.org\/{rel}","templated":true}]}}