{"id":9,"date":"2024-04-03T23:12:44","date_gmt":"2024-04-03T20:12:44","guid":{"rendered":"https:\/\/sisu.ut.ee\/juureravi2\/4-juurekanalite-tipupreparatsioonil-tekkivad-vead\/"},"modified":"2024-04-09T09:22:53","modified_gmt":"2024-04-09T06:22:53","slug":"4-juurekanalite-tipupreparatsioonil-tekkivad-vead","status":"publish","type":"page","link":"https:\/\/sisu.ut.ee\/juureravi2\/4-juurekanalite-tipupreparatsioonil-tekkivad-vead\/","title":{"rendered":"4. Juurekanalite tipupreparatsioonil tekkivad vead"},"content":{"rendered":"<p>K\u00f5ik juurekanalid on mingi kurvatuuriga. Juurekanalite preparatsioonil kasutatakse erinevaid preparatsioonitehnikaid ning ka erinevat t\u00fc\u00fcpi instrumente. Loetletust on antud p\u00f5hjalikum \u00fclevaade \u00f5piobjektides \u201c<a href=\"http:\/\/sisu.ut.ee\/juureravi3\" target=\"_blank\" rel=\"noopener\">Hammaste juurekanalite erinevad preparatsioonitehnikad roostevabast terasest instrumente kasutades<\/a>\u201c, \u201c<a href=\"http:\/\/sisu.ut.ee\/juureravi4\" target=\"_blank\" rel=\"noopener\">Nikkeltitaanist juureravi instrumentide omadused ja kasutamise erip\u00e4rad<\/a>\u201d ja \u201c<a href=\"http:\/\/sisu.ut.ee\/juureravi5\" target=\"_blank\" rel=\"noopener\">Hammaste juurekanalite preparatsioon nikkeltitaanist instrumente kasutades<\/a>\u201c.<\/p>\n<p>Preparatsioonil v\u00f5ivad tekkida erinevad vead, mis v\u00f5ivad oluliselt halvendada juurekanalite ravi l\u00f5pptulemust:<\/p>\n<ul>\n<li><span style=\"line-height: 1.6em;\">v\u00e4heneb juurekanali t\u00f6\u00f6pikkus;<\/span><\/li>\n<li><span style=\"line-height: 1.6em;\">tekivad k\u00f5rvalekalded juurekanali normaalsest anatoomiast;<\/span><\/li>\n<li><span style=\"line-height: 1.6em;\">juurekanali(te) puhastamine ja kujundamine pole adekvaatne.<\/span><\/li>\n<\/ul>\n<p>T\u00e4htis on teada vigade tekkekohti. Antud \u00f5piobjektis keskendutakse juuretipu preparatsioonil tekkivate vigade v\u00e4ltimisele, juba tekkinud probleemide \u00e4ratundmisele ja nende v\u00f5imalikule korrigeerimisele.<\/p>\n<p>P\u00f5hilised preparatsioonvead on:<\/p>\n<ul>\n<li><span style=\"line-height: 1.6em;\">aste,<\/span><\/li>\n<li><span style=\"line-height: 1.6em;\">kavitatsioon,<\/span><\/li>\n<li><span style=\"line-height: 1.6em;\">perforatsioon,<\/span><\/li>\n<li><span style=\"line-height: 1.6em;\">ZIP-perforatsioon,<\/span><\/li>\n<li><span style=\"line-height: 1.6em;\">liivakella kujuline kanalipreparatsioon.<\/span><\/li>\n<\/ul>\n<p><span style=\"line-height: 1.6em;\"><img loading=\"lazy\" decoding=\"async\" width=\"422\" height=\"563\" class=\"alignnone wp-image-31 aligncenter\" style=\"margin-left: auto; margin-right: auto;\" title=\"kosemets_ule_tipu_1_1.jpg\" src=\"https:\/\/sisu.ut.ee\/wp-content\/uploads\/sites\/35\/kosemets_ule_tipu_1_1.jpg\" alt=\"kosemets_ule_tipu_1_1.jpg\" srcset=\"https:\/\/sisu.ut.ee\/wp-content\/uploads\/sites\/35\/kosemets_ule_tipu_1_1.jpg 422w, https:\/\/sisu.ut.ee\/wp-content\/uploads\/sites\/35\/kosemets_ule_tipu_1_1-225x300.jpg 225w\" sizes=\"auto, (max-width: 422px) 100vw, 422px\"><\/span><\/p>\n<p style=\"text-align: center;\"><em>R\u00f6ntgen\u00fclesv\u00f5te hambast 26, millel on n\u00e4ha periapikaalsed radiolutsentsed kolded, t\u00e4itmata palatinaalne juurekanal ning bukaalsetes kanalites on juuret\u00e4idised h\u00f5redad ja viidud \u00fcle juuretippude.<\/em><\/p>\n","protected":false},"excerpt":{"rendered":"<p>K\u00f5ik juurekanalid on mingi kurvatuuriga. Juurekanalite preparatsioonil kasutatakse erinevaid preparatsioonitehnikaid ning ka erinevat t\u00fc\u00fcpi instrumente. Loetletust on antud p\u00f5hjalikum \u00fclevaade \u00f5piobjektides \u201cHammaste juurekanalite erinevad preparatsioonitehnikad roostevabast terasest instrumente kasutades\u201c, \u201cNikkeltitaanist juureravi instrumentide omadused ja kasutamise erip\u00e4rad\u201d ja \u201cHammaste juurekanalite preparatsioon &#8230;<\/p>\n","protected":false},"author":12,"featured_media":0,"parent":0,"menu_order":0,"comment_status":"closed","ping_status":"closed","template":"","meta":{"_acf_changed":false,"inline_featured_image":false,"footnotes":""},"class_list":["post-9","page","type-page","status-publish","hentry"],"acf":[],"_links":{"self":[{"href":"https:\/\/sisu.ut.ee\/juureravi2\/wp-json\/wp\/v2\/pages\/9","targetHints":{"allow":["GET"]}}],"collection":[{"href":"https:\/\/sisu.ut.ee\/juureravi2\/wp-json\/wp\/v2\/pages"}],"about":[{"href":"https:\/\/sisu.ut.ee\/juureravi2\/wp-json\/wp\/v2\/types\/page"}],"author":[{"embeddable":true,"href":"https:\/\/sisu.ut.ee\/juureravi2\/wp-json\/wp\/v2\/users\/12"}],"replies":[{"embeddable":true,"href":"https:\/\/sisu.ut.ee\/juureravi2\/wp-json\/wp\/v2\/comments?post=9"}],"version-history":[{"count":2,"href":"https:\/\/sisu.ut.ee\/juureravi2\/wp-json\/wp\/v2\/pages\/9\/revisions"}],"predecessor-version":[{"id":88,"href":"https:\/\/sisu.ut.ee\/juureravi2\/wp-json\/wp\/v2\/pages\/9\/revisions\/88"}],"wp:attachment":[{"href":"https:\/\/sisu.ut.ee\/juureravi2\/wp-json\/wp\/v2\/media?parent=9"}],"curies":[{"name":"wp","href":"https:\/\/api.w.org\/{rel}","templated":true}]}}