{"id":8,"date":"2024-04-03T23:12:44","date_gmt":"2024-04-03T20:12:44","guid":{"rendered":"https:\/\/sisu.ut.ee\/juureravi2\/31-apekslokaatori-kasutamine\/"},"modified":"2024-04-09T09:22:35","modified_gmt":"2024-04-09T06:22:35","slug":"31-apekslokaatori-kasutamine","status":"publish","type":"page","link":"https:\/\/sisu.ut.ee\/juureravi2\/31-apekslokaatori-kasutamine\/","title":{"rendered":"3.1. Apekslokaatori kasutamine"},"content":{"rendered":"<p>T\u00e4psemate tulemuste saamiseks peaks olema juurekanalist eemaldatud enamus pulbikude ja obstruktsioone. Uuemad apekslokaatorid on v\u00e4ga t\u00e4psed ja n\u00e4itavad t\u00e4pselt ka siis, kui kanalis asetseb mingi elektrol\u00fc\u00fct (vedelik, pulbikude, veri vms.). Juurekanalid v\u00f5ivad olla niisked, kuid pulbikamber peab olema kuiv \u2013 erinevate m\u00f5\u00f5detavate juurekanalite vahel ei tohi olla \u00fchist vedelikukogumit. \u00a0M\u00f5\u00f5tmisel kasutatav instrument ei tohi olla kontaktis metalliga (amalgaamt\u00e4idised, metallkroonid vms.).<\/p>\n<p>J\u00e4rgnev kirjeldus varieerub aparaaditi, kuna aparaadit\u00fc\u00fcpe on erinevaid ja kanali pikkuste t\u00e4hised muutuvad vastavalt aparaadi tootja soovile. Uuematel aparaatidel on ka lisafunktsioone (h\u00e4\u00e4le maha keeramine, kombineerimine roteeruva instrumenteerimisega jne.), millel siin eraldi ei peatuta.<\/p>\n<p>Kui aparaat on sisse l\u00fclitatud, huuleklemm kinnitatud, siis viiakse elektrood koos kanalin\u00f5elaga juurekanalisse. Kui instrument on j\u00f5udnud ca 2 mm kaugusele apikaalforaamenist, siis hakkab kostuma katkendlik signaal (juhul, kui heli pole v\u00e4lja l\u00fclitatud). Kui indikaator skaalal j\u00f5uab ca 0,5 \u2013 1 mm kaugusele juure tipust (rohelisse alasse), siis on j\u00f5utud apikaalse konstriktsioonini. Kui instrument j\u00f5uab apikaalavani, siis muutub signaal pidevaks ja skaalal j\u00f5uab indikaator punase v\u00f5i vastavalt m\u00e4rgistatud alani.<\/p>\n<p>Kanali t\u00f6\u00f6pikkus arvestatakse 0,5 \u2013 1 mm apeksist. Alati tuleb korraks j\u00f5uda m\u00f5\u00f5tmisega m\u00e4rgini \u201eAPEX\u201c ja siis tagasi t\u00f5mmata, kuna tipuosas v\u00f5ib olla pulbikive ning muid kanali kitsenemisi, mis v\u00f5ivad viia vale m\u00f5\u00f5tmistulemuseni. Oluline on apekslokaatori n\u00e4ite kombineerida teiste m\u00f5\u00f5tmismeetoditega (esmaj\u00e4rjekorras r\u00f6ntgenoloogilise meetodiga), et saada t\u00e4psem tulemus.<\/p>\n<p style=\"text-align: center;\"><\/p><div class=\"ratio ratio-16x9 mb-3\"><div class=\"video-placeholder-wrapper video-placeholder-wrapper--16x9\">\n\t\t\t    <div class=\"video-placeholder d-flex justify-content-center align-items-center\">\n\t\t\t        <div class=\"overlay text-white p-2 w-100 text-center d-block justify-content-center align-items-center\">\n\t\t\t            <div>Kolmandate osapoolte sisu n\u00e4gemiseks palun n\u00f5ustu k\u00fcpsistega.<\/div>\n\t\t\t            <button class=\"btn btn-secondary btn-sm mt-1 consent-change\">Muuda n\u00f5usolekut<\/button>\n\t\t\t        <\/div>\n\t\t\t    <\/div>\n\t\t\t<\/div>\n<\/div>\n<p style=\"text-align: center;\"><a href=\"http:\/\/www.youtube.com\/watch?v=kyDWEyfzrIs\" target=\"_blank\" rel=\"noopener\">http:\/\/www.youtube.com\/watch?v=kyDWEyfzrIs<\/a><\/p>\n<p>Tegu on kommertsvideoga, kuid t\u00e4helepanu tuleks p\u00f6\u00f6rata minutitele 0:21-1:50. Sellel ajavahemikul antakse l\u00fchi\u00fclevaade apekslokaatorite t\u00f6\u00f6 p\u00f5him\u00f5ttest. Kuna apekslokaatoreid on erinevaid, siis pole vaja p\u00f6\u00f6rata t\u00e4helepanu sellele konkreetsele aparaadit\u00fc\u00fcbile.<\/p>\n<p style=\"text-align: center;\"><\/p><div class=\"ratio ratio-16x9 mb-3\"><div class=\"video-placeholder-wrapper video-placeholder-wrapper--16x9\">\n\t\t\t    <div class=\"video-placeholder d-flex justify-content-center align-items-center\">\n\t\t\t        <div class=\"overlay text-white p-2 w-100 text-center d-block justify-content-center align-items-center\">\n\t\t\t            <div>Kolmandate osapoolte sisu n\u00e4gemiseks palun n\u00f5ustu k\u00fcpsistega.<\/div>\n\t\t\t            <button class=\"btn btn-secondary btn-sm mt-1 consent-change\">Muuda n\u00f5usolekut<\/button>\n\t\t\t        <\/div>\n\t\t\t    <\/div>\n\t\t\t<\/div>\n<\/div>\n<p style=\"text-align: center;\"><a href=\"http:\/\/www.youtube.com\/watch?v=E0xgFMYhWsE\" target=\"_blank\" rel=\"noopener\">http:\/\/www.youtube.com\/watch?v=E0xgFMYhWsE<\/a><\/p>\n<p>Antud videos on toodud v\u00e4lja enamik tipupreparatsiooni p\u00f5him\u00f5tteid ja n\u00e4ha on ka kombinatsioon apekslokaatorist roteeruva instrumendiga. T\u00e4helepanu tuleks p\u00f6\u00f6rata eelk\u00f5ige minutitele 1:02-2:01, mil selgitatakse apekslokaatori t\u00f6\u00f6 p\u00f5him\u00f5tet ning minutitele 2:41-3:06, mil on n\u00e4ha apekslokaatori kombineeritud t\u00f6\u00f6 roteeruva instrumendiga. Pane t\u00e4hele! Instrumenteerija ei l\u00e4he kordagi \u00fcle juuretipu!<\/p>\n","protected":false},"excerpt":{"rendered":"<p>T\u00e4psemate tulemuste saamiseks peaks olema juurekanalist eemaldatud enamus pulbikude ja obstruktsioone. Uuemad apekslokaatorid on v\u00e4ga t\u00e4psed ja n\u00e4itavad t\u00e4pselt ka siis, kui kanalis asetseb mingi elektrol\u00fc\u00fct (vedelik, pulbikude, veri vms.). Juurekanalid v\u00f5ivad olla niisked, kuid pulbikamber peab olema kuiv \u2013 &#8230;<\/p>\n","protected":false},"author":12,"featured_media":0,"parent":0,"menu_order":0,"comment_status":"closed","ping_status":"closed","template":"","meta":{"_acf_changed":false,"inline_featured_image":false,"footnotes":""},"class_list":["post-8","page","type-page","status-publish","hentry"],"acf":[],"_links":{"self":[{"href":"https:\/\/sisu.ut.ee\/juureravi2\/wp-json\/wp\/v2\/pages\/8","targetHints":{"allow":["GET"]}}],"collection":[{"href":"https:\/\/sisu.ut.ee\/juureravi2\/wp-json\/wp\/v2\/pages"}],"about":[{"href":"https:\/\/sisu.ut.ee\/juureravi2\/wp-json\/wp\/v2\/types\/page"}],"author":[{"embeddable":true,"href":"https:\/\/sisu.ut.ee\/juureravi2\/wp-json\/wp\/v2\/users\/12"}],"replies":[{"embeddable":true,"href":"https:\/\/sisu.ut.ee\/juureravi2\/wp-json\/wp\/v2\/comments?post=8"}],"version-history":[{"count":2,"href":"https:\/\/sisu.ut.ee\/juureravi2\/wp-json\/wp\/v2\/pages\/8\/revisions"}],"predecessor-version":[{"id":87,"href":"https:\/\/sisu.ut.ee\/juureravi2\/wp-json\/wp\/v2\/pages\/8\/revisions\/87"}],"wp:attachment":[{"href":"https:\/\/sisu.ut.ee\/juureravi2\/wp-json\/wp\/v2\/media?parent=8"}],"curies":[{"name":"wp","href":"https:\/\/api.w.org\/{rel}","templated":true}]}}