{"id":3,"date":"2024-04-03T23:12:44","date_gmt":"2024-04-03T20:12:44","guid":{"rendered":"https:\/\/sisu.ut.ee\/juureravi2\/avaleht\/"},"modified":"2024-04-09T08:52:17","modified_gmt":"2024-04-09T05:52:17","slug":"avaleht","status":"publish","type":"page","link":"https:\/\/sisu.ut.ee\/juureravi2\/","title":{"rendered":"Avaleht"},"content":{"rendered":"<p style=\"text-align: left;\"><strong>Autor: Anne-Ly Elhi, suu- ja hambahaiguste assistent<\/strong><br>\n<strong>Tartu \u00dclikool, Arstiteaduskond, Stomatoloogia kliinik, 2013<\/strong><\/p>\n<p>Juurekanalite tipupreparatsiooni eesm\u00e4rgiks on kujundada hamba juurekanali ning juuretipu \u00f5ige vorm, et tekiks vastupanu juuret\u00e4idismaterjalile ja see ei satuks \u00fcle juuretipu. Korrektne preparatsioon tagab juuret\u00e4idise pitsumise juuretipu piirkonnas \u00f5igel pikkusel ning ei lase t\u00e4idisel sattuda periapikaalkudedesse. Kui \u00f5igeid tipupreparatsioonin\u00f5udeid ei j\u00e4rgita, siis tekitatakse juurekanali preparatsioonil lai juuretipuava, millega v\u00f5ib kaasneda juurekanali \u00fclet\u00e4itmine, korraliku apikaalse sulguse puudumine ning ebamugavus ja valu. \u00dcleinstrumenteerimisel tekib:<\/p>\n<ul>\n<li><span style=\"line-height: 1.6em;\" data-mce-mark=\"1\">\u00e4ge periradikulaarkudede p\u00f5letik \u00fcle juuretipu surutud infitseerunud instrumentide, mikroobide ja\/v\u00f5i preparatsiooniprahi t\u00f5ttu;<\/span><\/li>\n<li><span style=\"line-height: 1.6em;\" data-mce-mark=\"1\">krooniline periradikulaarkudede p\u00f5letik\u00a0 v\u00f5\u00f5rkeha t\u00f5ttu \u00a0periapikaalsel (n\u00e4iteks juuret\u00e4idise sattumine t\u00e4itmisel periapikaalkudedesse);<\/span><\/li>\n<li><span style=\"line-height: 1.6em;\">apikaalse pitsumise puudumine ning v\u00f5imetus kompakteerida juuret\u00e4idist tipupiirkonnas.<\/span><\/li>\n<\/ul>\n<p>Selleks, et juurekanalite tipuosa puhastamine ja kujundamine sujuks, oleks korrektne ning tagaks edu t\u00e4itmisel, on oluline p\u00f5hjalikult tunda juuretipu anatoomiat ja preparatsiooni kriteeriume. Sellest annab \u00fclevaate k\u00e4esolev \u00f5piobjekt. \u00d5piobjektis on toodud v\u00e4lja ka erinevad tipupreparatsioonil tekkivad vead, nende v\u00e4ltimiseks vajalikud ettevaatusabin\u00f5ud ja korrigeerimisv\u00f5imalused.\u00a0\u00d5piobjekti l\u00e4bimiseks kulub ligikaudu 4 akadeemilist tundi.<\/p>\n<p style=\"text-align: center;\"><img loading=\"lazy\" decoding=\"async\" width=\"748\" height=\"374\" class=\"alignnone wp-image-18\" title=\"foto1.png\" src=\"https:\/\/sisu.ut.ee\/wp-content\/uploads\/sites\/35\/foto1.png\" alt=\"foto1.png\" srcset=\"https:\/\/sisu.ut.ee\/wp-content\/uploads\/sites\/35\/foto1.png 748w, https:\/\/sisu.ut.ee\/wp-content\/uploads\/sites\/35\/foto1-300x150.png 300w\" sizes=\"auto, (max-width: 748px) 100vw, 748px\"><\/p>\n<p style=\"text-align: left;\"><em>R\u00f6ntgen\u00fclesv\u00f5tetel on n\u00e4idatud hamba 37 juureravi algpilt ja l\u00f5pptulemus. A \u2013 Hambal on lekkiv koronaalne restauratsioon, juuret\u00e4idised, mis on l\u00fchikesed, h\u00f5redad ja v\u00e4hese koonilisusega. Periapikaalselt on n\u00e4ha radiolutsentne kolle, mis viitab juurep\u00f5letiku olemasolule. B \u2013 Juureravi \u00fcmberravi l\u00f5pptulemusena on n\u00e4ha tihedad juuret\u00e4idised, mis on \u00f5ige pikkuse ja koonilisusega, periapikaalne radolutsents on taandumas. Hammas on valmis krooni asetamiseks.<\/em><\/p>\n<p><img loading=\"lazy\" decoding=\"async\" width=\"461\" height=\"110\" class=\"alignnone wp-image-17 aligncenter\" style=\"margin-left: auto; margin-right: auto;\" title=\"best_esf.png\" src=\"https:\/\/sisu.ut.ee\/wp-content\/uploads\/sites\/35\/best_esf.png\" alt=\"best_esf.png\" srcset=\"https:\/\/sisu.ut.ee\/wp-content\/uploads\/sites\/35\/best_esf.png 461w, https:\/\/sisu.ut.ee\/wp-content\/uploads\/sites\/35\/best_esf-300x72.png 300w\" sizes=\"auto, (max-width: 461px) 100vw, 461px\"><\/p>\n","protected":false},"excerpt":{"rendered":"<p>Autor: Anne-Ly Elhi, suu- ja hambahaiguste assistent Tartu \u00dclikool, Arstiteaduskond, Stomatoloogia kliinik, 2013 Juurekanalite tipupreparatsiooni eesm\u00e4rgiks on kujundada hamba juurekanali ning juuretipu \u00f5ige vorm, et tekiks vastupanu juuret\u00e4idismaterjalile ja see ei satuks \u00fcle juuretipu. Korrektne preparatsioon tagab juuret\u00e4idise pitsumise juuretipu &#8230;<\/p>\n","protected":false},"author":12,"featured_media":0,"parent":0,"menu_order":0,"comment_status":"closed","ping_status":"closed","template":"","meta":{"_acf_changed":false,"inline_featured_image":false,"footnotes":""},"class_list":["post-3","page","type-page","status-publish","hentry"],"acf":[],"_links":{"self":[{"href":"https:\/\/sisu.ut.ee\/juureravi2\/wp-json\/wp\/v2\/pages\/3","targetHints":{"allow":["GET"]}}],"collection":[{"href":"https:\/\/sisu.ut.ee\/juureravi2\/wp-json\/wp\/v2\/pages"}],"about":[{"href":"https:\/\/sisu.ut.ee\/juureravi2\/wp-json\/wp\/v2\/types\/page"}],"author":[{"embeddable":true,"href":"https:\/\/sisu.ut.ee\/juureravi2\/wp-json\/wp\/v2\/users\/12"}],"replies":[{"embeddable":true,"href":"https:\/\/sisu.ut.ee\/juureravi2\/wp-json\/wp\/v2\/comments?post=3"}],"version-history":[{"count":3,"href":"https:\/\/sisu.ut.ee\/juureravi2\/wp-json\/wp\/v2\/pages\/3\/revisions"}],"predecessor-version":[{"id":78,"href":"https:\/\/sisu.ut.ee\/juureravi2\/wp-json\/wp\/v2\/pages\/3\/revisions\/78"}],"wp:attachment":[{"href":"https:\/\/sisu.ut.ee\/juureravi2\/wp-json\/wp\/v2\/media?parent=3"}],"curies":[{"name":"wp","href":"https:\/\/api.w.org\/{rel}","templated":true}]}}