{"id":16,"date":"2024-04-03T23:12:44","date_gmt":"2024-04-03T20:12:44","guid":{"rendered":"https:\/\/sisu.ut.ee\/juureravi2\/kokkuvote\/"},"modified":"2024-04-09T09:25:32","modified_gmt":"2024-04-09T06:25:32","slug":"kokkuvote","status":"publish","type":"page","link":"https:\/\/sisu.ut.ee\/juureravi2\/kokkuvote\/","title":{"rendered":"Kokkuv\u00f5te"},"content":{"rendered":"<p>Suurim kitsaskoht hamba juurekanalite s\u00fcsteemi preparatsioonil on apikaalse osa t\u00f6\u00f6tlus ja kujundamine. Hamba juuretipu anatoomia on keeruline: tipuavasid v\u00f5ib olla mitu, esinevad apikaalsed deltad jne. P\u00f5hilised patogeenid pesitsevad k\u00fcll p\u00f5hijuurekanalis, kuid tipuosa kompleksuse alahindamine v\u00f5ib viia hamba juuretipu alapreparatsioonini, mille tulemusena tekitavad j\u00e4\u00e4nukmikroobid teisese juurep\u00f5letiku ning ravil pole soovitud tulemust.<\/p>\n<p>Juureravi \u00f5nnestumise aluseks on \u00f5ige t\u00f6\u00f6pikkuse m\u00e4\u00e4ramaine. T\u00e4htis on tunda hammaste anatoomiat, erinevaid instrumente ja t\u00f6\u00f6tlemistehnikaid, et kujundada korrektne juurekanali l\u00f5pp-punkt, mille vastu saab kondenseerida juuret\u00e4idismaterjali. \u00d5igest juuretipu preparatsioonist s\u00f5ltub hamba juureravi pikaaegne hea tulemus.<\/p>\n<p>Hamba juure apikaalosa kujundamisel on vead kerged tekkima: astmed, perforatsioonid, kavitatsioonid jm. Selleks, et vigu v\u00e4ltida, on vajalik teha periapikaalsed r\u00f6ntgen\u00fclesv\u00f5tted soovitatavalt erinevate nurkade alt, et saada parem ettekujutus hamba juuretipu kurvatuuridest ja kanals\u00fcsteemist. Antud \u00f5piobjektist on v\u00f5imalik saada teadmisi, kuidas erinevaid vigu ennetada, \u00e4ra tunda ja v\u00f5imalusel ka korrigeerida.<\/p>\n<p><img loading=\"lazy\" decoding=\"async\" width=\"413\" height=\"540\" class=\"alignnone wp-image-38 aligncenter\" style=\"margin-left: auto; margin-right: auto;\" title=\"1juureravitud_hammas.png\" src=\"https:\/\/sisu.ut.ee\/wp-content\/uploads\/sites\/35\/1juureravitud_hammas.png\" alt=\"1juureravitud_hammas.png\" srcset=\"https:\/\/sisu.ut.ee\/wp-content\/uploads\/sites\/35\/1juureravitud_hammas.png 413w, https:\/\/sisu.ut.ee\/wp-content\/uploads\/sites\/35\/1juureravitud_hammas-229x300.png 229w\" sizes=\"auto, (max-width: 413px) 100vw, 413px\"><\/p>\n<p style=\"text-align: center;\"><em>Juureravitud hammas 17<\/em><\/p>\n","protected":false},"excerpt":{"rendered":"<p>Suurim kitsaskoht hamba juurekanalite s\u00fcsteemi preparatsioonil on apikaalse osa t\u00f6\u00f6tlus ja kujundamine. Hamba juuretipu anatoomia on keeruline: tipuavasid v\u00f5ib olla mitu, esinevad apikaalsed deltad jne. P\u00f5hilised patogeenid pesitsevad k\u00fcll p\u00f5hijuurekanalis, kuid tipuosa kompleksuse alahindamine v\u00f5ib viia hamba juuretipu alapreparatsioonini, mille &#8230;<\/p>\n","protected":false},"author":12,"featured_media":0,"parent":0,"menu_order":0,"comment_status":"closed","ping_status":"closed","template":"","meta":{"_acf_changed":false,"inline_featured_image":false,"footnotes":""},"class_list":["post-16","page","type-page","status-publish","hentry"],"acf":[],"_links":{"self":[{"href":"https:\/\/sisu.ut.ee\/juureravi2\/wp-json\/wp\/v2\/pages\/16","targetHints":{"allow":["GET"]}}],"collection":[{"href":"https:\/\/sisu.ut.ee\/juureravi2\/wp-json\/wp\/v2\/pages"}],"about":[{"href":"https:\/\/sisu.ut.ee\/juureravi2\/wp-json\/wp\/v2\/types\/page"}],"author":[{"embeddable":true,"href":"https:\/\/sisu.ut.ee\/juureravi2\/wp-json\/wp\/v2\/users\/12"}],"replies":[{"embeddable":true,"href":"https:\/\/sisu.ut.ee\/juureravi2\/wp-json\/wp\/v2\/comments?post=16"}],"version-history":[{"count":2,"href":"https:\/\/sisu.ut.ee\/juureravi2\/wp-json\/wp\/v2\/pages\/16\/revisions"}],"predecessor-version":[{"id":90,"href":"https:\/\/sisu.ut.ee\/juureravi2\/wp-json\/wp\/v2\/pages\/16\/revisions\/90"}],"wp:attachment":[{"href":"https:\/\/sisu.ut.ee\/juureravi2\/wp-json\/wp\/v2\/media?parent=16"}],"curies":[{"name":"wp","href":"https:\/\/api.w.org\/{rel}","templated":true}]}}