{"id":14,"date":"2024-04-03T23:12:44","date_gmt":"2024-04-03T20:12:44","guid":{"rendered":"https:\/\/sisu.ut.ee\/juureravi2\/45-liivakellakujuline-preparatsioon-elbow\/"},"modified":"2024-04-03T23:12:51","modified_gmt":"2024-04-03T20:12:51","slug":"45-liivakellakujuline-preparatsioon-elbow","status":"publish","type":"page","link":"https:\/\/sisu.ut.ee\/juureravi2\/45-liivakellakujuline-preparatsioon-elbow\/","title":{"rendered":"4.5. Liivakellakujuline preparatsioon (elbow)"},"content":{"rendered":"<p><img loading=\"lazy\" decoding=\"async\" width=\"298\" height=\"265\" class=\"alignnone wp-image-37\" style=\"line-height: 1.6em;float: right;margin-top: 10px;margin-bottom: 10px\" src=\"https:\/\/sisu.ut.ee\/wp-content\/uploads\/sites\/35\/4-5zip-elbow3.png\" title=\"4-5zip-elbow3.png\" alt=\"4-5zip-elbow3.png\">Liivakellakujuline preparatsioon kaasneb tihti teiste tipuprepatasioonivigadega. Instrumenteerimisel j\u00e4igemate instrumentidega instrumendi tipuosa sirgeneb, kuid juurekanali mingis punktis j\u00e4\u00e4b diameeter kogu aeg samaks. Juurekanali kitsaim koht ei paikne mitte tipuosas, vaid sellest kaugemal. Sellise preparatsiooniga juurekanalit on raske t\u00e4ita, kuna k\u00fclmade t\u00e4itmismeetodite kasutamisel j\u00e4\u00e4b tipuosa alat\u00e4idetuks. T\u00e4idismaterjal peetub juurekanalis tihti just kitsaima koha juures.<\/p>\n<p><em>Hamba juurekanali preparatsioonil tekkinud viga, kus prepareeritud juurekanali v\u00e4ikseima diameetriga punkt ei asu mitte juurekanali tipuosas, vaid apikaalosast koronaalsemal. Veat\u00fc\u00fcp on tihti kombinatsioonis kas astme v\u00f5i ZIP-preparatsiooniga.<\/em><\/p>\n<h2>Kuidas v\u00e4ltida?<\/h2>\n<ul>\n<li><span style=\"line-height: 1.6em\">Kasuta antikurvatuuri viilimismeetodit (v\u00e4iksema kurvatuuri poolt suurema poole).<\/span><\/li>\n<li><span style=\"line-height: 1.6em\">K\u00f5verates juurekanalites pole soovitatav roostevabast terasest instrumente roteerida.<\/span><\/li>\n<li><span style=\"line-height: 1.6em\">Kasuta kurvatuuriga juurekanalites soovitatavalt nikkel-titaanist instrumente.<\/span><\/li>\n<li><span style=\"line-height: 1.6em\">Enne preparatsiooni inspekteeri juurekanaleid hoolikalt periapikaalsetelt \u00fclesv\u00f5tetelt.<\/span><\/li>\n<li><span style=\"line-height: 1.6em\">Prepareerivaid instrumente v\u00f5ib modifitseerida vastavalt vajadusele, viilides l\u00f5ikavad terad olulistest ohukohtadest \u00e4ra. Eelpainutatud instrumendil eemaldatakse viili keermed tipuosast 2mm pikkuselt v\u00e4liskurvatuuril ja viili kurvatuuri keskosas kurvatuuri sisepinnal. See v\u00f5te aitab hoida juurekanali originaalkuju.<\/span><\/li>\n<\/ul>\n<h2>Kuidas tekkinud vigu korrigeerida?<\/h2>\n<p>Korrigeerimine on v\u00f5imalik vaid termiliste t\u00e4itmismeetodite rakendamisel. Soovitatav on kasutada mistahes kuuma t\u00e4itmismeetodit, kuid t\u00e4helepanelik tuleks olla siileri aplitseerimisel, et seda liigselt ei saaks. Kombinatsioonis ZIP-t\u00fc\u00fcpi veaga ei aita ka termiline t\u00e4itmine, kuna t\u00e4idismaterjali pole kuskile vastu kompakteerida, sest pole moodustatud pidevalt v\u00e4heneva diameetriga koonusjast preparatsiooni.<\/p>\n","protected":false},"excerpt":{"rendered":"<p>Liivakellakujuline preparatsioon kaasneb tihti teiste tipuprepatasioonivigadega. Instrumenteerimisel j\u00e4igemate instrumentidega instrumendi tipuosa sirgeneb, kuid juurekanali mingis punktis j\u00e4\u00e4b diameeter kogu aeg samaks. Juurekanali kitsaim koht ei paikne mitte tipuosas, vaid sellest kaugemal. Sellise preparatsiooniga juurekanalit on raske t\u00e4ita, kuna k\u00fclmade t\u00e4itmismeetodite &#8230;<\/p>\n","protected":false},"author":12,"featured_media":0,"parent":0,"menu_order":0,"comment_status":"closed","ping_status":"closed","template":"","meta":{"_acf_changed":false,"inline_featured_image":false,"footnotes":""},"class_list":["post-14","page","type-page","status-publish","hentry"],"acf":[],"_links":{"self":[{"href":"https:\/\/sisu.ut.ee\/juureravi2\/wp-json\/wp\/v2\/pages\/14","targetHints":{"allow":["GET"]}}],"collection":[{"href":"https:\/\/sisu.ut.ee\/juureravi2\/wp-json\/wp\/v2\/pages"}],"about":[{"href":"https:\/\/sisu.ut.ee\/juureravi2\/wp-json\/wp\/v2\/types\/page"}],"author":[{"embeddable":true,"href":"https:\/\/sisu.ut.ee\/juureravi2\/wp-json\/wp\/v2\/users\/12"}],"replies":[{"embeddable":true,"href":"https:\/\/sisu.ut.ee\/juureravi2\/wp-json\/wp\/v2\/comments?post=14"}],"version-history":[{"count":1,"href":"https:\/\/sisu.ut.ee\/juureravi2\/wp-json\/wp\/v2\/pages\/14\/revisions"}],"predecessor-version":[{"id":60,"href":"https:\/\/sisu.ut.ee\/juureravi2\/wp-json\/wp\/v2\/pages\/14\/revisions\/60"}],"wp:attachment":[{"href":"https:\/\/sisu.ut.ee\/juureravi2\/wp-json\/wp\/v2\/media?parent=14"}],"curies":[{"name":"wp","href":"https:\/\/api.w.org\/{rel}","templated":true}]}}