{"id":13,"date":"2024-04-03T23:12:44","date_gmt":"2024-04-03T20:12:44","guid":{"rendered":"https:\/\/sisu.ut.ee\/juureravi2\/44-tipulukk-ehk-zip-perforatsioon\/"},"modified":"2024-04-03T23:12:51","modified_gmt":"2024-04-03T20:12:51","slug":"44-tipulukk-ehk-zip-perforatsioon","status":"publish","type":"page","link":"https:\/\/sisu.ut.ee\/juureravi2\/44-tipulukk-ehk-zip-perforatsioon\/","title":{"rendered":"4.4. Tipulukk ehk ZIP-perforatsioon"},"content":{"rendered":"<p>Tipulukk ehk ZIP-perforatsioon on juurekanali tipuosa transpositsioon v\u00f5i transportatsioon. Tipuava on piltlikult \u00f6eldes \u201et\u00f5mblukuna lahti t\u00f5mmatud\u201d. \u00a0Juurekanali tipuava venitatakse elliptiliseks ning suuremad viilid l\u00f5ikavad rohkem juurekanali kurvatuuri v\u00e4lisseina, tekitades kanali tipuosa eemaldumise selle loomulikust v\u00e4ljumisavast. Viga tekib tipuosa j\u00f5ulisel puhastamisel, mil juuretippu j\u00e4iga instrumendiga prepareerides instrument sirgeneb v\u00f5i on viga tekitatud Hedstr\u00f6m-viiliga preparatsioonil korduvalt \u00fcle juuretipu instrumenteerides.<\/p>\n<p><img loading=\"lazy\" decoding=\"async\" width=\"298\" height=\"265\" class=\"alignnone wp-image-37\" style=\"margin-left: auto;margin-right: auto;float: right\" src=\"https:\/\/sisu.ut.ee\/wp-content\/uploads\/sites\/35\/4-5zip-elbow3.png\" title=\"4-5zip-elbow3.png\" alt=\"4-5zip-elbow3.png\"><\/p>\n<p>Probleem tekib tavaliselt k\u00e4siinstrumentidega preparatsioonil, sest j\u00e4iku instrumente on raske eelpainutada ning kasutada kurvatuuriga kanalites. Juba tekkinud viga pole v\u00f5imalik parandada, kuna pole kindlat v\u00e4ikest punkti tipuosas, mille vastu juuret\u00e4idismaterjali kompakteerida.<\/p>\n<p><em>Hamba juurekanali tipupreparatsioonil on tekkinud lukulaadne tipukahjustus. N\u00e4ha on lehtrikujuline tipuosa ja erinevatest instrumentidest tekkinud t\u00e4kked. Esineb tihti kombinatsioonis liivakellakujulise kanalipreparatsiooniga.<\/em><\/p>\n<h2>Kuidas v\u00e4ltida?<\/h2>\n<ul>\n<li>Kasuta antikurvatuuri viilimismeetodit (v\u00e4iksema kurvatuuri poolt suurema poole).<\/li>\n<li>K\u00f5verates juurekanalites pole soovitatav roostevabast terasest instrumente roteerida.<\/li>\n<li>Soovitatav on kasutada kurvatuuriga juurekanalites nikkel-titaanist instrumente.<\/li>\n<li>\u00c4ra kasuta liigset j\u00f5udu.<\/li>\n<li>M\u00e4\u00e4ra korralik t\u00f6\u00f6pikkus.<\/li>\n<li>Enne preparatsiooni inspekteeri juurekanaleid hoolikalt periapikaalsetelt \u00fclesv\u00f5tetelt.<\/li>\n<li>Prepareerivaid instrumente v\u00f5ib modifitseerida vastavalt vajadusele, viilides l\u00f5ikavad terad olulistest ohukohtadest \u00e4ra. Eelpainutatud instrumendil eemaldatakse viili keermed tipuosast 2 mm pikkuselt v\u00e4liskurvatuuril ja viili kurvatuuri keskosas kurvatuuri sisepinnal. See v\u00f5te aitab hoida juurekanali originaalkuju.<\/li>\n<\/ul>\n<h2>Kuidas tekkinud vigu korrigeerida?<\/h2>\n<p>ZIP-t\u00fc\u00fcpi vigade puhul ei aita termiline t\u00e4itmine, kuna t\u00e4idismaterjali pole kuskile vastu kompakteerida, sest pole moodustatud pidevalt v\u00e4heneva diameetriga koonusjast preparatsiooni. P\u00e4rast t\u00e4itmist v\u00f5ib olla vajalik periapikaalkirurgia.<\/p>\n","protected":false},"excerpt":{"rendered":"<p>Tipulukk ehk ZIP-perforatsioon on juurekanali tipuosa transpositsioon v\u00f5i transportatsioon. Tipuava on piltlikult \u00f6eldes \u201et\u00f5mblukuna lahti t\u00f5mmatud\u201d. \u00a0Juurekanali tipuava venitatakse elliptiliseks ning suuremad viilid l\u00f5ikavad rohkem juurekanali kurvatuuri v\u00e4lisseina, tekitades kanali tipuosa eemaldumise selle loomulikust v\u00e4ljumisavast. Viga tekib tipuosa j\u00f5ulisel puhastamisel, &#8230;<\/p>\n","protected":false},"author":12,"featured_media":0,"parent":0,"menu_order":0,"comment_status":"closed","ping_status":"closed","template":"","meta":{"_acf_changed":false,"inline_featured_image":false,"footnotes":""},"class_list":["post-13","page","type-page","status-publish","hentry"],"acf":[],"_links":{"self":[{"href":"https:\/\/sisu.ut.ee\/juureravi2\/wp-json\/wp\/v2\/pages\/13","targetHints":{"allow":["GET"]}}],"collection":[{"href":"https:\/\/sisu.ut.ee\/juureravi2\/wp-json\/wp\/v2\/pages"}],"about":[{"href":"https:\/\/sisu.ut.ee\/juureravi2\/wp-json\/wp\/v2\/types\/page"}],"author":[{"embeddable":true,"href":"https:\/\/sisu.ut.ee\/juureravi2\/wp-json\/wp\/v2\/users\/12"}],"replies":[{"embeddable":true,"href":"https:\/\/sisu.ut.ee\/juureravi2\/wp-json\/wp\/v2\/comments?post=13"}],"version-history":[{"count":1,"href":"https:\/\/sisu.ut.ee\/juureravi2\/wp-json\/wp\/v2\/pages\/13\/revisions"}],"predecessor-version":[{"id":61,"href":"https:\/\/sisu.ut.ee\/juureravi2\/wp-json\/wp\/v2\/pages\/13\/revisions\/61"}],"wp:attachment":[{"href":"https:\/\/sisu.ut.ee\/juureravi2\/wp-json\/wp\/v2\/media?parent=13"}],"curies":[{"name":"wp","href":"https:\/\/api.w.org\/{rel}","templated":true}]}}