{"id":12,"date":"2024-04-03T23:12:44","date_gmt":"2024-04-03T20:12:44","guid":{"rendered":"https:\/\/sisu.ut.ee\/juureravi2\/43-perforatsioon\/"},"modified":"2024-04-09T09:23:52","modified_gmt":"2024-04-09T06:23:52","slug":"43-perforatsioon","status":"publish","type":"page","link":"https:\/\/sisu.ut.ee\/juureravi2\/43-perforatsioon\/","title":{"rendered":"4.3. Perforatsioon"},"content":{"rendered":"<p>Perforatsiooni puhul instrumenteeritakse tekkinud astet j\u00f5uliselt ja tekitatakse pseudojuurekanal, mis ei \u00fchti originaaliga. Originaaljuurekanalisse instrumendid enam ei satu. Oht on j\u00e4\u00e4nukmikroobide reservuaari tekkeks, kui tipuosa ei puhastata ega t\u00e4ideta adekvaatselt.<\/p>\n<table class=\"table table-hover\" border=\"0\" align=\"center\">\n<tbody>\n<tr>\n<td><img loading=\"lazy\" decoding=\"async\" width=\"185\" height=\"265\" class=\"alignnone wp-image-35\" src=\"https:\/\/sisu.ut.ee\/wp-content\/uploads\/sites\/35\/3perforatsioon.png\" title=\"3perforatsioon.png\" alt=\"3perforatsioon.png\"><\/td>\n<td><img loading=\"lazy\" decoding=\"async\" width=\"283\" height=\"378\" class=\"alignnone wp-image-36\" src=\"https:\/\/sisu.ut.ee\/wp-content\/uploads\/sites\/35\/fig12.png\" title=\"fig12.png\" alt=\"fig12.png\" srcset=\"https:\/\/sisu.ut.ee\/wp-content\/uploads\/sites\/35\/fig12.png 283w, https:\/\/sisu.ut.ee\/wp-content\/uploads\/sites\/35\/fig12-225x300.png 225w\" sizes=\"auto, (max-width: 283px) 100vw, 283px\"><\/td>\n<\/tr>\n<\/tbody>\n<\/table>\n<p><em>Skemaatiline joonis hamba juuretipu preparatsioonil tekkinud perforatsiooni kohta. Fotol on periapikaalne r\u00f6ntgen\u00fclesv\u00f5te hambast 12. R\u00f6ntgenil on n\u00e4ha juuretipu k\u00f5verdumine distaalsele, t\u00e4idiseta juuretipp, kerge periapikaalne radiolutsents ning juuret\u00e4idis, mis on perforeerinud juureseina.<\/em><\/p>\n","protected":false},"excerpt":{"rendered":"<p>Perforatsiooni puhul instrumenteeritakse tekkinud astet j\u00f5uliselt ja tekitatakse pseudojuurekanal, mis ei \u00fchti originaaliga. Originaaljuurekanalisse instrumendid enam ei satu. Oht on j\u00e4\u00e4nukmikroobide reservuaari tekkeks, kui tipuosa ei puhastata ega t\u00e4ideta adekvaatselt. Skemaatiline joonis hamba juuretipu preparatsioonil tekkinud perforatsiooni kohta. Fotol on &#8230;<\/p>\n","protected":false},"author":12,"featured_media":0,"parent":0,"menu_order":0,"comment_status":"closed","ping_status":"closed","template":"","meta":{"_acf_changed":false,"inline_featured_image":false,"footnotes":""},"class_list":["post-12","page","type-page","status-publish","hentry"],"acf":[],"_links":{"self":[{"href":"https:\/\/sisu.ut.ee\/juureravi2\/wp-json\/wp\/v2\/pages\/12","targetHints":{"allow":["GET"]}}],"collection":[{"href":"https:\/\/sisu.ut.ee\/juureravi2\/wp-json\/wp\/v2\/pages"}],"about":[{"href":"https:\/\/sisu.ut.ee\/juureravi2\/wp-json\/wp\/v2\/types\/page"}],"author":[{"embeddable":true,"href":"https:\/\/sisu.ut.ee\/juureravi2\/wp-json\/wp\/v2\/users\/12"}],"replies":[{"embeddable":true,"href":"https:\/\/sisu.ut.ee\/juureravi2\/wp-json\/wp\/v2\/comments?post=12"}],"version-history":[{"count":1,"href":"https:\/\/sisu.ut.ee\/juureravi2\/wp-json\/wp\/v2\/pages\/12\/revisions"}],"predecessor-version":[{"id":62,"href":"https:\/\/sisu.ut.ee\/juureravi2\/wp-json\/wp\/v2\/pages\/12\/revisions\/62"}],"wp:attachment":[{"href":"https:\/\/sisu.ut.ee\/juureravi2\/wp-json\/wp\/v2\/media?parent=12"}],"curies":[{"name":"wp","href":"https:\/\/api.w.org\/{rel}","templated":true}]}}