{"id":11,"date":"2024-04-03T23:12:44","date_gmt":"2024-04-03T20:12:44","guid":{"rendered":"https:\/\/sisu.ut.ee\/juureravi2\/42-juurekanali-kavitatsioon\/"},"modified":"2024-04-03T23:12:51","modified_gmt":"2024-04-03T20:12:51","slug":"42-juurekanali-kavitatsioon","status":"publish","type":"page","link":"https:\/\/sisu.ut.ee\/juureravi2\/42-juurekanali-kavitatsioon\/","title":{"rendered":"4.2. Juurekanali kavitatsioon"},"content":{"rendered":"<p><img loading=\"lazy\" decoding=\"async\" width=\"185\" height=\"265\" class=\"alignnone wp-image-34\" style=\"margin-left: auto;margin-right: auto;float: right\" src=\"https:\/\/sisu.ut.ee\/wp-content\/uploads\/sites\/35\/2kavitatsioon.png\" title=\"2kavitatsioon.png\" alt=\"2kavitatsioon.png\"><\/p>\n<p>Kavitatsiooniks nimetatakse juurekanali laienemist v\u00e4liskurvatuuri suunas ehk mingis juurekanali tipupiirkonnas on diameeter lubatust suurem. See on tingitud j\u00e4ikade prepareerimisinstrumentide kasutamisest.<\/p>\n<p><em>Hamba juurekanali tipuosa on prepareeritud v\u00e4ga laiaks, mis v\u00f5ib tingida juuretipu h\u00f5reda t\u00e4itmise.<\/em><\/p>\n<h2>Kuidas v\u00e4ltida?<\/h2>\n<ul>\n<li><span style=\"line-height: 1.6em\">Loputa pidevalt NaOCl lahusega (instrumenteerida vaid niiskes kanalis!).<\/span><\/li>\n<li><span style=\"line-height: 1.6em\">Eelpainuta roostevabast terasest instrumendid.<\/span><\/li>\n<li><span style=\"line-height: 1.6em\">Rekapitulatsioon kogu kujundusprotseduuri v\u00e4ltel erinevates etappides.<\/span><\/li>\n<li><span style=\"line-height: 1.6em\">Pole vaja kasutada liigset j\u00f5udu.<\/span><\/li>\n<li><span style=\"line-height: 1.6em\">J\u00e4rgi instrumenteerimisprotokolli ning kasuta instrumente \u00f5iges j\u00e4rjestuses.<\/span><\/li>\n<li><span style=\"line-height: 1.6em\">Kasuta kelaatoreid.<\/span><\/li>\n<li><span style=\"line-height: 1.6em\">Soovitatav on kasutada <\/span><em style=\"line-height: 1.6em\">crown-down<\/em><span style=\"line-height: 1.6em\"> preparatsioonitehnikat.<\/span><\/li>\n<\/ul>\n<h2>Kuidas tekkinud vigu korrigeerida?<\/h2>\n<p>Preparatsiooni korrigeerida pole v\u00f5imalik ning t\u00e4itmisel tuleks kasutada termilisi t\u00e4itmismeetodeid juba eelpool mainitud p\u00f5hjustel.<\/p>\n","protected":false},"excerpt":{"rendered":"<p>Kavitatsiooniks nimetatakse juurekanali laienemist v\u00e4liskurvatuuri suunas ehk mingis juurekanali tipupiirkonnas on diameeter lubatust suurem. See on tingitud j\u00e4ikade prepareerimisinstrumentide kasutamisest. Hamba juurekanali tipuosa on prepareeritud v\u00e4ga laiaks, mis v\u00f5ib tingida juuretipu h\u00f5reda t\u00e4itmise. Kuidas v\u00e4ltida? Loputa pidevalt NaOCl lahusega (instrumenteerida &#8230;<\/p>\n","protected":false},"author":12,"featured_media":0,"parent":0,"menu_order":0,"comment_status":"closed","ping_status":"closed","template":"","meta":{"_acf_changed":false,"inline_featured_image":false,"footnotes":""},"class_list":["post-11","page","type-page","status-publish","hentry"],"acf":[],"_links":{"self":[{"href":"https:\/\/sisu.ut.ee\/juureravi2\/wp-json\/wp\/v2\/pages\/11","targetHints":{"allow":["GET"]}}],"collection":[{"href":"https:\/\/sisu.ut.ee\/juureravi2\/wp-json\/wp\/v2\/pages"}],"about":[{"href":"https:\/\/sisu.ut.ee\/juureravi2\/wp-json\/wp\/v2\/types\/page"}],"author":[{"embeddable":true,"href":"https:\/\/sisu.ut.ee\/juureravi2\/wp-json\/wp\/v2\/users\/12"}],"replies":[{"embeddable":true,"href":"https:\/\/sisu.ut.ee\/juureravi2\/wp-json\/wp\/v2\/comments?post=11"}],"version-history":[{"count":1,"href":"https:\/\/sisu.ut.ee\/juureravi2\/wp-json\/wp\/v2\/pages\/11\/revisions"}],"predecessor-version":[{"id":63,"href":"https:\/\/sisu.ut.ee\/juureravi2\/wp-json\/wp\/v2\/pages\/11\/revisions\/63"}],"wp:attachment":[{"href":"https:\/\/sisu.ut.ee\/juureravi2\/wp-json\/wp\/v2\/media?parent=11"}],"curies":[{"name":"wp","href":"https:\/\/api.w.org\/{rel}","templated":true}]}}