{"id":10,"date":"2024-04-03T23:12:44","date_gmt":"2024-04-03T20:12:44","guid":{"rendered":"https:\/\/sisu.ut.ee\/juureravi2\/41-aste\/"},"modified":"2024-04-09T09:23:14","modified_gmt":"2024-04-09T06:23:14","slug":"41-aste","status":"publish","type":"page","link":"https:\/\/sisu.ut.ee\/juureravi2\/41-aste\/","title":{"rendered":"4.1. Aste"},"content":{"rendered":"<p>Aste on tehislikult tekitatud ebaregulaarsus juurekanali sisepinnal, mis takistab instrumentide viimist juurekanali apikaalossa. Juurekanali seina tekib piltlikult \u00f6eldes \u201etrepiaste\u201d, millest suurema instrumendiga m\u00f6\u00f6da saamine on v\u00e4ga raske. Aste tekib instrumendi j\u00e4ikuse ja eelpainutuse vajaduse eiramise t\u00f5ttu, preparatsiooniprahi pitsumise t\u00f5ttu juurekanali valendikus, liigse surve t\u00f5ttu preparatsioonil v\u00f5i j\u00e4rsult suurema instrumendi kasutamisel. Juurekanali t\u00f6\u00f6pikkus l\u00fcheneb. Oht on juurekanali alapreparatsiooniks ja tipuosa h\u00f5redaks t\u00e4itmiseks. Alaprepareeritud ja alat\u00e4idetud juurekanali puhul on reinfektsiooni teke v\u00e4ltimatu. Tekib nii roostevabast terasest kui ka nikkel-titaanist instrumentide kasutamisel.<\/p>\n<table class=\"table table-hover\" border=\"0\" align=\"center\">\n<tbody>\n<tr>\n<td><img loading=\"lazy\" decoding=\"async\" width=\"185\" height=\"265\" class=\"alignnone wp-image-32\" title=\"1aste.png\" src=\"https:\/\/sisu.ut.ee\/wp-content\/uploads\/sites\/35\/1aste.png\" alt=\"1aste.png\"><\/td>\n<td><img loading=\"lazy\" decoding=\"async\" width=\"384\" height=\"287\" class=\"alignnone wp-image-33\" title=\"fig10.png\" src=\"https:\/\/sisu.ut.ee\/wp-content\/uploads\/sites\/35\/fig10.png\" alt=\"fig10.png\" srcset=\"https:\/\/sisu.ut.ee\/wp-content\/uploads\/sites\/35\/fig10.png 384w, https:\/\/sisu.ut.ee\/wp-content\/uploads\/sites\/35\/fig10-300x224.png 300w\" sizes=\"auto, (max-width: 384px) 100vw, 384px\"><\/td>\n<\/tr>\n<\/tbody>\n<\/table>\n<p><em>Juurekanali tipuosas tekkinud aste raskendab hamba juurekanali prepareerimist t\u00f6\u00f6pikkusesse, kuna astmest m\u00f6\u00f6dasaamine on raskendatud (skemaatiline joonis). R\u00f6ntgen\u00fclesv\u00f5ttel (paremal) on n\u00e4ha hammas 36, mille juureravi on eba\u00f5nnestunud mesiaalsete juurekanalite preparatsioonil tekkinud astmete t\u00f5ttu. Astmed on tekkinud juurekanali keskmises kolmandikus v\u00e4liskurvatuuri osas (suur ohukoht k\u00f5verate juurekanalite kujundamisel). T\u00e4nu preparatsiooniveale pole suudetud mesiaalsete juurekanalite tipuosi puhastada ja kujundada. Alles on j\u00e4\u00e4nukmikroobid prepareerimata juurekanaliosas ning see on tekitanud teisese p\u00f5letiku, millele viitab periapikaalse radiolutsentsi olemasolu mesiaalse juuretipu \u00fcmber. Hamba distaalne juur on korrektselt ravitud: juuret\u00e4idis on tihe, kooniline, tipuni ja puudub periapikaalne radiolutsents distaalse juuretipu \u00fcmber.<\/em><\/p>\n<h2>Kuidas v\u00e4ltida?<\/h2>\n<ul>\n<li><span style=\"line-height: 1.6em;\" data-mce-mark=\"1\">Loputa kanalit pidevalt NaOCl lahusega (instrumenteerida vaid niiskes kanalis!).<\/span><\/li>\n<li><span style=\"line-height: 1.6em;\" data-mce-mark=\"1\">Eelpainuta roostevabast terasest instrumendid.<\/span><\/li>\n<li><span style=\"line-height: 1.6em;\" data-mce-mark=\"1\">Rekapitulatsioon kogu kujundusprotseduuri v\u00e4ltel erinevates etappides.<\/span><\/li>\n<li><span style=\"line-height: 1.6em;\" data-mce-mark=\"1\">Pole vaja liigselt survestada.<\/span><\/li>\n<li><span style=\"line-height: 1.6em;\" data-mce-mark=\"1\">J\u00e4rgi instrumenteerimisprotokolli ning kasuta instrumente \u00f5iges j\u00e4rjestuses.<\/span><\/li>\n<li><span style=\"line-height: 1.6em;\" data-mce-mark=\"1\">Kasuta kelaatoreid.<\/span><\/li>\n<li><span style=\"line-height: 1.6em;\" data-mce-mark=\"1\">Soovitatav on kasutada <\/span><em style=\"line-height: 1.6em;\">crown-down<\/em><span style=\"line-height: 1.6em;\" data-mce-mark=\"1\"> preparatsioonitehnikat.<\/span><\/li>\n<\/ul>\n<h2>Kuidas tekkinud vigu korrigeerida?<\/h2>\n<p>Mida v\u00e4iksem on aste, seda t\u00f5en\u00e4olisem on selle korrigeerimine. K\u00f5ige raskem on korrigeerida vigu, mis on tekkinud #25 v\u00f5i suurema instrumendi kasutamisel, kuna suurematest astmetest m\u00f6\u00f6da p\u00e4\u00e4semine on raskendatud.<\/p>\n<p>Astme korrigeerimisel v\u00f5ib abi olla j\u00e4rgnevast.<\/p>\n<ul>\n<li><span style=\"line-height: 1.6em;\" data-mce-mark=\"1\">T\u00e4ida kaviteet NaOCl lahusega.<\/span><\/li>\n<li><span style=\"line-height: 1.6em;\" data-mce-mark=\"1\">Eelpainuta #06, 08 v\u00f5i 10 K-viil ning vii instrument ettevaatlikult astmest m\u00f6\u00f6da t\u00f6\u00f6pikkusesse. Survestada ei tohi ja vajadusel v\u00f5ib kasutada kerget edasi-tagasi rotatsiooni.<\/span><\/li>\n<li><span style=\"line-height: 1.6em;\" data-mce-mark=\"1\">Viili instrumendiga juurekanalit tsirkumferentselt s.t. ringjalt m\u00f6\u00f6da juurekanali seina \u00fcles-alla liigutades, kuni instrument liigub juurekanalis vabalt.<\/span><\/li>\n<li><span style=\"line-height: 1.6em;\" data-mce-mark=\"1\">Eemalda instrument kanalist ja loputa NaOCl lahusega.<\/span><\/li>\n<li><span style=\"line-height: 1.6em;\" data-mce-mark=\"1\">Vii juurekanalisse number suurem K-viil ja korda protseduuri.<\/span><\/li>\n<li><span style=\"line-height: 1.6em;\" data-mce-mark=\"1\">Astmest m\u00f6\u00f6da v\u00f5ib viia ka eelpainutatud H-viile ning ettevaatlikult astet tasandada prepareerides astme poole. Instrumenteerimisel tasub olla ettevaatlik, kuna on suur oht uue astme tekkeks.<\/span><\/li>\n<li><span style=\"line-height: 1.6em;\">T\u00e4itmisel tasub kasutada termilisi t\u00e4itmismeetodeid, et saavutada korralik 3-dimensionaalne juuret\u00e4idis.<\/span><\/li>\n<\/ul>\n","protected":false},"excerpt":{"rendered":"<p>Aste on tehislikult tekitatud ebaregulaarsus juurekanali sisepinnal, mis takistab instrumentide viimist juurekanali apikaalossa. Juurekanali seina tekib piltlikult \u00f6eldes \u201etrepiaste\u201d, millest suurema instrumendiga m\u00f6\u00f6da saamine on v\u00e4ga raske. Aste tekib instrumendi j\u00e4ikuse ja eelpainutuse vajaduse eiramise t\u00f5ttu, preparatsiooniprahi pitsumise t\u00f5ttu juurekanali &#8230;<\/p>\n","protected":false},"author":12,"featured_media":0,"parent":0,"menu_order":0,"comment_status":"closed","ping_status":"closed","template":"","meta":{"_acf_changed":false,"inline_featured_image":false,"footnotes":""},"class_list":["post-10","page","type-page","status-publish","hentry"],"acf":[],"_links":{"self":[{"href":"https:\/\/sisu.ut.ee\/juureravi2\/wp-json\/wp\/v2\/pages\/10","targetHints":{"allow":["GET"]}}],"collection":[{"href":"https:\/\/sisu.ut.ee\/juureravi2\/wp-json\/wp\/v2\/pages"}],"about":[{"href":"https:\/\/sisu.ut.ee\/juureravi2\/wp-json\/wp\/v2\/types\/page"}],"author":[{"embeddable":true,"href":"https:\/\/sisu.ut.ee\/juureravi2\/wp-json\/wp\/v2\/users\/12"}],"replies":[{"embeddable":true,"href":"https:\/\/sisu.ut.ee\/juureravi2\/wp-json\/wp\/v2\/comments?post=10"}],"version-history":[{"count":2,"href":"https:\/\/sisu.ut.ee\/juureravi2\/wp-json\/wp\/v2\/pages\/10\/revisions"}],"predecessor-version":[{"id":89,"href":"https:\/\/sisu.ut.ee\/juureravi2\/wp-json\/wp\/v2\/pages\/10\/revisions\/89"}],"wp:attachment":[{"href":"https:\/\/sisu.ut.ee\/juureravi2\/wp-json\/wp\/v2\/media?parent=10"}],"curies":[{"name":"wp","href":"https:\/\/api.w.org\/{rel}","templated":true}]}}