{"id":5,"date":"2024-04-03T23:08:35","date_gmt":"2024-04-03T20:08:35","guid":{"rendered":"https:\/\/sisu.ut.ee\/juureravi1\/sissejuhatus\/"},"modified":"2024-04-03T23:08:43","modified_gmt":"2024-04-03T20:08:43","slug":"sissejuhatus","status":"publish","type":"page","link":"https:\/\/sisu.ut.ee\/juureravi1\/sissejuhatus\/","title":{"rendered":"\u00d5pijuhis"},"content":{"rendered":"<p>K\u00e4esolev materjal on lihtsa liigendatusega, et oleks h\u00f5lpsam teadmisi omandada.\u00a0Oluline on r\u00f5hutatud, toodud v\u00e4lja eraldi l\u00f5ikudes \u201cJ\u00e4ta meelde!\u201d, \u201cOluline!\u201d ning lisateave on peidetud nuppude alla \u201cLoe lisaks!\u201d Tekstis on ka k\u00fcsimusi, millele vastuse v\u00f5i kommentaari saab sellele klikkides.<\/p>\n<p>Lisaks teoreetilisele materjalile on \u00f5piobjektis:<\/p>\n<ul>\n<li><span style=\"line-height: 1.6em\" data-mce-mark=\"1\">skemaatilised joonised ning seletused, mida j\u00e4rgida ja oluliseks pidada. Joonistel on v\u00e4lja toodud ravietapid <\/span><em style=\"line-height: 1.6em\">step-by-step<\/em><span style=\"line-height: 1.6em\" data-mce-mark=\"1\">, et k\u00f5ik oleks \u00fcheselt arusaadav;<\/span><\/li>\n<li><span style=\"line-height: 1.6em\" data-mce-mark=\"1\">videolingid erinevatest tehnikatest;<\/span><\/li>\n<li><span style=\"line-height: 1.6em\" data-mce-mark=\"1\">r\u00f6ntgen\u00fclesv\u00f5tted ravitud patsientide hammastest, mis annavad parema ettekujutuse juurekanalite t\u00e4itmisest ja seostavad teadmisi reaalse eluga. Pildid patsientide ravijuhtumitest on autori poolt pildistatud, t\u00f6\u00f6tades SA T\u00dcK stomatoloogia kliinikus.<\/span><\/li>\n<\/ul>\n<p>Materjal l\u00f5ppeb kontrolltestiga, mille abil v\u00f5imalik teada saada, kas \u00f5pitu on omandatud.<\/p>\n<p>\u00d5piobjekt on \u00fcks osa endodontia baaskursusest ning t\u00e4ieliku \u00fclevaate saamiseks tuleks vaadata ka teisi vastava aine \u00f5piobjekte: \u201c<a href=\"http:\/\/sisu.ut.ee\/juureravi3\" target=\"_blank\" rel=\"noopener\">Hammaste juurekanalite erinevad preparatsioonitehnikad roostevabast terasest instrumente kasutades<\/a>\u201c, \u201c<a href=\"http:\/\/sisu.ut.ee\/juureravi2\" target=\"_blank\" rel=\"noopener\">Hammaste juurekanalite tipuanatoomia ja apikaalne preparatsioon<\/a>\u201c, <a href=\"http:\/\/sisu.ut.ee\/juureravi4\" target=\"_blank\" rel=\"noopener\">\u201cNikkeltitaanist juureravi instrumentide omadused ja kasutamise erip\u00e4rad<\/a>\u201d ning \u201c<a href=\"http:\/\/sisu.ut.ee\/juureravi5\" target=\"_blank\" rel=\"noopener\">Hammaste juurekanalite preparatsioon nikkeltitaanist instrumente kasutades<\/a>\u201c.<\/p>\n","protected":false},"excerpt":{"rendered":"<p>K\u00e4esolev materjal on lihtsa liigendatusega, et oleks h\u00f5lpsam teadmisi omandada.\u00a0Oluline on r\u00f5hutatud, toodud v\u00e4lja eraldi l\u00f5ikudes \u201cJ\u00e4ta meelde!\u201d, \u201cOluline!\u201d ning lisateave on peidetud nuppude alla \u201cLoe lisaks!\u201d Tekstis on ka k\u00fcsimusi, millele vastuse v\u00f5i kommentaari saab sellele klikkides. Lisaks teoreetilisele &#8230;<\/p>\n","protected":false},"author":12,"featured_media":0,"parent":0,"menu_order":0,"comment_status":"closed","ping_status":"closed","template":"","meta":{"_acf_changed":false,"inline_featured_image":false,"footnotes":""},"class_list":["post-5","page","type-page","status-publish","hentry"],"acf":[],"_links":{"self":[{"href":"https:\/\/sisu.ut.ee\/juureravi1\/wp-json\/wp\/v2\/pages\/5","targetHints":{"allow":["GET"]}}],"collection":[{"href":"https:\/\/sisu.ut.ee\/juureravi1\/wp-json\/wp\/v2\/pages"}],"about":[{"href":"https:\/\/sisu.ut.ee\/juureravi1\/wp-json\/wp\/v2\/types\/page"}],"author":[{"embeddable":true,"href":"https:\/\/sisu.ut.ee\/juureravi1\/wp-json\/wp\/v2\/users\/12"}],"replies":[{"embeddable":true,"href":"https:\/\/sisu.ut.ee\/juureravi1\/wp-json\/wp\/v2\/comments?post=5"}],"version-history":[{"count":1,"href":"https:\/\/sisu.ut.ee\/juureravi1\/wp-json\/wp\/v2\/pages\/5\/revisions"}],"predecessor-version":[{"id":73,"href":"https:\/\/sisu.ut.ee\/juureravi1\/wp-json\/wp\/v2\/pages\/5\/revisions\/73"}],"wp:attachment":[{"href":"https:\/\/sisu.ut.ee\/juureravi1\/wp-json\/wp\/v2\/media?parent=5"}],"curies":[{"name":"wp","href":"https:\/\/api.w.org\/{rel}","templated":true}]}}