{"id":4,"date":"2024-04-03T23:08:35","date_gmt":"2024-04-03T20:08:35","guid":{"rendered":"https:\/\/sisu.ut.ee\/juureravi1\/avaleht\/"},"modified":"2024-04-08T13:41:50","modified_gmt":"2024-04-08T10:41:50","slug":"avaleht","status":"publish","type":"page","link":"https:\/\/sisu.ut.ee\/juureravi1\/","title":{"rendered":"Avaleht"},"content":{"rendered":"<table class=\"table table-hover\" style=\"width: 100%;\" border=\"0\" align=\"center\">\n<tbody>\n<tr>\n<td>\n<p style=\"text-align: left;\"><strong>Autor: Anne-Ly Elhi, suu- ja hambahaiguste assistent<\/strong><br>\n<strong>Tartu \u00dclikool, Arstiteaduskond, Stomatoloogia kliinik, 2013<\/strong><\/p>\n<p>\u00d5piobjekt \u201cHammaste juurekanalite erinevad t\u00e4itmistehnikad\u201d on hambaarsti \u00f5ppes endodontia \u00fcks p\u00f5hiosadest, mis tutvustab juurekanalite t\u00e4itmise v\u00f5imalusi korrektse endodontilise ravitulemuse saavutamiseks.<\/p>\n<p>Antud \u00f5piobjekt annab \u00fclevaate hetkel kasutatavatest juurekanalite t\u00e4itmistehnikatest, juhib t\u00e4helepanu v\u00f5imalike vigade tekkemomentidele ning nende v\u00e4ltimise v\u00f5imalustele vastavate tehnikate kasutamisel.<\/p>\n<p>K\u00e4esolev teoreetiline materjal on aluseks \u00fcli\u00f5pilaste k\u00e4eliste oskuste omandamisel praktikumis. \u00d5piobjektist saadud teadmisi saab edukalt rakendada hilisemas t\u00f6\u00f6s patsientidega. Materjal on m\u00f5eldud ka praktiseerivatele hambaarstidele oma teadmiste t\u00e4iendamiseks ja v\u00e4rskendamiseks. Selle l\u00e4bimiseks kulub ligikaudu 4 akadeemilist tundi.<\/p><\/td>\n<td style=\"width: 10px;\">\n<p style=\"text-align: center;\">\n<\/p><\/td>\n<td><img loading=\"lazy\" decoding=\"async\" width=\"266\" height=\"354\" class=\"alignnone wp-image-20\" style=\"margin-left: auto; margin-right: auto;\" title=\"sp1-1.png\" src=\"https:\/\/sisu.ut.ee\/wp-content\/uploads\/sites\/14\/sp1-1.png\" alt=\"sp1-1.png\" srcset=\"https:\/\/sisu.ut.ee\/wp-content\/uploads\/sites\/14\/sp1-1.png 266w, https:\/\/sisu.ut.ee\/wp-content\/uploads\/sites\/14\/sp1-1-225x300.png 225w\" sizes=\"auto, (max-width: 266px) 100vw, 266px\"><br>\n<em><span data-mce-mark=\"1\"><strong>Foto 1<\/strong>:\u00a0Pildil on n\u00e4ha hammas 13 t\u00e4idetud juurekanaliga, mille kanali tipuosa hargnemise on t\u00e4itnud siiler. Kasutatud on lateraalset k\u00fclmkondensatsiooni tehnikat.<\/span><\/em><\/td>\n<\/tr>\n<tr>\n<td colspan=\"3\">\n<p style=\"text-align: center;\"><img loading=\"lazy\" decoding=\"async\" width=\"461\" height=\"110\" class=\"alignnone wp-image-19\" title=\"best_esf.png\" src=\"https:\/\/sisu.ut.ee\/wp-content\/uploads\/sites\/14\/best_esf.png\" alt=\"best_esf.png\" srcset=\"https:\/\/sisu.ut.ee\/wp-content\/uploads\/sites\/14\/best_esf.png 461w, https:\/\/sisu.ut.ee\/wp-content\/uploads\/sites\/14\/best_esf-300x72.png 300w\" sizes=\"auto, (max-width: 461px) 100vw, 461px\"><\/p>\n<\/td>\n<\/tr>\n<\/tbody>\n<\/table>\n","protected":false},"excerpt":{"rendered":"<p>Autor: Anne-Ly Elhi, suu- ja hambahaiguste assistent Tartu \u00dclikool, Arstiteaduskond, Stomatoloogia kliinik, 2013 \u00d5piobjekt \u201cHammaste juurekanalite erinevad t\u00e4itmistehnikad\u201d on hambaarsti \u00f5ppes endodontia \u00fcks p\u00f5hiosadest, mis tutvustab juurekanalite t\u00e4itmise v\u00f5imalusi korrektse endodontilise ravitulemuse saavutamiseks. Antud \u00f5piobjekt annab \u00fclevaate hetkel kasutatavatest juurekanalite &#8230;<\/p>\n","protected":false},"author":12,"featured_media":0,"parent":0,"menu_order":0,"comment_status":"closed","ping_status":"closed","template":"","meta":{"_acf_changed":false,"inline_featured_image":false,"footnotes":""},"class_list":["post-4","page","type-page","status-publish","hentry"],"acf":[],"_links":{"self":[{"href":"https:\/\/sisu.ut.ee\/juureravi1\/wp-json\/wp\/v2\/pages\/4","targetHints":{"allow":["GET"]}}],"collection":[{"href":"https:\/\/sisu.ut.ee\/juureravi1\/wp-json\/wp\/v2\/pages"}],"about":[{"href":"https:\/\/sisu.ut.ee\/juureravi1\/wp-json\/wp\/v2\/types\/page"}],"author":[{"embeddable":true,"href":"https:\/\/sisu.ut.ee\/juureravi1\/wp-json\/wp\/v2\/users\/12"}],"replies":[{"embeddable":true,"href":"https:\/\/sisu.ut.ee\/juureravi1\/wp-json\/wp\/v2\/comments?post=4"}],"version-history":[{"count":3,"href":"https:\/\/sisu.ut.ee\/juureravi1\/wp-json\/wp\/v2\/pages\/4\/revisions"}],"predecessor-version":[{"id":119,"href":"https:\/\/sisu.ut.ee\/juureravi1\/wp-json\/wp\/v2\/pages\/4\/revisions\/119"}],"wp:attachment":[{"href":"https:\/\/sisu.ut.ee\/juureravi1\/wp-json\/wp\/v2\/media?parent=4"}],"curies":[{"name":"wp","href":"https:\/\/api.w.org\/{rel}","templated":true}]}}