{"id":3,"date":"2024-04-03T23:08:35","date_gmt":"2024-04-03T20:08:35","guid":{"rendered":"https:\/\/sisu.ut.ee\/juureravi1\/juurekanali-taitmisel-kasutatavad-materjalid\/"},"modified":"2024-04-08T11:15:11","modified_gmt":"2024-04-08T08:15:11","slug":"juurekanali-taitmisel-kasutatavad-materjalid","status":"publish","type":"page","link":"https:\/\/sisu.ut.ee\/juureravi1\/juurekanali-taitmisel-kasutatavad-materjalid\/","title":{"rendered":"Juurekanali t\u00e4itmisel kasutatavad materjalid"},"content":{"rendered":"<p>Juurekanalite s\u00fcsteemi t\u00e4itmiseks on kasutatud erinevaid materjale l\u00e4bi ajaloo. N\u00fc\u00fcdisaja t\u00e4itmistehnikates kasutatakse enamuses siilerit, mis aplitseeritakse dentiini seintele, ning t\u00e4itematerjali, mis t\u00e4idab enamuse ruumist juurekanalites. T\u00e4nu materjalide r\u00f6ntgenkontrastsusele on t\u00e4itmisj\u00e4rgset tulemust v\u00f5imalik hinnata periapikaalsetelt r\u00f6ntgen\u00fclesv\u00f5tetelt. <strong>R\u00f6ntgenkontrastsus on materjaliti erinev, kuid ei m\u00f5juta t\u00e4itematerjalide omadusi.<\/strong><\/p>\n\n\n\n<p>J\u00e4rgnevalt on antud \u00fclevaade erinevatest siileritest ja t\u00e4itematerjalidest, nende omadustest ja kasutamisest.<\/p>\n\n\n\n<figure class=\"wp-block-image aligncenter\"><img loading=\"lazy\" decoding=\"async\" width=\"302\" height=\"439\" src=\"https:\/\/sisu.ut.ee\/wp-content\/uploads\/sites\/14\/oo1-lk2.png\" alt=\"oo1-lk2.png\" class=\"wp-image-18\" title=\"oo1-lk2.png\" srcset=\"https:\/\/sisu.ut.ee\/wp-content\/uploads\/sites\/14\/oo1-lk2.png 302w, https:\/\/sisu.ut.ee\/wp-content\/uploads\/sites\/14\/oo1-lk2-206x300.png 206w\" sizes=\"auto, (max-width: 302px) 100vw, 302px\"><\/figure>\n\n\n\n<p class=\"has-text-align-center\"><em>Alal\u00f5ua molaar (A) r\u00f6ntgen\u00fclesv\u00f5ttel ja (B) fotol peale hamba l\u00e4bipaistvaks muutmist. Hammas on t\u00e4idetud siilerit ja gutapert\u0161i kasutades. (C) Eelneva hamba distaalse juure suurendamisel on n\u00e4ha apikaalsete lisakanalite t\u00e4itumine siileriga (nooled); (D) Pilt teisest juurest, kus nooled n\u00e4itavad t\u00fchimike olemasolu juuret\u00e4idises. (Journal of Endodontics, vol 34, nr 9, September 2008)<\/em><\/p>\n","protected":false},"excerpt":{"rendered":"<p>Juurekanalite s\u00fcsteemi t\u00e4itmiseks on kasutatud erinevaid materjale l\u00e4bi ajaloo. N\u00fc\u00fcdisaja t\u00e4itmistehnikates kasutatakse enamuses siilerit, mis aplitseeritakse dentiini seintele, ning t\u00e4itematerjali, mis t\u00e4idab enamuse ruumist juurekanalites. T\u00e4nu materjalide r\u00f6ntgenkontrastsusele on t\u00e4itmisj\u00e4rgset tulemust v\u00f5imalik hinnata periapikaalsetelt r\u00f6ntgen\u00fclesv\u00f5tetelt. R\u00f6ntgenkontrastsus on materjaliti erinev, kuid &#8230;<\/p>\n","protected":false},"author":12,"featured_media":0,"parent":0,"menu_order":0,"comment_status":"closed","ping_status":"closed","template":"","meta":{"_acf_changed":false,"inline_featured_image":false,"footnotes":""},"class_list":["post-3","page","type-page","status-publish","hentry"],"acf":[],"_links":{"self":[{"href":"https:\/\/sisu.ut.ee\/juureravi1\/wp-json\/wp\/v2\/pages\/3","targetHints":{"allow":["GET"]}}],"collection":[{"href":"https:\/\/sisu.ut.ee\/juureravi1\/wp-json\/wp\/v2\/pages"}],"about":[{"href":"https:\/\/sisu.ut.ee\/juureravi1\/wp-json\/wp\/v2\/types\/page"}],"author":[{"embeddable":true,"href":"https:\/\/sisu.ut.ee\/juureravi1\/wp-json\/wp\/v2\/users\/12"}],"replies":[{"embeddable":true,"href":"https:\/\/sisu.ut.ee\/juureravi1\/wp-json\/wp\/v2\/comments?post=3"}],"version-history":[{"count":2,"href":"https:\/\/sisu.ut.ee\/juureravi1\/wp-json\/wp\/v2\/pages\/3\/revisions"}],"predecessor-version":[{"id":117,"href":"https:\/\/sisu.ut.ee\/juureravi1\/wp-json\/wp\/v2\/pages\/3\/revisions\/117"}],"wp:attachment":[{"href":"https:\/\/sisu.ut.ee\/juureravi1\/wp-json\/wp\/v2\/media?parent=3"}],"curies":[{"name":"wp","href":"https:\/\/api.w.org\/{rel}","templated":true}]}}